{"id":146521,"date":"2022-03-29T07:22:35","date_gmt":"2022-03-29T07:22:36","guid":{"rendered":"https:\/\/www.erresse-shop.it\/?post_type=product&#038;p=146521"},"modified":"2025-01-17T08:25:32","modified_gmt":"2025-01-17T08:25:32","slug":"le-creuset-rechteckiger-glatter-grill-aus-gusseisen-32-x-22-cm-schwarz","status":"publish","type":"product","link":"https:\/\/www.erresse-shop.it\/de\/shop\/toepfe-pfannen\/grillpfannen\/le-creuset-rechteckiger-glatter-grill-aus-gusseisen-32-x-22-cm-schwarz\/","title":{"rendered":"LE CREUSET rechteckiger glatter Grill aus Gusseisen 32 x 22 cm Schwarz"},"content":{"rendered":"<p>Die richtige Gr\u00f6\u00dfe f\u00fcr die ganze Familie! Mit dem rechteckigen Grill bereiten Sie Fleisch und Fisch f\u00fcr jedermann schnell und vor allem gesund zu. Genie\u00dfen Sie die M\u00f6glichkeit zu grillen, wann immer Sie wollen und auf jeder W\u00e4rmequelle!<br \/>\nLe Creuset bietet eine breite Palette von Gusseisenplatten, die gr\u00f6\u00dfte Auswahl auf dem Markt. W\u00e4hlen Sie eine gesunde und fettarme K\u00fcche: Diese Pfanne ben\u00f6tigt nur wenig \u00d6l! Le Creuset Pfannen sind perfekt zum Braten von Fleisch, H\u00fchnchen und Gem\u00fcse und bewahren ihren ganzen Geschmack. Sehr praktisch, sie k\u00f6nnen im Ofen und auf dem Grill verwendet werden. Unser ber\u00fchmtes Sortiment an emailliertem Gusseisen erm\u00f6glicht eine perfekte Verteilung und Warmhaltung. Das schwarze Emaillefutter ist langlebig, hygienisch und pflegeleicht. Probieren Sie es aus und die Ergebnisse werden Sie \u00fcberraschen.<\/p>\n<p>Eigenschaften von glasiertem Gusseisen:<\/p>\n<p>&#8211; Gleichm\u00e4\u00dfige W\u00e4rmeverteilung ohne \u00dcberhitzungszonen.<br \/>\n&#8211; Ausgezeichnete W\u00e4rmespeicherung.<br \/>\n&#8211; Griffe f\u00fcr optimale Griffigkeit.<br \/>\n&#8211; Emaillierte Innen- und Au\u00dfenfl\u00e4che. Nimmt keine Feuchtigkeit, Geschmack oder Geruch von Lebensmitteln auf.<br \/>\n&#8211; Kompatibel mit allen W\u00e4rmequellen, einschlie\u00dflich Induktion.<br \/>\n&#8211; Einfache Reinigung.<br \/>\n&#8211; Au\u00dfergew\u00f6hnliche Dauer.<br \/>\n&#8211; Lebenslange Garantie.<\/p>\n<p><a style=\"font-size: 13px;\" href=\"https:\/\/www.youtube.com\/watch?v=HDOljJrHsg0\" target=\"_blank\" rel=\"noopener\">See Movie 1<\/a><br style=\"font-size: 13px;\" \/><a style=\"font-size: 13px;\" href=\"https:\/\/www.youtube.com\/watch?v=ro9F2zRA4gE\" target=\"_blank\" rel=\"noopener\">See Movie 2<\/a><\/p>\n","protected":false},"excerpt":{"rendered":"<p>Die richtige Gr\u00f6\u00dfe f\u00fcr die ganze Familie! Mit dem rechteckigen Grill bereiten Sie Fleisch und Fisch f\u00fcr jedermann schnell und<\/p>\n","protected":false},"featured_media":513335,"template":"","meta":{"_acf_changed":false,"inline_featured_image":false},"product_cat":[6823,6709],"product_tag":[11383,12210,11385,13382,12211,14874,12315],"acf":[],"yoast_head":"<!-- This site is optimized with the Yoast SEO Premium plugin v18.6 (Yoast SEO v19.13) - https:\/\/yoast.com\/wordpress\/plugins\/seo\/ -->\n<title>LE CREUSET rechteckiger glatter Grill aus Gusseisen 32 x 22 cm Schwarz<\/title>\n<meta name=\"description\" content=\"Entdecken Sie LE CREUSET rechteckiger glatter Grill aus Gusseisen 32 x 22 cm Schwarz bei ErresseShop. Qualit\u00e4t, Stil und Funktionalit\u00e4t \u2013 jetzt online bestellen!\" \/>\n<meta name=\"robots\" content=\"index, follow, max-snippet:-1, max-image-preview:large, max-video-preview:-1\" \/>\n<link rel=\"canonical\" href=\"https:\/\/www.erresse-shop.it\/de\/shop\/toepfe-pfannen\/grillpfannen\/le-creuset-rechteckiger-glatter-grill-aus-gusseisen-32-x-22-cm-schwarz\/\" \/>\n<meta property=\"og:locale\" content=\"de_DE\" \/>\n<meta property=\"og:type\" content=\"article\" \/>\n<meta property=\"og:title\" content=\"LE CREUSET rechteckiger glatter Grill aus Gusseisen 32 x 22 cm Schwarz\" \/>\n<meta property=\"og:description\" content=\"Entdecken Sie LE CREUSET rechteckiger glatter Grill aus Gusseisen 32 x 22 cm Schwarz bei ErresseShop. Qualit\u00e4t, Stil und Funktionalit\u00e4t \u2013 jetzt online bestellen!\" \/>\n<meta property=\"og:url\" content=\"https:\/\/www.erresse-shop.it\/de\/shop\/toepfe-pfannen\/grillpfannen\/le-creuset-rechteckiger-glatter-grill-aus-gusseisen-32-x-22-cm-schwarz\/\" \/>\n<meta property=\"og:site_name\" content=\"Erresse Shop\" \/>\n<meta property=\"article:modified_time\" content=\"2025-01-17T08:25:32+00:00\" \/>\n<meta property=\"og:image\" content=\"https:\/\/www.erresse-shop.it\/wp-content\/uploads\/2022\/03\/LE-CREUSET-Griglia-Rettangolare-Liscia-in-Ghisa-32x22-cm-Nero.png\" \/>\n\t<meta property=\"og:image:width\" content=\"800\" \/>\n\t<meta property=\"og:image:height\" content=\"800\" \/>\n\t<meta property=\"og:image:type\" content=\"image\/png\" \/>\n<meta name=\"twitter:card\" content=\"summary_large_image\" \/>\n<script type=\"application\/ld+json\" class=\"yoast-schema-graph\">{\"@context\":\"https:\/\/schema.org\",\"@graph\":[{\"@type\":\"WebPage\",\"@id\":\"https:\/\/www.erresse-shop.it\/de\/shop\/toepfe-pfannen\/grillpfannen\/le-creuset-rechteckiger-glatter-grill-aus-gusseisen-32-x-22-cm-schwarz\/\",\"url\":\"https:\/\/www.erresse-shop.it\/de\/shop\/toepfe-pfannen\/grillpfannen\/le-creuset-rechteckiger-glatter-grill-aus-gusseisen-32-x-22-cm-schwarz\/\",\"name\":\"LE CREUSET rechteckiger glatter Grill aus Gusseisen 32 x 22 cm Schwarz\",\"isPartOf\":{\"@id\":\"https:\/\/www.erresse-shop.it\/de\/#website\"},\"datePublished\":\"2022-03-29T07:22:36+00:00\",\"dateModified\":\"2025-01-17T08:25:32+00:00\",\"description\":\"Entdecken Sie LE CREUSET rechteckiger glatter Grill aus Gusseisen 32 x 22 cm Schwarz bei ErresseShop. Qualit\u00e4t, Stil und Funktionalit\u00e4t \u2013 jetzt online bestellen!\",\"breadcrumb\":{\"@id\":\"https:\/\/www.erresse-shop.it\/de\/shop\/toepfe-pfannen\/grillpfannen\/le-creuset-rechteckiger-glatter-grill-aus-gusseisen-32-x-22-cm-schwarz\/#breadcrumb\"},\"inLanguage\":\"de-DE\",\"potentialAction\":[{\"@type\":\"ReadAction\",\"target\":[\"https:\/\/www.erresse-shop.it\/de\/shop\/toepfe-pfannen\/grillpfannen\/le-creuset-rechteckiger-glatter-grill-aus-gusseisen-32-x-22-cm-schwarz\/\"]}]},{\"@type\":\"BreadcrumbList\",\"@id\":\"https:\/\/www.erresse-shop.it\/de\/shop\/toepfe-pfannen\/grillpfannen\/le-creuset-rechteckiger-glatter-grill-aus-gusseisen-32-x-22-cm-schwarz\/#breadcrumb\",\"itemListElement\":[{\"@type\":\"ListItem\",\"position\":1,\"name\":\"Home\",\"item\":\"https:\/\/www.erresse-shop.it\/de\/\"},{\"@type\":\"ListItem\",\"position\":2,\"name\":\"Shop\",\"item\":\"https:\/\/www.erresse-shop.it\/de\/shop\/\"},{\"@type\":\"ListItem\",\"position\":3,\"name\":\"LE CREUSET rechteckiger glatter Grill aus Gusseisen 32 x 22 cm Schwarz\"}]},{\"@type\":\"WebSite\",\"@id\":\"https:\/\/www.erresse-shop.it\/de\/#website\",\"url\":\"https:\/\/www.erresse-shop.it\/de\/\",\"name\":\"Erresse Shop\",\"description\":\"Articoli di qualit\u00e0 per la casa\",\"potentialAction\":[{\"@type\":\"SearchAction\",\"target\":{\"@type\":\"EntryPoint\",\"urlTemplate\":\"https:\/\/www.erresse-shop.it\/de\/?s={search_term_string}\"},\"query-input\":\"required name=search_term_string\"}],\"inLanguage\":\"de-DE\"}]}<\/script>\n<!-- \/ Yoast SEO Premium plugin. -->","yoast_head_json":{"title":"LE CREUSET rechteckiger glatter Grill aus Gusseisen 32 x 22 cm Schwarz","description":"Entdecken Sie LE CREUSET rechteckiger glatter Grill aus Gusseisen 32 x 22 cm Schwarz bei ErresseShop. Qualit\u00e4t, Stil und Funktionalit\u00e4t \u2013 jetzt online bestellen!","robots":{"index":"index","follow":"follow","max-snippet":"max-snippet:-1","max-image-preview":"max-image-preview:large","max-video-preview":"max-video-preview:-1"},"canonical":"https:\/\/www.erresse-shop.it\/de\/shop\/toepfe-pfannen\/grillpfannen\/le-creuset-rechteckiger-glatter-grill-aus-gusseisen-32-x-22-cm-schwarz\/","og_locale":"de_DE","og_type":"article","og_title":"LE CREUSET rechteckiger glatter Grill aus Gusseisen 32 x 22 cm Schwarz","og_description":"Entdecken Sie LE CREUSET rechteckiger glatter Grill aus Gusseisen 32 x 22 cm Schwarz bei ErresseShop. Qualit\u00e4t, Stil und Funktionalit\u00e4t \u2013 jetzt online bestellen!","og_url":"https:\/\/www.erresse-shop.it\/de\/shop\/toepfe-pfannen\/grillpfannen\/le-creuset-rechteckiger-glatter-grill-aus-gusseisen-32-x-22-cm-schwarz\/","og_site_name":"Erresse Shop","article_modified_time":"2025-01-17T08:25:32+00:00","og_image":[{"width":800,"height":800,"url":"https:\/\/www.erresse-shop.it\/wp-content\/uploads\/2022\/03\/LE-CREUSET-Griglia-Rettangolare-Liscia-in-Ghisa-32x22-cm-Nero.png","type":"image\/png"}],"twitter_card":"summary_large_image","schema":{"@context":"https:\/\/schema.org","@graph":[{"@type":"WebPage","@id":"https:\/\/www.erresse-shop.it\/de\/shop\/toepfe-pfannen\/grillpfannen\/le-creuset-rechteckiger-glatter-grill-aus-gusseisen-32-x-22-cm-schwarz\/","url":"https:\/\/www.erresse-shop.it\/de\/shop\/toepfe-pfannen\/grillpfannen\/le-creuset-rechteckiger-glatter-grill-aus-gusseisen-32-x-22-cm-schwarz\/","name":"LE CREUSET rechteckiger glatter Grill aus Gusseisen 32 x 22 cm Schwarz","isPartOf":{"@id":"https:\/\/www.erresse-shop.it\/de\/#website"},"datePublished":"2022-03-29T07:22:36+00:00","dateModified":"2025-01-17T08:25:32+00:00","description":"Entdecken Sie LE CREUSET rechteckiger glatter Grill aus Gusseisen 32 x 22 cm Schwarz bei ErresseShop. Qualit\u00e4t, Stil und Funktionalit\u00e4t \u2013 jetzt online bestellen!","breadcrumb":{"@id":"https:\/\/www.erresse-shop.it\/de\/shop\/toepfe-pfannen\/grillpfannen\/le-creuset-rechteckiger-glatter-grill-aus-gusseisen-32-x-22-cm-schwarz\/#breadcrumb"},"inLanguage":"de-DE","potentialAction":[{"@type":"ReadAction","target":["https:\/\/www.erresse-shop.it\/de\/shop\/toepfe-pfannen\/grillpfannen\/le-creuset-rechteckiger-glatter-grill-aus-gusseisen-32-x-22-cm-schwarz\/"]}]},{"@type":"BreadcrumbList","@id":"https:\/\/www.erresse-shop.it\/de\/shop\/toepfe-pfannen\/grillpfannen\/le-creuset-rechteckiger-glatter-grill-aus-gusseisen-32-x-22-cm-schwarz\/#breadcrumb","itemListElement":[{"@type":"ListItem","position":1,"name":"Home","item":"https:\/\/www.erresse-shop.it\/de\/"},{"@type":"ListItem","position":2,"name":"Shop","item":"https:\/\/www.erresse-shop.it\/de\/shop\/"},{"@type":"ListItem","position":3,"name":"LE CREUSET rechteckiger glatter Grill aus Gusseisen 32 x 22 cm Schwarz"}]},{"@type":"WebSite","@id":"https:\/\/www.erresse-shop.it\/de\/#website","url":"https:\/\/www.erresse-shop.it\/de\/","name":"Erresse Shop","description":"Articoli di qualit\u00e0 per la casa","potentialAction":[{"@type":"SearchAction","target":{"@type":"EntryPoint","urlTemplate":"https:\/\/www.erresse-shop.it\/de\/?s={search_term_string}"},"query-input":"required name=search_term_string"}],"inLanguage":"de-DE"}]}},"df_price":56.25,"df_sale_price":56.25,"df_regular_price":125,"df_image_link":"https:\/\/www.erresse-shop.it\/wp-content\/uploads\/2022\/03\/LE-CREUSET-Griglia-Rettangolare-Liscia-in-Ghisa-32-22-cm-Nero-300x300.jpg","_links":{"self":[{"href":"https:\/\/www.erresse-shop.it\/de\/wp-json\/wp\/v2\/product\/146521"}],"collection":[{"href":"https:\/\/www.erresse-shop.it\/de\/wp-json\/wp\/v2\/product"}],"about":[{"href":"https:\/\/www.erresse-shop.it\/de\/wp-json\/wp\/v2\/types\/product"}],"wp:featuredmedia":[{"embeddable":true,"href":"https:\/\/www.erresse-shop.it\/de\/wp-json\/wp\/v2\/media\/513335"}],"wp:attachment":[{"href":"https:\/\/www.erresse-shop.it\/de\/wp-json\/wp\/v2\/media?parent=146521"}],"wp:term":[{"taxonomy":"product_cat","embeddable":true,"href":"https:\/\/www.erresse-shop.it\/de\/wp-json\/wp\/v2\/product_cat?post=146521"},{"taxonomy":"product_tag","embeddable":true,"href":"https:\/\/www.erresse-shop.it\/de\/wp-json\/wp\/v2\/product_tag?post=146521"}],"curies":[{"name":"wp","href":"https:\/\/api.w.org\/{rel}","templated":true}]}}