{"id":146418,"date":"2022-03-29T06:57:39","date_gmt":"2022-03-29T06:57:39","guid":{"rendered":"https:\/\/www.erresse-shop.it\/?post_type=product&#038;p=146418"},"modified":"2025-01-17T08:25:31","modified_gmt":"2025-01-17T08:25:31","slug":"le-creuset-crepespfanne-32-cm-schwarz","status":"publish","type":"product","link":"https:\/\/www.erresse-shop.it\/de\/shop\/toepfe-pfannen\/kuchenfoermchen-und-crepes-toepfe\/le-creuset-crepespfanne-32-cm-schwarz\/","title":{"rendered":"LE CREUSET Crepespfanne 32 cm Schwarz"},"content":{"rendered":"<p>Ihre Cr\u00eapes sind mit Le Creuset Gusseisenkreppeisen immer ein Hit. S\u00fc\u00df oder herzhaft, sie sind eine schnelle und perfekte Vorbereitung f\u00fcr einen besonderen Tag. Ideal zum Pr\u00e4sentieren auf dem Tisch.<br \/>\nUnsere ber\u00fchmte Le Creuset-Serie aus glasiertem Gusseisen erm\u00f6glicht eine perfekte W\u00e4rmeverteilung und -speicherung. Es ist das haltbarste und hygienischste Material auf dem Markt. Probieren Sie es aus und die Ergebnisse werden Sie \u00fcberraschen.<\/p>\n<p>Steinzeug aus geschmolzenem Gusseisen<\/p>\n<p>&#8211; Gleichm\u00e4\u00dfige W\u00e4rmeverteilung ohne \u00dcberhitzungszonen.<br \/>\n&#8211; Ausgezeichnete W\u00e4rmespeicherung.<br \/>\n&#8211; Rostfreier Stahlknopf, der gegen irgendeine Temperatur best\u00e4ndig ist und \/ oder phenoplastischer Knopf best\u00e4ndig bis 180 \u00b0 C.<br \/>\n&#8211; Griffe f\u00fcr optimale Griffigkeit.<br \/>\n&#8211; Innere und \u00e4u\u00dfere verglaste Oberfl\u00e4che. Nimmt keine Feuchtigkeit, Geschmack oder Geruch von Lebensmitteln auf.<br \/>\n&#8211; Kompatibel mit allen W\u00e4rmequellen, einschlie\u00dflich Induktion.<br \/>\n&#8211; Einfache Reinigung.<br \/>\n&#8211; Au\u00dfergew\u00f6hnliche Dauer.<br \/>\n&#8211; Lebenslange Garantie.<\/p>\n<p><a style=\"font-size: 13px;\" href=\"https:\/\/www.youtube.com\/watch?v=HDOljJrHsg0\" target=\"_blank\" rel=\"noopener\">See Movie 1<\/a><br style=\"font-size: 13px;\" \/><a style=\"font-size: 13px;\" href=\"https:\/\/www.youtube.com\/watch?v=ro9F2zRA4gE\" target=\"_blank\" rel=\"noopener\">See Movie 2<\/a><\/p>\n","protected":false},"excerpt":{"rendered":"<p>Ihre Cr\u00eapes sind mit Le Creuset Gusseisenkreppeisen immer ein Hit. S\u00fc\u00df oder herzhaft, sie sind eine schnelle und perfekte Vorbereitung<\/p>\n","protected":false},"featured_media":236604,"template":"","meta":{"_acf_changed":false,"inline_featured_image":false},"product_cat":[6709,14809],"product_tag":[11385,12201,12315],"acf":[],"yoast_head":"<!-- This site is optimized with the Yoast SEO Premium plugin v18.6 (Yoast SEO v19.13) - https:\/\/yoast.com\/wordpress\/plugins\/seo\/ -->\n<title>LE CREUSET Crepespfanne 32 cm Schwarz<\/title>\n<meta name=\"description\" content=\"Entdecken Sie LE CREUSET Crepespfanne 32 cm Schwarz bei ErresseShop. Qualit\u00e4t, Stil und Funktionalit\u00e4t \u2013 jetzt online bestellen!\" \/>\n<meta name=\"robots\" content=\"index, follow, max-snippet:-1, max-image-preview:large, max-video-preview:-1\" \/>\n<link rel=\"canonical\" href=\"https:\/\/www.erresse-shop.it\/de\/shop\/toepfe-pfannen\/kuchenfoermchen-und-crepes-toepfe\/le-creuset-crepespfanne-32-cm-schwarz\/\" \/>\n<meta property=\"og:locale\" content=\"de_DE\" \/>\n<meta property=\"og:type\" content=\"article\" \/>\n<meta property=\"og:title\" content=\"LE CREUSET Crepespfanne 32 cm Schwarz\" \/>\n<meta property=\"og:description\" content=\"Entdecken Sie LE CREUSET Crepespfanne 32 cm Schwarz bei ErresseShop. Qualit\u00e4t, Stil und Funktionalit\u00e4t \u2013 jetzt online bestellen!\" \/>\n<meta property=\"og:url\" content=\"https:\/\/www.erresse-shop.it\/de\/shop\/toepfe-pfannen\/kuchenfoermchen-und-crepes-toepfe\/le-creuset-crepespfanne-32-cm-schwarz\/\" \/>\n<meta property=\"og:site_name\" content=\"Erresse Shop\" \/>\n<meta property=\"article:modified_time\" content=\"2025-01-17T08:25:31+00:00\" \/>\n<meta property=\"og:image\" content=\"https:\/\/www.erresse-shop.it\/wp-content\/uploads\/2022\/03\/LE-CREUSET-Crepiera-in-Ghisa-32-cm-Nero-2.jpg\" \/>\n\t<meta property=\"og:image:width\" content=\"800\" \/>\n\t<meta property=\"og:image:height\" content=\"800\" \/>\n\t<meta property=\"og:image:type\" content=\"image\/jpeg\" \/>\n<meta name=\"twitter:card\" content=\"summary_large_image\" \/>\n<script type=\"application\/ld+json\" class=\"yoast-schema-graph\">{\"@context\":\"https:\/\/schema.org\",\"@graph\":[{\"@type\":\"WebPage\",\"@id\":\"https:\/\/www.erresse-shop.it\/de\/shop\/toepfe-pfannen\/kuchenfoermchen-und-crepes-toepfe\/le-creuset-crepespfanne-32-cm-schwarz\/\",\"url\":\"https:\/\/www.erresse-shop.it\/de\/shop\/toepfe-pfannen\/kuchenfoermchen-und-crepes-toepfe\/le-creuset-crepespfanne-32-cm-schwarz\/\",\"name\":\"LE CREUSET Crepespfanne 32 cm Schwarz\",\"isPartOf\":{\"@id\":\"https:\/\/www.erresse-shop.it\/de\/#website\"},\"datePublished\":\"2022-03-29T06:57:39+00:00\",\"dateModified\":\"2025-01-17T08:25:31+00:00\",\"description\":\"Entdecken Sie LE CREUSET Crepespfanne 32 cm Schwarz bei ErresseShop. Qualit\u00e4t, Stil und Funktionalit\u00e4t \u2013 jetzt online bestellen!\",\"breadcrumb\":{\"@id\":\"https:\/\/www.erresse-shop.it\/de\/shop\/toepfe-pfannen\/kuchenfoermchen-und-crepes-toepfe\/le-creuset-crepespfanne-32-cm-schwarz\/#breadcrumb\"},\"inLanguage\":\"de-DE\",\"potentialAction\":[{\"@type\":\"ReadAction\",\"target\":[\"https:\/\/www.erresse-shop.it\/de\/shop\/toepfe-pfannen\/kuchenfoermchen-und-crepes-toepfe\/le-creuset-crepespfanne-32-cm-schwarz\/\"]}]},{\"@type\":\"BreadcrumbList\",\"@id\":\"https:\/\/www.erresse-shop.it\/de\/shop\/toepfe-pfannen\/kuchenfoermchen-und-crepes-toepfe\/le-creuset-crepespfanne-32-cm-schwarz\/#breadcrumb\",\"itemListElement\":[{\"@type\":\"ListItem\",\"position\":1,\"name\":\"Home\",\"item\":\"https:\/\/www.erresse-shop.it\/de\/\"},{\"@type\":\"ListItem\",\"position\":2,\"name\":\"Shop\",\"item\":\"https:\/\/www.erresse-shop.it\/de\/shop\/\"},{\"@type\":\"ListItem\",\"position\":3,\"name\":\"LE CREUSET Crepespfanne 32 cm Schwarz\"}]},{\"@type\":\"WebSite\",\"@id\":\"https:\/\/www.erresse-shop.it\/de\/#website\",\"url\":\"https:\/\/www.erresse-shop.it\/de\/\",\"name\":\"Erresse Shop\",\"description\":\"Articoli di qualit\u00e0 per la casa\",\"potentialAction\":[{\"@type\":\"SearchAction\",\"target\":{\"@type\":\"EntryPoint\",\"urlTemplate\":\"https:\/\/www.erresse-shop.it\/de\/?s={search_term_string}\"},\"query-input\":\"required name=search_term_string\"}],\"inLanguage\":\"de-DE\"}]}<\/script>\n<!-- \/ Yoast SEO Premium plugin. -->","yoast_head_json":{"title":"LE CREUSET Crepespfanne 32 cm Schwarz","description":"Entdecken Sie LE CREUSET Crepespfanne 32 cm Schwarz bei ErresseShop. Qualit\u00e4t, Stil und Funktionalit\u00e4t \u2013 jetzt online bestellen!","robots":{"index":"index","follow":"follow","max-snippet":"max-snippet:-1","max-image-preview":"max-image-preview:large","max-video-preview":"max-video-preview:-1"},"canonical":"https:\/\/www.erresse-shop.it\/de\/shop\/toepfe-pfannen\/kuchenfoermchen-und-crepes-toepfe\/le-creuset-crepespfanne-32-cm-schwarz\/","og_locale":"de_DE","og_type":"article","og_title":"LE CREUSET Crepespfanne 32 cm Schwarz","og_description":"Entdecken Sie LE CREUSET Crepespfanne 32 cm Schwarz bei ErresseShop. Qualit\u00e4t, Stil und Funktionalit\u00e4t \u2013 jetzt online bestellen!","og_url":"https:\/\/www.erresse-shop.it\/de\/shop\/toepfe-pfannen\/kuchenfoermchen-und-crepes-toepfe\/le-creuset-crepespfanne-32-cm-schwarz\/","og_site_name":"Erresse Shop","article_modified_time":"2025-01-17T08:25:31+00:00","og_image":[{"width":800,"height":800,"url":"https:\/\/www.erresse-shop.it\/wp-content\/uploads\/2022\/03\/LE-CREUSET-Crepiera-in-Ghisa-32-cm-Nero-2.jpg","type":"image\/jpeg"}],"twitter_card":"summary_large_image","schema":{"@context":"https:\/\/schema.org","@graph":[{"@type":"WebPage","@id":"https:\/\/www.erresse-shop.it\/de\/shop\/toepfe-pfannen\/kuchenfoermchen-und-crepes-toepfe\/le-creuset-crepespfanne-32-cm-schwarz\/","url":"https:\/\/www.erresse-shop.it\/de\/shop\/toepfe-pfannen\/kuchenfoermchen-und-crepes-toepfe\/le-creuset-crepespfanne-32-cm-schwarz\/","name":"LE CREUSET Crepespfanne 32 cm Schwarz","isPartOf":{"@id":"https:\/\/www.erresse-shop.it\/de\/#website"},"datePublished":"2022-03-29T06:57:39+00:00","dateModified":"2025-01-17T08:25:31+00:00","description":"Entdecken Sie LE CREUSET Crepespfanne 32 cm Schwarz bei ErresseShop. Qualit\u00e4t, Stil und Funktionalit\u00e4t \u2013 jetzt online bestellen!","breadcrumb":{"@id":"https:\/\/www.erresse-shop.it\/de\/shop\/toepfe-pfannen\/kuchenfoermchen-und-crepes-toepfe\/le-creuset-crepespfanne-32-cm-schwarz\/#breadcrumb"},"inLanguage":"de-DE","potentialAction":[{"@type":"ReadAction","target":["https:\/\/www.erresse-shop.it\/de\/shop\/toepfe-pfannen\/kuchenfoermchen-und-crepes-toepfe\/le-creuset-crepespfanne-32-cm-schwarz\/"]}]},{"@type":"BreadcrumbList","@id":"https:\/\/www.erresse-shop.it\/de\/shop\/toepfe-pfannen\/kuchenfoermchen-und-crepes-toepfe\/le-creuset-crepespfanne-32-cm-schwarz\/#breadcrumb","itemListElement":[{"@type":"ListItem","position":1,"name":"Home","item":"https:\/\/www.erresse-shop.it\/de\/"},{"@type":"ListItem","position":2,"name":"Shop","item":"https:\/\/www.erresse-shop.it\/de\/shop\/"},{"@type":"ListItem","position":3,"name":"LE CREUSET Crepespfanne 32 cm Schwarz"}]},{"@type":"WebSite","@id":"https:\/\/www.erresse-shop.it\/de\/#website","url":"https:\/\/www.erresse-shop.it\/de\/","name":"Erresse Shop","description":"Articoli di qualit\u00e0 per la casa","potentialAction":[{"@type":"SearchAction","target":{"@type":"EntryPoint","urlTemplate":"https:\/\/www.erresse-shop.it\/de\/?s={search_term_string}"},"query-input":"required name=search_term_string"}],"inLanguage":"de-DE"}]}},"df_price":78.75,"df_sale_price":78.75,"df_regular_price":175,"df_image_link":"https:\/\/www.erresse-shop.it\/wp-content\/uploads\/2022\/03\/LE-CREUSET-Crepiera-in-Ghisa-32-cm-Nero-2-300x300.jpg","_links":{"self":[{"href":"https:\/\/www.erresse-shop.it\/de\/wp-json\/wp\/v2\/product\/146418"}],"collection":[{"href":"https:\/\/www.erresse-shop.it\/de\/wp-json\/wp\/v2\/product"}],"about":[{"href":"https:\/\/www.erresse-shop.it\/de\/wp-json\/wp\/v2\/types\/product"}],"wp:featuredmedia":[{"embeddable":true,"href":"https:\/\/www.erresse-shop.it\/de\/wp-json\/wp\/v2\/media\/236604"}],"wp:attachment":[{"href":"https:\/\/www.erresse-shop.it\/de\/wp-json\/wp\/v2\/media?parent=146418"}],"wp:term":[{"taxonomy":"product_cat","embeddable":true,"href":"https:\/\/www.erresse-shop.it\/de\/wp-json\/wp\/v2\/product_cat?post=146418"},{"taxonomy":"product_tag","embeddable":true,"href":"https:\/\/www.erresse-shop.it\/de\/wp-json\/wp\/v2\/product_tag?post=146418"}],"curies":[{"name":"wp","href":"https:\/\/api.w.org\/{rel}","templated":true}]}}