{"id":146337,"date":"2022-03-29T06:30:14","date_gmt":"2022-03-29T06:30:16","guid":{"rendered":"https:\/\/www.erresse-shop.it\/?post_type=product&#038;p=146337"},"modified":"2025-01-17T08:25:30","modified_gmt":"2025-01-17T08:25:30","slug":"le-creuset-bratpfanne-evolution-doppelschnabel-26-cm-deep-teal","status":"publish","type":"product","link":"https:\/\/www.erresse-shop.it\/de\/shop\/toepfe-pfannen\/pfannen\/le-creuset-bratpfanne-evolution-doppelschnabel-26-cm-deep-teal\/","title":{"rendered":"LE CREUSET Bratpfanne Evolution Doppelschnabel 26 cm Deep Teal"},"content":{"rendered":"<p>Gleiche Funktion wie die klassische Le Creuset emaillierte Gusseisen-Doppelschnabelpfanne, aber mit dem zus\u00e4tzlichen Vorteil eines h\u00f6heren Randes. Dank des verbesserten Designs h\u00e4lt die tiefe Doppeld\u00fcsenpfanne Spritzer von Speise\u00f6len und Fetten fern und hilft, den Arbeitsbereich sauber zu halten. Au\u00dferdem k\u00f6nnen Sie dank der Zwei-Schnabel-Konstruktion am Rand \u00fcbersch\u00fcssige Fette und Fl\u00fcssigkeiten bequem ablassen, ohne dass Sie daf\u00fcr Werkzeug oder andere Hilfsmittel ben\u00f6tigen. Probieren Sie es f\u00fcr Ihre Gem\u00fcse- oder Fleischrezepte auf dem Grill, es wird Sie \u00fcberraschen.<\/p>\n<p>Entscheiden Sie sich f\u00fcr gesundes, fettarmes Kochen: Diese Pfanne braucht nur wenig \u00d6l! Le Creuset Bratpfannen sind perfekt zum Braten von Fleisch, H\u00fchnchen und Gem\u00fcse geeignet und bewahren dabei ihr ganzes Aroma. Sie sind \u00e4u\u00dferst praktisch und k\u00f6nnen im Backofen und auf dem Grill verwendet werden. Unser ber\u00fchmtes Sortiment an emailliertem Gusseisen erm\u00f6glicht eine perfekte W\u00e4rmeverteilung und -speicherung. Die schwarze Emaille-Innenbeschichtung ist langlebig, hygienisch und leicht zu reinigen. Probieren Sie es aus und das Ergebnis wird Sie \u00fcberraschen.<\/p>\n<p>Eigenschaften von emailliertem Gusseisen:<\/p>\n<p>&#8211; Gleichm\u00e4\u00dfige W\u00e4rmeverteilung ohne \u00dcberhitzungszonen.<br \/>\n&#8211; Hervorragende W\u00e4rmespeicherung.<br \/>\n&#8211; Griffe f\u00fcr hervorragende Griffigkeit.<br \/>\n&#8211; Emaillierte Innen- und Au\u00dfenfl\u00e4chen. Nimmt keine Feuchtigkeit, keinen Geschmack oder Geruch von Lebensmitteln auf.<br \/>\n&#8211; Kompatibel mit allen W\u00e4rmequellen einschlie\u00dflich Induktion.<br \/>\n&#8211; Leicht zu reinigen.<br \/>\n&#8211; Au\u00dfergew\u00f6hnliche Haltbarkeit.<br \/>\n&#8211; Lebenslange Garantie.<\/p>\n<p><a style=\"font-size: 13px;\" href=\"https:\/\/www.youtube.com\/watch?v=HDOljJrHsg0\" target=\"_blank\" rel=\"noopener\">See Movie 1<\/a><br style=\"font-size: 13px;\" \/><a style=\"font-size: 13px;\" href=\"https:\/\/www.youtube.com\/watch?v=ro9F2zRA4gE\" target=\"_blank\" rel=\"noopener\">See Movie 2<\/a><\/p>\n","protected":false},"excerpt":{"rendered":"<p>Gleiche Funktion wie die klassische Le Creuset emaillierte Gusseisen-Doppelschnabelpfanne, aber mit dem zus\u00e4tzlichen Vorteil eines h\u00f6heren Randes. Dank des verbesserten<\/p>\n","protected":false},"featured_media":502739,"template":"","meta":{"_acf_changed":false,"inline_featured_image":false},"product_cat":[6709,14801],"product_tag":[11383,11385,12315,11605],"acf":[],"yoast_head":"<!-- This site is optimized with the Yoast SEO Premium plugin v18.6 (Yoast SEO v19.13) - https:\/\/yoast.com\/wordpress\/plugins\/seo\/ -->\n<title>LE CREUSET Bratpfanne Evolution Doppelschnabel 26 cm Deep Teal<\/title>\n<meta name=\"description\" content=\"Entdecken Sie LE CREUSET Bratpfanne Evolution Doppelschnabel 26 cm Deep Teal bei ErresseShop. Qualit\u00e4t, Stil und Funktionalit\u00e4t \u2013 jetzt online bestellen!\" \/>\n<meta name=\"robots\" content=\"index, follow, max-snippet:-1, max-image-preview:large, max-video-preview:-1\" \/>\n<link rel=\"canonical\" href=\"https:\/\/www.erresse-shop.it\/de\/shop\/toepfe-pfannen\/pfannen\/le-creuset-bratpfanne-evolution-doppelschnabel-26-cm-deep-teal\/\" \/>\n<meta property=\"og:locale\" content=\"de_DE\" \/>\n<meta property=\"og:type\" content=\"article\" \/>\n<meta property=\"og:title\" content=\"LE CREUSET Bratpfanne Evolution Doppelschnabel 26 cm Deep Teal\" \/>\n<meta property=\"og:description\" content=\"Entdecken Sie LE CREUSET Bratpfanne Evolution Doppelschnabel 26 cm Deep Teal bei ErresseShop. Qualit\u00e4t, Stil und Funktionalit\u00e4t \u2013 jetzt online bestellen!\" \/>\n<meta property=\"og:url\" content=\"https:\/\/www.erresse-shop.it\/de\/shop\/toepfe-pfannen\/pfannen\/le-creuset-bratpfanne-evolution-doppelschnabel-26-cm-deep-teal\/\" \/>\n<meta property=\"og:site_name\" content=\"Erresse Shop\" \/>\n<meta property=\"article:modified_time\" content=\"2025-01-17T08:25:30+00:00\" \/>\n<meta property=\"og:image\" content=\"https:\/\/www.erresse-shop.it\/wp-content\/uploads\/2022\/03\/LE-CREUSET-Padella-Profonda-Evolution-Doppio-Becco-26-cm-Deep-Teal.png\" \/>\n\t<meta property=\"og:image:width\" content=\"800\" \/>\n\t<meta property=\"og:image:height\" content=\"800\" \/>\n\t<meta property=\"og:image:type\" content=\"image\/png\" \/>\n<meta name=\"twitter:card\" content=\"summary_large_image\" \/>\n<script type=\"application\/ld+json\" class=\"yoast-schema-graph\">{\"@context\":\"https:\/\/schema.org\",\"@graph\":[{\"@type\":\"WebPage\",\"@id\":\"https:\/\/www.erresse-shop.it\/de\/shop\/toepfe-pfannen\/pfannen\/le-creuset-bratpfanne-evolution-doppelschnabel-26-cm-deep-teal\/\",\"url\":\"https:\/\/www.erresse-shop.it\/de\/shop\/toepfe-pfannen\/pfannen\/le-creuset-bratpfanne-evolution-doppelschnabel-26-cm-deep-teal\/\",\"name\":\"LE CREUSET Bratpfanne Evolution Doppelschnabel 26 cm Deep Teal\",\"isPartOf\":{\"@id\":\"https:\/\/www.erresse-shop.it\/de\/#website\"},\"datePublished\":\"2022-03-29T06:30:16+00:00\",\"dateModified\":\"2025-01-17T08:25:30+00:00\",\"description\":\"Entdecken Sie LE CREUSET Bratpfanne Evolution Doppelschnabel 26 cm Deep Teal bei ErresseShop. Qualit\u00e4t, Stil und Funktionalit\u00e4t \u2013 jetzt online bestellen!\",\"breadcrumb\":{\"@id\":\"https:\/\/www.erresse-shop.it\/de\/shop\/toepfe-pfannen\/pfannen\/le-creuset-bratpfanne-evolution-doppelschnabel-26-cm-deep-teal\/#breadcrumb\"},\"inLanguage\":\"de-DE\",\"potentialAction\":[{\"@type\":\"ReadAction\",\"target\":[\"https:\/\/www.erresse-shop.it\/de\/shop\/toepfe-pfannen\/pfannen\/le-creuset-bratpfanne-evolution-doppelschnabel-26-cm-deep-teal\/\"]}]},{\"@type\":\"BreadcrumbList\",\"@id\":\"https:\/\/www.erresse-shop.it\/de\/shop\/toepfe-pfannen\/pfannen\/le-creuset-bratpfanne-evolution-doppelschnabel-26-cm-deep-teal\/#breadcrumb\",\"itemListElement\":[{\"@type\":\"ListItem\",\"position\":1,\"name\":\"Home\",\"item\":\"https:\/\/www.erresse-shop.it\/de\/\"},{\"@type\":\"ListItem\",\"position\":2,\"name\":\"Shop\",\"item\":\"https:\/\/www.erresse-shop.it\/de\/shop\/\"},{\"@type\":\"ListItem\",\"position\":3,\"name\":\"LE CREUSET Bratpfanne Evolution Doppelschnabel 26 cm Deep Teal\"}]},{\"@type\":\"WebSite\",\"@id\":\"https:\/\/www.erresse-shop.it\/de\/#website\",\"url\":\"https:\/\/www.erresse-shop.it\/de\/\",\"name\":\"Erresse Shop\",\"description\":\"Articoli di qualit\u00e0 per la casa\",\"potentialAction\":[{\"@type\":\"SearchAction\",\"target\":{\"@type\":\"EntryPoint\",\"urlTemplate\":\"https:\/\/www.erresse-shop.it\/de\/?s={search_term_string}\"},\"query-input\":\"required name=search_term_string\"}],\"inLanguage\":\"de-DE\"}]}<\/script>\n<!-- \/ Yoast SEO Premium plugin. -->","yoast_head_json":{"title":"LE CREUSET Bratpfanne Evolution Doppelschnabel 26 cm Deep Teal","description":"Entdecken Sie LE CREUSET Bratpfanne Evolution Doppelschnabel 26 cm Deep Teal bei ErresseShop. Qualit\u00e4t, Stil und Funktionalit\u00e4t \u2013 jetzt online bestellen!","robots":{"index":"index","follow":"follow","max-snippet":"max-snippet:-1","max-image-preview":"max-image-preview:large","max-video-preview":"max-video-preview:-1"},"canonical":"https:\/\/www.erresse-shop.it\/de\/shop\/toepfe-pfannen\/pfannen\/le-creuset-bratpfanne-evolution-doppelschnabel-26-cm-deep-teal\/","og_locale":"de_DE","og_type":"article","og_title":"LE CREUSET Bratpfanne Evolution Doppelschnabel 26 cm Deep Teal","og_description":"Entdecken Sie LE CREUSET Bratpfanne Evolution Doppelschnabel 26 cm Deep Teal bei ErresseShop. Qualit\u00e4t, Stil und Funktionalit\u00e4t \u2013 jetzt online bestellen!","og_url":"https:\/\/www.erresse-shop.it\/de\/shop\/toepfe-pfannen\/pfannen\/le-creuset-bratpfanne-evolution-doppelschnabel-26-cm-deep-teal\/","og_site_name":"Erresse Shop","article_modified_time":"2025-01-17T08:25:30+00:00","og_image":[{"width":800,"height":800,"url":"https:\/\/www.erresse-shop.it\/wp-content\/uploads\/2022\/03\/LE-CREUSET-Padella-Profonda-Evolution-Doppio-Becco-26-cm-Deep-Teal.png","type":"image\/png"}],"twitter_card":"summary_large_image","schema":{"@context":"https:\/\/schema.org","@graph":[{"@type":"WebPage","@id":"https:\/\/www.erresse-shop.it\/de\/shop\/toepfe-pfannen\/pfannen\/le-creuset-bratpfanne-evolution-doppelschnabel-26-cm-deep-teal\/","url":"https:\/\/www.erresse-shop.it\/de\/shop\/toepfe-pfannen\/pfannen\/le-creuset-bratpfanne-evolution-doppelschnabel-26-cm-deep-teal\/","name":"LE CREUSET Bratpfanne Evolution Doppelschnabel 26 cm Deep Teal","isPartOf":{"@id":"https:\/\/www.erresse-shop.it\/de\/#website"},"datePublished":"2022-03-29T06:30:16+00:00","dateModified":"2025-01-17T08:25:30+00:00","description":"Entdecken Sie LE CREUSET Bratpfanne Evolution Doppelschnabel 26 cm Deep Teal bei ErresseShop. Qualit\u00e4t, Stil und Funktionalit\u00e4t \u2013 jetzt online bestellen!","breadcrumb":{"@id":"https:\/\/www.erresse-shop.it\/de\/shop\/toepfe-pfannen\/pfannen\/le-creuset-bratpfanne-evolution-doppelschnabel-26-cm-deep-teal\/#breadcrumb"},"inLanguage":"de-DE","potentialAction":[{"@type":"ReadAction","target":["https:\/\/www.erresse-shop.it\/de\/shop\/toepfe-pfannen\/pfannen\/le-creuset-bratpfanne-evolution-doppelschnabel-26-cm-deep-teal\/"]}]},{"@type":"BreadcrumbList","@id":"https:\/\/www.erresse-shop.it\/de\/shop\/toepfe-pfannen\/pfannen\/le-creuset-bratpfanne-evolution-doppelschnabel-26-cm-deep-teal\/#breadcrumb","itemListElement":[{"@type":"ListItem","position":1,"name":"Home","item":"https:\/\/www.erresse-shop.it\/de\/"},{"@type":"ListItem","position":2,"name":"Shop","item":"https:\/\/www.erresse-shop.it\/de\/shop\/"},{"@type":"ListItem","position":3,"name":"LE CREUSET Bratpfanne Evolution Doppelschnabel 26 cm Deep Teal"}]},{"@type":"WebSite","@id":"https:\/\/www.erresse-shop.it\/de\/#website","url":"https:\/\/www.erresse-shop.it\/de\/","name":"Erresse Shop","description":"Articoli di qualit\u00e0 per la casa","potentialAction":[{"@type":"SearchAction","target":{"@type":"EntryPoint","urlTemplate":"https:\/\/www.erresse-shop.it\/de\/?s={search_term_string}"},"query-input":"required name=search_term_string"}],"inLanguage":"de-DE"}]}},"df_price":96.75,"df_sale_price":96.75,"df_regular_price":215,"df_image_link":"https:\/\/www.erresse-shop.it\/wp-content\/uploads\/2022\/03\/LE-CREUSET-Padella-Profonda-Evolution-Doppio-Becco-26-cm-Deep-Teal-300x300.jpg","_links":{"self":[{"href":"https:\/\/www.erresse-shop.it\/de\/wp-json\/wp\/v2\/product\/146337"}],"collection":[{"href":"https:\/\/www.erresse-shop.it\/de\/wp-json\/wp\/v2\/product"}],"about":[{"href":"https:\/\/www.erresse-shop.it\/de\/wp-json\/wp\/v2\/types\/product"}],"wp:featuredmedia":[{"embeddable":true,"href":"https:\/\/www.erresse-shop.it\/de\/wp-json\/wp\/v2\/media\/502739"}],"wp:attachment":[{"href":"https:\/\/www.erresse-shop.it\/de\/wp-json\/wp\/v2\/media?parent=146337"}],"wp:term":[{"taxonomy":"product_cat","embeddable":true,"href":"https:\/\/www.erresse-shop.it\/de\/wp-json\/wp\/v2\/product_cat?post=146337"},{"taxonomy":"product_tag","embeddable":true,"href":"https:\/\/www.erresse-shop.it\/de\/wp-json\/wp\/v2\/product_tag?post=146337"}],"curies":[{"name":"wp","href":"https:\/\/api.w.org\/{rel}","templated":true}]}}