{"id":14527,"date":"2014-09-11T18:09:56","date_gmt":"2014-09-11T18:09:56","guid":{"rendered":"https:\/\/www.erresse-shop.it\/?post_type=product&#038;p=14527"},"modified":"2023-07-08T00:14:10","modified_gmt":"2023-07-08T00:14:10","slug":"miyabi-sujihiki-messer-6000mct-240mm","status":"publish","type":"product","link":"https:\/\/www.erresse-shop.it\/de\/shop\/kuche\/messer\/miyabi-sujihiki-messer-6000mct-240mm\/","title":{"rendered":"MIYABI Sujihiki Messer 6000MCT"},"content":{"rendered":"<div>\n\tDie Herstellung von hochwertigen Messern hat in Japan eine lange Tradition.&nbsp;<\/div>\n<div>\n\t&nbsp;<\/div>\n<div>\n\tJapanische Messer sind das Synonym f\u00fcr Sch\u00e4rfe, Pr\u00e4zision und die Eleganz des kunstvollen Schnitts.&nbsp;<\/div>\n<div>\n\tDie Marke MIYABI von ZWILLING setzt diese Werte immer wieder in charaktervolle Messer f\u00fcr die anspruchsvolle K\u00fcche um.<\/div>\n<div>\n\tDie Messer der Serie MIYABI 6000MCT \u00fcberzeugen durch ihre fern\u00f6stliche Eleganz. Klinge und Griff bilden eine harmonische Einheit mit besonderer Eigenst\u00e4ndigkeit.&nbsp;<\/div>\n<div>\n\tDer ultraharte Kern der Klinge ist bei diesen Messern von zwei weiteren Stahllagen umgeben. Das spezielle H\u00e4rteverfahren und der in Handarbeit ausgef\u00fchrte original japanische Schliff, der sogenannte Honbazuke Abzug, verleihen diesen Klingen eine enorme Sch\u00e4rfe.&nbsp;<\/div>\n<div>\n\tSie werden in der Pro-duktion einer Hammerschlagbehandlung (Tsuchime) unterzogen. Dies ergibt eine optisch sehr reizvolle Oberfl\u00e4che.<\/div>\n<div>\n\tDer ballige Griff aus langlebigem und pflegeleichtem Palisander-Pakkaholz liegt angenehm und sicher in der Hand.&nbsp;<\/div>\n<div>\n\tDie hochwertige Ausstrahlung des Natur-materials wird durch einen Mosaik-Pin in der Griff-mitte und die dekorative Endkappe aus Stahl zus\u00e4tz-lich unterstrichen.&nbsp;<\/div>\n<div>\n\tDie Harmonie von \u00c4sthetik und Funktionalit\u00e4t wird in dieser Messerserie perfekt umgesetzt.<\/div>\n<div>\n\t&nbsp;<\/div>\n<div>\n<div>\n<div>\n\t\t\tSANTOKU = drei Tugenden&nbsp;<\/div>\n<div>\n\t\t\tSymmetrische Klinge&nbsp;<\/div>\n<div>\n\t\t\tKlingenl\u00e4nge: 150 mm \/ 5 3\/4 &#8220;+ 180 mm \/ 7&#8221;&nbsp;<\/div>\n<div>\n\t\t\tZum Schneiden von Fisch, Fleisch und Gem\u00fcse.<\/div><\/div>\n<\/div>\n<p>\n\t&nbsp;<\/p>\n","protected":false},"excerpt":{"rendered":"<p>Die Herstellung von hochwertigen Messern hat in Japan eine lange Tradition.&nbsp; &nbsp; Japanische Messer sind das Synonym f\u00fcr Sch\u00e4rfe, Pr\u00e4zision<\/p>\n","protected":false},"featured_media":14528,"template":"","meta":{"_acf_changed":false,"inline_featured_image":false},"product_cat":[6742,6706,14454],"product_tag":[25027,11395,11529,11405,22495,25022,11421],"acf":[],"yoast_head":"<!-- This site is optimized with the Yoast SEO Premium plugin v18.6 (Yoast SEO v19.13) - https:\/\/yoast.com\/wordpress\/plugins\/seo\/ -->\n<title>MIYABI Sujihiki Messer 6000MCT - Erresse Shop<\/title>\n<meta name=\"description\" content=\"Die Herstellung von hochwertigen Messern hat in Japan eine lange Tradition.&nbsp; &nbsp; Japanische Messer sind das Synonym f\u00fcr Sch\u00e4rfe, Pr\u00e4zision und die\" \/>\n<meta name=\"robots\" content=\"index, follow, max-snippet:-1, max-image-preview:large, max-video-preview:-1\" \/>\n<link rel=\"canonical\" href=\"https:\/\/www.erresse-shop.it\/de\/shop\/kuche\/messer\/miyabi-sujihiki-messer-6000mct-240mm\/\" \/>\n<meta property=\"og:locale\" content=\"de_DE\" \/>\n<meta property=\"og:type\" content=\"article\" \/>\n<meta property=\"og:title\" content=\"MIYABI Sujihiki Messer 6000MCT\" \/>\n<meta property=\"og:description\" content=\"Die Herstellung von hochwertigen Messern hat in Japan eine lange Tradition.&nbsp; &nbsp; Japanische Messer sind das Synonym f\u00fcr Sch\u00e4rfe, Pr\u00e4zision und die\" \/>\n<meta property=\"og:url\" content=\"https:\/\/www.erresse-shop.it\/de\/shop\/kuche\/messer\/miyabi-sujihiki-messer-6000mct-240mm\/\" \/>\n<meta property=\"og:site_name\" content=\"Erresse Shop\" \/>\n<meta property=\"article:modified_time\" content=\"2023-07-08T00:14:10+00:00\" \/>\n<meta property=\"og:image\" content=\"https:\/\/www.erresse-shop.it\/wp-content\/uploads\/2015\/01\/products-miyabi-6000mct-sujihiki-2.jpg\" \/>\n\t<meta property=\"og:image:width\" content=\"800\" \/>\n\t<meta property=\"og:image:height\" content=\"600\" \/>\n\t<meta property=\"og:image:type\" content=\"image\/jpeg\" \/>\n<meta name=\"twitter:card\" content=\"summary_large_image\" \/>\n<script type=\"application\/ld+json\" class=\"yoast-schema-graph\">{\"@context\":\"https:\/\/schema.org\",\"@graph\":[{\"@type\":\"WebPage\",\"@id\":\"https:\/\/www.erresse-shop.it\/de\/shop\/kuche\/messer\/miyabi-sujihiki-messer-6000mct-240mm\/\",\"url\":\"https:\/\/www.erresse-shop.it\/de\/shop\/kuche\/messer\/miyabi-sujihiki-messer-6000mct-240mm\/\",\"name\":\"MIYABI Sujihiki Messer 6000MCT - Erresse Shop\",\"isPartOf\":{\"@id\":\"https:\/\/www.erresse-shop.it\/de\/#website\"},\"datePublished\":\"2014-09-11T18:09:56+00:00\",\"dateModified\":\"2023-07-08T00:14:10+00:00\",\"description\":\"Die Herstellung von hochwertigen Messern hat in Japan eine lange Tradition.&nbsp; &nbsp; Japanische Messer sind das Synonym f\u00fcr Sch\u00e4rfe, Pr\u00e4zision und die\",\"breadcrumb\":{\"@id\":\"https:\/\/www.erresse-shop.it\/de\/shop\/kuche\/messer\/miyabi-sujihiki-messer-6000mct-240mm\/#breadcrumb\"},\"inLanguage\":\"de-DE\",\"potentialAction\":[{\"@type\":\"ReadAction\",\"target\":[\"https:\/\/www.erresse-shop.it\/de\/shop\/kuche\/messer\/miyabi-sujihiki-messer-6000mct-240mm\/\"]}]},{\"@type\":\"BreadcrumbList\",\"@id\":\"https:\/\/www.erresse-shop.it\/de\/shop\/kuche\/messer\/miyabi-sujihiki-messer-6000mct-240mm\/#breadcrumb\",\"itemListElement\":[{\"@type\":\"ListItem\",\"position\":1,\"name\":\"Home\",\"item\":\"https:\/\/www.erresse-shop.it\/de\/\"},{\"@type\":\"ListItem\",\"position\":2,\"name\":\"Shop\",\"item\":\"https:\/\/www.erresse-shop.it\/de\/shop\/\"},{\"@type\":\"ListItem\",\"position\":3,\"name\":\"MIYABI Sujihiki Messer 6000MCT\"}]},{\"@type\":\"WebSite\",\"@id\":\"https:\/\/www.erresse-shop.it\/de\/#website\",\"url\":\"https:\/\/www.erresse-shop.it\/de\/\",\"name\":\"Erresse Shop\",\"description\":\"Articoli di qualit\u00e0 per la casa\",\"potentialAction\":[{\"@type\":\"SearchAction\",\"target\":{\"@type\":\"EntryPoint\",\"urlTemplate\":\"https:\/\/www.erresse-shop.it\/de\/?s={search_term_string}\"},\"query-input\":\"required name=search_term_string\"}],\"inLanguage\":\"de-DE\"}]}<\/script>\n<!-- \/ Yoast SEO Premium plugin. -->","yoast_head_json":{"title":"MIYABI Sujihiki Messer 6000MCT - Erresse Shop","description":"Die Herstellung von hochwertigen Messern hat in Japan eine lange Tradition.&nbsp; &nbsp; Japanische Messer sind das Synonym f\u00fcr Sch\u00e4rfe, Pr\u00e4zision und die","robots":{"index":"index","follow":"follow","max-snippet":"max-snippet:-1","max-image-preview":"max-image-preview:large","max-video-preview":"max-video-preview:-1"},"canonical":"https:\/\/www.erresse-shop.it\/de\/shop\/kuche\/messer\/miyabi-sujihiki-messer-6000mct-240mm\/","og_locale":"de_DE","og_type":"article","og_title":"MIYABI Sujihiki Messer 6000MCT","og_description":"Die Herstellung von hochwertigen Messern hat in Japan eine lange Tradition.&nbsp; &nbsp; Japanische Messer sind das Synonym f\u00fcr Sch\u00e4rfe, Pr\u00e4zision und die","og_url":"https:\/\/www.erresse-shop.it\/de\/shop\/kuche\/messer\/miyabi-sujihiki-messer-6000mct-240mm\/","og_site_name":"Erresse Shop","article_modified_time":"2023-07-08T00:14:10+00:00","og_image":[{"width":"800","height":"600","url":"https:\/\/www.erresse-shop.it\/wp-content\/uploads\/2015\/01\/products-miyabi-6000mct-sujihiki-2.jpg","type":"image\/jpeg"}],"twitter_card":"summary_large_image","schema":{"@context":"https:\/\/schema.org","@graph":[{"@type":"WebPage","@id":"https:\/\/www.erresse-shop.it\/de\/shop\/kuche\/messer\/miyabi-sujihiki-messer-6000mct-240mm\/","url":"https:\/\/www.erresse-shop.it\/de\/shop\/kuche\/messer\/miyabi-sujihiki-messer-6000mct-240mm\/","name":"MIYABI Sujihiki Messer 6000MCT - Erresse Shop","isPartOf":{"@id":"https:\/\/www.erresse-shop.it\/de\/#website"},"datePublished":"2014-09-11T18:09:56+00:00","dateModified":"2023-07-08T00:14:10+00:00","description":"Die Herstellung von hochwertigen Messern hat in Japan eine lange Tradition.&nbsp; &nbsp; Japanische Messer sind das Synonym f\u00fcr Sch\u00e4rfe, Pr\u00e4zision und die","breadcrumb":{"@id":"https:\/\/www.erresse-shop.it\/de\/shop\/kuche\/messer\/miyabi-sujihiki-messer-6000mct-240mm\/#breadcrumb"},"inLanguage":"de-DE","potentialAction":[{"@type":"ReadAction","target":["https:\/\/www.erresse-shop.it\/de\/shop\/kuche\/messer\/miyabi-sujihiki-messer-6000mct-240mm\/"]}]},{"@type":"BreadcrumbList","@id":"https:\/\/www.erresse-shop.it\/de\/shop\/kuche\/messer\/miyabi-sujihiki-messer-6000mct-240mm\/#breadcrumb","itemListElement":[{"@type":"ListItem","position":1,"name":"Home","item":"https:\/\/www.erresse-shop.it\/de\/"},{"@type":"ListItem","position":2,"name":"Shop","item":"https:\/\/www.erresse-shop.it\/de\/shop\/"},{"@type":"ListItem","position":3,"name":"MIYABI Sujihiki Messer 6000MCT"}]},{"@type":"WebSite","@id":"https:\/\/www.erresse-shop.it\/de\/#website","url":"https:\/\/www.erresse-shop.it\/de\/","name":"Erresse Shop","description":"Articoli di qualit\u00e0 per la casa","potentialAction":[{"@type":"SearchAction","target":{"@type":"EntryPoint","urlTemplate":"https:\/\/www.erresse-shop.it\/de\/?s={search_term_string}"},"query-input":"required name=search_term_string"}],"inLanguage":"de-DE"}]}},"df_price":158.95000000000002,"df_sale_price":158.95000000000002,"df_regular_price":289,"df_image_link":"https:\/\/www.erresse-shop.it\/wp-content\/uploads\/2015\/01\/products-miyabi-6000mct-sujihiki-2.jpg","_links":{"self":[{"href":"https:\/\/www.erresse-shop.it\/de\/wp-json\/wp\/v2\/product\/14527"}],"collection":[{"href":"https:\/\/www.erresse-shop.it\/de\/wp-json\/wp\/v2\/product"}],"about":[{"href":"https:\/\/www.erresse-shop.it\/de\/wp-json\/wp\/v2\/types\/product"}],"wp:featuredmedia":[{"embeddable":true,"href":"https:\/\/www.erresse-shop.it\/de\/wp-json\/wp\/v2\/media\/14528"}],"wp:attachment":[{"href":"https:\/\/www.erresse-shop.it\/de\/wp-json\/wp\/v2\/media?parent=14527"}],"wp:term":[{"taxonomy":"product_cat","embeddable":true,"href":"https:\/\/www.erresse-shop.it\/de\/wp-json\/wp\/v2\/product_cat?post=14527"},{"taxonomy":"product_tag","embeddable":true,"href":"https:\/\/www.erresse-shop.it\/de\/wp-json\/wp\/v2\/product_tag?post=14527"}],"curies":[{"name":"wp","href":"https:\/\/api.w.org\/{rel}","templated":true}]}}