{"id":145208,"date":"2022-03-24T14:53:05","date_gmt":"2022-03-24T14:53:06","guid":{"rendered":"https:\/\/www.erresse-shop.it\/?post_type=product&#038;p=145208"},"modified":"2025-01-17T08:25:20","modified_gmt":"2025-01-17T08:25:20","slug":"le-creuset-runder-brater-aus-gusseisen-20-cm-grun","status":"publish","type":"product","link":"https:\/\/www.erresse-shop.it\/de\/shop\/toepfe-pfannen\/schalldaempfer-und-kokotten\/le-creuset-runder-brater-aus-gusseisen-20-cm-grun\/","title":{"rendered":"LE CREUSET Runder Br\u00e4ter aus Gusseisen 20 cm Gr\u00fcn"},"content":{"rendered":"<p style=\"text-align: justify;\"><strong>DIE K\u00d6NIGIN DER K\u00dcCHE<\/strong><br \/>\nSeit fast einem Jahrhundert lieben K\u00f6che weltweit den klassischen gusseisernen Br\u00e4ter von Le Creuset. Er ist perfekt geeignet f\u00fcr Schmorgerichte, Braten, Suppen, Aufl\u00e4ufe und zum Backen. Dieses einzigartige St\u00fcck ist Ihr Allesk\u00f6nner f\u00fcr unvergessliche Mahlzeiten mit intensivem, k\u00f6stlichem Geschmack.<\/p>\n<p style=\"text-align: justify;\">Die <strong>runde Cocotte Le Creuset Evolution<\/strong> ist in jeder K\u00fcche unverzichtbar f\u00fcr die Zubereitung leckerer und gesunder Gerichte! Dank ihrer Vielseitigkeit wird die runde Cocotte von Le Creuset zu Ihrem t\u00e4glichen Verb\u00fcndeten beim Kochen von Gem\u00fcse, Risotto, Saucen, Brot und tausend anderen Rezepten, mit denen Sie alle Ihre G\u00e4ste \u00fcberraschen werden.<br \/>\nEmailliertes Gusseisen ist als hervorragender W\u00e4rmeleiter eines der besten Materialien f\u00fcr den Einsatz in der K\u00fcche. Au\u00dferdem haben der Boden, die W\u00e4nde und der Deckel die gleiche Dicke, was eine gleichm\u00e4\u00dfige W\u00e4rmeaufnahme und -verteilung gew\u00e4hrleistet, ohne dass \u00fcberhitzte Bereiche entstehen. Dadurch brennen die Lebensmittel nicht an oder bleiben innen roh. Au\u00dferdem verlieren sie beim Kochen keine Fl\u00fcssigkeit, so dass ihre N\u00e4hrstoffe und Vitamine erhalten bleiben.<\/p>\n<p style=\"text-align: justify;\">Generation f\u00fcr Generation ist die gusseiserne, emaillierte Cocotte von Le Creuset zum Synonym f\u00fcr gutes Essen und hohe Qualit\u00e4t geworden und bringt gesundes Kochen auf Tische und in K\u00fcchen auf der ganzen Welt, passend zu den besten Rezepten.<\/p>\n<p style=\"text-align: justify;\"><strong>Eigenschaften der emaillierten Gusseisen-Kokotte:<\/strong><\/p>\n<p style=\"text-align: justify;\">&#8211; Gleichm\u00e4\u00dfige W\u00e4rmeverteilung ohne \u00dcberhitzungszonen.<br \/>\n&#8211; Hervorragende W\u00e4rmespeicherung.<br \/>\n&#8211; Edelstahlknauf, der gegen alle Temperaturen best\u00e4ndig ist.<br \/>\n&#8211; Griffe f\u00fcr hervorragende Griffigkeit.<br \/>\n&#8211; Verglaste Innen- und Au\u00dfenfl\u00e4chen. Nimmt keine Feuchtigkeit, keinen Geschmack oder Geruch von Lebensmitteln auf.<br \/>\n&#8211; <strong>Kompatibel mit allen W\u00e4rmequellen: Backofen, Gas, Elektro, Induktion.<\/strong><br \/>\n&#8211; Empfohlen von Spitzenk\u00f6chen und Bloggern zum Backen von Brot im Ofen.<br \/>\n&#8211; Leicht zu reinigen.<br \/>\n&#8211; Au\u00dfergew\u00f6hnliche Haltbarkeit.<br \/>\n&#8211; Lebenslange Garantie.<\/p>\n<p style=\"text-align: justify;\">Unsere ber\u00fchmte Serie aus verglastem Gusseisen ist das haltbarste und hygienischste Material auf dem Markt. Probieren Sie es aus und das Ergebnis wird Sie \u00fcberraschen.<\/p>\n<p><a style=\"font-size: 13px;\" href=\"https:\/\/www.youtube.com\/watch?v=HDOljJrHsg0\" target=\"_blank\" rel=\"noopener\">See Movie 1<\/a><br style=\"font-size: 13px;\" \/><a style=\"font-size: 13px;\" href=\"https:\/\/www.youtube.com\/watch?v=ro9F2zRA4gE\" target=\"_blank\" rel=\"noopener\">See Movie 2<\/a><\/p>\n","protected":false},"excerpt":{"rendered":"<p>DIE K\u00d6NIGIN DER K\u00dcCHE Seit fast einem Jahrhundert lieben K\u00f6che weltweit den klassischen gusseisernen Br\u00e4ter von Le Creuset. Er ist<\/p>\n","protected":false},"featured_media":460460,"template":"","meta":{"_acf_changed":false,"inline_featured_image":false},"product_cat":[6709,14793],"product_tag":[25088,11387,11381,14827,11383,11385,12315,12992,25022,12205,21330],"acf":[],"yoast_head":"<!-- This site is optimized with the Yoast SEO Premium plugin v18.6 (Yoast SEO v19.13) - https:\/\/yoast.com\/wordpress\/plugins\/seo\/ -->\n<title>LE CREUSET Runder Br\u00e4ter aus Gusseisen 20 cm Gr\u00fcn<\/title>\n<meta name=\"description\" content=\"Entdecken Sie LE CREUSET Runder Br\u00e4ter aus Gusseisen 20 cm Gr\u00fcn bei ErresseShop. Qualit\u00e4t, Stil und Funktionalit\u00e4t \u2013 jetzt online bestellen!\" \/>\n<meta name=\"robots\" content=\"index, follow, max-snippet:-1, max-image-preview:large, max-video-preview:-1\" \/>\n<link rel=\"canonical\" href=\"https:\/\/www.erresse-shop.it\/de\/shop\/toepfe-pfannen\/schalldaempfer-und-kokotten\/le-creuset-runder-brater-aus-gusseisen-20-cm-grun\/\" \/>\n<meta property=\"og:locale\" content=\"de_DE\" \/>\n<meta property=\"og:type\" content=\"article\" \/>\n<meta property=\"og:title\" content=\"LE CREUSET Runder Br\u00e4ter aus Gusseisen 20 cm Gr\u00fcn\" \/>\n<meta property=\"og:description\" content=\"Entdecken Sie LE CREUSET Runder Br\u00e4ter aus Gusseisen 20 cm Gr\u00fcn bei ErresseShop. Qualit\u00e4t, Stil und Funktionalit\u00e4t \u2013 jetzt online bestellen!\" \/>\n<meta property=\"og:url\" content=\"https:\/\/www.erresse-shop.it\/de\/shop\/toepfe-pfannen\/schalldaempfer-und-kokotten\/le-creuset-runder-brater-aus-gusseisen-20-cm-grun\/\" \/>\n<meta property=\"og:site_name\" content=\"Erresse Shop\" \/>\n<meta property=\"article:modified_time\" content=\"2025-01-17T08:25:20+00:00\" \/>\n<meta property=\"og:image\" content=\"https:\/\/www.erresse-shop.it\/wp-content\/uploads\/2022\/03\/LE-CREUSET-Cocotte-Evolution-in-Ghisa-20-cm-Verde-Bamboo.jpg\" \/>\n\t<meta property=\"og:image:width\" content=\"1200\" \/>\n\t<meta property=\"og:image:height\" content=\"1200\" \/>\n\t<meta property=\"og:image:type\" content=\"image\/jpeg\" \/>\n<meta name=\"twitter:card\" content=\"summary_large_image\" \/>\n<script type=\"application\/ld+json\" class=\"yoast-schema-graph\">{\"@context\":\"https:\/\/schema.org\",\"@graph\":[{\"@type\":\"WebPage\",\"@id\":\"https:\/\/www.erresse-shop.it\/de\/shop\/toepfe-pfannen\/schalldaempfer-und-kokotten\/le-creuset-runder-brater-aus-gusseisen-20-cm-grun\/\",\"url\":\"https:\/\/www.erresse-shop.it\/de\/shop\/toepfe-pfannen\/schalldaempfer-und-kokotten\/le-creuset-runder-brater-aus-gusseisen-20-cm-grun\/\",\"name\":\"LE CREUSET Runder Br\u00e4ter aus Gusseisen 20 cm Gr\u00fcn\",\"isPartOf\":{\"@id\":\"https:\/\/www.erresse-shop.it\/de\/#website\"},\"datePublished\":\"2022-03-24T14:53:06+00:00\",\"dateModified\":\"2025-01-17T08:25:20+00:00\",\"description\":\"Entdecken Sie LE CREUSET Runder Br\u00e4ter aus Gusseisen 20 cm Gr\u00fcn bei ErresseShop. Qualit\u00e4t, Stil und Funktionalit\u00e4t \u2013 jetzt online bestellen!\",\"breadcrumb\":{\"@id\":\"https:\/\/www.erresse-shop.it\/de\/shop\/toepfe-pfannen\/schalldaempfer-und-kokotten\/le-creuset-runder-brater-aus-gusseisen-20-cm-grun\/#breadcrumb\"},\"inLanguage\":\"de-DE\",\"potentialAction\":[{\"@type\":\"ReadAction\",\"target\":[\"https:\/\/www.erresse-shop.it\/de\/shop\/toepfe-pfannen\/schalldaempfer-und-kokotten\/le-creuset-runder-brater-aus-gusseisen-20-cm-grun\/\"]}]},{\"@type\":\"BreadcrumbList\",\"@id\":\"https:\/\/www.erresse-shop.it\/de\/shop\/toepfe-pfannen\/schalldaempfer-und-kokotten\/le-creuset-runder-brater-aus-gusseisen-20-cm-grun\/#breadcrumb\",\"itemListElement\":[{\"@type\":\"ListItem\",\"position\":1,\"name\":\"Home\",\"item\":\"https:\/\/www.erresse-shop.it\/de\/\"},{\"@type\":\"ListItem\",\"position\":2,\"name\":\"Shop\",\"item\":\"https:\/\/www.erresse-shop.it\/de\/shop\/\"},{\"@type\":\"ListItem\",\"position\":3,\"name\":\"LE CREUSET Runder Br\u00e4ter aus Gusseisen 20 cm Gr\u00fcn\"}]},{\"@type\":\"WebSite\",\"@id\":\"https:\/\/www.erresse-shop.it\/de\/#website\",\"url\":\"https:\/\/www.erresse-shop.it\/de\/\",\"name\":\"Erresse Shop\",\"description\":\"Articoli di qualit\u00e0 per la casa\",\"potentialAction\":[{\"@type\":\"SearchAction\",\"target\":{\"@type\":\"EntryPoint\",\"urlTemplate\":\"https:\/\/www.erresse-shop.it\/de\/?s={search_term_string}\"},\"query-input\":\"required name=search_term_string\"}],\"inLanguage\":\"de-DE\"}]}<\/script>\n<!-- \/ Yoast SEO Premium plugin. -->","yoast_head_json":{"title":"LE CREUSET Runder Br\u00e4ter aus Gusseisen 20 cm Gr\u00fcn","description":"Entdecken Sie LE CREUSET Runder Br\u00e4ter aus Gusseisen 20 cm Gr\u00fcn bei ErresseShop. Qualit\u00e4t, Stil und Funktionalit\u00e4t \u2013 jetzt online bestellen!","robots":{"index":"index","follow":"follow","max-snippet":"max-snippet:-1","max-image-preview":"max-image-preview:large","max-video-preview":"max-video-preview:-1"},"canonical":"https:\/\/www.erresse-shop.it\/de\/shop\/toepfe-pfannen\/schalldaempfer-und-kokotten\/le-creuset-runder-brater-aus-gusseisen-20-cm-grun\/","og_locale":"de_DE","og_type":"article","og_title":"LE CREUSET Runder Br\u00e4ter aus Gusseisen 20 cm Gr\u00fcn","og_description":"Entdecken Sie LE CREUSET Runder Br\u00e4ter aus Gusseisen 20 cm Gr\u00fcn bei ErresseShop. Qualit\u00e4t, Stil und Funktionalit\u00e4t \u2013 jetzt online bestellen!","og_url":"https:\/\/www.erresse-shop.it\/de\/shop\/toepfe-pfannen\/schalldaempfer-und-kokotten\/le-creuset-runder-brater-aus-gusseisen-20-cm-grun\/","og_site_name":"Erresse Shop","article_modified_time":"2025-01-17T08:25:20+00:00","og_image":[{"width":1200,"height":1200,"url":"https:\/\/www.erresse-shop.it\/wp-content\/uploads\/2022\/03\/LE-CREUSET-Cocotte-Evolution-in-Ghisa-20-cm-Verde-Bamboo.jpg","type":"image\/jpeg"}],"twitter_card":"summary_large_image","schema":{"@context":"https:\/\/schema.org","@graph":[{"@type":"WebPage","@id":"https:\/\/www.erresse-shop.it\/de\/shop\/toepfe-pfannen\/schalldaempfer-und-kokotten\/le-creuset-runder-brater-aus-gusseisen-20-cm-grun\/","url":"https:\/\/www.erresse-shop.it\/de\/shop\/toepfe-pfannen\/schalldaempfer-und-kokotten\/le-creuset-runder-brater-aus-gusseisen-20-cm-grun\/","name":"LE CREUSET Runder Br\u00e4ter aus Gusseisen 20 cm Gr\u00fcn","isPartOf":{"@id":"https:\/\/www.erresse-shop.it\/de\/#website"},"datePublished":"2022-03-24T14:53:06+00:00","dateModified":"2025-01-17T08:25:20+00:00","description":"Entdecken Sie LE CREUSET Runder Br\u00e4ter aus Gusseisen 20 cm Gr\u00fcn bei ErresseShop. Qualit\u00e4t, Stil und Funktionalit\u00e4t \u2013 jetzt online bestellen!","breadcrumb":{"@id":"https:\/\/www.erresse-shop.it\/de\/shop\/toepfe-pfannen\/schalldaempfer-und-kokotten\/le-creuset-runder-brater-aus-gusseisen-20-cm-grun\/#breadcrumb"},"inLanguage":"de-DE","potentialAction":[{"@type":"ReadAction","target":["https:\/\/www.erresse-shop.it\/de\/shop\/toepfe-pfannen\/schalldaempfer-und-kokotten\/le-creuset-runder-brater-aus-gusseisen-20-cm-grun\/"]}]},{"@type":"BreadcrumbList","@id":"https:\/\/www.erresse-shop.it\/de\/shop\/toepfe-pfannen\/schalldaempfer-und-kokotten\/le-creuset-runder-brater-aus-gusseisen-20-cm-grun\/#breadcrumb","itemListElement":[{"@type":"ListItem","position":1,"name":"Home","item":"https:\/\/www.erresse-shop.it\/de\/"},{"@type":"ListItem","position":2,"name":"Shop","item":"https:\/\/www.erresse-shop.it\/de\/shop\/"},{"@type":"ListItem","position":3,"name":"LE CREUSET Runder Br\u00e4ter aus Gusseisen 20 cm Gr\u00fcn"}]},{"@type":"WebSite","@id":"https:\/\/www.erresse-shop.it\/de\/#website","url":"https:\/\/www.erresse-shop.it\/de\/","name":"Erresse Shop","description":"Articoli di qualit\u00e0 per la casa","potentialAction":[{"@type":"SearchAction","target":{"@type":"EntryPoint","urlTemplate":"https:\/\/www.erresse-shop.it\/de\/?s={search_term_string}"},"query-input":"required name=search_term_string"}],"inLanguage":"de-DE"}]}},"df_price":123.75,"df_sale_price":123.75,"df_regular_price":275,"df_image_link":"https:\/\/www.erresse-shop.it\/wp-content\/uploads\/2022\/03\/LE-CREUSET-Cocotte-Evolution-in-Ghisa-20-cm-Verde-Bamboo-300x300.jpg","_links":{"self":[{"href":"https:\/\/www.erresse-shop.it\/de\/wp-json\/wp\/v2\/product\/145208"}],"collection":[{"href":"https:\/\/www.erresse-shop.it\/de\/wp-json\/wp\/v2\/product"}],"about":[{"href":"https:\/\/www.erresse-shop.it\/de\/wp-json\/wp\/v2\/types\/product"}],"wp:featuredmedia":[{"embeddable":true,"href":"https:\/\/www.erresse-shop.it\/de\/wp-json\/wp\/v2\/media\/460460"}],"wp:attachment":[{"href":"https:\/\/www.erresse-shop.it\/de\/wp-json\/wp\/v2\/media?parent=145208"}],"wp:term":[{"taxonomy":"product_cat","embeddable":true,"href":"https:\/\/www.erresse-shop.it\/de\/wp-json\/wp\/v2\/product_cat?post=145208"},{"taxonomy":"product_tag","embeddable":true,"href":"https:\/\/www.erresse-shop.it\/de\/wp-json\/wp\/v2\/product_tag?post=145208"}],"curies":[{"name":"wp","href":"https:\/\/api.w.org\/{rel}","templated":true}]}}