{"id":143338,"date":"2022-03-14T10:25:48","date_gmt":"2022-03-14T10:26:00","guid":{"rendered":"https:\/\/www.erresse-shop.it\/?post_type=product&#038;p=143338"},"modified":"2025-01-16T07:30:06","modified_gmt":"2025-01-16T07:30:06","slug":"sambonet-arthur-krupp-set-12-teller-shade-earth","status":"publish","type":"product","link":"https:\/\/www.erresse-shop.it\/de\/shop\/tisch\/teller-geschirr\/sambonet-arthur-krupp-set-12-teller-shade-earth\/","title":{"rendered":"SAMBONET ARTHUR KRUPP Set 12 Teller Shade Earth"},"content":{"rendered":"<p>Shade Earth &amp; Sea Collection: Mit dem Blick auf die Nuancen des Meeres und der Erde erweckt Arthur Krupp den Charme und die W\u00e4rme von handgefertigten &#8220;Scherben&#8221;. Geschirr, das das Ergebnis der neuesten Technologien ist, in einem perfekten Gleichgewicht zwischen der Festigkeit von Porzellan und der Haltbarkeit eines Unterglasurdekors.<br \/>\nVon M\u00f6beln bis hin zu Tischen entdecken internationale Trends den Charme des keramischen Handwerks wieder und bringen die W\u00e4rme und die konkrete Unvollkommenheit zur\u00fcck, die f\u00fcr die Artefakte vergangener Zeiten typisch sind.<br \/>\nDie Linien Shade Sea &amp; Earth, die quer zu den aktuellen Modetrends liegen und sich gleichzeitig extrem flexibel an die Stimmung jeder Umgebung anpassen, bringen den Geschmack von erfahrener Majolika auf den Tisch, die von der Zeit geknackt wurde und manchmal ein wenig unvollkommen ist, ideal f\u00fcr Orte im Freien oder im Casual Chic.<\/p>\n<ul>\n<li>Set f\u00fcr 4 Personen (12 St\u00fcck), bestehend aus Essteller (Durchmesser 28 cm), Suppenteller (Durchmesser 22 cm) und Obstteller (Durchmesser 20 cm);<\/li>\n<li>Die typischen Dekorationen und Farben des Steinguts werden auf dem Porzellan reproduziert, um einen Materialeffekt zu erzielen, der den warmen Stil der Keramik beibeh\u00e4lt und gleichzeitig die Festigkeit und Qualit\u00e4t des Hochtemperaturbrennens bietet.<\/li>\n<li>Sp\u00fclmaschinenfest<\/li>\n<li>Porzellangeschirr<\/li>\n<\/ul>\n","protected":false},"excerpt":{"rendered":"<p>Shade Earth &amp; Sea Collection: Mit dem Blick auf die Nuancen des Meeres und der Erde erweckt Arthur Krupp den<\/p>\n","protected":false},"featured_media":143378,"template":"","meta":{"_acf_changed":false,"inline_featured_image":false},"product_cat":[6793,6787],"product_tag":[17243,23691,24604,14262,25022,11827,21330],"acf":[],"yoast_head":"<!-- This site is optimized with the Yoast SEO Premium plugin v18.6 (Yoast SEO v19.13) - https:\/\/yoast.com\/wordpress\/plugins\/seo\/ -->\n<title>SAMBONET ARTHUR KRUPP Set 12 Teller Shade Earth<\/title>\n<meta name=\"description\" content=\"Entdecken Sie SAMBONET ARTHUR KRUPP Set 12 Teller Shade Earth bei ErresseShop. Qualit\u00e4t, Stil und Funktionalit\u00e4t \u2013 jetzt online bestellen!\" \/>\n<meta name=\"robots\" content=\"index, follow, max-snippet:-1, max-image-preview:large, max-video-preview:-1\" \/>\n<link rel=\"canonical\" href=\"https:\/\/www.erresse-shop.it\/de\/shop\/tisch\/teller-geschirr\/sambonet-arthur-krupp-set-12-teller-shade-earth\/\" \/>\n<meta property=\"og:locale\" content=\"de_DE\" \/>\n<meta property=\"og:type\" content=\"article\" \/>\n<meta property=\"og:title\" content=\"SAMBONET ARTHUR KRUPP Set 12 Teller Shade Earth\" \/>\n<meta property=\"og:description\" content=\"Entdecken Sie SAMBONET ARTHUR KRUPP Set 12 Teller Shade Earth bei ErresseShop. Qualit\u00e4t, Stil und Funktionalit\u00e4t \u2013 jetzt online bestellen!\" \/>\n<meta property=\"og:url\" content=\"https:\/\/www.erresse-shop.it\/de\/shop\/tisch\/teller-geschirr\/sambonet-arthur-krupp-set-12-teller-shade-earth\/\" \/>\n<meta property=\"og:site_name\" content=\"Erresse Shop\" \/>\n<meta property=\"article:modified_time\" content=\"2025-01-16T07:30:06+00:00\" \/>\n<meta property=\"og:image\" content=\"https:\/\/www.erresse-shop.it\/wp-content\/uploads\/2022\/03\/SAMBONET-ARTHUR-KRUPP-Set-12-Piatti-Shade-Earth.jpg\" \/>\n\t<meta property=\"og:image:width\" content=\"1000\" \/>\n\t<meta property=\"og:image:height\" content=\"1000\" \/>\n\t<meta property=\"og:image:type\" content=\"image\/jpeg\" \/>\n<meta name=\"twitter:card\" content=\"summary_large_image\" \/>\n<script type=\"application\/ld+json\" class=\"yoast-schema-graph\">{\"@context\":\"https:\/\/schema.org\",\"@graph\":[{\"@type\":\"WebPage\",\"@id\":\"https:\/\/www.erresse-shop.it\/de\/shop\/tisch\/teller-geschirr\/sambonet-arthur-krupp-set-12-teller-shade-earth\/\",\"url\":\"https:\/\/www.erresse-shop.it\/de\/shop\/tisch\/teller-geschirr\/sambonet-arthur-krupp-set-12-teller-shade-earth\/\",\"name\":\"SAMBONET ARTHUR KRUPP Set 12 Teller Shade Earth\",\"isPartOf\":{\"@id\":\"https:\/\/www.erresse-shop.it\/de\/#website\"},\"datePublished\":\"2022-03-14T10:26:00+00:00\",\"dateModified\":\"2025-01-16T07:30:06+00:00\",\"description\":\"Entdecken Sie SAMBONET ARTHUR KRUPP Set 12 Teller Shade Earth bei ErresseShop. Qualit\u00e4t, Stil und Funktionalit\u00e4t \u2013 jetzt online bestellen!\",\"breadcrumb\":{\"@id\":\"https:\/\/www.erresse-shop.it\/de\/shop\/tisch\/teller-geschirr\/sambonet-arthur-krupp-set-12-teller-shade-earth\/#breadcrumb\"},\"inLanguage\":\"de-DE\",\"potentialAction\":[{\"@type\":\"ReadAction\",\"target\":[\"https:\/\/www.erresse-shop.it\/de\/shop\/tisch\/teller-geschirr\/sambonet-arthur-krupp-set-12-teller-shade-earth\/\"]}]},{\"@type\":\"BreadcrumbList\",\"@id\":\"https:\/\/www.erresse-shop.it\/de\/shop\/tisch\/teller-geschirr\/sambonet-arthur-krupp-set-12-teller-shade-earth\/#breadcrumb\",\"itemListElement\":[{\"@type\":\"ListItem\",\"position\":1,\"name\":\"Home\",\"item\":\"https:\/\/www.erresse-shop.it\/de\/\"},{\"@type\":\"ListItem\",\"position\":2,\"name\":\"Shop\",\"item\":\"https:\/\/www.erresse-shop.it\/de\/shop\/\"},{\"@type\":\"ListItem\",\"position\":3,\"name\":\"SAMBONET ARTHUR KRUPP Set 12 Teller Shade Earth\"}]},{\"@type\":\"WebSite\",\"@id\":\"https:\/\/www.erresse-shop.it\/de\/#website\",\"url\":\"https:\/\/www.erresse-shop.it\/de\/\",\"name\":\"Erresse Shop\",\"description\":\"Articoli di qualit\u00e0 per la casa\",\"potentialAction\":[{\"@type\":\"SearchAction\",\"target\":{\"@type\":\"EntryPoint\",\"urlTemplate\":\"https:\/\/www.erresse-shop.it\/de\/?s={search_term_string}\"},\"query-input\":\"required name=search_term_string\"}],\"inLanguage\":\"de-DE\"}]}<\/script>\n<!-- \/ Yoast SEO Premium plugin. -->","yoast_head_json":{"title":"SAMBONET ARTHUR KRUPP Set 12 Teller Shade Earth","description":"Entdecken Sie SAMBONET ARTHUR KRUPP Set 12 Teller Shade Earth bei ErresseShop. Qualit\u00e4t, Stil und Funktionalit\u00e4t \u2013 jetzt online bestellen!","robots":{"index":"index","follow":"follow","max-snippet":"max-snippet:-1","max-image-preview":"max-image-preview:large","max-video-preview":"max-video-preview:-1"},"canonical":"https:\/\/www.erresse-shop.it\/de\/shop\/tisch\/teller-geschirr\/sambonet-arthur-krupp-set-12-teller-shade-earth\/","og_locale":"de_DE","og_type":"article","og_title":"SAMBONET ARTHUR KRUPP Set 12 Teller Shade Earth","og_description":"Entdecken Sie SAMBONET ARTHUR KRUPP Set 12 Teller Shade Earth bei ErresseShop. Qualit\u00e4t, Stil und Funktionalit\u00e4t \u2013 jetzt online bestellen!","og_url":"https:\/\/www.erresse-shop.it\/de\/shop\/tisch\/teller-geschirr\/sambonet-arthur-krupp-set-12-teller-shade-earth\/","og_site_name":"Erresse Shop","article_modified_time":"2025-01-16T07:30:06+00:00","og_image":[{"width":1000,"height":1000,"url":"https:\/\/www.erresse-shop.it\/wp-content\/uploads\/2022\/03\/SAMBONET-ARTHUR-KRUPP-Set-12-Piatti-Shade-Earth.jpg","type":"image\/jpeg"}],"twitter_card":"summary_large_image","schema":{"@context":"https:\/\/schema.org","@graph":[{"@type":"WebPage","@id":"https:\/\/www.erresse-shop.it\/de\/shop\/tisch\/teller-geschirr\/sambonet-arthur-krupp-set-12-teller-shade-earth\/","url":"https:\/\/www.erresse-shop.it\/de\/shop\/tisch\/teller-geschirr\/sambonet-arthur-krupp-set-12-teller-shade-earth\/","name":"SAMBONET ARTHUR KRUPP Set 12 Teller Shade Earth","isPartOf":{"@id":"https:\/\/www.erresse-shop.it\/de\/#website"},"datePublished":"2022-03-14T10:26:00+00:00","dateModified":"2025-01-16T07:30:06+00:00","description":"Entdecken Sie SAMBONET ARTHUR KRUPP Set 12 Teller Shade Earth bei ErresseShop. Qualit\u00e4t, Stil und Funktionalit\u00e4t \u2013 jetzt online bestellen!","breadcrumb":{"@id":"https:\/\/www.erresse-shop.it\/de\/shop\/tisch\/teller-geschirr\/sambonet-arthur-krupp-set-12-teller-shade-earth\/#breadcrumb"},"inLanguage":"de-DE","potentialAction":[{"@type":"ReadAction","target":["https:\/\/www.erresse-shop.it\/de\/shop\/tisch\/teller-geschirr\/sambonet-arthur-krupp-set-12-teller-shade-earth\/"]}]},{"@type":"BreadcrumbList","@id":"https:\/\/www.erresse-shop.it\/de\/shop\/tisch\/teller-geschirr\/sambonet-arthur-krupp-set-12-teller-shade-earth\/#breadcrumb","itemListElement":[{"@type":"ListItem","position":1,"name":"Home","item":"https:\/\/www.erresse-shop.it\/de\/"},{"@type":"ListItem","position":2,"name":"Shop","item":"https:\/\/www.erresse-shop.it\/de\/shop\/"},{"@type":"ListItem","position":3,"name":"SAMBONET ARTHUR KRUPP Set 12 Teller Shade Earth"}]},{"@type":"WebSite","@id":"https:\/\/www.erresse-shop.it\/de\/#website","url":"https:\/\/www.erresse-shop.it\/de\/","name":"Erresse Shop","description":"Articoli di qualit\u00e0 per la casa","potentialAction":[{"@type":"SearchAction","target":{"@type":"EntryPoint","urlTemplate":"https:\/\/www.erresse-shop.it\/de\/?s={search_term_string}"},"query-input":"required name=search_term_string"}],"inLanguage":"de-DE"}]}},"df_price":109.95,"df_sale_price":109.95,"df_regular_price":219.9,"df_image_link":"https:\/\/www.erresse-shop.it\/wp-content\/uploads\/2022\/03\/SAMBONET-ARTHUR-KRUPP-Set-12-Piatti-Shade-Earth-300x300.jpg","_links":{"self":[{"href":"https:\/\/www.erresse-shop.it\/de\/wp-json\/wp\/v2\/product\/143338"}],"collection":[{"href":"https:\/\/www.erresse-shop.it\/de\/wp-json\/wp\/v2\/product"}],"about":[{"href":"https:\/\/www.erresse-shop.it\/de\/wp-json\/wp\/v2\/types\/product"}],"wp:featuredmedia":[{"embeddable":true,"href":"https:\/\/www.erresse-shop.it\/de\/wp-json\/wp\/v2\/media\/143378"}],"wp:attachment":[{"href":"https:\/\/www.erresse-shop.it\/de\/wp-json\/wp\/v2\/media?parent=143338"}],"wp:term":[{"taxonomy":"product_cat","embeddable":true,"href":"https:\/\/www.erresse-shop.it\/de\/wp-json\/wp\/v2\/product_cat?post=143338"},{"taxonomy":"product_tag","embeddable":true,"href":"https:\/\/www.erresse-shop.it\/de\/wp-json\/wp\/v2\/product_tag?post=143338"}],"curies":[{"name":"wp","href":"https:\/\/api.w.org\/{rel}","templated":true}]}}