{"id":142781,"date":"2022-03-08T10:37:14","date_gmt":"2022-03-08T10:37:16","guid":{"rendered":"https:\/\/www.erresse-shop.it\/?post_type=product&#038;p=142781"},"modified":"2025-01-16T11:03:21","modified_gmt":"2025-01-16T11:03:21","slug":"carlo-moretti-efra-tischlampe-aus-muranoglas","status":"publish","type":"product","link":"https:\/\/www.erresse-shop.it\/de\/shop\/einrichtung-haus\/lampen\/carlo-moretti-efra-tischlampe-aus-muranoglas\/","title":{"rendered":"CARLO MORETTI Efra Tischlampe aus Muranoglas"},"content":{"rendered":"<p><strong>Farbe:<\/strong> transparent<br \/>\n<strong>Material:<\/strong> Muranoglas<\/p>\n<p>Diese elegante und zeitlose Tischleuchte wurde 1984 von den Glasmachermeistern Carlo Moretti und Paolo Martinuzzi entworfen. Die Kombination aus traditioneller Handwerkskunst und modernem Design macht dieses St\u00fcck zu einem Blickfang in einem zeitgen\u00f6ssischen Interieur.<\/p>\n<p><strong>Produktmerkmale<\/strong><br \/>\nSockel und Struktur aus anthrazitfarben lackiertem Eisen und nat\u00fcrlichem Messing, Beleuchtungsk\u00f6rper aus Muranoglas. Verwendung in Innenr\u00e4umen.<\/p>\n<p><strong>Gl\u00fchbirne:<\/strong> ausgeschlossen<br \/>\n<strong>Spannung:<\/strong> 220 Volt<br \/>\n<strong>Schutzart:<\/strong> IP 20<br \/>\n<span style=\"text-decoration: underline;\"><strong>In Anbetracht der Einzigartigkeit des Produkts sind etwaige Unvollkommenheiten als Pluspunkt zu werten<\/strong><\/span><\/p>\n","protected":false},"excerpt":{"rendered":"<p>Farbe: transparent Material: Muranoglas Diese elegante und zeitlose Tischleuchte wurde 1984 von den Glasmachermeistern Carlo Moretti und Paolo Martinuzzi entworfen.<\/p>\n","protected":false},"featured_media":142790,"template":"","meta":{"_acf_changed":false,"inline_featured_image":false},"product_cat":[6817,6862],"product_tag":[14411,11949,24681,11718,14591,18554],"acf":[],"yoast_head":"<!-- This site is optimized with the Yoast SEO Premium plugin v18.6 (Yoast SEO v19.13) - https:\/\/yoast.com\/wordpress\/plugins\/seo\/ -->\n<title>CARLO MORETTI Efra Tischlampe aus Muranoglas<\/title>\n<meta name=\"description\" content=\"Entdecken Sie CARLO MORETTI Efra Tischlampe aus Muranoglas bei ErresseShop. Qualit\u00e4t, Stil und Funktionalit\u00e4t \u2013 jetzt online bestellen!\" \/>\n<meta name=\"robots\" content=\"index, follow, max-snippet:-1, max-image-preview:large, max-video-preview:-1\" \/>\n<link rel=\"canonical\" href=\"https:\/\/www.erresse-shop.it\/de\/shop\/einrichtung-haus\/lampen\/carlo-moretti-efra-tischlampe-aus-muranoglas\/\" \/>\n<meta property=\"og:locale\" content=\"de_DE\" \/>\n<meta property=\"og:type\" content=\"article\" \/>\n<meta property=\"og:title\" content=\"CARLO MORETTI Efra Tischlampe aus Muranoglas\" \/>\n<meta property=\"og:description\" content=\"Entdecken Sie CARLO MORETTI Efra Tischlampe aus Muranoglas bei ErresseShop. Qualit\u00e4t, Stil und Funktionalit\u00e4t \u2013 jetzt online bestellen!\" \/>\n<meta property=\"og:url\" content=\"https:\/\/www.erresse-shop.it\/de\/shop\/einrichtung-haus\/lampen\/carlo-moretti-efra-tischlampe-aus-muranoglas\/\" \/>\n<meta property=\"og:site_name\" content=\"Erresse Shop\" \/>\n<meta property=\"article:modified_time\" content=\"2025-01-16T11:03:21+00:00\" \/>\n<meta property=\"og:image\" content=\"https:\/\/www.erresse-shop.it\/wp-content\/uploads\/2022\/03\/CARLO-MORETTI-Lampada-da-Tavolo-Efra-2.jpg\" \/>\n\t<meta property=\"og:image:width\" content=\"1000\" \/>\n\t<meta property=\"og:image:height\" content=\"1000\" \/>\n\t<meta property=\"og:image:type\" content=\"image\/jpeg\" \/>\n<meta name=\"twitter:card\" content=\"summary_large_image\" \/>\n<script type=\"application\/ld+json\" class=\"yoast-schema-graph\">{\"@context\":\"https:\/\/schema.org\",\"@graph\":[{\"@type\":\"WebPage\",\"@id\":\"https:\/\/www.erresse-shop.it\/de\/shop\/einrichtung-haus\/lampen\/carlo-moretti-efra-tischlampe-aus-muranoglas\/\",\"url\":\"https:\/\/www.erresse-shop.it\/de\/shop\/einrichtung-haus\/lampen\/carlo-moretti-efra-tischlampe-aus-muranoglas\/\",\"name\":\"CARLO MORETTI Efra Tischlampe aus Muranoglas\",\"isPartOf\":{\"@id\":\"https:\/\/www.erresse-shop.it\/de\/#website\"},\"datePublished\":\"2022-03-08T10:37:16+00:00\",\"dateModified\":\"2025-01-16T11:03:21+00:00\",\"description\":\"Entdecken Sie CARLO MORETTI Efra Tischlampe aus Muranoglas bei ErresseShop. Qualit\u00e4t, Stil und Funktionalit\u00e4t \u2013 jetzt online bestellen!\",\"breadcrumb\":{\"@id\":\"https:\/\/www.erresse-shop.it\/de\/shop\/einrichtung-haus\/lampen\/carlo-moretti-efra-tischlampe-aus-muranoglas\/#breadcrumb\"},\"inLanguage\":\"de-DE\",\"potentialAction\":[{\"@type\":\"ReadAction\",\"target\":[\"https:\/\/www.erresse-shop.it\/de\/shop\/einrichtung-haus\/lampen\/carlo-moretti-efra-tischlampe-aus-muranoglas\/\"]}]},{\"@type\":\"BreadcrumbList\",\"@id\":\"https:\/\/www.erresse-shop.it\/de\/shop\/einrichtung-haus\/lampen\/carlo-moretti-efra-tischlampe-aus-muranoglas\/#breadcrumb\",\"itemListElement\":[{\"@type\":\"ListItem\",\"position\":1,\"name\":\"Home\",\"item\":\"https:\/\/www.erresse-shop.it\/de\/\"},{\"@type\":\"ListItem\",\"position\":2,\"name\":\"Shop\",\"item\":\"https:\/\/www.erresse-shop.it\/de\/shop\/\"},{\"@type\":\"ListItem\",\"position\":3,\"name\":\"CARLO MORETTI Efra Tischlampe aus Muranoglas\"}]},{\"@type\":\"WebSite\",\"@id\":\"https:\/\/www.erresse-shop.it\/de\/#website\",\"url\":\"https:\/\/www.erresse-shop.it\/de\/\",\"name\":\"Erresse Shop\",\"description\":\"Articoli di qualit\u00e0 per la casa\",\"potentialAction\":[{\"@type\":\"SearchAction\",\"target\":{\"@type\":\"EntryPoint\",\"urlTemplate\":\"https:\/\/www.erresse-shop.it\/de\/?s={search_term_string}\"},\"query-input\":\"required name=search_term_string\"}],\"inLanguage\":\"de-DE\"}]}<\/script>\n<!-- \/ Yoast SEO Premium plugin. -->","yoast_head_json":{"title":"CARLO MORETTI Efra Tischlampe aus Muranoglas","description":"Entdecken Sie CARLO MORETTI Efra Tischlampe aus Muranoglas bei ErresseShop. Qualit\u00e4t, Stil und Funktionalit\u00e4t \u2013 jetzt online bestellen!","robots":{"index":"index","follow":"follow","max-snippet":"max-snippet:-1","max-image-preview":"max-image-preview:large","max-video-preview":"max-video-preview:-1"},"canonical":"https:\/\/www.erresse-shop.it\/de\/shop\/einrichtung-haus\/lampen\/carlo-moretti-efra-tischlampe-aus-muranoglas\/","og_locale":"de_DE","og_type":"article","og_title":"CARLO MORETTI Efra Tischlampe aus Muranoglas","og_description":"Entdecken Sie CARLO MORETTI Efra Tischlampe aus Muranoglas bei ErresseShop. Qualit\u00e4t, Stil und Funktionalit\u00e4t \u2013 jetzt online bestellen!","og_url":"https:\/\/www.erresse-shop.it\/de\/shop\/einrichtung-haus\/lampen\/carlo-moretti-efra-tischlampe-aus-muranoglas\/","og_site_name":"Erresse Shop","article_modified_time":"2025-01-16T11:03:21+00:00","og_image":[{"width":1000,"height":1000,"url":"https:\/\/www.erresse-shop.it\/wp-content\/uploads\/2022\/03\/CARLO-MORETTI-Lampada-da-Tavolo-Efra-2.jpg","type":"image\/jpeg"}],"twitter_card":"summary_large_image","schema":{"@context":"https:\/\/schema.org","@graph":[{"@type":"WebPage","@id":"https:\/\/www.erresse-shop.it\/de\/shop\/einrichtung-haus\/lampen\/carlo-moretti-efra-tischlampe-aus-muranoglas\/","url":"https:\/\/www.erresse-shop.it\/de\/shop\/einrichtung-haus\/lampen\/carlo-moretti-efra-tischlampe-aus-muranoglas\/","name":"CARLO MORETTI Efra Tischlampe aus Muranoglas","isPartOf":{"@id":"https:\/\/www.erresse-shop.it\/de\/#website"},"datePublished":"2022-03-08T10:37:16+00:00","dateModified":"2025-01-16T11:03:21+00:00","description":"Entdecken Sie CARLO MORETTI Efra Tischlampe aus Muranoglas bei ErresseShop. Qualit\u00e4t, Stil und Funktionalit\u00e4t \u2013 jetzt online bestellen!","breadcrumb":{"@id":"https:\/\/www.erresse-shop.it\/de\/shop\/einrichtung-haus\/lampen\/carlo-moretti-efra-tischlampe-aus-muranoglas\/#breadcrumb"},"inLanguage":"de-DE","potentialAction":[{"@type":"ReadAction","target":["https:\/\/www.erresse-shop.it\/de\/shop\/einrichtung-haus\/lampen\/carlo-moretti-efra-tischlampe-aus-muranoglas\/"]}]},{"@type":"BreadcrumbList","@id":"https:\/\/www.erresse-shop.it\/de\/shop\/einrichtung-haus\/lampen\/carlo-moretti-efra-tischlampe-aus-muranoglas\/#breadcrumb","itemListElement":[{"@type":"ListItem","position":1,"name":"Home","item":"https:\/\/www.erresse-shop.it\/de\/"},{"@type":"ListItem","position":2,"name":"Shop","item":"https:\/\/www.erresse-shop.it\/de\/shop\/"},{"@type":"ListItem","position":3,"name":"CARLO MORETTI Efra Tischlampe aus Muranoglas"}]},{"@type":"WebSite","@id":"https:\/\/www.erresse-shop.it\/de\/#website","url":"https:\/\/www.erresse-shop.it\/de\/","name":"Erresse Shop","description":"Articoli di qualit\u00e0 per la casa","potentialAction":[{"@type":"SearchAction","target":{"@type":"EntryPoint","urlTemplate":"https:\/\/www.erresse-shop.it\/de\/?s={search_term_string}"},"query-input":"required name=search_term_string"}],"inLanguage":"de-DE"}]}},"df_price":467.50000000000006,"df_sale_price":467.50000000000006,"df_regular_price":850,"df_image_link":"https:\/\/www.erresse-shop.it\/wp-content\/uploads\/2022\/03\/CARLO-MORETTI-Lampada-da-Tavolo-Efra-2-300x300.jpg","_links":{"self":[{"href":"https:\/\/www.erresse-shop.it\/de\/wp-json\/wp\/v2\/product\/142781"}],"collection":[{"href":"https:\/\/www.erresse-shop.it\/de\/wp-json\/wp\/v2\/product"}],"about":[{"href":"https:\/\/www.erresse-shop.it\/de\/wp-json\/wp\/v2\/types\/product"}],"wp:featuredmedia":[{"embeddable":true,"href":"https:\/\/www.erresse-shop.it\/de\/wp-json\/wp\/v2\/media\/142790"}],"wp:attachment":[{"href":"https:\/\/www.erresse-shop.it\/de\/wp-json\/wp\/v2\/media?parent=142781"}],"wp:term":[{"taxonomy":"product_cat","embeddable":true,"href":"https:\/\/www.erresse-shop.it\/de\/wp-json\/wp\/v2\/product_cat?post=142781"},{"taxonomy":"product_tag","embeddable":true,"href":"https:\/\/www.erresse-shop.it\/de\/wp-json\/wp\/v2\/product_tag?post=142781"}],"curies":[{"name":"wp","href":"https:\/\/api.w.org\/{rel}","templated":true}]}}