{"id":142678,"date":"2022-03-07T15:06:10","date_gmt":"2022-03-07T15:06:11","guid":{"rendered":"https:\/\/www.erresse-shop.it\/?post_type=product&#038;p=142678"},"modified":"2023-07-08T00:15:33","modified_gmt":"2023-07-08T00:15:33","slug":"rosenthal-waves-vase-20-cm-weis","status":"publish","type":"product","link":"https:\/\/www.erresse-shop.it\/de\/shop\/einrichtung-haus\/vasen\/rosenthal-waves-vase-20-cm-weis\/","title":{"rendered":"ROSENTHAL Waves Vase 20 cm Wei\u00df"},"content":{"rendered":"<p>Die Waves-Kollektion von Rosenthal wurde in Zusammenarbeit mit dem Designer Mikko Laakkonen entwickelt und umfasst sch\u00f6ne, elegante und minimalistische M\u00f6belst\u00fccke.<br \/>\nDies ist der Fall bei der Tischvase Vesi Waves Weiss von Rosenthal aus wei\u00dfem Porzellan mit einer suggestiven Note von Bewegung am Ende, einer Reihe von Wellen am Fu\u00df des Objekts: k\u00f6stlich!<br \/>\nSie eignet sich hervorragend f\u00fcr alle, die eine dekorative Vase f\u00fcr ihr modernes Zuhause suchen, sieht aber auch in Kombination mit klassischem Mobiliar gut aus.<br \/>\nPerfekt f\u00fcr eine moderne und minimalistische Geschenkidee f\u00fcr Ihr Zuhause.<\/p>\n<p><strong>Material:<\/strong> Porzellan<br \/>\n<strong>Sammlung:<\/strong> Waves<\/p>\n","protected":false},"excerpt":{"rendered":"<p>Die Waves-Kollektion von Rosenthal wurde in Zusammenarbeit mit dem Designer Mikko Laakkonen entwickelt und umfasst sch\u00f6ne, elegante und minimalistische M\u00f6belst\u00fccke.<\/p>\n","protected":false},"featured_media":142693,"template":"","meta":{"_acf_changed":false,"inline_featured_image":false},"product_cat":[6817,14421],"product_tag":[23911,23691,11847,18589],"acf":[],"yoast_head":"<!-- This site is optimized with the Yoast SEO Premium plugin v18.6 (Yoast SEO v19.13) - https:\/\/yoast.com\/wordpress\/plugins\/seo\/ -->\n<title>ROSENTHAL Waves Vase 20 cm Wei\u00df - Erresse Shop<\/title>\n<meta name=\"description\" content=\"Die Waves-Kollektion von Rosenthal wurde in Zusammenarbeit mit dem Designer Mikko Laakkonen entwickelt und umfasst sch\u00f6ne, elegante und minimalistische\" \/>\n<meta name=\"robots\" content=\"index, follow, max-snippet:-1, max-image-preview:large, max-video-preview:-1\" \/>\n<link rel=\"canonical\" href=\"https:\/\/www.erresse-shop.it\/de\/shop\/einrichtung-haus\/vasen\/rosenthal-waves-vase-20-cm-weis\/\" \/>\n<meta property=\"og:locale\" content=\"de_DE\" \/>\n<meta property=\"og:type\" content=\"article\" \/>\n<meta property=\"og:title\" content=\"ROSENTHAL Waves Vase 20 cm Wei\u00df\" \/>\n<meta property=\"og:description\" content=\"Die Waves-Kollektion von Rosenthal wurde in Zusammenarbeit mit dem Designer Mikko Laakkonen entwickelt und umfasst sch\u00f6ne, elegante und minimalistische\" \/>\n<meta property=\"og:url\" content=\"https:\/\/www.erresse-shop.it\/de\/shop\/einrichtung-haus\/vasen\/rosenthal-waves-vase-20-cm-weis\/\" \/>\n<meta property=\"og:site_name\" content=\"Erresse Shop\" \/>\n<meta property=\"article:modified_time\" content=\"2023-07-08T00:15:33+00:00\" \/>\n<meta property=\"og:image\" content=\"https:\/\/www.erresse-shop.it\/wp-content\/uploads\/2022\/03\/ROSENTHAL-Vaso-Waves-20-cm-Bianco.jpg\" \/>\n\t<meta property=\"og:image:width\" content=\"1000\" \/>\n\t<meta property=\"og:image:height\" content=\"1000\" \/>\n\t<meta property=\"og:image:type\" content=\"image\/jpeg\" \/>\n<meta name=\"twitter:card\" content=\"summary_large_image\" \/>\n<script type=\"application\/ld+json\" class=\"yoast-schema-graph\">{\"@context\":\"https:\/\/schema.org\",\"@graph\":[{\"@type\":\"WebPage\",\"@id\":\"https:\/\/www.erresse-shop.it\/de\/shop\/einrichtung-haus\/vasen\/rosenthal-waves-vase-20-cm-weis\/\",\"url\":\"https:\/\/www.erresse-shop.it\/de\/shop\/einrichtung-haus\/vasen\/rosenthal-waves-vase-20-cm-weis\/\",\"name\":\"ROSENTHAL Waves Vase 20 cm Wei\u00df - Erresse Shop\",\"isPartOf\":{\"@id\":\"https:\/\/www.erresse-shop.it\/de\/#website\"},\"datePublished\":\"2022-03-07T15:06:11+00:00\",\"dateModified\":\"2023-07-08T00:15:33+00:00\",\"description\":\"Die Waves-Kollektion von Rosenthal wurde in Zusammenarbeit mit dem Designer Mikko Laakkonen entwickelt und umfasst sch\u00f6ne, elegante und minimalistische\",\"breadcrumb\":{\"@id\":\"https:\/\/www.erresse-shop.it\/de\/shop\/einrichtung-haus\/vasen\/rosenthal-waves-vase-20-cm-weis\/#breadcrumb\"},\"inLanguage\":\"de-DE\",\"potentialAction\":[{\"@type\":\"ReadAction\",\"target\":[\"https:\/\/www.erresse-shop.it\/de\/shop\/einrichtung-haus\/vasen\/rosenthal-waves-vase-20-cm-weis\/\"]}]},{\"@type\":\"BreadcrumbList\",\"@id\":\"https:\/\/www.erresse-shop.it\/de\/shop\/einrichtung-haus\/vasen\/rosenthal-waves-vase-20-cm-weis\/#breadcrumb\",\"itemListElement\":[{\"@type\":\"ListItem\",\"position\":1,\"name\":\"Home\",\"item\":\"https:\/\/www.erresse-shop.it\/de\/\"},{\"@type\":\"ListItem\",\"position\":2,\"name\":\"Shop\",\"item\":\"https:\/\/www.erresse-shop.it\/de\/shop\/\"},{\"@type\":\"ListItem\",\"position\":3,\"name\":\"ROSENTHAL Waves Vase 20 cm Wei\u00df\"}]},{\"@type\":\"WebSite\",\"@id\":\"https:\/\/www.erresse-shop.it\/de\/#website\",\"url\":\"https:\/\/www.erresse-shop.it\/de\/\",\"name\":\"Erresse Shop\",\"description\":\"Articoli di qualit\u00e0 per la casa\",\"potentialAction\":[{\"@type\":\"SearchAction\",\"target\":{\"@type\":\"EntryPoint\",\"urlTemplate\":\"https:\/\/www.erresse-shop.it\/de\/?s={search_term_string}\"},\"query-input\":\"required name=search_term_string\"}],\"inLanguage\":\"de-DE\"}]}<\/script>\n<!-- \/ Yoast SEO Premium plugin. -->","yoast_head_json":{"title":"ROSENTHAL Waves Vase 20 cm Wei\u00df - Erresse Shop","description":"Die Waves-Kollektion von Rosenthal wurde in Zusammenarbeit mit dem Designer Mikko Laakkonen entwickelt und umfasst sch\u00f6ne, elegante und minimalistische","robots":{"index":"index","follow":"follow","max-snippet":"max-snippet:-1","max-image-preview":"max-image-preview:large","max-video-preview":"max-video-preview:-1"},"canonical":"https:\/\/www.erresse-shop.it\/de\/shop\/einrichtung-haus\/vasen\/rosenthal-waves-vase-20-cm-weis\/","og_locale":"de_DE","og_type":"article","og_title":"ROSENTHAL Waves Vase 20 cm Wei\u00df","og_description":"Die Waves-Kollektion von Rosenthal wurde in Zusammenarbeit mit dem Designer Mikko Laakkonen entwickelt und umfasst sch\u00f6ne, elegante und minimalistische","og_url":"https:\/\/www.erresse-shop.it\/de\/shop\/einrichtung-haus\/vasen\/rosenthal-waves-vase-20-cm-weis\/","og_site_name":"Erresse Shop","article_modified_time":"2023-07-08T00:15:33+00:00","og_image":[{"width":1000,"height":1000,"url":"https:\/\/www.erresse-shop.it\/wp-content\/uploads\/2022\/03\/ROSENTHAL-Vaso-Waves-20-cm-Bianco.jpg","type":"image\/jpeg"}],"twitter_card":"summary_large_image","schema":{"@context":"https:\/\/schema.org","@graph":[{"@type":"WebPage","@id":"https:\/\/www.erresse-shop.it\/de\/shop\/einrichtung-haus\/vasen\/rosenthal-waves-vase-20-cm-weis\/","url":"https:\/\/www.erresse-shop.it\/de\/shop\/einrichtung-haus\/vasen\/rosenthal-waves-vase-20-cm-weis\/","name":"ROSENTHAL Waves Vase 20 cm Wei\u00df - Erresse Shop","isPartOf":{"@id":"https:\/\/www.erresse-shop.it\/de\/#website"},"datePublished":"2022-03-07T15:06:11+00:00","dateModified":"2023-07-08T00:15:33+00:00","description":"Die Waves-Kollektion von Rosenthal wurde in Zusammenarbeit mit dem Designer Mikko Laakkonen entwickelt und umfasst sch\u00f6ne, elegante und minimalistische","breadcrumb":{"@id":"https:\/\/www.erresse-shop.it\/de\/shop\/einrichtung-haus\/vasen\/rosenthal-waves-vase-20-cm-weis\/#breadcrumb"},"inLanguage":"de-DE","potentialAction":[{"@type":"ReadAction","target":["https:\/\/www.erresse-shop.it\/de\/shop\/einrichtung-haus\/vasen\/rosenthal-waves-vase-20-cm-weis\/"]}]},{"@type":"BreadcrumbList","@id":"https:\/\/www.erresse-shop.it\/de\/shop\/einrichtung-haus\/vasen\/rosenthal-waves-vase-20-cm-weis\/#breadcrumb","itemListElement":[{"@type":"ListItem","position":1,"name":"Home","item":"https:\/\/www.erresse-shop.it\/de\/"},{"@type":"ListItem","position":2,"name":"Shop","item":"https:\/\/www.erresse-shop.it\/de\/shop\/"},{"@type":"ListItem","position":3,"name":"ROSENTHAL Waves Vase 20 cm Wei\u00df"}]},{"@type":"WebSite","@id":"https:\/\/www.erresse-shop.it\/de\/#website","url":"https:\/\/www.erresse-shop.it\/de\/","name":"Erresse Shop","description":"Articoli di qualit\u00e0 per la casa","potentialAction":[{"@type":"SearchAction","target":{"@type":"EntryPoint","urlTemplate":"https:\/\/www.erresse-shop.it\/de\/?s={search_term_string}"},"query-input":"required name=search_term_string"}],"inLanguage":"de-DE"}]}},"df_price":59.95,"df_sale_price":59.95,"df_regular_price":109,"df_image_link":"https:\/\/www.erresse-shop.it\/wp-content\/uploads\/2022\/03\/ROSENTHAL-Vaso-Waves-20-cm-Bianco-300x300.jpg","_links":{"self":[{"href":"https:\/\/www.erresse-shop.it\/de\/wp-json\/wp\/v2\/product\/142678"}],"collection":[{"href":"https:\/\/www.erresse-shop.it\/de\/wp-json\/wp\/v2\/product"}],"about":[{"href":"https:\/\/www.erresse-shop.it\/de\/wp-json\/wp\/v2\/types\/product"}],"wp:featuredmedia":[{"embeddable":true,"href":"https:\/\/www.erresse-shop.it\/de\/wp-json\/wp\/v2\/media\/142693"}],"wp:attachment":[{"href":"https:\/\/www.erresse-shop.it\/de\/wp-json\/wp\/v2\/media?parent=142678"}],"wp:term":[{"taxonomy":"product_cat","embeddable":true,"href":"https:\/\/www.erresse-shop.it\/de\/wp-json\/wp\/v2\/product_cat?post=142678"},{"taxonomy":"product_tag","embeddable":true,"href":"https:\/\/www.erresse-shop.it\/de\/wp-json\/wp\/v2\/product_tag?post=142678"}],"curies":[{"name":"wp","href":"https:\/\/api.w.org\/{rel}","templated":true}]}}