{"id":142666,"date":"2022-03-07T14:55:04","date_gmt":"2022-03-07T14:55:05","guid":{"rendered":"https:\/\/www.erresse-shop.it\/?post_type=product&#038;p=142666"},"modified":"2023-06-20T09:48:09","modified_gmt":"2023-06-20T09:48:09","slug":"rosenthal-triu-vase-22-cm-silber","status":"publish","type":"product","link":"https:\/\/www.erresse-shop.it\/de\/shop\/einrichtung-haus\/vasen\/rosenthal-triu-vase-22-cm-silber\/","title":{"rendered":"ROSENTHAL Triu Vase 22 cm Silber"},"content":{"rendered":"<p>Triu ist eine Kollektion eleganter Vasen aus dem Hause Rosenthal.<\/p>\n<p>Die Triu-Vasen bestehen aus drei schlanken U-f\u00f6rmigen Armen, die den Eindruck von ineinander verschlungenen Metallrohren vermitteln. Die Serie ist in Gold und Silber erh\u00e4ltlich. Das Material, aus dem sie hergestellt sind, ist Borosilikat, eine robuste und temperaturbest\u00e4ndige Glasart. Die Triu-Vasen sind entweder einzeln oder zusammengebunden perfekt. Eine ausgezeichnete Geschenkidee f\u00fcr einen modernen und anspruchsvollen Raum.<\/p>\n<p><strong>Material:<\/strong> Borosilikatglas<br \/>\n<strong>Sammlung:<\/strong> Triu<\/p>\n","protected":false},"excerpt":{"rendered":"<p>Triu ist eine Kollektion eleganter Vasen aus dem Hause Rosenthal. Die Triu-Vasen bestehen aus drei schlanken U-f\u00f6rmigen Armen, die den<\/p>\n","protected":false},"featured_media":142675,"template":"","meta":{"_acf_changed":false,"inline_featured_image":false},"product_cat":[6817,14421],"product_tag":[23911,23691,18584,11847],"acf":[],"yoast_head":"<!-- This site is optimized with the Yoast SEO Premium plugin v18.6 (Yoast SEO v19.13) - https:\/\/yoast.com\/wordpress\/plugins\/seo\/ -->\n<title>ROSENTHAL Triu Vase 22 cm Silber - Erresse Shop<\/title>\n<meta name=\"description\" content=\"Triu ist eine Kollektion eleganter Vasen aus dem Hause Rosenthal. Die Triu-Vasen bestehen aus drei schlanken U-f\u00f6rmigen Armen, die den Eindruck von\" \/>\n<meta name=\"robots\" content=\"index, follow, max-snippet:-1, max-image-preview:large, max-video-preview:-1\" \/>\n<link rel=\"canonical\" href=\"https:\/\/www.erresse-shop.it\/de\/shop\/einrichtung-haus\/vasen\/rosenthal-triu-vase-22-cm-silber\/\" \/>\n<meta property=\"og:locale\" content=\"de_DE\" \/>\n<meta property=\"og:type\" content=\"article\" \/>\n<meta property=\"og:title\" content=\"ROSENTHAL Triu Vase 22 cm Silber\" \/>\n<meta property=\"og:description\" content=\"Triu ist eine Kollektion eleganter Vasen aus dem Hause Rosenthal. Die Triu-Vasen bestehen aus drei schlanken U-f\u00f6rmigen Armen, die den Eindruck von\" \/>\n<meta property=\"og:url\" content=\"https:\/\/www.erresse-shop.it\/de\/shop\/einrichtung-haus\/vasen\/rosenthal-triu-vase-22-cm-silber\/\" \/>\n<meta property=\"og:site_name\" content=\"Erresse Shop\" \/>\n<meta property=\"article:modified_time\" content=\"2023-06-20T09:48:09+00:00\" \/>\n<meta property=\"og:image\" content=\"https:\/\/www.erresse-shop.it\/wp-content\/uploads\/2022\/03\/ROSENTHAL-Triu-Vaso-22-cm-Argento.jpg\" \/>\n\t<meta property=\"og:image:width\" content=\"1000\" \/>\n\t<meta property=\"og:image:height\" content=\"1000\" \/>\n\t<meta property=\"og:image:type\" content=\"image\/jpeg\" \/>\n<meta name=\"twitter:card\" content=\"summary_large_image\" \/>\n<script type=\"application\/ld+json\" class=\"yoast-schema-graph\">{\"@context\":\"https:\/\/schema.org\",\"@graph\":[{\"@type\":\"WebPage\",\"@id\":\"https:\/\/www.erresse-shop.it\/de\/shop\/einrichtung-haus\/vasen\/rosenthal-triu-vase-22-cm-silber\/\",\"url\":\"https:\/\/www.erresse-shop.it\/de\/shop\/einrichtung-haus\/vasen\/rosenthal-triu-vase-22-cm-silber\/\",\"name\":\"ROSENTHAL Triu Vase 22 cm Silber - Erresse Shop\",\"isPartOf\":{\"@id\":\"https:\/\/www.erresse-shop.it\/de\/#website\"},\"datePublished\":\"2022-03-07T14:55:05+00:00\",\"dateModified\":\"2023-06-20T09:48:09+00:00\",\"description\":\"Triu ist eine Kollektion eleganter Vasen aus dem Hause Rosenthal. Die Triu-Vasen bestehen aus drei schlanken U-f\u00f6rmigen Armen, die den Eindruck von\",\"breadcrumb\":{\"@id\":\"https:\/\/www.erresse-shop.it\/de\/shop\/einrichtung-haus\/vasen\/rosenthal-triu-vase-22-cm-silber\/#breadcrumb\"},\"inLanguage\":\"de-DE\",\"potentialAction\":[{\"@type\":\"ReadAction\",\"target\":[\"https:\/\/www.erresse-shop.it\/de\/shop\/einrichtung-haus\/vasen\/rosenthal-triu-vase-22-cm-silber\/\"]}]},{\"@type\":\"BreadcrumbList\",\"@id\":\"https:\/\/www.erresse-shop.it\/de\/shop\/einrichtung-haus\/vasen\/rosenthal-triu-vase-22-cm-silber\/#breadcrumb\",\"itemListElement\":[{\"@type\":\"ListItem\",\"position\":1,\"name\":\"Home\",\"item\":\"https:\/\/www.erresse-shop.it\/de\/\"},{\"@type\":\"ListItem\",\"position\":2,\"name\":\"Shop\",\"item\":\"https:\/\/www.erresse-shop.it\/de\/shop\/\"},{\"@type\":\"ListItem\",\"position\":3,\"name\":\"ROSENTHAL Triu Vase 22 cm Silber\"}]},{\"@type\":\"WebSite\",\"@id\":\"https:\/\/www.erresse-shop.it\/de\/#website\",\"url\":\"https:\/\/www.erresse-shop.it\/de\/\",\"name\":\"Erresse Shop\",\"description\":\"Articoli di qualit\u00e0 per la casa\",\"potentialAction\":[{\"@type\":\"SearchAction\",\"target\":{\"@type\":\"EntryPoint\",\"urlTemplate\":\"https:\/\/www.erresse-shop.it\/de\/?s={search_term_string}\"},\"query-input\":\"required name=search_term_string\"}],\"inLanguage\":\"de-DE\"}]}<\/script>\n<!-- \/ Yoast SEO Premium plugin. -->","yoast_head_json":{"title":"ROSENTHAL Triu Vase 22 cm Silber - Erresse Shop","description":"Triu ist eine Kollektion eleganter Vasen aus dem Hause Rosenthal. Die Triu-Vasen bestehen aus drei schlanken U-f\u00f6rmigen Armen, die den Eindruck von","robots":{"index":"index","follow":"follow","max-snippet":"max-snippet:-1","max-image-preview":"max-image-preview:large","max-video-preview":"max-video-preview:-1"},"canonical":"https:\/\/www.erresse-shop.it\/de\/shop\/einrichtung-haus\/vasen\/rosenthal-triu-vase-22-cm-silber\/","og_locale":"de_DE","og_type":"article","og_title":"ROSENTHAL Triu Vase 22 cm Silber","og_description":"Triu ist eine Kollektion eleganter Vasen aus dem Hause Rosenthal. Die Triu-Vasen bestehen aus drei schlanken U-f\u00f6rmigen Armen, die den Eindruck von","og_url":"https:\/\/www.erresse-shop.it\/de\/shop\/einrichtung-haus\/vasen\/rosenthal-triu-vase-22-cm-silber\/","og_site_name":"Erresse Shop","article_modified_time":"2023-06-20T09:48:09+00:00","og_image":[{"width":1000,"height":1000,"url":"https:\/\/www.erresse-shop.it\/wp-content\/uploads\/2022\/03\/ROSENTHAL-Triu-Vaso-22-cm-Argento.jpg","type":"image\/jpeg"}],"twitter_card":"summary_large_image","schema":{"@context":"https:\/\/schema.org","@graph":[{"@type":"WebPage","@id":"https:\/\/www.erresse-shop.it\/de\/shop\/einrichtung-haus\/vasen\/rosenthal-triu-vase-22-cm-silber\/","url":"https:\/\/www.erresse-shop.it\/de\/shop\/einrichtung-haus\/vasen\/rosenthal-triu-vase-22-cm-silber\/","name":"ROSENTHAL Triu Vase 22 cm Silber - Erresse Shop","isPartOf":{"@id":"https:\/\/www.erresse-shop.it\/de\/#website"},"datePublished":"2022-03-07T14:55:05+00:00","dateModified":"2023-06-20T09:48:09+00:00","description":"Triu ist eine Kollektion eleganter Vasen aus dem Hause Rosenthal. Die Triu-Vasen bestehen aus drei schlanken U-f\u00f6rmigen Armen, die den Eindruck von","breadcrumb":{"@id":"https:\/\/www.erresse-shop.it\/de\/shop\/einrichtung-haus\/vasen\/rosenthal-triu-vase-22-cm-silber\/#breadcrumb"},"inLanguage":"de-DE","potentialAction":[{"@type":"ReadAction","target":["https:\/\/www.erresse-shop.it\/de\/shop\/einrichtung-haus\/vasen\/rosenthal-triu-vase-22-cm-silber\/"]}]},{"@type":"BreadcrumbList","@id":"https:\/\/www.erresse-shop.it\/de\/shop\/einrichtung-haus\/vasen\/rosenthal-triu-vase-22-cm-silber\/#breadcrumb","itemListElement":[{"@type":"ListItem","position":1,"name":"Home","item":"https:\/\/www.erresse-shop.it\/de\/"},{"@type":"ListItem","position":2,"name":"Shop","item":"https:\/\/www.erresse-shop.it\/de\/shop\/"},{"@type":"ListItem","position":3,"name":"ROSENTHAL Triu Vase 22 cm Silber"}]},{"@type":"WebSite","@id":"https:\/\/www.erresse-shop.it\/de\/#website","url":"https:\/\/www.erresse-shop.it\/de\/","name":"Erresse Shop","description":"Articoli di qualit\u00e0 per la casa","potentialAction":[{"@type":"SearchAction","target":{"@type":"EntryPoint","urlTemplate":"https:\/\/www.erresse-shop.it\/de\/?s={search_term_string}"},"query-input":"required name=search_term_string"}],"inLanguage":"de-DE"}]}},"df_price":96.25000000000001,"df_sale_price":96.25000000000001,"df_regular_price":175,"df_image_link":"https:\/\/www.erresse-shop.it\/wp-content\/uploads\/2022\/03\/ROSENTHAL-Triu-Vaso-22-cm-Argento-300x300.jpg","_links":{"self":[{"href":"https:\/\/www.erresse-shop.it\/de\/wp-json\/wp\/v2\/product\/142666"}],"collection":[{"href":"https:\/\/www.erresse-shop.it\/de\/wp-json\/wp\/v2\/product"}],"about":[{"href":"https:\/\/www.erresse-shop.it\/de\/wp-json\/wp\/v2\/types\/product"}],"wp:featuredmedia":[{"embeddable":true,"href":"https:\/\/www.erresse-shop.it\/de\/wp-json\/wp\/v2\/media\/142675"}],"wp:attachment":[{"href":"https:\/\/www.erresse-shop.it\/de\/wp-json\/wp\/v2\/media?parent=142666"}],"wp:term":[{"taxonomy":"product_cat","embeddable":true,"href":"https:\/\/www.erresse-shop.it\/de\/wp-json\/wp\/v2\/product_cat?post=142666"},{"taxonomy":"product_tag","embeddable":true,"href":"https:\/\/www.erresse-shop.it\/de\/wp-json\/wp\/v2\/product_tag?post=142666"}],"curies":[{"name":"wp","href":"https:\/\/api.w.org\/{rel}","templated":true}]}}