{"id":142158,"date":"2017-01-16T12:30:16","date_gmt":"2017-01-16T12:30:16","guid":{"rendered":"https:\/\/www.erresse-shop.it\/shop\/unkategorisiert\/magimix-micro-kuchenmaschine-schwarz\/"},"modified":"2025-01-17T11:08:58","modified_gmt":"2025-01-17T11:08:58","slug":"magimix-micro-kuchenmaschine-schwarz","status":"publish","type":"product","link":"https:\/\/www.erresse-shop.it\/de\/shop\/kleine-elektrogeraete\/kuechenmaschinen\/magimix-micro-kuchenmaschine-schwarz\/","title":{"rendered":"MAGIMIX Micro K\u00fcchenmaschine Schwarz"},"content":{"rendered":"<p>MAGIMIX.<strong> <span style=\"text-decoration: underline;\">ITALIENISCHE GARANTIE<\/span><\/strong><\/p>\n<p>In Frankreich, im Herzen des Burgunds, einer Region, die f\u00fcr ihre Gastronomie ber\u00fchmt ist, erfand Magimix vor mehr als vierzig Jahren die K\u00fcchenmaschine.<br \/>\nHeute sind die Magimix-Ger\u00e4te die Haushaltsversion der f\u00fcr Profis entwickelten Ger\u00e4te. Die besten Restaurants der Welt verwenden die professionelle Version unserer Produkte.<br \/>\nIm Magimix-Sortiment finden Sie die gesamte Palette der kleinen K\u00fcchenger\u00e4te.<br \/>\nMagimix ist immer an der Spitze der Innovation in der K\u00fcche und freut sich, seine neueste Kollektion vorzustellen, mit der man kochen kann wie ein gro\u00dfer Koch.<\/p>\n<p><strong>MICRO.<\/strong> Eine hocheffektive Mini-K\u00fcchenmaschine. Ein Metallmesser zum Hacken, Mixen und als Emulgator f\u00fcr So\u00dfen.<\/p>\n<p>0,8-Liter-Schale<br \/>\nImpulstaste f\u00fcr optimale Kontrolle<br \/>\nRezeptbuch 30 Rezepte<br \/>\nSpatel 1<\/p>\n<p><strong>Kapazit\u00e4t<\/strong><br \/>\nGekochter Schinken 200 g<br \/>\nFleisch 350 g<br \/>\nK\u00e4se 200 g<br \/>\nWaln\u00fcsse, Haseln\u00fcsse 200 g<br \/>\nKekse 50 g<\/p>\n<p>Material 0% BPA<br \/>\nMotorleistung 290 W<br \/>\nGarantie 3 Jahre<br \/>\nAbmessungen H240 x B120 x D170 mm<br \/>\nGewicht 1,7 kg<br \/>\nHergestellt in Frankreich<\/p>\n<p>Achtung: Der Netzstecker ist ein europ\u00e4ischer Schuko-Stecker.<\/p>\n<p><span style=\"text-decoration: underline;\"><strong>Nicht zum Verkauf au\u00dferhalb Europas<\/strong><\/span><\/p>\n<div class=\"su-youtube su-u-responsive-media-yes\"><iframe loading=\"lazy\" width=\"600\" height=\"400\" src=\"https:\/\/www.youtube.com\/embed\/Uny8j2cYrrI?\" frameborder=\"0\" allowfullscreen allow=\"autoplay; encrypted-media; picture-in-picture\" title=\"\"><\/iframe><\/div>\n","protected":false},"excerpt":{"rendered":"<p>MAGIMIX. ITALIENISCHE GARANTIE In Frankreich, im Herzen des Burgunds, einer Region, die f\u00fcr ihre Gastronomie ber\u00fchmt ist, erfand Magimix vor<\/p>\n","protected":false},"featured_media":19806,"template":"","meta":{"_acf_changed":false,"inline_featured_image":false},"product_cat":[6703,6721],"product_tag":[11415,21062,12315,18544,13008],"acf":[],"yoast_head":"<!-- This site is optimized with the Yoast SEO Premium plugin v18.6 (Yoast SEO v19.13) - https:\/\/yoast.com\/wordpress\/plugins\/seo\/ -->\n<title>MAGIMIX Micro K\u00fcchenmaschine Schwarz<\/title>\n<meta name=\"description\" content=\"Entdecken Sie MAGIMIX Micro K\u00fcchenmaschine Schwarz bei ErresseShop. Qualit\u00e4t, Stil und Funktionalit\u00e4t \u2013 jetzt online bestellen!\" \/>\n<meta name=\"robots\" content=\"index, follow, max-snippet:-1, max-image-preview:large, max-video-preview:-1\" \/>\n<link rel=\"canonical\" href=\"https:\/\/www.erresse-shop.it\/de\/shop\/kleine-elektrogeraete\/kuechenmaschinen\/magimix-micro-kuchenmaschine-schwarz\/\" \/>\n<meta property=\"og:locale\" content=\"de_DE\" \/>\n<meta property=\"og:type\" content=\"article\" \/>\n<meta property=\"og:title\" content=\"MAGIMIX Micro K\u00fcchenmaschine Schwarz\" \/>\n<meta property=\"og:description\" content=\"Entdecken Sie MAGIMIX Micro K\u00fcchenmaschine Schwarz bei ErresseShop. Qualit\u00e4t, Stil und Funktionalit\u00e4t \u2013 jetzt online bestellen!\" \/>\n<meta property=\"og:url\" content=\"https:\/\/www.erresse-shop.it\/de\/shop\/kleine-elektrogeraete\/kuechenmaschinen\/magimix-micro-kuchenmaschine-schwarz\/\" \/>\n<meta property=\"og:site_name\" content=\"Erresse Shop\" \/>\n<meta property=\"article:modified_time\" content=\"2025-01-17T11:08:58+00:00\" \/>\n<meta property=\"og:image\" content=\"https:\/\/www.erresse-shop.it\/wp-content\/uploads\/2017\/01\/products-magimix-micro-nero-2.jpg\" \/>\n\t<meta property=\"og:image:width\" content=\"570\" \/>\n\t<meta property=\"og:image:height\" content=\"555\" \/>\n\t<meta property=\"og:image:type\" content=\"image\/jpeg\" \/>\n<meta name=\"twitter:card\" content=\"summary_large_image\" \/>\n<script type=\"application\/ld+json\" class=\"yoast-schema-graph\">{\"@context\":\"https:\/\/schema.org\",\"@graph\":[{\"@type\":\"WebPage\",\"@id\":\"https:\/\/www.erresse-shop.it\/de\/shop\/kleine-elektrogeraete\/kuechenmaschinen\/magimix-micro-kuchenmaschine-schwarz\/\",\"url\":\"https:\/\/www.erresse-shop.it\/de\/shop\/kleine-elektrogeraete\/kuechenmaschinen\/magimix-micro-kuchenmaschine-schwarz\/\",\"name\":\"MAGIMIX Micro K\u00fcchenmaschine Schwarz\",\"isPartOf\":{\"@id\":\"https:\/\/www.erresse-shop.it\/de\/#website\"},\"datePublished\":\"2017-01-16T12:30:16+00:00\",\"dateModified\":\"2025-01-17T11:08:58+00:00\",\"description\":\"Entdecken Sie MAGIMIX Micro K\u00fcchenmaschine Schwarz bei ErresseShop. Qualit\u00e4t, Stil und Funktionalit\u00e4t \u2013 jetzt online bestellen!\",\"breadcrumb\":{\"@id\":\"https:\/\/www.erresse-shop.it\/de\/shop\/kleine-elektrogeraete\/kuechenmaschinen\/magimix-micro-kuchenmaschine-schwarz\/#breadcrumb\"},\"inLanguage\":\"de-DE\",\"potentialAction\":[{\"@type\":\"ReadAction\",\"target\":[\"https:\/\/www.erresse-shop.it\/de\/shop\/kleine-elektrogeraete\/kuechenmaschinen\/magimix-micro-kuchenmaschine-schwarz\/\"]}]},{\"@type\":\"BreadcrumbList\",\"@id\":\"https:\/\/www.erresse-shop.it\/de\/shop\/kleine-elektrogeraete\/kuechenmaschinen\/magimix-micro-kuchenmaschine-schwarz\/#breadcrumb\",\"itemListElement\":[{\"@type\":\"ListItem\",\"position\":1,\"name\":\"Home\",\"item\":\"https:\/\/www.erresse-shop.it\/de\/\"},{\"@type\":\"ListItem\",\"position\":2,\"name\":\"Shop\",\"item\":\"https:\/\/www.erresse-shop.it\/de\/shop\/\"},{\"@type\":\"ListItem\",\"position\":3,\"name\":\"MAGIMIX Micro K\u00fcchenmaschine Schwarz\"}]},{\"@type\":\"WebSite\",\"@id\":\"https:\/\/www.erresse-shop.it\/de\/#website\",\"url\":\"https:\/\/www.erresse-shop.it\/de\/\",\"name\":\"Erresse Shop\",\"description\":\"Articoli di qualit\u00e0 per la casa\",\"potentialAction\":[{\"@type\":\"SearchAction\",\"target\":{\"@type\":\"EntryPoint\",\"urlTemplate\":\"https:\/\/www.erresse-shop.it\/de\/?s={search_term_string}\"},\"query-input\":\"required name=search_term_string\"}],\"inLanguage\":\"de-DE\"}]}<\/script>\n<!-- \/ Yoast SEO Premium plugin. -->","yoast_head_json":{"title":"MAGIMIX Micro K\u00fcchenmaschine Schwarz","description":"Entdecken Sie MAGIMIX Micro K\u00fcchenmaschine Schwarz bei ErresseShop. Qualit\u00e4t, Stil und Funktionalit\u00e4t \u2013 jetzt online bestellen!","robots":{"index":"index","follow":"follow","max-snippet":"max-snippet:-1","max-image-preview":"max-image-preview:large","max-video-preview":"max-video-preview:-1"},"canonical":"https:\/\/www.erresse-shop.it\/de\/shop\/kleine-elektrogeraete\/kuechenmaschinen\/magimix-micro-kuchenmaschine-schwarz\/","og_locale":"de_DE","og_type":"article","og_title":"MAGIMIX Micro K\u00fcchenmaschine Schwarz","og_description":"Entdecken Sie MAGIMIX Micro K\u00fcchenmaschine Schwarz bei ErresseShop. Qualit\u00e4t, Stil und Funktionalit\u00e4t \u2013 jetzt online bestellen!","og_url":"https:\/\/www.erresse-shop.it\/de\/shop\/kleine-elektrogeraete\/kuechenmaschinen\/magimix-micro-kuchenmaschine-schwarz\/","og_site_name":"Erresse Shop","article_modified_time":"2025-01-17T11:08:58+00:00","og_image":[{"width":"570","height":"555","url":"https:\/\/www.erresse-shop.it\/wp-content\/uploads\/2017\/01\/products-magimix-micro-nero-2.jpg","type":"image\/jpeg"}],"twitter_card":"summary_large_image","schema":{"@context":"https:\/\/schema.org","@graph":[{"@type":"WebPage","@id":"https:\/\/www.erresse-shop.it\/de\/shop\/kleine-elektrogeraete\/kuechenmaschinen\/magimix-micro-kuchenmaschine-schwarz\/","url":"https:\/\/www.erresse-shop.it\/de\/shop\/kleine-elektrogeraete\/kuechenmaschinen\/magimix-micro-kuchenmaschine-schwarz\/","name":"MAGIMIX Micro K\u00fcchenmaschine Schwarz","isPartOf":{"@id":"https:\/\/www.erresse-shop.it\/de\/#website"},"datePublished":"2017-01-16T12:30:16+00:00","dateModified":"2025-01-17T11:08:58+00:00","description":"Entdecken Sie MAGIMIX Micro K\u00fcchenmaschine Schwarz bei ErresseShop. Qualit\u00e4t, Stil und Funktionalit\u00e4t \u2013 jetzt online bestellen!","breadcrumb":{"@id":"https:\/\/www.erresse-shop.it\/de\/shop\/kleine-elektrogeraete\/kuechenmaschinen\/magimix-micro-kuchenmaschine-schwarz\/#breadcrumb"},"inLanguage":"de-DE","potentialAction":[{"@type":"ReadAction","target":["https:\/\/www.erresse-shop.it\/de\/shop\/kleine-elektrogeraete\/kuechenmaschinen\/magimix-micro-kuchenmaschine-schwarz\/"]}]},{"@type":"BreadcrumbList","@id":"https:\/\/www.erresse-shop.it\/de\/shop\/kleine-elektrogeraete\/kuechenmaschinen\/magimix-micro-kuchenmaschine-schwarz\/#breadcrumb","itemListElement":[{"@type":"ListItem","position":1,"name":"Home","item":"https:\/\/www.erresse-shop.it\/de\/"},{"@type":"ListItem","position":2,"name":"Shop","item":"https:\/\/www.erresse-shop.it\/de\/shop\/"},{"@type":"ListItem","position":3,"name":"MAGIMIX Micro K\u00fcchenmaschine Schwarz"}]},{"@type":"WebSite","@id":"https:\/\/www.erresse-shop.it\/de\/#website","url":"https:\/\/www.erresse-shop.it\/de\/","name":"Erresse Shop","description":"Articoli di qualit\u00e0 per la casa","potentialAction":[{"@type":"SearchAction","target":{"@type":"EntryPoint","urlTemplate":"https:\/\/www.erresse-shop.it\/de\/?s={search_term_string}"},"query-input":"required name=search_term_string"}],"inLanguage":"de-DE"}]}},"df_price":65,"df_sale_price":65,"df_regular_price":100,"df_image_link":"https:\/\/www.erresse-shop.it\/wp-content\/uploads\/2017\/01\/products-magimix-micro-nero-2.jpg","_links":{"self":[{"href":"https:\/\/www.erresse-shop.it\/de\/wp-json\/wp\/v2\/product\/142158"}],"collection":[{"href":"https:\/\/www.erresse-shop.it\/de\/wp-json\/wp\/v2\/product"}],"about":[{"href":"https:\/\/www.erresse-shop.it\/de\/wp-json\/wp\/v2\/types\/product"}],"wp:featuredmedia":[{"embeddable":true,"href":"https:\/\/www.erresse-shop.it\/de\/wp-json\/wp\/v2\/media\/19806"}],"wp:attachment":[{"href":"https:\/\/www.erresse-shop.it\/de\/wp-json\/wp\/v2\/media?parent=142158"}],"wp:term":[{"taxonomy":"product_cat","embeddable":true,"href":"https:\/\/www.erresse-shop.it\/de\/wp-json\/wp\/v2\/product_cat?post=142158"},{"taxonomy":"product_tag","embeddable":true,"href":"https:\/\/www.erresse-shop.it\/de\/wp-json\/wp\/v2\/product_tag?post=142158"}],"curies":[{"name":"wp","href":"https:\/\/api.w.org\/{rel}","templated":true}]}}