{"id":142116,"date":"2022-03-04T11:28:06","date_gmt":"2022-03-04T11:28:07","guid":{"rendered":"https:\/\/www.erresse-shop.it\/?post_type=product&#038;p=142116"},"modified":"2025-01-16T11:03:17","modified_gmt":"2025-01-16T11:03:17","slug":"carlo-moretti-karaffe-vase-aus-muranokristall-grun-rot","status":"publish","type":"product","link":"https:\/\/www.erresse-shop.it\/de\/shop\/tisch\/weinbar-korkenzieher-dekanter-eiskubel\/dekanter\/carlo-moretti-karaffe-vase-aus-muranokristall-grun-rot\/","title":{"rendered":"CARLO MORETTI Karaffe\/Vase aus Muranokristall Gr\u00fcn-Rot"},"content":{"rendered":"<p>Dank seiner harmonischen und konisch zulaufenden Linie kann er sowohl als Dekanter als auch als Vase verwendet werden.<br \/>\nDiese mundgeblasene und freih\u00e4ndig gefertigte Karaffe ist mit hei\u00df aufgetragenen Spiralen, Strohhalmen, Farbflecken und B\u00e4ndern versehen.<\/p>\n<p>Murano-Glas und -Kristall: rein italienische Werte, die in den wertvollen Kollektionen von Carlo Moretti, einem Unternehmen mit Sitz auf den kleinen Inseln von Murano, ihren h\u00f6chsten Ausdruck finden. Das Prestige dieser Firma aus Murano ist auf die gro\u00dfe Meisterschaft in der Verwendung von Glas und Kristall zur\u00fcckzuf\u00fchren, wobei letzteres durch den Zusatz von Blei in der Mischung eine gr\u00f6\u00dfere Widerstandsf\u00e4higkeit aufweist.<\/p>\n<p><strong>Vollst\u00e4ndig von Hand gearbeitete und bemalte Murano-Karaffe. Jedes St\u00fcck ist daher einzigartig und unverwechselbar.\u00a0<\/strong><\/p>\n","protected":false},"excerpt":{"rendered":"<p>Dank seiner harmonischen und konisch zulaufenden Linie kann er sowohl als Dekanter als auch als Vase verwendet werden. Diese mundgeblasene<\/p>\n","protected":false},"featured_media":142062,"template":"","meta":{"_acf_changed":false,"inline_featured_image":false},"product_cat":[6817,6787,6850,18540,14421],"product_tag":[25038,23911,24398,14411,14410,24681,11718,14591,25022,23683],"acf":[],"yoast_head":"<!-- This site is optimized with the Yoast SEO Premium plugin v18.6 (Yoast SEO v19.13) - https:\/\/yoast.com\/wordpress\/plugins\/seo\/ -->\n<title>CARLO MORETTI Karaffe\/Vase aus Muranokristall Gr\u00fcn-Rot<\/title>\n<meta name=\"description\" content=\"Entdecken Sie CARLO MORETTI Karaffe\/Vase aus Muranokristall Gr\u00fcn-Rot bei ErresseShop. Qualit\u00e4t, Stil und Funktionalit\u00e4t \u2013 jetzt online bestellen!\" \/>\n<meta name=\"robots\" content=\"index, follow, max-snippet:-1, max-image-preview:large, max-video-preview:-1\" \/>\n<link rel=\"canonical\" href=\"https:\/\/www.erresse-shop.it\/de\/shop\/tisch\/weinbar-korkenzieher-dekanter-eiskubel\/dekanter\/carlo-moretti-karaffe-vase-aus-muranokristall-grun-rot\/\" \/>\n<meta property=\"og:locale\" content=\"de_DE\" \/>\n<meta property=\"og:type\" content=\"article\" \/>\n<meta property=\"og:title\" content=\"CARLO MORETTI Karaffe\/Vase aus Muranokristall Gr\u00fcn-Rot\" \/>\n<meta property=\"og:description\" content=\"Entdecken Sie CARLO MORETTI Karaffe\/Vase aus Muranokristall Gr\u00fcn-Rot bei ErresseShop. Qualit\u00e4t, Stil und Funktionalit\u00e4t \u2013 jetzt online bestellen!\" \/>\n<meta property=\"og:url\" content=\"https:\/\/www.erresse-shop.it\/de\/shop\/tisch\/weinbar-korkenzieher-dekanter-eiskubel\/dekanter\/carlo-moretti-karaffe-vase-aus-muranokristall-grun-rot\/\" \/>\n<meta property=\"og:site_name\" content=\"Erresse Shop\" \/>\n<meta property=\"article:modified_time\" content=\"2025-01-16T11:03:17+00:00\" \/>\n<meta property=\"og:image\" content=\"https:\/\/www.erresse-shop.it\/wp-content\/uploads\/2022\/03\/CARLO-MORETTI-Decanter-14.dec_.a-2014.jpg\" \/>\n\t<meta property=\"og:image:width\" content=\"1000\" \/>\n\t<meta property=\"og:image:height\" content=\"1000\" \/>\n\t<meta property=\"og:image:type\" content=\"image\/jpeg\" \/>\n<meta name=\"twitter:card\" content=\"summary_large_image\" \/>\n<script type=\"application\/ld+json\" class=\"yoast-schema-graph\">{\"@context\":\"https:\/\/schema.org\",\"@graph\":[{\"@type\":\"WebPage\",\"@id\":\"https:\/\/www.erresse-shop.it\/de\/shop\/tisch\/weinbar-korkenzieher-dekanter-eiskubel\/dekanter\/carlo-moretti-karaffe-vase-aus-muranokristall-grun-rot\/\",\"url\":\"https:\/\/www.erresse-shop.it\/de\/shop\/tisch\/weinbar-korkenzieher-dekanter-eiskubel\/dekanter\/carlo-moretti-karaffe-vase-aus-muranokristall-grun-rot\/\",\"name\":\"CARLO MORETTI Karaffe\/Vase aus Muranokristall Gr\u00fcn-Rot\",\"isPartOf\":{\"@id\":\"https:\/\/www.erresse-shop.it\/de\/#website\"},\"datePublished\":\"2022-03-04T11:28:07+00:00\",\"dateModified\":\"2025-01-16T11:03:17+00:00\",\"description\":\"Entdecken Sie CARLO MORETTI Karaffe\/Vase aus Muranokristall Gr\u00fcn-Rot bei ErresseShop. Qualit\u00e4t, Stil und Funktionalit\u00e4t \u2013 jetzt online bestellen!\",\"breadcrumb\":{\"@id\":\"https:\/\/www.erresse-shop.it\/de\/shop\/tisch\/weinbar-korkenzieher-dekanter-eiskubel\/dekanter\/carlo-moretti-karaffe-vase-aus-muranokristall-grun-rot\/#breadcrumb\"},\"inLanguage\":\"de-DE\",\"potentialAction\":[{\"@type\":\"ReadAction\",\"target\":[\"https:\/\/www.erresse-shop.it\/de\/shop\/tisch\/weinbar-korkenzieher-dekanter-eiskubel\/dekanter\/carlo-moretti-karaffe-vase-aus-muranokristall-grun-rot\/\"]}]},{\"@type\":\"BreadcrumbList\",\"@id\":\"https:\/\/www.erresse-shop.it\/de\/shop\/tisch\/weinbar-korkenzieher-dekanter-eiskubel\/dekanter\/carlo-moretti-karaffe-vase-aus-muranokristall-grun-rot\/#breadcrumb\",\"itemListElement\":[{\"@type\":\"ListItem\",\"position\":1,\"name\":\"Home\",\"item\":\"https:\/\/www.erresse-shop.it\/de\/\"},{\"@type\":\"ListItem\",\"position\":2,\"name\":\"Shop\",\"item\":\"https:\/\/www.erresse-shop.it\/de\/shop\/\"},{\"@type\":\"ListItem\",\"position\":3,\"name\":\"CARLO MORETTI Karaffe\/Vase aus Muranokristall Gr\u00fcn-Rot\"}]},{\"@type\":\"WebSite\",\"@id\":\"https:\/\/www.erresse-shop.it\/de\/#website\",\"url\":\"https:\/\/www.erresse-shop.it\/de\/\",\"name\":\"Erresse Shop\",\"description\":\"Articoli di qualit\u00e0 per la casa\",\"potentialAction\":[{\"@type\":\"SearchAction\",\"target\":{\"@type\":\"EntryPoint\",\"urlTemplate\":\"https:\/\/www.erresse-shop.it\/de\/?s={search_term_string}\"},\"query-input\":\"required name=search_term_string\"}],\"inLanguage\":\"de-DE\"}]}<\/script>\n<!-- \/ Yoast SEO Premium plugin. -->","yoast_head_json":{"title":"CARLO MORETTI Karaffe\/Vase aus Muranokristall Gr\u00fcn-Rot","description":"Entdecken Sie CARLO MORETTI Karaffe\/Vase aus Muranokristall Gr\u00fcn-Rot bei ErresseShop. Qualit\u00e4t, Stil und Funktionalit\u00e4t \u2013 jetzt online bestellen!","robots":{"index":"index","follow":"follow","max-snippet":"max-snippet:-1","max-image-preview":"max-image-preview:large","max-video-preview":"max-video-preview:-1"},"canonical":"https:\/\/www.erresse-shop.it\/de\/shop\/tisch\/weinbar-korkenzieher-dekanter-eiskubel\/dekanter\/carlo-moretti-karaffe-vase-aus-muranokristall-grun-rot\/","og_locale":"de_DE","og_type":"article","og_title":"CARLO MORETTI Karaffe\/Vase aus Muranokristall Gr\u00fcn-Rot","og_description":"Entdecken Sie CARLO MORETTI Karaffe\/Vase aus Muranokristall Gr\u00fcn-Rot bei ErresseShop. Qualit\u00e4t, Stil und Funktionalit\u00e4t \u2013 jetzt online bestellen!","og_url":"https:\/\/www.erresse-shop.it\/de\/shop\/tisch\/weinbar-korkenzieher-dekanter-eiskubel\/dekanter\/carlo-moretti-karaffe-vase-aus-muranokristall-grun-rot\/","og_site_name":"Erresse Shop","article_modified_time":"2025-01-16T11:03:17+00:00","og_image":[{"width":1000,"height":1000,"url":"https:\/\/www.erresse-shop.it\/wp-content\/uploads\/2022\/03\/CARLO-MORETTI-Decanter-14.dec_.a-2014.jpg","type":"image\/jpeg"}],"twitter_card":"summary_large_image","schema":{"@context":"https:\/\/schema.org","@graph":[{"@type":"WebPage","@id":"https:\/\/www.erresse-shop.it\/de\/shop\/tisch\/weinbar-korkenzieher-dekanter-eiskubel\/dekanter\/carlo-moretti-karaffe-vase-aus-muranokristall-grun-rot\/","url":"https:\/\/www.erresse-shop.it\/de\/shop\/tisch\/weinbar-korkenzieher-dekanter-eiskubel\/dekanter\/carlo-moretti-karaffe-vase-aus-muranokristall-grun-rot\/","name":"CARLO MORETTI Karaffe\/Vase aus Muranokristall Gr\u00fcn-Rot","isPartOf":{"@id":"https:\/\/www.erresse-shop.it\/de\/#website"},"datePublished":"2022-03-04T11:28:07+00:00","dateModified":"2025-01-16T11:03:17+00:00","description":"Entdecken Sie CARLO MORETTI Karaffe\/Vase aus Muranokristall Gr\u00fcn-Rot bei ErresseShop. Qualit\u00e4t, Stil und Funktionalit\u00e4t \u2013 jetzt online bestellen!","breadcrumb":{"@id":"https:\/\/www.erresse-shop.it\/de\/shop\/tisch\/weinbar-korkenzieher-dekanter-eiskubel\/dekanter\/carlo-moretti-karaffe-vase-aus-muranokristall-grun-rot\/#breadcrumb"},"inLanguage":"de-DE","potentialAction":[{"@type":"ReadAction","target":["https:\/\/www.erresse-shop.it\/de\/shop\/tisch\/weinbar-korkenzieher-dekanter-eiskubel\/dekanter\/carlo-moretti-karaffe-vase-aus-muranokristall-grun-rot\/"]}]},{"@type":"BreadcrumbList","@id":"https:\/\/www.erresse-shop.it\/de\/shop\/tisch\/weinbar-korkenzieher-dekanter-eiskubel\/dekanter\/carlo-moretti-karaffe-vase-aus-muranokristall-grun-rot\/#breadcrumb","itemListElement":[{"@type":"ListItem","position":1,"name":"Home","item":"https:\/\/www.erresse-shop.it\/de\/"},{"@type":"ListItem","position":2,"name":"Shop","item":"https:\/\/www.erresse-shop.it\/de\/shop\/"},{"@type":"ListItem","position":3,"name":"CARLO MORETTI Karaffe\/Vase aus Muranokristall Gr\u00fcn-Rot"}]},{"@type":"WebSite","@id":"https:\/\/www.erresse-shop.it\/de\/#website","url":"https:\/\/www.erresse-shop.it\/de\/","name":"Erresse Shop","description":"Articoli di qualit\u00e0 per la casa","potentialAction":[{"@type":"SearchAction","target":{"@type":"EntryPoint","urlTemplate":"https:\/\/www.erresse-shop.it\/de\/?s={search_term_string}"},"query-input":"required name=search_term_string"}],"inLanguage":"de-DE"}]}},"df_price":164.45000000000002,"df_sale_price":164.45000000000002,"df_regular_price":299,"df_image_link":"https:\/\/www.erresse-shop.it\/wp-content\/uploads\/2022\/03\/CARLO-MORETTI-Decanter-14.dec_.a-2014-300x300.jpg","_links":{"self":[{"href":"https:\/\/www.erresse-shop.it\/de\/wp-json\/wp\/v2\/product\/142116"}],"collection":[{"href":"https:\/\/www.erresse-shop.it\/de\/wp-json\/wp\/v2\/product"}],"about":[{"href":"https:\/\/www.erresse-shop.it\/de\/wp-json\/wp\/v2\/types\/product"}],"wp:featuredmedia":[{"embeddable":true,"href":"https:\/\/www.erresse-shop.it\/de\/wp-json\/wp\/v2\/media\/142062"}],"wp:attachment":[{"href":"https:\/\/www.erresse-shop.it\/de\/wp-json\/wp\/v2\/media?parent=142116"}],"wp:term":[{"taxonomy":"product_cat","embeddable":true,"href":"https:\/\/www.erresse-shop.it\/de\/wp-json\/wp\/v2\/product_cat?post=142116"},{"taxonomy":"product_tag","embeddable":true,"href":"https:\/\/www.erresse-shop.it\/de\/wp-json\/wp\/v2\/product_tag?post=142116"}],"curies":[{"name":"wp","href":"https:\/\/api.w.org\/{rel}","templated":true}]}}