{"id":141798,"date":"2022-03-02T08:55:12","date_gmt":"2022-03-02T08:55:13","guid":{"rendered":"https:\/\/www.erresse-shop.it\/?post_type=product&#038;p=141798"},"modified":"2025-01-17T17:58:23","modified_gmt":"2025-01-17T17:58:23","slug":"versace-home-vaso-26-cm-die-schatze-des-meeres","status":"publish","type":"product","link":"https:\/\/www.erresse-shop.it\/de\/shop\/einrichtung-haus\/vasen\/versace-home-vaso-26-cm-die-schatze-des-meeres\/","title":{"rendered":"VERSACE HOME Vaso 26 cm Die Sch\u00e4tze des Meeres"},"content":{"rendered":"<p><strong>H\u00f6he:<\/strong> 26 cm<\/p>\n<p>Die gro\u00dfe Porzellanvase <strong>Les Tr\u00e9sors de la Mer<\/strong> belebt mit ihrem barocken Stil die wichtigsten R\u00e4ume. Der Schimmer der goldenen Details, die Pracht der Farben und die Subtilit\u00e4t des Designs machen es zu einem raffinierten und auff\u00e4lligen M\u00f6belst\u00fcck.<br \/>\nIn der Kollektion Les Tr\u00e9sors de la Mer verbinden k\u00fchne Farbkombinationen die Blaut\u00f6ne des Meeres mit dem leuchtenden Rot der Korallen inmitten von vergoldeten Zierfriesen. Mit seiner raffinierten und opulenten Dekoration, die den Zauber vergangener Epochen wieder aufleben l\u00e4sst, verk\u00f6rpert Les Tr\u00e9sors de la Mer perfekt den Stil und den Erfolg der Partnerschaft zwischen Rosenthal und Gianni Versace, die 1993 begann.<\/p>\n<p>Als Inspirationsquelle f\u00fcr den brillanten kalabrischen Designer ist das Meer der unbestrittene Protagonist dieser Porzellane mit ihren lebendigen und phantasievollen Pers\u00f6nlichkeiten: Weichtiere, Muscheln, Perlen, Seesterne und Korallen in einer vielgestaltigen Vielfalt finden ihren Platz zwischen goldenen Statuen und Zierfriesen, die die phantastische Welt von Neptun, dem Gott des Meeres, lebendig werden lassen. Les Tr\u00e9sors de la Mer ist eine Dekoration f\u00fcr alle, die einen luxuri\u00f6sen und etwas ungew\u00f6hnlichen Stil lieben, aber auch f\u00fcr diejenigen, die an den Wert von Gegenst\u00e4nden glauben, die eine Geschichte erz\u00e4hlen, wie diese.<\/p>\n","protected":false},"excerpt":{"rendered":"<p>H\u00f6he: 26 cm Die gro\u00dfe Porzellanvase Les Tr\u00e9sors de la Mer belebt mit ihrem barocken Stil die wichtigsten R\u00e4ume. Der<\/p>\n","protected":false},"featured_media":141807,"template":"","meta":{"_acf_changed":false,"inline_featured_image":false},"product_cat":[6817,14421],"product_tag":[23691,18530,24681,17840,11847,17841],"acf":[],"yoast_head":"<!-- This site is optimized with the Yoast SEO Premium plugin v18.6 (Yoast SEO v19.13) - https:\/\/yoast.com\/wordpress\/plugins\/seo\/ -->\n<title>VERSACE HOME Vaso 26 cm Die Sch\u00e4tze des Meeres<\/title>\n<meta name=\"description\" content=\"Entdecken Sie VERSACE HOME Vaso 26 cm Die Sch\u00e4tze des Meeres bei ErresseShop. Qualit\u00e4t, Stil und Funktionalit\u00e4t \u2013 jetzt online bestellen!\" \/>\n<meta name=\"robots\" content=\"index, follow, max-snippet:-1, max-image-preview:large, max-video-preview:-1\" \/>\n<link rel=\"canonical\" href=\"https:\/\/www.erresse-shop.it\/de\/shop\/einrichtung-haus\/vasen\/versace-home-vaso-26-cm-die-schatze-des-meeres\/\" \/>\n<meta property=\"og:locale\" content=\"de_DE\" \/>\n<meta property=\"og:type\" content=\"article\" \/>\n<meta property=\"og:title\" content=\"VERSACE HOME Vaso 26 cm Die Sch\u00e4tze des Meeres\" \/>\n<meta property=\"og:description\" content=\"Entdecken Sie VERSACE HOME Vaso 26 cm Die Sch\u00e4tze des Meeres bei ErresseShop. Qualit\u00e4t, Stil und Funktionalit\u00e4t \u2013 jetzt online bestellen!\" \/>\n<meta property=\"og:url\" content=\"https:\/\/www.erresse-shop.it\/de\/shop\/einrichtung-haus\/vasen\/versace-home-vaso-26-cm-die-schatze-des-meeres\/\" \/>\n<meta property=\"og:site_name\" content=\"Erresse Shop\" \/>\n<meta property=\"article:modified_time\" content=\"2025-01-17T17:58:23+00:00\" \/>\n<meta property=\"og:image\" content=\"https:\/\/www.erresse-shop.it\/wp-content\/uploads\/2022\/03\/VERSACE-HOME-Vaso-Les-Tresors-de-la-Mer-26-cm.jpg\" \/>\n\t<meta property=\"og:image:width\" content=\"1000\" \/>\n\t<meta property=\"og:image:height\" content=\"1000\" \/>\n\t<meta property=\"og:image:type\" content=\"image\/jpeg\" \/>\n<meta name=\"twitter:card\" content=\"summary_large_image\" \/>\n<script type=\"application\/ld+json\" class=\"yoast-schema-graph\">{\"@context\":\"https:\/\/schema.org\",\"@graph\":[{\"@type\":\"WebPage\",\"@id\":\"https:\/\/www.erresse-shop.it\/de\/shop\/einrichtung-haus\/vasen\/versace-home-vaso-26-cm-die-schatze-des-meeres\/\",\"url\":\"https:\/\/www.erresse-shop.it\/de\/shop\/einrichtung-haus\/vasen\/versace-home-vaso-26-cm-die-schatze-des-meeres\/\",\"name\":\"VERSACE HOME Vaso 26 cm Die Sch\u00e4tze des Meeres\",\"isPartOf\":{\"@id\":\"https:\/\/www.erresse-shop.it\/de\/#website\"},\"datePublished\":\"2022-03-02T08:55:13+00:00\",\"dateModified\":\"2025-01-17T17:58:23+00:00\",\"description\":\"Entdecken Sie VERSACE HOME Vaso 26 cm Die Sch\u00e4tze des Meeres bei ErresseShop. Qualit\u00e4t, Stil und Funktionalit\u00e4t \u2013 jetzt online bestellen!\",\"breadcrumb\":{\"@id\":\"https:\/\/www.erresse-shop.it\/de\/shop\/einrichtung-haus\/vasen\/versace-home-vaso-26-cm-die-schatze-des-meeres\/#breadcrumb\"},\"inLanguage\":\"de-DE\",\"potentialAction\":[{\"@type\":\"ReadAction\",\"target\":[\"https:\/\/www.erresse-shop.it\/de\/shop\/einrichtung-haus\/vasen\/versace-home-vaso-26-cm-die-schatze-des-meeres\/\"]}]},{\"@type\":\"BreadcrumbList\",\"@id\":\"https:\/\/www.erresse-shop.it\/de\/shop\/einrichtung-haus\/vasen\/versace-home-vaso-26-cm-die-schatze-des-meeres\/#breadcrumb\",\"itemListElement\":[{\"@type\":\"ListItem\",\"position\":1,\"name\":\"Home\",\"item\":\"https:\/\/www.erresse-shop.it\/de\/\"},{\"@type\":\"ListItem\",\"position\":2,\"name\":\"Shop\",\"item\":\"https:\/\/www.erresse-shop.it\/de\/shop\/\"},{\"@type\":\"ListItem\",\"position\":3,\"name\":\"VERSACE HOME Vaso 26 cm Die Sch\u00e4tze des Meeres\"}]},{\"@type\":\"WebSite\",\"@id\":\"https:\/\/www.erresse-shop.it\/de\/#website\",\"url\":\"https:\/\/www.erresse-shop.it\/de\/\",\"name\":\"Erresse Shop\",\"description\":\"Articoli di qualit\u00e0 per la casa\",\"potentialAction\":[{\"@type\":\"SearchAction\",\"target\":{\"@type\":\"EntryPoint\",\"urlTemplate\":\"https:\/\/www.erresse-shop.it\/de\/?s={search_term_string}\"},\"query-input\":\"required name=search_term_string\"}],\"inLanguage\":\"de-DE\"}]}<\/script>\n<!-- \/ Yoast SEO Premium plugin. -->","yoast_head_json":{"title":"VERSACE HOME Vaso 26 cm Die Sch\u00e4tze des Meeres","description":"Entdecken Sie VERSACE HOME Vaso 26 cm Die Sch\u00e4tze des Meeres bei ErresseShop. Qualit\u00e4t, Stil und Funktionalit\u00e4t \u2013 jetzt online bestellen!","robots":{"index":"index","follow":"follow","max-snippet":"max-snippet:-1","max-image-preview":"max-image-preview:large","max-video-preview":"max-video-preview:-1"},"canonical":"https:\/\/www.erresse-shop.it\/de\/shop\/einrichtung-haus\/vasen\/versace-home-vaso-26-cm-die-schatze-des-meeres\/","og_locale":"de_DE","og_type":"article","og_title":"VERSACE HOME Vaso 26 cm Die Sch\u00e4tze des Meeres","og_description":"Entdecken Sie VERSACE HOME Vaso 26 cm Die Sch\u00e4tze des Meeres bei ErresseShop. Qualit\u00e4t, Stil und Funktionalit\u00e4t \u2013 jetzt online bestellen!","og_url":"https:\/\/www.erresse-shop.it\/de\/shop\/einrichtung-haus\/vasen\/versace-home-vaso-26-cm-die-schatze-des-meeres\/","og_site_name":"Erresse Shop","article_modified_time":"2025-01-17T17:58:23+00:00","og_image":[{"width":1000,"height":1000,"url":"https:\/\/www.erresse-shop.it\/wp-content\/uploads\/2022\/03\/VERSACE-HOME-Vaso-Les-Tresors-de-la-Mer-26-cm.jpg","type":"image\/jpeg"}],"twitter_card":"summary_large_image","schema":{"@context":"https:\/\/schema.org","@graph":[{"@type":"WebPage","@id":"https:\/\/www.erresse-shop.it\/de\/shop\/einrichtung-haus\/vasen\/versace-home-vaso-26-cm-die-schatze-des-meeres\/","url":"https:\/\/www.erresse-shop.it\/de\/shop\/einrichtung-haus\/vasen\/versace-home-vaso-26-cm-die-schatze-des-meeres\/","name":"VERSACE HOME Vaso 26 cm Die Sch\u00e4tze des Meeres","isPartOf":{"@id":"https:\/\/www.erresse-shop.it\/de\/#website"},"datePublished":"2022-03-02T08:55:13+00:00","dateModified":"2025-01-17T17:58:23+00:00","description":"Entdecken Sie VERSACE HOME Vaso 26 cm Die Sch\u00e4tze des Meeres bei ErresseShop. Qualit\u00e4t, Stil und Funktionalit\u00e4t \u2013 jetzt online bestellen!","breadcrumb":{"@id":"https:\/\/www.erresse-shop.it\/de\/shop\/einrichtung-haus\/vasen\/versace-home-vaso-26-cm-die-schatze-des-meeres\/#breadcrumb"},"inLanguage":"de-DE","potentialAction":[{"@type":"ReadAction","target":["https:\/\/www.erresse-shop.it\/de\/shop\/einrichtung-haus\/vasen\/versace-home-vaso-26-cm-die-schatze-des-meeres\/"]}]},{"@type":"BreadcrumbList","@id":"https:\/\/www.erresse-shop.it\/de\/shop\/einrichtung-haus\/vasen\/versace-home-vaso-26-cm-die-schatze-des-meeres\/#breadcrumb","itemListElement":[{"@type":"ListItem","position":1,"name":"Home","item":"https:\/\/www.erresse-shop.it\/de\/"},{"@type":"ListItem","position":2,"name":"Shop","item":"https:\/\/www.erresse-shop.it\/de\/shop\/"},{"@type":"ListItem","position":3,"name":"VERSACE HOME Vaso 26 cm Die Sch\u00e4tze des Meeres"}]},{"@type":"WebSite","@id":"https:\/\/www.erresse-shop.it\/de\/#website","url":"https:\/\/www.erresse-shop.it\/de\/","name":"Erresse Shop","description":"Articoli di qualit\u00e0 per la casa","potentialAction":[{"@type":"SearchAction","target":{"@type":"EntryPoint","urlTemplate":"https:\/\/www.erresse-shop.it\/de\/?s={search_term_string}"},"query-input":"required name=search_term_string"}],"inLanguage":"de-DE"}]}},"df_price":222.5,"df_sale_price":222.5,"df_regular_price":445,"df_image_link":"https:\/\/www.erresse-shop.it\/wp-content\/uploads\/2022\/03\/VERSACE-HOME-Vaso-Les-Tresors-de-la-Mer-26-cm-300x300.jpg","_links":{"self":[{"href":"https:\/\/www.erresse-shop.it\/de\/wp-json\/wp\/v2\/product\/141798"}],"collection":[{"href":"https:\/\/www.erresse-shop.it\/de\/wp-json\/wp\/v2\/product"}],"about":[{"href":"https:\/\/www.erresse-shop.it\/de\/wp-json\/wp\/v2\/types\/product"}],"wp:featuredmedia":[{"embeddable":true,"href":"https:\/\/www.erresse-shop.it\/de\/wp-json\/wp\/v2\/media\/141807"}],"wp:attachment":[{"href":"https:\/\/www.erresse-shop.it\/de\/wp-json\/wp\/v2\/media?parent=141798"}],"wp:term":[{"taxonomy":"product_cat","embeddable":true,"href":"https:\/\/www.erresse-shop.it\/de\/wp-json\/wp\/v2\/product_cat?post=141798"},{"taxonomy":"product_tag","embeddable":true,"href":"https:\/\/www.erresse-shop.it\/de\/wp-json\/wp\/v2\/product_tag?post=141798"}],"curies":[{"name":"wp","href":"https:\/\/api.w.org\/{rel}","templated":true}]}}