{"id":14150,"date":"2014-07-12T17:50:16","date_gmt":"2014-07-12T17:50:16","guid":{"rendered":"https:\/\/www.erresse-shop.it\/?post_type=product&#038;p=14150"},"modified":"2025-01-23T07:56:54","modified_gmt":"2025-01-23T07:56:54","slug":"miyabi-gyutoh-messer-6000mct-200mm","status":"publish","type":"product","link":"https:\/\/www.erresse-shop.it\/de\/shop\/kuche\/messer\/miyabi-gyutoh-messer-6000mct-200mm\/","title":{"rendered":"MIYABI Gyutoh Messer 6000MCT 200mm"},"content":{"rendered":"<div>\n\tDie Herstellung von hochwertigen Messern hat in Japan eine lange Tradition.&nbsp;<\/div>\n<div>\n\t&nbsp;<\/div>\n<div>\n\tJapanische Messer sind das Synonym f\u00fcr Sch\u00e4rfe, Pr\u00e4zision und die Eleganz des kunstvollen Schnitts.&nbsp;<\/div>\n<div>\n\tDie Marke MIYABI von ZWILLING setzt diese Werte immer wieder in charaktervolle Messer f\u00fcr die anspruchsvolle K\u00fcche um.<\/div>\n<div>\n\tDie Messer der Serie MIYABI 6000MCT \u00fcberzeugen durch ihre fern\u00f6stliche Eleganz. Klinge und Griff bilden eine harmonische Einheit mit besonderer Eigenst\u00e4ndigkeit.&nbsp;<\/div>\n<div>\n\tDer ultraharte Kern der Klinge ist bei diesen Messern von zwei weiteren Stahllagen umgeben. Das spezielle H\u00e4rteverfahren und der in Handarbeit ausgef\u00fchrte original japanische Schliff, der sogenannte Honbazuke Abzug, verleihen diesen Klingen eine enorme Sch\u00e4rfe.&nbsp;<\/div>\n<div>\n\tSie werden in der Pro-duktion einer Hammerschlagbehandlung (Tsuchime) unterzogen. Dies ergibt eine optisch sehr reizvolle Oberfl\u00e4che.<\/div>\n<div>\n\tDer ballige Griff aus langlebigem und pflegeleichtem Palisander-Pakkaholz liegt angenehm und sicher in der Hand.&nbsp;<\/div>\n<div>\n\tDie hochwertige Ausstrahlung des Natur-materials wird durch einen Mosaik-Pin in der Griff-mitte und die dekorative Endkappe aus Stahl zus\u00e4tz-lich unterstrichen.&nbsp;<\/div>\n<div>\n\tDie Harmonie von \u00c4sthetik und Funktionalit\u00e4t wird in dieser Messerserie perfekt umgesetzt.<\/div>\n<div>\n\t&nbsp;<\/div>\n<div>\n<div>\n\t\tGYUTOH = K\u00fcchenchef Messer&nbsp;<\/div>\n<div>\n\t\tSymmetrische Klinge&nbsp;<\/div>\n<div>\n\t\tKlingenl\u00e4nge: 160mm, 200 mm und 240 mm<\/div>\n<div>\n\t\tUm das Fleisch und Gem\u00fcse in gro\u00dfen Gr\u00f6\u00dfe geschnitten.<\/div>\n<\/div>\n","protected":false},"excerpt":{"rendered":"<p>Die Herstellung von hochwertigen Messern hat in Japan eine lange Tradition.&nbsp; &nbsp; Japanische Messer sind das Synonym f\u00fcr Sch\u00e4rfe, Pr\u00e4zision<\/p>\n","protected":false},"featured_media":14151,"template":"","meta":{"_acf_changed":false,"inline_featured_image":false},"product_cat":[6742,6706,14454],"product_tag":[11395,11529,11405,22495,11421],"acf":[],"yoast_head":"<!-- This site is optimized with the Yoast SEO Premium plugin v18.6 (Yoast SEO v19.13) - https:\/\/yoast.com\/wordpress\/plugins\/seo\/ -->\n<title>SELETTI Toiletpaper Vaso Quadrato Shit Pois 30 cm - Erresse Shop<\/title>\n<meta name=\"description\" content=\"Scopri la nostra selezione di vasi come SELETTI Toiletpaper Vaso Quadrato Shit Pois 30 cm. Vasi da design imperdibili per arredare il tuo ambiente con eleganza e stile! Consegna rapida in tutta Italia!\" \/>\n<meta name=\"robots\" content=\"index, follow, max-snippet:-1, max-image-preview:large, max-video-preview:-1\" \/>\n<link rel=\"canonical\" href=\"https:\/\/www.erresse-shop.it\/de\/shop\/kuche\/messer\/miyabi-gyutoh-messer-6000mct-200mm\/\" \/>\n<meta property=\"og:locale\" content=\"de_DE\" \/>\n<meta property=\"og:type\" content=\"article\" \/>\n<meta property=\"og:title\" content=\"MIYABI Gyutoh Messer 6000MCT 200mm\" \/>\n<meta property=\"og:description\" content=\"Scopri la nostra selezione di vasi come SELETTI Toiletpaper Vaso Quadrato Shit Pois 30 cm. Vasi da design imperdibili per arredare il tuo ambiente con eleganza e stile! Consegna rapida in tutta Italia!\" \/>\n<meta property=\"og:url\" content=\"https:\/\/www.erresse-shop.it\/de\/shop\/kuche\/messer\/miyabi-gyutoh-messer-6000mct-200mm\/\" \/>\n<meta property=\"og:site_name\" content=\"Erresse Shop\" \/>\n<meta property=\"article:modified_time\" content=\"2025-01-23T07:56:54+00:00\" \/>\n<meta property=\"og:image\" content=\"https:\/\/www.erresse-shop.it\/wp-content\/uploads\/2015\/01\/products-miyabi-6000mct-gyutoh-200mm-2.jpg\" \/>\n\t<meta property=\"og:image:width\" content=\"800\" \/>\n\t<meta property=\"og:image:height\" content=\"600\" \/>\n\t<meta property=\"og:image:type\" content=\"image\/jpeg\" \/>\n<meta name=\"twitter:card\" content=\"summary_large_image\" \/>\n<script type=\"application\/ld+json\" class=\"yoast-schema-graph\">{\"@context\":\"https:\/\/schema.org\",\"@graph\":[{\"@type\":\"WebPage\",\"@id\":\"https:\/\/www.erresse-shop.it\/de\/shop\/kuche\/messer\/miyabi-gyutoh-messer-6000mct-200mm\/\",\"url\":\"https:\/\/www.erresse-shop.it\/de\/shop\/kuche\/messer\/miyabi-gyutoh-messer-6000mct-200mm\/\",\"name\":\"SELETTI Toiletpaper Vaso Quadrato Shit Pois 30 cm - Erresse Shop\",\"isPartOf\":{\"@id\":\"https:\/\/www.erresse-shop.it\/de\/#website\"},\"datePublished\":\"2014-07-12T17:50:16+00:00\",\"dateModified\":\"2025-01-23T07:56:54+00:00\",\"description\":\"Scopri la nostra selezione di vasi come SELETTI Toiletpaper Vaso Quadrato Shit Pois 30 cm. Vasi da design imperdibili per arredare il tuo ambiente con eleganza e stile! Consegna rapida in tutta Italia!\",\"breadcrumb\":{\"@id\":\"https:\/\/www.erresse-shop.it\/de\/shop\/kuche\/messer\/miyabi-gyutoh-messer-6000mct-200mm\/#breadcrumb\"},\"inLanguage\":\"de-DE\",\"potentialAction\":[{\"@type\":\"ReadAction\",\"target\":[\"https:\/\/www.erresse-shop.it\/de\/shop\/kuche\/messer\/miyabi-gyutoh-messer-6000mct-200mm\/\"]}]},{\"@type\":\"BreadcrumbList\",\"@id\":\"https:\/\/www.erresse-shop.it\/de\/shop\/kuche\/messer\/miyabi-gyutoh-messer-6000mct-200mm\/#breadcrumb\",\"itemListElement\":[{\"@type\":\"ListItem\",\"position\":1,\"name\":\"Home\",\"item\":\"https:\/\/www.erresse-shop.it\/de\/\"},{\"@type\":\"ListItem\",\"position\":2,\"name\":\"Shop\",\"item\":\"https:\/\/www.erresse-shop.it\/de\/shop\/\"},{\"@type\":\"ListItem\",\"position\":3,\"name\":\"MIYABI Gyutoh Messer 6000MCT 200mm\"}]},{\"@type\":\"WebSite\",\"@id\":\"https:\/\/www.erresse-shop.it\/de\/#website\",\"url\":\"https:\/\/www.erresse-shop.it\/de\/\",\"name\":\"Erresse Shop\",\"description\":\"Articoli di qualit\u00e0 per la casa\",\"potentialAction\":[{\"@type\":\"SearchAction\",\"target\":{\"@type\":\"EntryPoint\",\"urlTemplate\":\"https:\/\/www.erresse-shop.it\/de\/?s={search_term_string}\"},\"query-input\":\"required name=search_term_string\"}],\"inLanguage\":\"de-DE\"}]}<\/script>\n<!-- \/ Yoast SEO Premium plugin. -->","yoast_head_json":{"title":"SELETTI Toiletpaper Vaso Quadrato Shit Pois 30 cm - Erresse Shop","description":"Scopri la nostra selezione di vasi come SELETTI Toiletpaper Vaso Quadrato Shit Pois 30 cm. Vasi da design imperdibili per arredare il tuo ambiente con eleganza e stile! Consegna rapida in tutta Italia!","robots":{"index":"index","follow":"follow","max-snippet":"max-snippet:-1","max-image-preview":"max-image-preview:large","max-video-preview":"max-video-preview:-1"},"canonical":"https:\/\/www.erresse-shop.it\/de\/shop\/kuche\/messer\/miyabi-gyutoh-messer-6000mct-200mm\/","og_locale":"de_DE","og_type":"article","og_title":"MIYABI Gyutoh Messer 6000MCT 200mm","og_description":"Scopri la nostra selezione di vasi come SELETTI Toiletpaper Vaso Quadrato Shit Pois 30 cm. Vasi da design imperdibili per arredare il tuo ambiente con eleganza e stile! Consegna rapida in tutta Italia!","og_url":"https:\/\/www.erresse-shop.it\/de\/shop\/kuche\/messer\/miyabi-gyutoh-messer-6000mct-200mm\/","og_site_name":"Erresse Shop","article_modified_time":"2025-01-23T07:56:54+00:00","og_image":[{"width":"800","height":"600","url":"https:\/\/www.erresse-shop.it\/wp-content\/uploads\/2015\/01\/products-miyabi-6000mct-gyutoh-200mm-2.jpg","type":"image\/jpeg"}],"twitter_card":"summary_large_image","schema":{"@context":"https:\/\/schema.org","@graph":[{"@type":"WebPage","@id":"https:\/\/www.erresse-shop.it\/de\/shop\/kuche\/messer\/miyabi-gyutoh-messer-6000mct-200mm\/","url":"https:\/\/www.erresse-shop.it\/de\/shop\/kuche\/messer\/miyabi-gyutoh-messer-6000mct-200mm\/","name":"SELETTI Toiletpaper Vaso Quadrato Shit Pois 30 cm - Erresse Shop","isPartOf":{"@id":"https:\/\/www.erresse-shop.it\/de\/#website"},"datePublished":"2014-07-12T17:50:16+00:00","dateModified":"2025-01-23T07:56:54+00:00","description":"Scopri la nostra selezione di vasi come SELETTI Toiletpaper Vaso Quadrato Shit Pois 30 cm. Vasi da design imperdibili per arredare il tuo ambiente con eleganza e stile! Consegna rapida in tutta Italia!","breadcrumb":{"@id":"https:\/\/www.erresse-shop.it\/de\/shop\/kuche\/messer\/miyabi-gyutoh-messer-6000mct-200mm\/#breadcrumb"},"inLanguage":"de-DE","potentialAction":[{"@type":"ReadAction","target":["https:\/\/www.erresse-shop.it\/de\/shop\/kuche\/messer\/miyabi-gyutoh-messer-6000mct-200mm\/"]}]},{"@type":"BreadcrumbList","@id":"https:\/\/www.erresse-shop.it\/de\/shop\/kuche\/messer\/miyabi-gyutoh-messer-6000mct-200mm\/#breadcrumb","itemListElement":[{"@type":"ListItem","position":1,"name":"Home","item":"https:\/\/www.erresse-shop.it\/de\/"},{"@type":"ListItem","position":2,"name":"Shop","item":"https:\/\/www.erresse-shop.it\/de\/shop\/"},{"@type":"ListItem","position":3,"name":"MIYABI Gyutoh Messer 6000MCT 200mm"}]},{"@type":"WebSite","@id":"https:\/\/www.erresse-shop.it\/de\/#website","url":"https:\/\/www.erresse-shop.it\/de\/","name":"Erresse Shop","description":"Articoli di qualit\u00e0 per la casa","potentialAction":[{"@type":"SearchAction","target":{"@type":"EntryPoint","urlTemplate":"https:\/\/www.erresse-shop.it\/de\/?s={search_term_string}"},"query-input":"required name=search_term_string"}],"inLanguage":"de-DE"}]}},"df_price":153.45000000000002,"df_sale_price":153.45000000000002,"df_regular_price":279,"df_image_link":"https:\/\/www.erresse-shop.it\/wp-content\/uploads\/2015\/01\/products-miyabi-6000mct-gyutoh-200mm-2.jpg","_links":{"self":[{"href":"https:\/\/www.erresse-shop.it\/de\/wp-json\/wp\/v2\/product\/14150"}],"collection":[{"href":"https:\/\/www.erresse-shop.it\/de\/wp-json\/wp\/v2\/product"}],"about":[{"href":"https:\/\/www.erresse-shop.it\/de\/wp-json\/wp\/v2\/types\/product"}],"wp:featuredmedia":[{"embeddable":true,"href":"https:\/\/www.erresse-shop.it\/de\/wp-json\/wp\/v2\/media\/14151"}],"wp:attachment":[{"href":"https:\/\/www.erresse-shop.it\/de\/wp-json\/wp\/v2\/media?parent=14150"}],"wp:term":[{"taxonomy":"product_cat","embeddable":true,"href":"https:\/\/www.erresse-shop.it\/de\/wp-json\/wp\/v2\/product_cat?post=14150"},{"taxonomy":"product_tag","embeddable":true,"href":"https:\/\/www.erresse-shop.it\/de\/wp-json\/wp\/v2\/product_tag?post=14150"}],"curies":[{"name":"wp","href":"https:\/\/api.w.org\/{rel}","templated":true}]}}