{"id":141061,"date":"2022-02-22T11:18:30","date_gmt":"2022-02-22T11:18:31","guid":{"rendered":"https:\/\/www.erresse-shop.it\/?post_type=product&#038;p=141061"},"modified":"2025-03-17T03:50:34","modified_gmt":"2025-03-17T03:50:34","slug":"berkel-steak-messer-elegance-11-cm-schwarz","status":"publish","type":"product","link":"https:\/\/www.erresse-shop.it\/de\/shop\/kuche\/messer\/berkel-steak-messer-elegance-11-cm-schwarz\/","title":{"rendered":"BERKEL Steak-Messer Elegance 11 cm Schwarz"},"content":{"rendered":"<p><strong>DAS TAFELMESSER F\u00dcR FLEISCHGERICHTE<\/strong><br \/>\nKurzes und handliches Messer. Dank seiner Spitze und Sch\u00e4rfe l\u00e4sst sich gekochtes Fleisch pr\u00e4zise schneiden, ohne dass es zu Br\u00fcchen kommt. Es ist korrosionsbest\u00e4ndig und reibt nicht an der Keramik der Platte, Eigenschaften, die f\u00fcr den t\u00e4glichen Gebrauch notwendig sind.<\/p>\n<ul>\n<li>Klinge aus hochwertigem Chrom-Molybd\u00e4n-Vanadium-Stahl 1.4116-X50 Cr Mo V15<\/li>\n<li>Galvanisierte Klinge aus 3 mm dickem Blech<\/li>\n<li>Der Griff ist aus Acetylharz geformt, was dem Griff ein gl\u00e4nzendes Aussehen verleiht<\/li>\n<li>Stahlzwinge, um eine maximale Haftung zwischen Klinge und Griff und eine perfekte Balance des Messers w\u00e4hrend des Gebrauchs zu gew\u00e4hrleisten<\/li>\n<li>Berkel-Logo auf der Klinge eingraviert<\/li>\n<li>Goldenes Logo auf dem Griff mit erkennbarem Berkel-Design<\/li>\n<\/ul>\n<p><strong>MERKMALE<\/strong><br \/>\n<strong>Gewicht:<\/strong> 43 gr<br \/>\n<strong>Klingengr\u00f6\u00dfe:<\/strong> 11 cm<br \/>\n<strong>Gesamtl\u00e4nge:<\/strong> 22 cm<br \/>\n<strong>Klingenmaterial:<\/strong> Geschmiedet aus rostfreiem Stahl 1.4116-X50 Cr Mo V15; H\u00e4rte nach T.T: 59 HRC; Catra-Zertifikat: Sehr gut<br \/>\n<strong>Griff:<\/strong> Acetalharz<br \/>\n<strong>Verwendung und Pflege:<\/strong> Wir empfehlen dringend, das Produkt von Hand in warmem Wasser zu waschen, um seine Integrit\u00e4t und Haltbarkeit zu gew\u00e4hrleisten. In jedem Fall empfehlen wir, das Messer nach jedem Waschen zu trocknen. Verwenden Sie keine scheuernden Stoffe oder Schw\u00e4mme.<\/p>\n","protected":false},"excerpt":{"rendered":"<p>DAS TAFELMESSER F\u00dcR FLEISCHGERICHTE Kurzes und handliches Messer. Dank seiner Spitze und Sch\u00e4rfe l\u00e4sst sich gekochtes Fleisch pr\u00e4zise schneiden, ohne<\/p>\n","protected":false},"featured_media":163253,"template":"","meta":{"_acf_changed":false,"inline_featured_image":false},"product_cat":[6742,6706,6766],"product_tag":[11529,17290,24604,11718,17319],"acf":[],"yoast_head":"<!-- This site is optimized with the Yoast SEO Premium plugin v18.6 (Yoast SEO v19.13) - https:\/\/yoast.com\/wordpress\/plugins\/seo\/ -->\n<title>BERKEL Steak-Messer Elegance 11 cm Schwarz<\/title>\n<meta name=\"description\" content=\"Entdecken Sie BERKEL Steak-Messer Elegance 11 cm Schwarz bei ErresseShop. Qualit\u00e4t, Stil und Funktionalit\u00e4t \u2013 jetzt online bestellen!\" \/>\n<meta name=\"robots\" content=\"index, follow, max-snippet:-1, max-image-preview:large, max-video-preview:-1\" \/>\n<link rel=\"canonical\" href=\"https:\/\/www.erresse-shop.it\/de\/shop\/kuche\/messer\/berkel-steak-messer-elegance-11-cm-schwarz\/\" \/>\n<meta property=\"og:locale\" content=\"de_DE\" \/>\n<meta property=\"og:type\" content=\"article\" \/>\n<meta property=\"og:title\" content=\"BERKEL Steak-Messer Elegance 11 cm Schwarz\" \/>\n<meta property=\"og:description\" content=\"Entdecken Sie BERKEL Steak-Messer Elegance 11 cm Schwarz bei ErresseShop. Qualit\u00e4t, Stil und Funktionalit\u00e4t \u2013 jetzt online bestellen!\" \/>\n<meta property=\"og:url\" content=\"https:\/\/www.erresse-shop.it\/de\/shop\/kuche\/messer\/berkel-steak-messer-elegance-11-cm-schwarz\/\" \/>\n<meta property=\"og:site_name\" content=\"Erresse Shop\" \/>\n<meta property=\"article:modified_time\" content=\"2025-03-17T03:50:34+00:00\" \/>\n<meta property=\"og:image\" content=\"https:\/\/www.erresse-shop.it\/wp-content\/uploads\/2022\/03\/BERKEL-Coltello-Bistecca-11-cm-Nero.jpg\" \/>\n\t<meta property=\"og:image:width\" content=\"800\" \/>\n\t<meta property=\"og:image:height\" content=\"800\" \/>\n\t<meta property=\"og:image:type\" content=\"image\/jpeg\" \/>\n<meta name=\"twitter:card\" content=\"summary_large_image\" \/>\n<script type=\"application\/ld+json\" class=\"yoast-schema-graph\">{\"@context\":\"https:\/\/schema.org\",\"@graph\":[{\"@type\":\"WebPage\",\"@id\":\"https:\/\/www.erresse-shop.it\/de\/shop\/kuche\/messer\/berkel-steak-messer-elegance-11-cm-schwarz\/\",\"url\":\"https:\/\/www.erresse-shop.it\/de\/shop\/kuche\/messer\/berkel-steak-messer-elegance-11-cm-schwarz\/\",\"name\":\"BERKEL Steak-Messer Elegance 11 cm Schwarz\",\"isPartOf\":{\"@id\":\"https:\/\/www.erresse-shop.it\/de\/#website\"},\"datePublished\":\"2022-02-22T11:18:31+00:00\",\"dateModified\":\"2025-03-17T03:50:34+00:00\",\"description\":\"Entdecken Sie BERKEL Steak-Messer Elegance 11 cm Schwarz bei ErresseShop. Qualit\u00e4t, Stil und Funktionalit\u00e4t \u2013 jetzt online bestellen!\",\"breadcrumb\":{\"@id\":\"https:\/\/www.erresse-shop.it\/de\/shop\/kuche\/messer\/berkel-steak-messer-elegance-11-cm-schwarz\/#breadcrumb\"},\"inLanguage\":\"de-DE\",\"potentialAction\":[{\"@type\":\"ReadAction\",\"target\":[\"https:\/\/www.erresse-shop.it\/de\/shop\/kuche\/messer\/berkel-steak-messer-elegance-11-cm-schwarz\/\"]}]},{\"@type\":\"BreadcrumbList\",\"@id\":\"https:\/\/www.erresse-shop.it\/de\/shop\/kuche\/messer\/berkel-steak-messer-elegance-11-cm-schwarz\/#breadcrumb\",\"itemListElement\":[{\"@type\":\"ListItem\",\"position\":1,\"name\":\"Home\",\"item\":\"https:\/\/www.erresse-shop.it\/de\/\"},{\"@type\":\"ListItem\",\"position\":2,\"name\":\"Shop\",\"item\":\"https:\/\/www.erresse-shop.it\/de\/shop\/\"},{\"@type\":\"ListItem\",\"position\":3,\"name\":\"BERKEL Steak-Messer Elegance 11 cm Schwarz\"}]},{\"@type\":\"WebSite\",\"@id\":\"https:\/\/www.erresse-shop.it\/de\/#website\",\"url\":\"https:\/\/www.erresse-shop.it\/de\/\",\"name\":\"Erresse Shop\",\"description\":\"Articoli di qualit\u00e0 per la casa\",\"potentialAction\":[{\"@type\":\"SearchAction\",\"target\":{\"@type\":\"EntryPoint\",\"urlTemplate\":\"https:\/\/www.erresse-shop.it\/de\/?s={search_term_string}\"},\"query-input\":\"required name=search_term_string\"}],\"inLanguage\":\"de-DE\"}]}<\/script>\n<!-- \/ Yoast SEO Premium plugin. -->","yoast_head_json":{"title":"BERKEL Steak-Messer Elegance 11 cm Schwarz","description":"Entdecken Sie BERKEL Steak-Messer Elegance 11 cm Schwarz bei ErresseShop. Qualit\u00e4t, Stil und Funktionalit\u00e4t \u2013 jetzt online bestellen!","robots":{"index":"index","follow":"follow","max-snippet":"max-snippet:-1","max-image-preview":"max-image-preview:large","max-video-preview":"max-video-preview:-1"},"canonical":"https:\/\/www.erresse-shop.it\/de\/shop\/kuche\/messer\/berkel-steak-messer-elegance-11-cm-schwarz\/","og_locale":"de_DE","og_type":"article","og_title":"BERKEL Steak-Messer Elegance 11 cm Schwarz","og_description":"Entdecken Sie BERKEL Steak-Messer Elegance 11 cm Schwarz bei ErresseShop. Qualit\u00e4t, Stil und Funktionalit\u00e4t \u2013 jetzt online bestellen!","og_url":"https:\/\/www.erresse-shop.it\/de\/shop\/kuche\/messer\/berkel-steak-messer-elegance-11-cm-schwarz\/","og_site_name":"Erresse Shop","article_modified_time":"2025-03-17T03:50:34+00:00","og_image":[{"width":800,"height":800,"url":"https:\/\/www.erresse-shop.it\/wp-content\/uploads\/2022\/03\/BERKEL-Coltello-Bistecca-11-cm-Nero.jpg","type":"image\/jpeg"}],"twitter_card":"summary_large_image","schema":{"@context":"https:\/\/schema.org","@graph":[{"@type":"WebPage","@id":"https:\/\/www.erresse-shop.it\/de\/shop\/kuche\/messer\/berkel-steak-messer-elegance-11-cm-schwarz\/","url":"https:\/\/www.erresse-shop.it\/de\/shop\/kuche\/messer\/berkel-steak-messer-elegance-11-cm-schwarz\/","name":"BERKEL Steak-Messer Elegance 11 cm Schwarz","isPartOf":{"@id":"https:\/\/www.erresse-shop.it\/de\/#website"},"datePublished":"2022-02-22T11:18:31+00:00","dateModified":"2025-03-17T03:50:34+00:00","description":"Entdecken Sie BERKEL Steak-Messer Elegance 11 cm Schwarz bei ErresseShop. Qualit\u00e4t, Stil und Funktionalit\u00e4t \u2013 jetzt online bestellen!","breadcrumb":{"@id":"https:\/\/www.erresse-shop.it\/de\/shop\/kuche\/messer\/berkel-steak-messer-elegance-11-cm-schwarz\/#breadcrumb"},"inLanguage":"de-DE","potentialAction":[{"@type":"ReadAction","target":["https:\/\/www.erresse-shop.it\/de\/shop\/kuche\/messer\/berkel-steak-messer-elegance-11-cm-schwarz\/"]}]},{"@type":"BreadcrumbList","@id":"https:\/\/www.erresse-shop.it\/de\/shop\/kuche\/messer\/berkel-steak-messer-elegance-11-cm-schwarz\/#breadcrumb","itemListElement":[{"@type":"ListItem","position":1,"name":"Home","item":"https:\/\/www.erresse-shop.it\/de\/"},{"@type":"ListItem","position":2,"name":"Shop","item":"https:\/\/www.erresse-shop.it\/de\/shop\/"},{"@type":"ListItem","position":3,"name":"BERKEL Steak-Messer Elegance 11 cm Schwarz"}]},{"@type":"WebSite","@id":"https:\/\/www.erresse-shop.it\/de\/#website","url":"https:\/\/www.erresse-shop.it\/de\/","name":"Erresse Shop","description":"Articoli di qualit\u00e0 per la casa","potentialAction":[{"@type":"SearchAction","target":{"@type":"EntryPoint","urlTemplate":"https:\/\/www.erresse-shop.it\/de\/?s={search_term_string}"},"query-input":"required name=search_term_string"}],"inLanguage":"de-DE"}]}},"df_price":49,"df_sale_price":49,"df_regular_price":54,"df_image_link":"https:\/\/www.erresse-shop.it\/wp-content\/uploads\/2022\/03\/BERKEL-Coltello-Bistecca-11-cm-Nero-300x300.jpg","_links":{"self":[{"href":"https:\/\/www.erresse-shop.it\/de\/wp-json\/wp\/v2\/product\/141061"}],"collection":[{"href":"https:\/\/www.erresse-shop.it\/de\/wp-json\/wp\/v2\/product"}],"about":[{"href":"https:\/\/www.erresse-shop.it\/de\/wp-json\/wp\/v2\/types\/product"}],"wp:featuredmedia":[{"embeddable":true,"href":"https:\/\/www.erresse-shop.it\/de\/wp-json\/wp\/v2\/media\/163253"}],"wp:attachment":[{"href":"https:\/\/www.erresse-shop.it\/de\/wp-json\/wp\/v2\/media?parent=141061"}],"wp:term":[{"taxonomy":"product_cat","embeddable":true,"href":"https:\/\/www.erresse-shop.it\/de\/wp-json\/wp\/v2\/product_cat?post=141061"},{"taxonomy":"product_tag","embeddable":true,"href":"https:\/\/www.erresse-shop.it\/de\/wp-json\/wp\/v2\/product_tag?post=141061"}],"curies":[{"name":"wp","href":"https:\/\/api.w.org\/{rel}","templated":true}]}}