{"id":140918,"date":"2022-02-22T07:29:41","date_gmt":"2022-02-22T07:30:28","guid":{"rendered":"https:\/\/www.erresse-shop.it\/?post_type=product&#038;p=140918"},"modified":"2025-01-17T17:58:19","modified_gmt":"2025-01-17T17:58:19","slug":"versace-home-teller-barocco-mosaic-17-cm","status":"publish","type":"product","link":"https:\/\/www.erresse-shop.it\/de\/shop\/tisch\/teller-geschirr\/versace-home-teller-barocco-mosaic-17-cm\/","title":{"rendered":"VERSACE HOME Teller Barocco Mosaic 17 cm"},"content":{"rendered":"<p>G\u00f6nnen Sie sich ein kostbares Objekt f\u00fcr Ihr Zuhause, mit raffinierter und zeitloser Eleganz.<\/p>\n<p>Dieser Teller geh\u00f6rt zur Kollektion Versace Rosenthal, die 1992 aus der Zusammenarbeit zwischen der Kreativit\u00e4t des Hauses Versace und der Exzellenz der Marke Rosenthal entstand, die f\u00fcr ihr Design und ihre hochwertigen Produkte f\u00fcr den Haushalt bekannt ist. Es handelt sich um ein dekoratives Objekt, das sich ideal zur Dekoration eines jeden Raumes eignet und das klassische V-Motiv sowie die typischen Versace-Symbole zeigt.<\/p>\n<p><strong>Material:<\/strong> Porzellan<br \/>\n<strong>Abmessungen:<\/strong> 17 cm<br \/>\n<strong>Dekor: <\/strong>Barocco Mosaic<\/p>\n","protected":false},"excerpt":{"rendered":"<p>G\u00f6nnen Sie sich ein kostbares Objekt f\u00fcr Ihr Zuhause, mit raffinierter und zeitloser Eleganz. Dieser Teller geh\u00f6rt zur Kollektion Versace<\/p>\n","protected":false},"featured_media":140933,"template":"","meta":{"_acf_changed":false,"inline_featured_image":false},"product_cat":[6793,6787],"product_tag":[23691,24681,12350,11827,17841],"acf":[],"yoast_head":"<!-- This site is optimized with the Yoast SEO Premium plugin v18.6 (Yoast SEO v19.13) - https:\/\/yoast.com\/wordpress\/plugins\/seo\/ -->\n<title>VERSACE HOME Teller Barocco Mosaic 17 cm<\/title>\n<meta name=\"description\" content=\"Entdecken Sie VERSACE HOME Teller Barocco Mosaic 17 cm bei ErresseShop. Qualit\u00e4t, Stil und Funktionalit\u00e4t \u2013 jetzt online bestellen!\" \/>\n<meta name=\"robots\" content=\"index, follow, max-snippet:-1, max-image-preview:large, max-video-preview:-1\" \/>\n<link rel=\"canonical\" href=\"https:\/\/www.erresse-shop.it\/de\/shop\/tisch\/teller-geschirr\/versace-home-teller-barocco-mosaic-17-cm\/\" \/>\n<meta property=\"og:locale\" content=\"de_DE\" \/>\n<meta property=\"og:type\" content=\"article\" \/>\n<meta property=\"og:title\" content=\"VERSACE HOME Teller Barocco Mosaic 17 cm\" \/>\n<meta property=\"og:description\" content=\"Entdecken Sie VERSACE HOME Teller Barocco Mosaic 17 cm bei ErresseShop. Qualit\u00e4t, Stil und Funktionalit\u00e4t \u2013 jetzt online bestellen!\" \/>\n<meta property=\"og:url\" content=\"https:\/\/www.erresse-shop.it\/de\/shop\/tisch\/teller-geschirr\/versace-home-teller-barocco-mosaic-17-cm\/\" \/>\n<meta property=\"og:site_name\" content=\"Erresse Shop\" \/>\n<meta property=\"article:modified_time\" content=\"2025-01-17T17:58:19+00:00\" \/>\n<meta property=\"og:image\" content=\"https:\/\/www.erresse-shop.it\/wp-content\/uploads\/2022\/02\/VERSACE-HOME-Piatto-17-cm-Barocco-Mosaic.jpg\" \/>\n\t<meta property=\"og:image:width\" content=\"1000\" \/>\n\t<meta property=\"og:image:height\" content=\"1000\" \/>\n\t<meta property=\"og:image:type\" content=\"image\/jpeg\" \/>\n<meta name=\"twitter:card\" content=\"summary_large_image\" \/>\n<script type=\"application\/ld+json\" class=\"yoast-schema-graph\">{\"@context\":\"https:\/\/schema.org\",\"@graph\":[{\"@type\":\"WebPage\",\"@id\":\"https:\/\/www.erresse-shop.it\/de\/shop\/tisch\/teller-geschirr\/versace-home-teller-barocco-mosaic-17-cm\/\",\"url\":\"https:\/\/www.erresse-shop.it\/de\/shop\/tisch\/teller-geschirr\/versace-home-teller-barocco-mosaic-17-cm\/\",\"name\":\"VERSACE HOME Teller Barocco Mosaic 17 cm\",\"isPartOf\":{\"@id\":\"https:\/\/www.erresse-shop.it\/de\/#website\"},\"datePublished\":\"2022-02-22T07:30:28+00:00\",\"dateModified\":\"2025-01-17T17:58:19+00:00\",\"description\":\"Entdecken Sie VERSACE HOME Teller Barocco Mosaic 17 cm bei ErresseShop. Qualit\u00e4t, Stil und Funktionalit\u00e4t \u2013 jetzt online bestellen!\",\"breadcrumb\":{\"@id\":\"https:\/\/www.erresse-shop.it\/de\/shop\/tisch\/teller-geschirr\/versace-home-teller-barocco-mosaic-17-cm\/#breadcrumb\"},\"inLanguage\":\"de-DE\",\"potentialAction\":[{\"@type\":\"ReadAction\",\"target\":[\"https:\/\/www.erresse-shop.it\/de\/shop\/tisch\/teller-geschirr\/versace-home-teller-barocco-mosaic-17-cm\/\"]}]},{\"@type\":\"BreadcrumbList\",\"@id\":\"https:\/\/www.erresse-shop.it\/de\/shop\/tisch\/teller-geschirr\/versace-home-teller-barocco-mosaic-17-cm\/#breadcrumb\",\"itemListElement\":[{\"@type\":\"ListItem\",\"position\":1,\"name\":\"Home\",\"item\":\"https:\/\/www.erresse-shop.it\/de\/\"},{\"@type\":\"ListItem\",\"position\":2,\"name\":\"Shop\",\"item\":\"https:\/\/www.erresse-shop.it\/de\/shop\/\"},{\"@type\":\"ListItem\",\"position\":3,\"name\":\"VERSACE HOME Teller Barocco Mosaic 17 cm\"}]},{\"@type\":\"WebSite\",\"@id\":\"https:\/\/www.erresse-shop.it\/de\/#website\",\"url\":\"https:\/\/www.erresse-shop.it\/de\/\",\"name\":\"Erresse Shop\",\"description\":\"Articoli di qualit\u00e0 per la casa\",\"potentialAction\":[{\"@type\":\"SearchAction\",\"target\":{\"@type\":\"EntryPoint\",\"urlTemplate\":\"https:\/\/www.erresse-shop.it\/de\/?s={search_term_string}\"},\"query-input\":\"required name=search_term_string\"}],\"inLanguage\":\"de-DE\"}]}<\/script>\n<!-- \/ Yoast SEO Premium plugin. -->","yoast_head_json":{"title":"VERSACE HOME Teller Barocco Mosaic 17 cm","description":"Entdecken Sie VERSACE HOME Teller Barocco Mosaic 17 cm bei ErresseShop. Qualit\u00e4t, Stil und Funktionalit\u00e4t \u2013 jetzt online bestellen!","robots":{"index":"index","follow":"follow","max-snippet":"max-snippet:-1","max-image-preview":"max-image-preview:large","max-video-preview":"max-video-preview:-1"},"canonical":"https:\/\/www.erresse-shop.it\/de\/shop\/tisch\/teller-geschirr\/versace-home-teller-barocco-mosaic-17-cm\/","og_locale":"de_DE","og_type":"article","og_title":"VERSACE HOME Teller Barocco Mosaic 17 cm","og_description":"Entdecken Sie VERSACE HOME Teller Barocco Mosaic 17 cm bei ErresseShop. Qualit\u00e4t, Stil und Funktionalit\u00e4t \u2013 jetzt online bestellen!","og_url":"https:\/\/www.erresse-shop.it\/de\/shop\/tisch\/teller-geschirr\/versace-home-teller-barocco-mosaic-17-cm\/","og_site_name":"Erresse Shop","article_modified_time":"2025-01-17T17:58:19+00:00","og_image":[{"width":1000,"height":1000,"url":"https:\/\/www.erresse-shop.it\/wp-content\/uploads\/2022\/02\/VERSACE-HOME-Piatto-17-cm-Barocco-Mosaic.jpg","type":"image\/jpeg"}],"twitter_card":"summary_large_image","schema":{"@context":"https:\/\/schema.org","@graph":[{"@type":"WebPage","@id":"https:\/\/www.erresse-shop.it\/de\/shop\/tisch\/teller-geschirr\/versace-home-teller-barocco-mosaic-17-cm\/","url":"https:\/\/www.erresse-shop.it\/de\/shop\/tisch\/teller-geschirr\/versace-home-teller-barocco-mosaic-17-cm\/","name":"VERSACE HOME Teller Barocco Mosaic 17 cm","isPartOf":{"@id":"https:\/\/www.erresse-shop.it\/de\/#website"},"datePublished":"2022-02-22T07:30:28+00:00","dateModified":"2025-01-17T17:58:19+00:00","description":"Entdecken Sie VERSACE HOME Teller Barocco Mosaic 17 cm bei ErresseShop. Qualit\u00e4t, Stil und Funktionalit\u00e4t \u2013 jetzt online bestellen!","breadcrumb":{"@id":"https:\/\/www.erresse-shop.it\/de\/shop\/tisch\/teller-geschirr\/versace-home-teller-barocco-mosaic-17-cm\/#breadcrumb"},"inLanguage":"de-DE","potentialAction":[{"@type":"ReadAction","target":["https:\/\/www.erresse-shop.it\/de\/shop\/tisch\/teller-geschirr\/versace-home-teller-barocco-mosaic-17-cm\/"]}]},{"@type":"BreadcrumbList","@id":"https:\/\/www.erresse-shop.it\/de\/shop\/tisch\/teller-geschirr\/versace-home-teller-barocco-mosaic-17-cm\/#breadcrumb","itemListElement":[{"@type":"ListItem","position":1,"name":"Home","item":"https:\/\/www.erresse-shop.it\/de\/"},{"@type":"ListItem","position":2,"name":"Shop","item":"https:\/\/www.erresse-shop.it\/de\/shop\/"},{"@type":"ListItem","position":3,"name":"VERSACE HOME Teller Barocco Mosaic 17 cm"}]},{"@type":"WebSite","@id":"https:\/\/www.erresse-shop.it\/de\/#website","url":"https:\/\/www.erresse-shop.it\/de\/","name":"Erresse Shop","description":"Articoli di qualit\u00e0 per la casa","potentialAction":[{"@type":"SearchAction","target":{"@type":"EntryPoint","urlTemplate":"https:\/\/www.erresse-shop.it\/de\/?s={search_term_string}"},"query-input":"required name=search_term_string"}],"inLanguage":"de-DE"}]}},"df_price":37.5,"df_sale_price":37.5,"df_regular_price":75,"df_image_link":"https:\/\/www.erresse-shop.it\/wp-content\/uploads\/2022\/02\/VERSACE-HOME-Piatto-17-cm-Barocco-Mosaic-300x300.jpg","_links":{"self":[{"href":"https:\/\/www.erresse-shop.it\/de\/wp-json\/wp\/v2\/product\/140918"}],"collection":[{"href":"https:\/\/www.erresse-shop.it\/de\/wp-json\/wp\/v2\/product"}],"about":[{"href":"https:\/\/www.erresse-shop.it\/de\/wp-json\/wp\/v2\/types\/product"}],"wp:featuredmedia":[{"embeddable":true,"href":"https:\/\/www.erresse-shop.it\/de\/wp-json\/wp\/v2\/media\/140933"}],"wp:attachment":[{"href":"https:\/\/www.erresse-shop.it\/de\/wp-json\/wp\/v2\/media?parent=140918"}],"wp:term":[{"taxonomy":"product_cat","embeddable":true,"href":"https:\/\/www.erresse-shop.it\/de\/wp-json\/wp\/v2\/product_cat?post=140918"},{"taxonomy":"product_tag","embeddable":true,"href":"https:\/\/www.erresse-shop.it\/de\/wp-json\/wp\/v2\/product_tag?post=140918"}],"curies":[{"name":"wp","href":"https:\/\/api.w.org\/{rel}","templated":true}]}}