{"id":140873,"date":"2022-02-21T14:00:50","date_gmt":"2022-02-21T14:00:52","guid":{"rendered":"https:\/\/www.erresse-shop.it\/?post_type=product&#038;p=140873"},"modified":"2025-01-16T08:01:41","modified_gmt":"2025-01-16T08:01:41","slug":"berkel-set-6-gezackte-steakmesser-adhoc-schwarz","status":"publish","type":"product","link":"https:\/\/www.erresse-shop.it\/de\/shop\/kuche\/messer\/berkel-set-6-gezackte-steakmesser-adhoc-schwarz\/","title":{"rendered":"BERKEL Set 6 Gezackte Steakmesser Adhoc Schwarz"},"content":{"rendered":"<p><strong>6ER-SET TISCHMESSER F\u00dcR FLEISCHGERICHTE<\/strong><br \/>\nDas Steakmesser ist kurz und einfach zu handhaben. Eine gezackte Klinge aus Edelstahl gleitet \u00fcber das Fleisch und sorgt dank des hohen Sch\u00e4rfegrads f\u00fcr einen sauberen und pr\u00e4zisen Schnitt. Dieses Fleischmesserset ist so konzipiert, dass es Korrosion und Reibung mit der Keramik des Tellers widersteht. Diese Eigenschaften machen es perfekt f\u00fcr den t\u00e4glichen Gebrauch.<\/p>\n<ul>\n<li>Hochwertige 1.4116-X50 Cr Mo V15 Stahlklinge<\/li>\n<li>Lasergeschnittene Stahlklinge<\/li>\n<li>Harzgriff aus zwei Schuppen, die mit AISI 304-Nieten aus Edelstahl zusammengebaut sind<\/li>\n<li>Stahlbolzen, der maximale Stabilit\u00e4t und perfekte Balance bei Verwendung von<\/li>\n<li>Graviertes Berkel-Logo auf der Klinge<\/li>\n<\/ul>\n<p><strong>MERKMALE<\/strong><br \/>\n<strong>Gewicht:<\/strong> 390 gr<br \/>\n<strong>Klingengr\u00f6\u00dfe:<\/strong> 11 cm<br \/>\n<strong>Gesamtl\u00e4nge:<\/strong> 22 cm<br \/>\n<strong>Klingenmaterial:<\/strong> Geschmiedet aus rostfreiem Stahl 1.4116-X50 Cr Mo V15; H\u00e4rte nach T.T: 59 HRC; Catra-Zertifikat: Sehr gut<br \/>\n<strong>Griff:<\/strong> Zwei H\u00e4lften von technisches Polymer die mit nieten verbunden sind<br \/>\n<strong>Verwendung und Pflege:<\/strong> Wir empfehlen dringend, das Produkt von Hand in warmem Wasser zu waschen, um seine Integrit\u00e4t und Haltbarkeit zu gew\u00e4hrleisten. In jedem Fall empfehlen wir, das Messer nach jedem Waschen zu trocknen. Verwenden Sie keine scheuernden Stoffe oder Schw\u00e4mme.<\/p>\n","protected":false},"excerpt":{"rendered":"<p>6ER-SET TISCHMESSER F\u00dcR FLEISCHGERICHTE Das Steakmesser ist kurz und einfach zu handhaben. Eine gezackte Klinge aus Edelstahl gleitet \u00fcber das<\/p>\n","protected":false},"featured_media":163557,"template":"","meta":{"_acf_changed":false,"inline_featured_image":false},"product_cat":[6742,6706,6766],"product_tag":[11401,11529,17290,24604,11718,15417,21822],"acf":[],"yoast_head":"<!-- This site is optimized with the Yoast SEO Premium plugin v18.6 (Yoast SEO v19.13) - https:\/\/yoast.com\/wordpress\/plugins\/seo\/ -->\n<title>BERKEL Set 6 Gezackte Steakmesser Adhoc Schwarz<\/title>\n<meta name=\"description\" content=\"Entdecken Sie BERKEL Set 6 Gezackte Steakmesser Adhoc Schwarz bei ErresseShop. Qualit\u00e4t, Stil und Funktionalit\u00e4t \u2013 jetzt online bestellen!\" \/>\n<meta name=\"robots\" content=\"index, follow, max-snippet:-1, max-image-preview:large, max-video-preview:-1\" \/>\n<link rel=\"canonical\" href=\"https:\/\/www.erresse-shop.it\/de\/shop\/kuche\/messer\/berkel-set-6-gezackte-steakmesser-adhoc-schwarz\/\" \/>\n<meta property=\"og:locale\" content=\"de_DE\" \/>\n<meta property=\"og:type\" content=\"article\" \/>\n<meta property=\"og:title\" content=\"BERKEL Set 6 Gezackte Steakmesser Adhoc Schwarz\" \/>\n<meta property=\"og:description\" content=\"Entdecken Sie BERKEL Set 6 Gezackte Steakmesser Adhoc Schwarz bei ErresseShop. Qualit\u00e4t, Stil und Funktionalit\u00e4t \u2013 jetzt online bestellen!\" \/>\n<meta property=\"og:url\" content=\"https:\/\/www.erresse-shop.it\/de\/shop\/kuche\/messer\/berkel-set-6-gezackte-steakmesser-adhoc-schwarz\/\" \/>\n<meta property=\"og:site_name\" content=\"Erresse Shop\" \/>\n<meta property=\"article:modified_time\" content=\"2025-01-16T08:01:41+00:00\" \/>\n<meta property=\"og:image\" content=\"https:\/\/www.erresse-shop.it\/wp-content\/uploads\/2022\/02\/BERKEL-Set-6-Coltelli-Bistecca-Seghettati-Nero.jpg\" \/>\n\t<meta property=\"og:image:width\" content=\"800\" \/>\n\t<meta property=\"og:image:height\" content=\"800\" \/>\n\t<meta property=\"og:image:type\" content=\"image\/jpeg\" \/>\n<meta name=\"twitter:card\" content=\"summary_large_image\" \/>\n<script type=\"application\/ld+json\" class=\"yoast-schema-graph\">{\"@context\":\"https:\/\/schema.org\",\"@graph\":[{\"@type\":\"WebPage\",\"@id\":\"https:\/\/www.erresse-shop.it\/de\/shop\/kuche\/messer\/berkel-set-6-gezackte-steakmesser-adhoc-schwarz\/\",\"url\":\"https:\/\/www.erresse-shop.it\/de\/shop\/kuche\/messer\/berkel-set-6-gezackte-steakmesser-adhoc-schwarz\/\",\"name\":\"BERKEL Set 6 Gezackte Steakmesser Adhoc Schwarz\",\"isPartOf\":{\"@id\":\"https:\/\/www.erresse-shop.it\/de\/#website\"},\"datePublished\":\"2022-02-21T14:00:52+00:00\",\"dateModified\":\"2025-01-16T08:01:41+00:00\",\"description\":\"Entdecken Sie BERKEL Set 6 Gezackte Steakmesser Adhoc Schwarz bei ErresseShop. Qualit\u00e4t, Stil und Funktionalit\u00e4t \u2013 jetzt online bestellen!\",\"breadcrumb\":{\"@id\":\"https:\/\/www.erresse-shop.it\/de\/shop\/kuche\/messer\/berkel-set-6-gezackte-steakmesser-adhoc-schwarz\/#breadcrumb\"},\"inLanguage\":\"de-DE\",\"potentialAction\":[{\"@type\":\"ReadAction\",\"target\":[\"https:\/\/www.erresse-shop.it\/de\/shop\/kuche\/messer\/berkel-set-6-gezackte-steakmesser-adhoc-schwarz\/\"]}]},{\"@type\":\"BreadcrumbList\",\"@id\":\"https:\/\/www.erresse-shop.it\/de\/shop\/kuche\/messer\/berkel-set-6-gezackte-steakmesser-adhoc-schwarz\/#breadcrumb\",\"itemListElement\":[{\"@type\":\"ListItem\",\"position\":1,\"name\":\"Home\",\"item\":\"https:\/\/www.erresse-shop.it\/de\/\"},{\"@type\":\"ListItem\",\"position\":2,\"name\":\"Shop\",\"item\":\"https:\/\/www.erresse-shop.it\/de\/shop\/\"},{\"@type\":\"ListItem\",\"position\":3,\"name\":\"BERKEL Set 6 Gezackte Steakmesser Adhoc Schwarz\"}]},{\"@type\":\"WebSite\",\"@id\":\"https:\/\/www.erresse-shop.it\/de\/#website\",\"url\":\"https:\/\/www.erresse-shop.it\/de\/\",\"name\":\"Erresse Shop\",\"description\":\"Articoli di qualit\u00e0 per la casa\",\"potentialAction\":[{\"@type\":\"SearchAction\",\"target\":{\"@type\":\"EntryPoint\",\"urlTemplate\":\"https:\/\/www.erresse-shop.it\/de\/?s={search_term_string}\"},\"query-input\":\"required name=search_term_string\"}],\"inLanguage\":\"de-DE\"}]}<\/script>\n<!-- \/ Yoast SEO Premium plugin. -->","yoast_head_json":{"title":"BERKEL Set 6 Gezackte Steakmesser Adhoc Schwarz","description":"Entdecken Sie BERKEL Set 6 Gezackte Steakmesser Adhoc Schwarz bei ErresseShop. Qualit\u00e4t, Stil und Funktionalit\u00e4t \u2013 jetzt online bestellen!","robots":{"index":"index","follow":"follow","max-snippet":"max-snippet:-1","max-image-preview":"max-image-preview:large","max-video-preview":"max-video-preview:-1"},"canonical":"https:\/\/www.erresse-shop.it\/de\/shop\/kuche\/messer\/berkel-set-6-gezackte-steakmesser-adhoc-schwarz\/","og_locale":"de_DE","og_type":"article","og_title":"BERKEL Set 6 Gezackte Steakmesser Adhoc Schwarz","og_description":"Entdecken Sie BERKEL Set 6 Gezackte Steakmesser Adhoc Schwarz bei ErresseShop. Qualit\u00e4t, Stil und Funktionalit\u00e4t \u2013 jetzt online bestellen!","og_url":"https:\/\/www.erresse-shop.it\/de\/shop\/kuche\/messer\/berkel-set-6-gezackte-steakmesser-adhoc-schwarz\/","og_site_name":"Erresse Shop","article_modified_time":"2025-01-16T08:01:41+00:00","og_image":[{"width":800,"height":800,"url":"https:\/\/www.erresse-shop.it\/wp-content\/uploads\/2022\/02\/BERKEL-Set-6-Coltelli-Bistecca-Seghettati-Nero.jpg","type":"image\/jpeg"}],"twitter_card":"summary_large_image","schema":{"@context":"https:\/\/schema.org","@graph":[{"@type":"WebPage","@id":"https:\/\/www.erresse-shop.it\/de\/shop\/kuche\/messer\/berkel-set-6-gezackte-steakmesser-adhoc-schwarz\/","url":"https:\/\/www.erresse-shop.it\/de\/shop\/kuche\/messer\/berkel-set-6-gezackte-steakmesser-adhoc-schwarz\/","name":"BERKEL Set 6 Gezackte Steakmesser Adhoc Schwarz","isPartOf":{"@id":"https:\/\/www.erresse-shop.it\/de\/#website"},"datePublished":"2022-02-21T14:00:52+00:00","dateModified":"2025-01-16T08:01:41+00:00","description":"Entdecken Sie BERKEL Set 6 Gezackte Steakmesser Adhoc Schwarz bei ErresseShop. Qualit\u00e4t, Stil und Funktionalit\u00e4t \u2013 jetzt online bestellen!","breadcrumb":{"@id":"https:\/\/www.erresse-shop.it\/de\/shop\/kuche\/messer\/berkel-set-6-gezackte-steakmesser-adhoc-schwarz\/#breadcrumb"},"inLanguage":"de-DE","potentialAction":[{"@type":"ReadAction","target":["https:\/\/www.erresse-shop.it\/de\/shop\/kuche\/messer\/berkel-set-6-gezackte-steakmesser-adhoc-schwarz\/"]}]},{"@type":"BreadcrumbList","@id":"https:\/\/www.erresse-shop.it\/de\/shop\/kuche\/messer\/berkel-set-6-gezackte-steakmesser-adhoc-schwarz\/#breadcrumb","itemListElement":[{"@type":"ListItem","position":1,"name":"Home","item":"https:\/\/www.erresse-shop.it\/de\/"},{"@type":"ListItem","position":2,"name":"Shop","item":"https:\/\/www.erresse-shop.it\/de\/shop\/"},{"@type":"ListItem","position":3,"name":"BERKEL Set 6 Gezackte Steakmesser Adhoc Schwarz"}]},{"@type":"WebSite","@id":"https:\/\/www.erresse-shop.it\/de\/#website","url":"https:\/\/www.erresse-shop.it\/de\/","name":"Erresse Shop","description":"Articoli di qualit\u00e0 per la casa","potentialAction":[{"@type":"SearchAction","target":{"@type":"EntryPoint","urlTemplate":"https:\/\/www.erresse-shop.it\/de\/?s={search_term_string}"},"query-input":"required name=search_term_string"}],"inLanguage":"de-DE"}]}},"df_price":65,"df_sale_price":65,"df_regular_price":130,"df_image_link":"https:\/\/www.erresse-shop.it\/wp-content\/uploads\/2022\/02\/BERKEL-Set-6-Coltelli-Bistecca-Seghettati-Nero-300x300.jpg","_links":{"self":[{"href":"https:\/\/www.erresse-shop.it\/de\/wp-json\/wp\/v2\/product\/140873"}],"collection":[{"href":"https:\/\/www.erresse-shop.it\/de\/wp-json\/wp\/v2\/product"}],"about":[{"href":"https:\/\/www.erresse-shop.it\/de\/wp-json\/wp\/v2\/types\/product"}],"wp:featuredmedia":[{"embeddable":true,"href":"https:\/\/www.erresse-shop.it\/de\/wp-json\/wp\/v2\/media\/163557"}],"wp:attachment":[{"href":"https:\/\/www.erresse-shop.it\/de\/wp-json\/wp\/v2\/media?parent=140873"}],"wp:term":[{"taxonomy":"product_cat","embeddable":true,"href":"https:\/\/www.erresse-shop.it\/de\/wp-json\/wp\/v2\/product_cat?post=140873"},{"taxonomy":"product_tag","embeddable":true,"href":"https:\/\/www.erresse-shop.it\/de\/wp-json\/wp\/v2\/product_tag?post=140873"}],"curies":[{"name":"wp","href":"https:\/\/api.w.org\/{rel}","templated":true}]}}