{"id":14036,"date":"2014-06-21T18:05:41","date_gmt":"2014-06-21T18:05:41","guid":{"rendered":"https:\/\/www.erresse-shop.it\/?post_type=product&#038;p=14036"},"modified":"2025-01-22T06:42:09","modified_gmt":"2025-01-22T06:42:09","slug":"zafferano-vem5600-set-6-champagner","status":"publish","type":"product","link":"https:\/\/www.erresse-shop.it\/de\/shop\/tisch\/weinbar-korkenzieher-dekanter-eiskubel\/weinglaeser\/zafferano-vem5600-set-6-champagner\/","title":{"rendered":"ZAFFERANO VEM 5600 set 6 Champagner Mill\u00e9sim\u00e9"},"content":{"rendered":"<div>\n\t<strong>Zafferano<\/strong>. Abgesehen von diesem Ort der Behauptung, die Entwicklung und Fertigstellung der Wein, ist der Kelch ein Kunstwerk.&nbsp;<\/div>\n<div>\n\tDesign und Funktionalit\u00e4t inspiriert durch die Arbeit von Federico de Majo.Le Seine Kreationen reichen von den mehr traditionellen Linien zu anderen hohen technischen Inhalt, wo sie eine Vorliebe f\u00fcr Innovation und Produktforschung auszudr\u00fccken.&nbsp;<\/div>\n<div>\n\t&nbsp;<\/div>\n<div>\n\tMit <strong>Zafferano<\/strong> Erfahrung von Glas trifft sich die Kultur des Weines. Die Geschichte von <strong>Federico de Majo<\/strong> Murano Glash\u00fctte beginnt in der Familie. Und &#8220;hier, dass in der Mitte der siebziger Jahre beginnt Federico de Majo, seine Zeit, um mundgeblasenes Glas und k\u00fcnstlerischen widmen. Dadurch wird die Aufmerksamkeit, und eine Vorliebe f\u00fcr guten Wein in ihm wachsen den Wunsch, ein Unternehmen spezialisiert auf die Forschung und Produktion von Verkostungsgl\u00e4ser gewidmet starten.<\/div>\n<p>\n\t<br \/>\n\t&nbsp;<\/p>\n<p>\n\t<strong>VEM<\/strong><\/p>\n<p>\n\tDiese Linie kennzeichnet eine technische sinuosity in der Form, dass f\u00fcr die Probenahme weiter verfeinert die sensorischen Aspekte: ausgehend von den kleineren Gr\u00f6\u00dfen, die sich f\u00fcr Schaumweine mit Prim\u00e4raromen sind und Verschieben auf den capaciousness der Fl\u00f6te Gl\u00e4ser, die die Heftigkeit der Champagner verbessert, von den klassischen Methoden der Weinlese und alten Weinen.&nbsp;<\/p>\n<div>\n\tSchlie\u00dflich werden die letzten beiden Gr\u00f6\u00dfen f\u00fcr die wichtigeren Alter Rotweine ausgelegt, Verst\u00e4rken der D\u00fcften mittels ihrer Kapazit\u00e4t und gen\u00fcgend Fl\u00e4che.<\/div>\n<p>\n\t&nbsp;<\/p>\n","protected":false},"excerpt":{"rendered":"<p>Zafferano. Abgesehen von diesem Ort der Behauptung, die Entwicklung und Fertigstellung der Wein, ist der Kelch ein Kunstwerk.&nbsp; Design und<\/p>\n","protected":false},"featured_media":431163,"template":"","meta":{"_acf_changed":false,"inline_featured_image":false},"product_cat":[6787,6850,14459],"product_tag":[25027,23705,11913,11483,11718,14591,25022,21822,11489,23683,11491],"acf":[],"yoast_head":"<!-- This site is optimized with the Yoast SEO Premium plugin v18.6 (Yoast SEO v19.13) - https:\/\/yoast.com\/wordpress\/plugins\/seo\/ -->\n<title>ZAFFERANO VEM 5600 set 6 Champagner Mill\u00e9sim\u00e9<\/title>\n<meta name=\"description\" content=\"Entdecken Sie ZAFFERANO VEM 5600 set 6 Champagner Mill\u00e9sim\u00e9 bei ErresseShop. Qualit\u00e4t, Stil und Funktionalit\u00e4t \u2013 jetzt online bestellen!\" \/>\n<meta name=\"robots\" content=\"index, follow, max-snippet:-1, max-image-preview:large, max-video-preview:-1\" \/>\n<link rel=\"canonical\" href=\"https:\/\/www.erresse-shop.it\/de\/shop\/tisch\/weinbar-korkenzieher-dekanter-eiskubel\/weinglaeser\/zafferano-vem5600-set-6-champagner\/\" \/>\n<meta property=\"og:locale\" content=\"de_DE\" \/>\n<meta property=\"og:type\" content=\"article\" \/>\n<meta property=\"og:title\" content=\"ZAFFERANO VEM 5600 set 6 Champagner Mill\u00e9sim\u00e9\" \/>\n<meta property=\"og:description\" content=\"Entdecken Sie ZAFFERANO VEM 5600 set 6 Champagner Mill\u00e9sim\u00e9 bei ErresseShop. Qualit\u00e4t, Stil und Funktionalit\u00e4t \u2013 jetzt online bestellen!\" \/>\n<meta property=\"og:url\" content=\"https:\/\/www.erresse-shop.it\/de\/shop\/tisch\/weinbar-korkenzieher-dekanter-eiskubel\/weinglaeser\/zafferano-vem5600-set-6-champagner\/\" \/>\n<meta property=\"og:site_name\" content=\"Erresse Shop\" \/>\n<meta property=\"article:modified_time\" content=\"2025-01-22T06:42:09+00:00\" \/>\n<meta property=\"og:image\" content=\"https:\/\/www.erresse-shop.it\/wp-content\/uploads\/2014\/06\/ZAFFERANO-VEM-5600.jpg\" \/>\n\t<meta property=\"og:image:width\" content=\"800\" \/>\n\t<meta property=\"og:image:height\" content=\"800\" \/>\n\t<meta property=\"og:image:type\" content=\"image\/jpeg\" \/>\n<meta name=\"twitter:card\" content=\"summary_large_image\" \/>\n<script type=\"application\/ld+json\" class=\"yoast-schema-graph\">{\"@context\":\"https:\/\/schema.org\",\"@graph\":[{\"@type\":\"WebPage\",\"@id\":\"https:\/\/www.erresse-shop.it\/de\/shop\/tisch\/weinbar-korkenzieher-dekanter-eiskubel\/weinglaeser\/zafferano-vem5600-set-6-champagner\/\",\"url\":\"https:\/\/www.erresse-shop.it\/de\/shop\/tisch\/weinbar-korkenzieher-dekanter-eiskubel\/weinglaeser\/zafferano-vem5600-set-6-champagner\/\",\"name\":\"ZAFFERANO VEM 5600 set 6 Champagner Mill\u00e9sim\u00e9\",\"isPartOf\":{\"@id\":\"https:\/\/www.erresse-shop.it\/de\/#website\"},\"datePublished\":\"2014-06-21T18:05:41+00:00\",\"dateModified\":\"2025-01-22T06:42:09+00:00\",\"description\":\"Entdecken Sie ZAFFERANO VEM 5600 set 6 Champagner Mill\u00e9sim\u00e9 bei ErresseShop. Qualit\u00e4t, Stil und Funktionalit\u00e4t \u2013 jetzt online bestellen!\",\"breadcrumb\":{\"@id\":\"https:\/\/www.erresse-shop.it\/de\/shop\/tisch\/weinbar-korkenzieher-dekanter-eiskubel\/weinglaeser\/zafferano-vem5600-set-6-champagner\/#breadcrumb\"},\"inLanguage\":\"de-DE\",\"potentialAction\":[{\"@type\":\"ReadAction\",\"target\":[\"https:\/\/www.erresse-shop.it\/de\/shop\/tisch\/weinbar-korkenzieher-dekanter-eiskubel\/weinglaeser\/zafferano-vem5600-set-6-champagner\/\"]}]},{\"@type\":\"BreadcrumbList\",\"@id\":\"https:\/\/www.erresse-shop.it\/de\/shop\/tisch\/weinbar-korkenzieher-dekanter-eiskubel\/weinglaeser\/zafferano-vem5600-set-6-champagner\/#breadcrumb\",\"itemListElement\":[{\"@type\":\"ListItem\",\"position\":1,\"name\":\"Home\",\"item\":\"https:\/\/www.erresse-shop.it\/de\/\"},{\"@type\":\"ListItem\",\"position\":2,\"name\":\"Shop\",\"item\":\"https:\/\/www.erresse-shop.it\/de\/shop\/\"},{\"@type\":\"ListItem\",\"position\":3,\"name\":\"ZAFFERANO VEM 5600 set 6 Champagner Mill\u00e9sim\u00e9\"}]},{\"@type\":\"WebSite\",\"@id\":\"https:\/\/www.erresse-shop.it\/de\/#website\",\"url\":\"https:\/\/www.erresse-shop.it\/de\/\",\"name\":\"Erresse Shop\",\"description\":\"Articoli di qualit\u00e0 per la casa\",\"potentialAction\":[{\"@type\":\"SearchAction\",\"target\":{\"@type\":\"EntryPoint\",\"urlTemplate\":\"https:\/\/www.erresse-shop.it\/de\/?s={search_term_string}\"},\"query-input\":\"required name=search_term_string\"}],\"inLanguage\":\"de-DE\"}]}<\/script>\n<!-- \/ Yoast SEO Premium plugin. -->","yoast_head_json":{"title":"ZAFFERANO VEM 5600 set 6 Champagner Mill\u00e9sim\u00e9","description":"Entdecken Sie ZAFFERANO VEM 5600 set 6 Champagner Mill\u00e9sim\u00e9 bei ErresseShop. Qualit\u00e4t, Stil und Funktionalit\u00e4t \u2013 jetzt online bestellen!","robots":{"index":"index","follow":"follow","max-snippet":"max-snippet:-1","max-image-preview":"max-image-preview:large","max-video-preview":"max-video-preview:-1"},"canonical":"https:\/\/www.erresse-shop.it\/de\/shop\/tisch\/weinbar-korkenzieher-dekanter-eiskubel\/weinglaeser\/zafferano-vem5600-set-6-champagner\/","og_locale":"de_DE","og_type":"article","og_title":"ZAFFERANO VEM 5600 set 6 Champagner Mill\u00e9sim\u00e9","og_description":"Entdecken Sie ZAFFERANO VEM 5600 set 6 Champagner Mill\u00e9sim\u00e9 bei ErresseShop. Qualit\u00e4t, Stil und Funktionalit\u00e4t \u2013 jetzt online bestellen!","og_url":"https:\/\/www.erresse-shop.it\/de\/shop\/tisch\/weinbar-korkenzieher-dekanter-eiskubel\/weinglaeser\/zafferano-vem5600-set-6-champagner\/","og_site_name":"Erresse Shop","article_modified_time":"2025-01-22T06:42:09+00:00","og_image":[{"width":800,"height":800,"url":"https:\/\/www.erresse-shop.it\/wp-content\/uploads\/2014\/06\/ZAFFERANO-VEM-5600.jpg","type":"image\/jpeg"}],"twitter_card":"summary_large_image","schema":{"@context":"https:\/\/schema.org","@graph":[{"@type":"WebPage","@id":"https:\/\/www.erresse-shop.it\/de\/shop\/tisch\/weinbar-korkenzieher-dekanter-eiskubel\/weinglaeser\/zafferano-vem5600-set-6-champagner\/","url":"https:\/\/www.erresse-shop.it\/de\/shop\/tisch\/weinbar-korkenzieher-dekanter-eiskubel\/weinglaeser\/zafferano-vem5600-set-6-champagner\/","name":"ZAFFERANO VEM 5600 set 6 Champagner Mill\u00e9sim\u00e9","isPartOf":{"@id":"https:\/\/www.erresse-shop.it\/de\/#website"},"datePublished":"2014-06-21T18:05:41+00:00","dateModified":"2025-01-22T06:42:09+00:00","description":"Entdecken Sie ZAFFERANO VEM 5600 set 6 Champagner Mill\u00e9sim\u00e9 bei ErresseShop. Qualit\u00e4t, Stil und Funktionalit\u00e4t \u2013 jetzt online bestellen!","breadcrumb":{"@id":"https:\/\/www.erresse-shop.it\/de\/shop\/tisch\/weinbar-korkenzieher-dekanter-eiskubel\/weinglaeser\/zafferano-vem5600-set-6-champagner\/#breadcrumb"},"inLanguage":"de-DE","potentialAction":[{"@type":"ReadAction","target":["https:\/\/www.erresse-shop.it\/de\/shop\/tisch\/weinbar-korkenzieher-dekanter-eiskubel\/weinglaeser\/zafferano-vem5600-set-6-champagner\/"]}]},{"@type":"BreadcrumbList","@id":"https:\/\/www.erresse-shop.it\/de\/shop\/tisch\/weinbar-korkenzieher-dekanter-eiskubel\/weinglaeser\/zafferano-vem5600-set-6-champagner\/#breadcrumb","itemListElement":[{"@type":"ListItem","position":1,"name":"Home","item":"https:\/\/www.erresse-shop.it\/de\/"},{"@type":"ListItem","position":2,"name":"Shop","item":"https:\/\/www.erresse-shop.it\/de\/shop\/"},{"@type":"ListItem","position":3,"name":"ZAFFERANO VEM 5600 set 6 Champagner Mill\u00e9sim\u00e9"}]},{"@type":"WebSite","@id":"https:\/\/www.erresse-shop.it\/de\/#website","url":"https:\/\/www.erresse-shop.it\/de\/","name":"Erresse Shop","description":"Articoli di qualit\u00e0 per la casa","potentialAction":[{"@type":"SearchAction","target":{"@type":"EntryPoint","urlTemplate":"https:\/\/www.erresse-shop.it\/de\/?s={search_term_string}"},"query-input":"required name=search_term_string"}],"inLanguage":"de-DE"}]}},"df_price":26.1,"df_sale_price":26.1,"df_regular_price":58,"df_image_link":"https:\/\/www.erresse-shop.it\/wp-content\/uploads\/2014\/06\/ZAFFERANO-VEM-5600-300x300.jpg","_links":{"self":[{"href":"https:\/\/www.erresse-shop.it\/de\/wp-json\/wp\/v2\/product\/14036"}],"collection":[{"href":"https:\/\/www.erresse-shop.it\/de\/wp-json\/wp\/v2\/product"}],"about":[{"href":"https:\/\/www.erresse-shop.it\/de\/wp-json\/wp\/v2\/types\/product"}],"wp:featuredmedia":[{"embeddable":true,"href":"https:\/\/www.erresse-shop.it\/de\/wp-json\/wp\/v2\/media\/431163"}],"wp:attachment":[{"href":"https:\/\/www.erresse-shop.it\/de\/wp-json\/wp\/v2\/media?parent=14036"}],"wp:term":[{"taxonomy":"product_cat","embeddable":true,"href":"https:\/\/www.erresse-shop.it\/de\/wp-json\/wp\/v2\/product_cat?post=14036"},{"taxonomy":"product_tag","embeddable":true,"href":"https:\/\/www.erresse-shop.it\/de\/wp-json\/wp\/v2\/product_tag?post=14036"}],"curies":[{"name":"wp","href":"https:\/\/api.w.org\/{rel}","templated":true}]}}