{"id":140296,"date":"2022-02-14T07:22:53","date_gmt":"2022-02-14T07:23:44","guid":{"rendered":"https:\/\/www.erresse-shop.it\/?post_type=product&#038;p=140296"},"modified":"2022-02-14T08:02:54","modified_gmt":"2022-02-14T08:02:54","slug":"miyabi-5000-mcd67-sujihiki-24-cm","status":"publish","type":"product","link":"https:\/\/www.erresse-shop.it\/de\/shop\/kuche\/messer\/miyabi-5000-mcd67-sujihiki-24-cm\/","title":{"rendered":"MIYABI 5000 MCD67 Sujihiki 24 cm"},"content":{"rendered":"<p>Das Miyabi Black 5000MCD Messer ist ein wahres Kunstwerk. Die Klinge ist aus mikrokarbidgepulvertem MC66-Stahl gefertigt, der auf beeindruckende 66 HRC eisgeh\u00e4rtet ist. Dadurch entsteht eine au\u00dfergew\u00f6hnlich scharfe und haltbare Schneide. Die Klinge ist mit 132 zus\u00e4tzlichen Stahllagen ummantelt, die ein sch\u00f6nes, florales Damastmuster ergeben. Der Griff der Miyabi Black Serie ist aus einzigartigem schwarzen Eschenholz gefertigt. Die Maserung und Farbe des schwarzen Eschenholzes kontrastiert mit dem Damastmuster der Klinge. Der Griff ist in der traditionellen &#8220;D&#8221;-Form ausgef\u00fchrt, die eine optimale Ergonomie f\u00fcr m\u00fcheloses Schneiden bietet. Handgefertigt in Seki, Japan.<\/p>\n<ul>\n<li>Die Klinge besteht aus 133 Stahlschichten, die ein florales Damastmuster ergeben.<\/li>\n<li>MC66 Mikrokarbidstahl ist auf 66 HRC geh\u00e4rtet<\/li>\n<li>D-f\u00f6rmiger Griff aus sch\u00f6nem schwarzen Eschenholz<\/li>\n<li>Geschliffen nach der traditionellen dreistufigen Honbazuke-Methode<\/li>\n<li>Handgefertigt in Seki, Japan<\/li>\n<\/ul>\n<p>EIGENSCHAFTEN<\/p>\n<ul>\n<li>Farbe: Braun<\/li>\n<li>Werkstoff: MC66<\/li>\n<li>Grifftyp: verdeckter Erl<\/li>\n<li>Kantenart: glatt<\/li>\n<li>Kantenbearbeitung: Honbazuke-Schleifen<\/li>\n<li>Herstellungsverfahren: geschwei\u00dft<\/li>\n<li>Klingenh\u00e4rte (HRC): 65-67 HRC<\/li>\n<li>Farbe des Griffs: braun<\/li>\n<li>Griffmaterial: Schwarzer Ahorn<\/li>\n<\/ul>\n<p><strong>ABMESSUNGEN<\/strong><\/p>\n<ul>\n<li>Nettogewicht: 0,18 kg<\/li>\n<li>Produktl\u00e4nge: 38,10 cm<\/li>\n<li>Produktbreite: 2,30 cm<\/li>\n<li>H\u00f6he des Produkts: 3,70 cm<\/li>\n<li>L\u00e4nge der Klinge: 24.00 cm<\/li>\n<li>L\u00e4nge des Griffs: 13,70 cm<\/li>\n<li>Breite des Griffs: 2,30 cm<\/li>\n<li>Klingenbreite: 0,20 cm<\/li>\n<li>Dicke der Klinge: 0,20 cm<\/li>\n<\/ul>\n","protected":false},"excerpt":{"rendered":"<p>Das Miyabi Black 5000MCD Messer ist ein wahres Kunstwerk. Die Klinge ist aus mikrokarbidgepulvertem MC66-Stahl gefertigt, der auf beeindruckende 66<\/p>\n","protected":false},"featured_media":140311,"template":"","meta":{"_acf_changed":false,"inline_featured_image":false},"product_cat":[6742,6706,14454],"product_tag":[25027,11395,11529,22495,24681,18450,25022,11421],"acf":[],"yoast_head":"<!-- This site is optimized with the Yoast SEO Premium plugin v18.6 (Yoast SEO v19.13) - https:\/\/yoast.com\/wordpress\/plugins\/seo\/ -->\n<title>MIYABI 5000 MCD67 Sujihiki 24 cm - Erresse Shop<\/title>\n<meta name=\"description\" content=\"Das Miyabi Black 5000MCD Messer ist ein wahres Kunstwerk. Die Klinge ist aus mikrokarbidgepulvertem MC66-Stahl gefertigt, der auf beeindruckende 66 HRC\" \/>\n<meta name=\"robots\" content=\"index, follow, max-snippet:-1, max-image-preview:large, max-video-preview:-1\" \/>\n<link rel=\"canonical\" href=\"https:\/\/www.erresse-shop.it\/de\/shop\/kuche\/messer\/miyabi-5000-mcd67-sujihiki-24-cm\/\" \/>\n<meta property=\"og:locale\" content=\"de_DE\" \/>\n<meta property=\"og:type\" content=\"article\" \/>\n<meta property=\"og:title\" content=\"MIYABI 5000 MCD67 Sujihiki 24 cm\" \/>\n<meta property=\"og:description\" content=\"Das Miyabi Black 5000MCD Messer ist ein wahres Kunstwerk. Die Klinge ist aus mikrokarbidgepulvertem MC66-Stahl gefertigt, der auf beeindruckende 66 HRC\" \/>\n<meta property=\"og:url\" content=\"https:\/\/www.erresse-shop.it\/de\/shop\/kuche\/messer\/miyabi-5000-mcd67-sujihiki-24-cm\/\" \/>\n<meta property=\"og:site_name\" content=\"Erresse Shop\" \/>\n<meta property=\"article:modified_time\" content=\"2022-02-14T08:02:54+00:00\" \/>\n<meta property=\"og:image\" content=\"https:\/\/www.erresse-shop.it\/wp-content\/uploads\/2022\/02\/MIYABI-5000-MCD-Sujihiki.jpg\" \/>\n\t<meta property=\"og:image:width\" content=\"1000\" \/>\n\t<meta property=\"og:image:height\" content=\"1000\" \/>\n\t<meta property=\"og:image:type\" content=\"image\/jpeg\" \/>\n<meta name=\"twitter:card\" content=\"summary_large_image\" \/>\n<script type=\"application\/ld+json\" class=\"yoast-schema-graph\">{\"@context\":\"https:\/\/schema.org\",\"@graph\":[{\"@type\":\"WebPage\",\"@id\":\"https:\/\/www.erresse-shop.it\/de\/shop\/kuche\/messer\/miyabi-5000-mcd67-sujihiki-24-cm\/\",\"url\":\"https:\/\/www.erresse-shop.it\/de\/shop\/kuche\/messer\/miyabi-5000-mcd67-sujihiki-24-cm\/\",\"name\":\"MIYABI 5000 MCD67 Sujihiki 24 cm - Erresse Shop\",\"isPartOf\":{\"@id\":\"https:\/\/www.erresse-shop.it\/de\/#website\"},\"datePublished\":\"2022-02-14T07:23:44+00:00\",\"dateModified\":\"2022-02-14T08:02:54+00:00\",\"description\":\"Das Miyabi Black 5000MCD Messer ist ein wahres Kunstwerk. Die Klinge ist aus mikrokarbidgepulvertem MC66-Stahl gefertigt, der auf beeindruckende 66 HRC\",\"breadcrumb\":{\"@id\":\"https:\/\/www.erresse-shop.it\/de\/shop\/kuche\/messer\/miyabi-5000-mcd67-sujihiki-24-cm\/#breadcrumb\"},\"inLanguage\":\"de-DE\",\"potentialAction\":[{\"@type\":\"ReadAction\",\"target\":[\"https:\/\/www.erresse-shop.it\/de\/shop\/kuche\/messer\/miyabi-5000-mcd67-sujihiki-24-cm\/\"]}]},{\"@type\":\"BreadcrumbList\",\"@id\":\"https:\/\/www.erresse-shop.it\/de\/shop\/kuche\/messer\/miyabi-5000-mcd67-sujihiki-24-cm\/#breadcrumb\",\"itemListElement\":[{\"@type\":\"ListItem\",\"position\":1,\"name\":\"Home\",\"item\":\"https:\/\/www.erresse-shop.it\/de\/\"},{\"@type\":\"ListItem\",\"position\":2,\"name\":\"Shop\",\"item\":\"https:\/\/www.erresse-shop.it\/de\/shop\/\"},{\"@type\":\"ListItem\",\"position\":3,\"name\":\"MIYABI 5000 MCD67 Sujihiki 24 cm\"}]},{\"@type\":\"WebSite\",\"@id\":\"https:\/\/www.erresse-shop.it\/de\/#website\",\"url\":\"https:\/\/www.erresse-shop.it\/de\/\",\"name\":\"Erresse Shop\",\"description\":\"Articoli di qualit\u00e0 per la casa\",\"potentialAction\":[{\"@type\":\"SearchAction\",\"target\":{\"@type\":\"EntryPoint\",\"urlTemplate\":\"https:\/\/www.erresse-shop.it\/de\/?s={search_term_string}\"},\"query-input\":\"required name=search_term_string\"}],\"inLanguage\":\"de-DE\"}]}<\/script>\n<!-- \/ Yoast SEO Premium plugin. -->","yoast_head_json":{"title":"MIYABI 5000 MCD67 Sujihiki 24 cm - Erresse Shop","description":"Das Miyabi Black 5000MCD Messer ist ein wahres Kunstwerk. Die Klinge ist aus mikrokarbidgepulvertem MC66-Stahl gefertigt, der auf beeindruckende 66 HRC","robots":{"index":"index","follow":"follow","max-snippet":"max-snippet:-1","max-image-preview":"max-image-preview:large","max-video-preview":"max-video-preview:-1"},"canonical":"https:\/\/www.erresse-shop.it\/de\/shop\/kuche\/messer\/miyabi-5000-mcd67-sujihiki-24-cm\/","og_locale":"de_DE","og_type":"article","og_title":"MIYABI 5000 MCD67 Sujihiki 24 cm","og_description":"Das Miyabi Black 5000MCD Messer ist ein wahres Kunstwerk. Die Klinge ist aus mikrokarbidgepulvertem MC66-Stahl gefertigt, der auf beeindruckende 66 HRC","og_url":"https:\/\/www.erresse-shop.it\/de\/shop\/kuche\/messer\/miyabi-5000-mcd67-sujihiki-24-cm\/","og_site_name":"Erresse Shop","article_modified_time":"2022-02-14T08:02:54+00:00","og_image":[{"width":1000,"height":1000,"url":"https:\/\/www.erresse-shop.it\/wp-content\/uploads\/2022\/02\/MIYABI-5000-MCD-Sujihiki.jpg","type":"image\/jpeg"}],"twitter_card":"summary_large_image","schema":{"@context":"https:\/\/schema.org","@graph":[{"@type":"WebPage","@id":"https:\/\/www.erresse-shop.it\/de\/shop\/kuche\/messer\/miyabi-5000-mcd67-sujihiki-24-cm\/","url":"https:\/\/www.erresse-shop.it\/de\/shop\/kuche\/messer\/miyabi-5000-mcd67-sujihiki-24-cm\/","name":"MIYABI 5000 MCD67 Sujihiki 24 cm - Erresse Shop","isPartOf":{"@id":"https:\/\/www.erresse-shop.it\/de\/#website"},"datePublished":"2022-02-14T07:23:44+00:00","dateModified":"2022-02-14T08:02:54+00:00","description":"Das Miyabi Black 5000MCD Messer ist ein wahres Kunstwerk. Die Klinge ist aus mikrokarbidgepulvertem MC66-Stahl gefertigt, der auf beeindruckende 66 HRC","breadcrumb":{"@id":"https:\/\/www.erresse-shop.it\/de\/shop\/kuche\/messer\/miyabi-5000-mcd67-sujihiki-24-cm\/#breadcrumb"},"inLanguage":"de-DE","potentialAction":[{"@type":"ReadAction","target":["https:\/\/www.erresse-shop.it\/de\/shop\/kuche\/messer\/miyabi-5000-mcd67-sujihiki-24-cm\/"]}]},{"@type":"BreadcrumbList","@id":"https:\/\/www.erresse-shop.it\/de\/shop\/kuche\/messer\/miyabi-5000-mcd67-sujihiki-24-cm\/#breadcrumb","itemListElement":[{"@type":"ListItem","position":1,"name":"Home","item":"https:\/\/www.erresse-shop.it\/de\/"},{"@type":"ListItem","position":2,"name":"Shop","item":"https:\/\/www.erresse-shop.it\/de\/shop\/"},{"@type":"ListItem","position":3,"name":"MIYABI 5000 MCD67 Sujihiki 24 cm"}]},{"@type":"WebSite","@id":"https:\/\/www.erresse-shop.it\/de\/#website","url":"https:\/\/www.erresse-shop.it\/de\/","name":"Erresse Shop","description":"Articoli di qualit\u00e0 per la casa","potentialAction":[{"@type":"SearchAction","target":{"@type":"EntryPoint","urlTemplate":"https:\/\/www.erresse-shop.it\/de\/?s={search_term_string}"},"query-input":"required name=search_term_string"}],"inLanguage":"de-DE"}]}},"df_price":299.95,"df_sale_price":299.95,"df_regular_price":449,"df_image_link":"https:\/\/www.erresse-shop.it\/wp-content\/uploads\/2022\/02\/MIYABI-5000-MCD-Sujihiki-300x300.jpg","_links":{"self":[{"href":"https:\/\/www.erresse-shop.it\/de\/wp-json\/wp\/v2\/product\/140296"}],"collection":[{"href":"https:\/\/www.erresse-shop.it\/de\/wp-json\/wp\/v2\/product"}],"about":[{"href":"https:\/\/www.erresse-shop.it\/de\/wp-json\/wp\/v2\/types\/product"}],"wp:featuredmedia":[{"embeddable":true,"href":"https:\/\/www.erresse-shop.it\/de\/wp-json\/wp\/v2\/media\/140311"}],"wp:attachment":[{"href":"https:\/\/www.erresse-shop.it\/de\/wp-json\/wp\/v2\/media?parent=140296"}],"wp:term":[{"taxonomy":"product_cat","embeddable":true,"href":"https:\/\/www.erresse-shop.it\/de\/wp-json\/wp\/v2\/product_cat?post=140296"},{"taxonomy":"product_tag","embeddable":true,"href":"https:\/\/www.erresse-shop.it\/de\/wp-json\/wp\/v2\/product_tag?post=140296"}],"curies":[{"name":"wp","href":"https:\/\/api.w.org\/{rel}","templated":true}]}}