{"id":140228,"date":"2022-02-11T15:07:49","date_gmt":"2022-02-11T15:07:50","guid":{"rendered":"https:\/\/www.erresse-shop.it\/?post_type=product&#038;p=140228"},"modified":"2025-01-16T14:58:59","modified_gmt":"2025-01-16T14:58:59","slug":"emile-henry-tajine-27-cm-fusain","status":"publish","type":"product","link":"https:\/\/www.erresse-shop.it\/de\/shop\/toepfe-pfannen\/tajine-de\/emile-henry-tajine-27-cm-fusain\/","title":{"rendered":"EMILE HENRY Tajine 27 cm Fusain"},"content":{"rendered":"<p>Emile Henry wurde im Jahr 1850 gegr\u00fcndet.<br \/>\nDie Keramik von Emile Henry erm\u00f6glicht eine allm\u00e4hliche W\u00e4rmeverteilung beim Garen von Speisen bei niedrigen Temperaturen, so dass der Geschmack und das Aroma sowie die nat\u00fcrlichen Bestandteile der Speisen erhalten bleiben.<br \/>\nDurch das gesunde Niedertemperaturgaren der Emile Henry-Keramik bleiben Aromen, Vitamine und N\u00e4hrwerte erhalten.<br \/>\nDie Produkte von Emile Henry werden aus nat\u00fcrlichen Bestandteilen hergestellt: unbehandelter Ton f\u00fcr die Mischung, Sand, gefiltertes Wasser, nat\u00fcrliche Mineraloxide f\u00fcr die Farben. Die Produkte von Emile Henry sind frei von gesundheitssch\u00e4dlichen Schwermetallen: kein Blei, Cadmium oder Nickel.<br \/>\nDie Produkte von Emile Henry sind sto\u00dffest und k\u00f6nnen bei hohen Temperaturschwankungen verwendet werden. Sie k\u00f6nnen in der Sp\u00fclmaschine gereinigt werden.<\/p>\n<p><strong>Enth\u00fcllen Sie alle Farben und Aromen der mediterranen K\u00fcche<\/strong><br \/>\nLassen Sie sich von leckeren Rezepten mit orientalischen Aromen verf\u00fchren: H\u00e4hnchen-Tajine mit kandierten Zitronen, Tajine-Bar oder vegetarische Wintergem\u00fcse-Tajine.<\/p>\n<p>Die Tajine ist ein traditionelles marokkanisches Eintopfgericht. Im Laufe der Zeit hat sich diese Garmethode aus der Notwendigkeit heraus entwickelt, ohne Wasser zu kochen: Die Tajine bewahrt die Feuchtigkeit der Speisen, indem sie den Dampf, der von ihnen ausgeht, durch den Deckel entweichen l\u00e4sst. Der Schl\u00fcssel zu einer guten Tajine ist vor allem das langsame Garen bei sehr geringer Hitze, damit sich alle Aromen entfalten k\u00f6nnen. In unserer Tajine werden Fleisch, Fisch und Gem\u00fcse schonend gegart. Der konische Deckel erm\u00f6glicht eine optimale Dampfzirkulation f\u00fcr ein gutes Schmorgericht.<\/p>\n<p>Die Tajine von Emile Henry besteht aus Flame-Keramik, einem nat\u00fcrlichen und inerten Material, das ein gesundes Garen Ihrer Gerichte gew\u00e4hrleistet. Er leitet die Hitze sanft und gleichm\u00e4\u00dfig, um alle Zutaten zu garen. Sie k\u00f6nnen ihn auf einer direkten W\u00e4rmequelle (Gas, Elektro, Glaskeramik, mit einer Induktionsrelaisplatte), aber auch im Backofen verwenden. Die Sch\u00fcssel ist tief genug, um alle Zutaten f\u00fcr die Tajine aufzunehmen. Achten Sie darauf, dass Sie die Schichten nacheinander anordnen, damit sie optimal garen:<\/p>\n<ul>\n<li>Die Speisen, die Sie am Boden platzieren, garen im Bratensaft und ben\u00f6tigen mehr Garzeit.<\/li>\n<li>Oben liegende Speisen werden ged\u00e4mpft, empfindlichere Speisen, die weniger gegart werden m\u00fcssen, liegen weit oben.<\/li>\n<\/ul>\n<p>Machen Sie viel mehr mit Ihrer Emile Henry Tajine! Sie k\u00f6nnen damit auch alle Arten von Schmorgerichten zubereiten, wie z.B. Eint\u00f6pfe, ein Rindergulasch&#8230; Versuchen Sie auch s\u00fc\u00dfe Rezepte. Die Tajine eignet sich zum Beispiel zum Kochen von frischem oder getrocknetem Obst in Karamell.<\/p>\n<p><strong>Einige Tipps zur Verwendung Ihrer Emile Henry-Tagine:<\/strong><\/p>\n<p>Beginnen Sie die ersten 5 Minuten immer auf niedriger Stufe, um die Temperatur allm\u00e4hlich zu erh\u00f6hen. Erhitzen Sie den Boden Ihrer leeren Tajine nicht: F\u00fcgen Sie immer ein wenig Wasser oder \u00d6l hinzu. Achten Sie darauf, dass sich w\u00e4hrend des Kochens immer Saft in der Tajine befindet. Falls erforderlich, k\u00f6nnen Sie ein kleines Glas Wasser hinzuf\u00fcgen. Halten Sie die Tajine w\u00e4hrend des Kochens geschlossen, Sie k\u00f6nnen sie nat\u00fcrlich schnell \u00f6ffnen, um weitere Zutaten und Gew\u00fcrze hinzuzuf\u00fcgen.<\/p>\n<p><strong>L\u00e4nge\/Durchmesser:<\/strong> 27cm<br \/>\n<strong>Breite:<\/strong> 27 cm<br \/>\n<strong>H\u00f6he:<\/strong> 20 cm<br \/>\n<strong>Gewicht &#8211; KG:<\/strong> 2.5 KG<br \/>\n<strong>H\u00f6chsttemperatur:<\/strong> 290 \u00b0C<br \/>\n<strong>Mindesttemperatur:<\/strong> -20 \u00b0C<\/p>\n","protected":false},"excerpt":{"rendered":"<p>Emile Henry wurde im Jahr 1850 gegr\u00fcndet. Die Keramik von Emile Henry erm\u00f6glicht eine allm\u00e4hliche W\u00e4rmeverteilung beim Garen von Speisen<\/p>\n","protected":false},"featured_media":140243,"template":"","meta":{"_acf_changed":false,"inline_featured_image":false},"product_cat":[6709,14785],"product_tag":[18435,11700],"acf":[],"yoast_head":"<!-- This site is optimized with the Yoast SEO Premium plugin v18.6 (Yoast SEO v19.13) - https:\/\/yoast.com\/wordpress\/plugins\/seo\/ -->\n<title>EMILE HENRY Tajine 27 cm Fusain<\/title>\n<meta name=\"description\" content=\"Entdecken Sie EMILE HENRY Tajine 27 cm Fusain bei ErresseShop. Qualit\u00e4t, Stil und Funktionalit\u00e4t \u2013 jetzt online bestellen!\" \/>\n<meta name=\"robots\" content=\"index, follow, max-snippet:-1, max-image-preview:large, max-video-preview:-1\" \/>\n<link rel=\"canonical\" href=\"https:\/\/www.erresse-shop.it\/de\/shop\/toepfe-pfannen\/tajine-de\/emile-henry-tajine-27-cm-fusain\/\" \/>\n<meta property=\"og:locale\" content=\"de_DE\" \/>\n<meta property=\"og:type\" content=\"article\" \/>\n<meta property=\"og:title\" content=\"EMILE HENRY Tajine 27 cm Fusain\" \/>\n<meta property=\"og:description\" content=\"Entdecken Sie EMILE HENRY Tajine 27 cm Fusain bei ErresseShop. Qualit\u00e4t, Stil und Funktionalit\u00e4t \u2013 jetzt online bestellen!\" \/>\n<meta property=\"og:url\" content=\"https:\/\/www.erresse-shop.it\/de\/shop\/toepfe-pfannen\/tajine-de\/emile-henry-tajine-27-cm-fusain\/\" \/>\n<meta property=\"og:site_name\" content=\"Erresse Shop\" \/>\n<meta property=\"article:modified_time\" content=\"2025-01-16T14:58:59+00:00\" \/>\n<meta property=\"og:image\" content=\"https:\/\/www.erresse-shop.it\/wp-content\/uploads\/2022\/02\/EMILE-HENRY-Tajine-Grand-Cru-27-cm-Nero.jpg\" \/>\n\t<meta property=\"og:image:width\" content=\"1000\" \/>\n\t<meta property=\"og:image:height\" content=\"1000\" \/>\n\t<meta property=\"og:image:type\" content=\"image\/jpeg\" \/>\n<meta name=\"twitter:card\" content=\"summary_large_image\" \/>\n<script type=\"application\/ld+json\" class=\"yoast-schema-graph\">{\"@context\":\"https:\/\/schema.org\",\"@graph\":[{\"@type\":\"WebPage\",\"@id\":\"https:\/\/www.erresse-shop.it\/de\/shop\/toepfe-pfannen\/tajine-de\/emile-henry-tajine-27-cm-fusain\/\",\"url\":\"https:\/\/www.erresse-shop.it\/de\/shop\/toepfe-pfannen\/tajine-de\/emile-henry-tajine-27-cm-fusain\/\",\"name\":\"EMILE HENRY Tajine 27 cm Fusain\",\"isPartOf\":{\"@id\":\"https:\/\/www.erresse-shop.it\/de\/#website\"},\"datePublished\":\"2022-02-11T15:07:50+00:00\",\"dateModified\":\"2025-01-16T14:58:59+00:00\",\"description\":\"Entdecken Sie EMILE HENRY Tajine 27 cm Fusain bei ErresseShop. Qualit\u00e4t, Stil und Funktionalit\u00e4t \u2013 jetzt online bestellen!\",\"breadcrumb\":{\"@id\":\"https:\/\/www.erresse-shop.it\/de\/shop\/toepfe-pfannen\/tajine-de\/emile-henry-tajine-27-cm-fusain\/#breadcrumb\"},\"inLanguage\":\"de-DE\",\"potentialAction\":[{\"@type\":\"ReadAction\",\"target\":[\"https:\/\/www.erresse-shop.it\/de\/shop\/toepfe-pfannen\/tajine-de\/emile-henry-tajine-27-cm-fusain\/\"]}]},{\"@type\":\"BreadcrumbList\",\"@id\":\"https:\/\/www.erresse-shop.it\/de\/shop\/toepfe-pfannen\/tajine-de\/emile-henry-tajine-27-cm-fusain\/#breadcrumb\",\"itemListElement\":[{\"@type\":\"ListItem\",\"position\":1,\"name\":\"Home\",\"item\":\"https:\/\/www.erresse-shop.it\/de\/\"},{\"@type\":\"ListItem\",\"position\":2,\"name\":\"Shop\",\"item\":\"https:\/\/www.erresse-shop.it\/de\/shop\/\"},{\"@type\":\"ListItem\",\"position\":3,\"name\":\"EMILE HENRY Tajine 27 cm Fusain\"}]},{\"@type\":\"WebSite\",\"@id\":\"https:\/\/www.erresse-shop.it\/de\/#website\",\"url\":\"https:\/\/www.erresse-shop.it\/de\/\",\"name\":\"Erresse Shop\",\"description\":\"Articoli di qualit\u00e0 per la casa\",\"potentialAction\":[{\"@type\":\"SearchAction\",\"target\":{\"@type\":\"EntryPoint\",\"urlTemplate\":\"https:\/\/www.erresse-shop.it\/de\/?s={search_term_string}\"},\"query-input\":\"required name=search_term_string\"}],\"inLanguage\":\"de-DE\"}]}<\/script>\n<!-- \/ Yoast SEO Premium plugin. -->","yoast_head_json":{"title":"EMILE HENRY Tajine 27 cm Fusain","description":"Entdecken Sie EMILE HENRY Tajine 27 cm Fusain bei ErresseShop. Qualit\u00e4t, Stil und Funktionalit\u00e4t \u2013 jetzt online bestellen!","robots":{"index":"index","follow":"follow","max-snippet":"max-snippet:-1","max-image-preview":"max-image-preview:large","max-video-preview":"max-video-preview:-1"},"canonical":"https:\/\/www.erresse-shop.it\/de\/shop\/toepfe-pfannen\/tajine-de\/emile-henry-tajine-27-cm-fusain\/","og_locale":"de_DE","og_type":"article","og_title":"EMILE HENRY Tajine 27 cm Fusain","og_description":"Entdecken Sie EMILE HENRY Tajine 27 cm Fusain bei ErresseShop. Qualit\u00e4t, Stil und Funktionalit\u00e4t \u2013 jetzt online bestellen!","og_url":"https:\/\/www.erresse-shop.it\/de\/shop\/toepfe-pfannen\/tajine-de\/emile-henry-tajine-27-cm-fusain\/","og_site_name":"Erresse Shop","article_modified_time":"2025-01-16T14:58:59+00:00","og_image":[{"width":1000,"height":1000,"url":"https:\/\/www.erresse-shop.it\/wp-content\/uploads\/2022\/02\/EMILE-HENRY-Tajine-Grand-Cru-27-cm-Nero.jpg","type":"image\/jpeg"}],"twitter_card":"summary_large_image","schema":{"@context":"https:\/\/schema.org","@graph":[{"@type":"WebPage","@id":"https:\/\/www.erresse-shop.it\/de\/shop\/toepfe-pfannen\/tajine-de\/emile-henry-tajine-27-cm-fusain\/","url":"https:\/\/www.erresse-shop.it\/de\/shop\/toepfe-pfannen\/tajine-de\/emile-henry-tajine-27-cm-fusain\/","name":"EMILE HENRY Tajine 27 cm Fusain","isPartOf":{"@id":"https:\/\/www.erresse-shop.it\/de\/#website"},"datePublished":"2022-02-11T15:07:50+00:00","dateModified":"2025-01-16T14:58:59+00:00","description":"Entdecken Sie EMILE HENRY Tajine 27 cm Fusain bei ErresseShop. Qualit\u00e4t, Stil und Funktionalit\u00e4t \u2013 jetzt online bestellen!","breadcrumb":{"@id":"https:\/\/www.erresse-shop.it\/de\/shop\/toepfe-pfannen\/tajine-de\/emile-henry-tajine-27-cm-fusain\/#breadcrumb"},"inLanguage":"de-DE","potentialAction":[{"@type":"ReadAction","target":["https:\/\/www.erresse-shop.it\/de\/shop\/toepfe-pfannen\/tajine-de\/emile-henry-tajine-27-cm-fusain\/"]}]},{"@type":"BreadcrumbList","@id":"https:\/\/www.erresse-shop.it\/de\/shop\/toepfe-pfannen\/tajine-de\/emile-henry-tajine-27-cm-fusain\/#breadcrumb","itemListElement":[{"@type":"ListItem","position":1,"name":"Home","item":"https:\/\/www.erresse-shop.it\/de\/"},{"@type":"ListItem","position":2,"name":"Shop","item":"https:\/\/www.erresse-shop.it\/de\/shop\/"},{"@type":"ListItem","position":3,"name":"EMILE HENRY Tajine 27 cm Fusain"}]},{"@type":"WebSite","@id":"https:\/\/www.erresse-shop.it\/de\/#website","url":"https:\/\/www.erresse-shop.it\/de\/","name":"Erresse Shop","description":"Articoli di qualit\u00e0 per la casa","potentialAction":[{"@type":"SearchAction","target":{"@type":"EntryPoint","urlTemplate":"https:\/\/www.erresse-shop.it\/de\/?s={search_term_string}"},"query-input":"required name=search_term_string"}],"inLanguage":"de-DE"}]}},"df_price":84.95,"df_sale_price":84.95,"df_regular_price":117.5,"df_image_link":"https:\/\/www.erresse-shop.it\/wp-content\/uploads\/2022\/02\/EMILE-HENRY-Tajine-Grand-Cru-27-cm-Nero-300x300.jpg","_links":{"self":[{"href":"https:\/\/www.erresse-shop.it\/de\/wp-json\/wp\/v2\/product\/140228"}],"collection":[{"href":"https:\/\/www.erresse-shop.it\/de\/wp-json\/wp\/v2\/product"}],"about":[{"href":"https:\/\/www.erresse-shop.it\/de\/wp-json\/wp\/v2\/types\/product"}],"wp:featuredmedia":[{"embeddable":true,"href":"https:\/\/www.erresse-shop.it\/de\/wp-json\/wp\/v2\/media\/140243"}],"wp:attachment":[{"href":"https:\/\/www.erresse-shop.it\/de\/wp-json\/wp\/v2\/media?parent=140228"}],"wp:term":[{"taxonomy":"product_cat","embeddable":true,"href":"https:\/\/www.erresse-shop.it\/de\/wp-json\/wp\/v2\/product_cat?post=140228"},{"taxonomy":"product_tag","embeddable":true,"href":"https:\/\/www.erresse-shop.it\/de\/wp-json\/wp\/v2\/product_tag?post=140228"}],"curies":[{"name":"wp","href":"https:\/\/api.w.org\/{rel}","templated":true}]}}