{"id":139796,"date":"2022-02-03T11:37:18","date_gmt":"2022-02-03T11:37:20","guid":{"rendered":"https:\/\/www.erresse-shop.it\/?post_type=product&#038;p=139796"},"modified":"2025-01-22T07:10:18","modified_gmt":"2025-01-22T07:10:18","slug":"zafferano-pirolo-set-6-gemischte-glaser","status":"publish","type":"product","link":"https:\/\/www.erresse-shop.it\/de\/shop\/tisch\/trinkglaeser\/zafferano-pirolo-set-6-gemischte-glaser\/","title":{"rendered":"ZAFFERANO Pirolo Set 6 Gemischte Gl\u00e4ser"},"content":{"rendered":"<p><strong><span style=\"text-decoration: underline;\">Inhalt<\/span>:<\/strong><\/p>\n<ul>\n<li>1 wei\u00dfes Glas (PI00100)<\/li>\n<li>1 durchsichtiges Glas (PI00101)<\/li>\n<li>1 schwarzes Glas (PI00102)<\/li>\n<li>1 braunes Glas (PI00104)<\/li>\n<li>1 blauer Glas (PI00107)<\/li>\n<li>1 gr\u00fcner Glas (PI00113)<\/li>\n<\/ul>\n<p><strong><span style=\"text-decoration: underline;\">Fassungsverm\u00f6gen<\/span>:<\/strong> 40 cl<\/p>\n<p>Pirolo ist eine Kollektion von Bechern aus Borosilikatglas. Die Form des Glases ist vom Kreisel inspiriert: Ein kleines, vorstehendes Element an der Unterseite erm\u00f6glicht es ihm, sich um seine eigene Achse zu drehen und schr\u00e4g auf dem Tisch zu ruhen. Der Becher ist transparent, w\u00e4hrend das charakteristische Detail in verschiedenen Farben erh\u00e4ltlich ist.<\/p>\n<p>Aus dem Erfahrungsschatz von <strong>Federico de Majo<\/strong> in der Welt des Glases stammt die Zafferano-Kollektion von farbigem Glasgeschirr. Inspiriert von den einfachen Formen und Schattierungen der \u00e4ltesten Tradition des mundgeblasenen und mundgeblasenen Glases, jedoch mit innovativen Interpretationen, sind die Produkte von Zafferano die ideale Erg\u00e4nzung, um den Tisch mit Elementen von Wert und suggestiver \u00e4sthetischer Wirkung zu dekorieren.<\/p>\n<p>Die Qualit\u00e4t der Handwerkskunst in Verbindung mit dem italienischen Design verleiht diesen Kollektionen ihren Wert; daher sind kleine Unterschiede, wenn \u00fcberhaupt, als authentischer Wert zu betrachten, der von den Merkmalen einer hervorragenden Handwerkskunst zeugt. Jedes einzelne St\u00fcck ist signiert, was die Originalit\u00e4t des Produkts garantiert, mit viel Liebe zum Detail.<\/p>\n","protected":false},"excerpt":{"rendered":"<p>Inhalt: 1 wei\u00dfes Glas (PI00100) 1 durchsichtiges Glas (PI00101) 1 schwarzes Glas (PI00102) 1 braunes Glas (PI00104) 1 blauer Glas<\/p>\n","protected":false},"featured_media":139805,"template":"","meta":{"_acf_changed":false,"inline_featured_image":false},"product_cat":[6787,6811],"product_tag":[23705,23691,11483,24604,11487,21822,11489,11491],"acf":[],"yoast_head":"<!-- This site is optimized with the Yoast SEO Premium plugin v18.6 (Yoast SEO v19.13) - https:\/\/yoast.com\/wordpress\/plugins\/seo\/ -->\n<title>ZAFFERANO Pirolo Set 6 Gemischte Gl\u00e4ser<\/title>\n<meta name=\"description\" content=\"Entdecken Sie ZAFFERANO Pirolo Set 6 Gemischte Gl\u00e4ser bei ErresseShop. Qualit\u00e4t, Stil und Funktionalit\u00e4t \u2013 jetzt online bestellen!\" \/>\n<meta name=\"robots\" content=\"index, follow, max-snippet:-1, max-image-preview:large, max-video-preview:-1\" \/>\n<link rel=\"canonical\" href=\"https:\/\/www.erresse-shop.it\/de\/shop\/tisch\/trinkglaeser\/zafferano-pirolo-set-6-gemischte-glaser\/\" \/>\n<meta property=\"og:locale\" content=\"de_DE\" \/>\n<meta property=\"og:type\" content=\"article\" \/>\n<meta property=\"og:title\" content=\"ZAFFERANO Pirolo Set 6 Gemischte Gl\u00e4ser\" \/>\n<meta property=\"og:description\" content=\"Entdecken Sie ZAFFERANO Pirolo Set 6 Gemischte Gl\u00e4ser bei ErresseShop. Qualit\u00e4t, Stil und Funktionalit\u00e4t \u2013 jetzt online bestellen!\" \/>\n<meta property=\"og:url\" content=\"https:\/\/www.erresse-shop.it\/de\/shop\/tisch\/trinkglaeser\/zafferano-pirolo-set-6-gemischte-glaser\/\" \/>\n<meta property=\"og:site_name\" content=\"Erresse Shop\" \/>\n<meta property=\"article:modified_time\" content=\"2025-01-22T07:10:18+00:00\" \/>\n<meta property=\"og:image\" content=\"https:\/\/www.erresse-shop.it\/wp-content\/uploads\/2022\/02\/ZAFFERANO-Bicchiere-Tumbler-Pirolo-Junior-40.jpg\" \/>\n\t<meta property=\"og:image:width\" content=\"1000\" \/>\n\t<meta property=\"og:image:height\" content=\"1000\" \/>\n\t<meta property=\"og:image:type\" content=\"image\/jpeg\" \/>\n<meta name=\"twitter:card\" content=\"summary_large_image\" \/>\n<script type=\"application\/ld+json\" class=\"yoast-schema-graph\">{\"@context\":\"https:\/\/schema.org\",\"@graph\":[{\"@type\":\"WebPage\",\"@id\":\"https:\/\/www.erresse-shop.it\/de\/shop\/tisch\/trinkglaeser\/zafferano-pirolo-set-6-gemischte-glaser\/\",\"url\":\"https:\/\/www.erresse-shop.it\/de\/shop\/tisch\/trinkglaeser\/zafferano-pirolo-set-6-gemischte-glaser\/\",\"name\":\"ZAFFERANO Pirolo Set 6 Gemischte Gl\u00e4ser\",\"isPartOf\":{\"@id\":\"https:\/\/www.erresse-shop.it\/de\/#website\"},\"datePublished\":\"2022-02-03T11:37:20+00:00\",\"dateModified\":\"2025-01-22T07:10:18+00:00\",\"description\":\"Entdecken Sie ZAFFERANO Pirolo Set 6 Gemischte Gl\u00e4ser bei ErresseShop. Qualit\u00e4t, Stil und Funktionalit\u00e4t \u2013 jetzt online bestellen!\",\"breadcrumb\":{\"@id\":\"https:\/\/www.erresse-shop.it\/de\/shop\/tisch\/trinkglaeser\/zafferano-pirolo-set-6-gemischte-glaser\/#breadcrumb\"},\"inLanguage\":\"de-DE\",\"potentialAction\":[{\"@type\":\"ReadAction\",\"target\":[\"https:\/\/www.erresse-shop.it\/de\/shop\/tisch\/trinkglaeser\/zafferano-pirolo-set-6-gemischte-glaser\/\"]}]},{\"@type\":\"BreadcrumbList\",\"@id\":\"https:\/\/www.erresse-shop.it\/de\/shop\/tisch\/trinkglaeser\/zafferano-pirolo-set-6-gemischte-glaser\/#breadcrumb\",\"itemListElement\":[{\"@type\":\"ListItem\",\"position\":1,\"name\":\"Home\",\"item\":\"https:\/\/www.erresse-shop.it\/de\/\"},{\"@type\":\"ListItem\",\"position\":2,\"name\":\"Shop\",\"item\":\"https:\/\/www.erresse-shop.it\/de\/shop\/\"},{\"@type\":\"ListItem\",\"position\":3,\"name\":\"ZAFFERANO Pirolo Set 6 Gemischte Gl\u00e4ser\"}]},{\"@type\":\"WebSite\",\"@id\":\"https:\/\/www.erresse-shop.it\/de\/#website\",\"url\":\"https:\/\/www.erresse-shop.it\/de\/\",\"name\":\"Erresse Shop\",\"description\":\"Articoli di qualit\u00e0 per la casa\",\"potentialAction\":[{\"@type\":\"SearchAction\",\"target\":{\"@type\":\"EntryPoint\",\"urlTemplate\":\"https:\/\/www.erresse-shop.it\/de\/?s={search_term_string}\"},\"query-input\":\"required name=search_term_string\"}],\"inLanguage\":\"de-DE\"}]}<\/script>\n<!-- \/ Yoast SEO Premium plugin. -->","yoast_head_json":{"title":"ZAFFERANO Pirolo Set 6 Gemischte Gl\u00e4ser","description":"Entdecken Sie ZAFFERANO Pirolo Set 6 Gemischte Gl\u00e4ser bei ErresseShop. Qualit\u00e4t, Stil und Funktionalit\u00e4t \u2013 jetzt online bestellen!","robots":{"index":"index","follow":"follow","max-snippet":"max-snippet:-1","max-image-preview":"max-image-preview:large","max-video-preview":"max-video-preview:-1"},"canonical":"https:\/\/www.erresse-shop.it\/de\/shop\/tisch\/trinkglaeser\/zafferano-pirolo-set-6-gemischte-glaser\/","og_locale":"de_DE","og_type":"article","og_title":"ZAFFERANO Pirolo Set 6 Gemischte Gl\u00e4ser","og_description":"Entdecken Sie ZAFFERANO Pirolo Set 6 Gemischte Gl\u00e4ser bei ErresseShop. Qualit\u00e4t, Stil und Funktionalit\u00e4t \u2013 jetzt online bestellen!","og_url":"https:\/\/www.erresse-shop.it\/de\/shop\/tisch\/trinkglaeser\/zafferano-pirolo-set-6-gemischte-glaser\/","og_site_name":"Erresse Shop","article_modified_time":"2025-01-22T07:10:18+00:00","og_image":[{"width":1000,"height":1000,"url":"https:\/\/www.erresse-shop.it\/wp-content\/uploads\/2022\/02\/ZAFFERANO-Bicchiere-Tumbler-Pirolo-Junior-40.jpg","type":"image\/jpeg"}],"twitter_card":"summary_large_image","schema":{"@context":"https:\/\/schema.org","@graph":[{"@type":"WebPage","@id":"https:\/\/www.erresse-shop.it\/de\/shop\/tisch\/trinkglaeser\/zafferano-pirolo-set-6-gemischte-glaser\/","url":"https:\/\/www.erresse-shop.it\/de\/shop\/tisch\/trinkglaeser\/zafferano-pirolo-set-6-gemischte-glaser\/","name":"ZAFFERANO Pirolo Set 6 Gemischte Gl\u00e4ser","isPartOf":{"@id":"https:\/\/www.erresse-shop.it\/de\/#website"},"datePublished":"2022-02-03T11:37:20+00:00","dateModified":"2025-01-22T07:10:18+00:00","description":"Entdecken Sie ZAFFERANO Pirolo Set 6 Gemischte Gl\u00e4ser bei ErresseShop. Qualit\u00e4t, Stil und Funktionalit\u00e4t \u2013 jetzt online bestellen!","breadcrumb":{"@id":"https:\/\/www.erresse-shop.it\/de\/shop\/tisch\/trinkglaeser\/zafferano-pirolo-set-6-gemischte-glaser\/#breadcrumb"},"inLanguage":"de-DE","potentialAction":[{"@type":"ReadAction","target":["https:\/\/www.erresse-shop.it\/de\/shop\/tisch\/trinkglaeser\/zafferano-pirolo-set-6-gemischte-glaser\/"]}]},{"@type":"BreadcrumbList","@id":"https:\/\/www.erresse-shop.it\/de\/shop\/tisch\/trinkglaeser\/zafferano-pirolo-set-6-gemischte-glaser\/#breadcrumb","itemListElement":[{"@type":"ListItem","position":1,"name":"Home","item":"https:\/\/www.erresse-shop.it\/de\/"},{"@type":"ListItem","position":2,"name":"Shop","item":"https:\/\/www.erresse-shop.it\/de\/shop\/"},{"@type":"ListItem","position":3,"name":"ZAFFERANO Pirolo Set 6 Gemischte Gl\u00e4ser"}]},{"@type":"WebSite","@id":"https:\/\/www.erresse-shop.it\/de\/#website","url":"https:\/\/www.erresse-shop.it\/de\/","name":"Erresse Shop","description":"Articoli di qualit\u00e0 per la casa","potentialAction":[{"@type":"SearchAction","target":{"@type":"EntryPoint","urlTemplate":"https:\/\/www.erresse-shop.it\/de\/?s={search_term_string}"},"query-input":"required name=search_term_string"}],"inLanguage":"de-DE"}]}},"df_price":39.6,"df_sale_price":39.6,"df_regular_price":88,"df_image_link":"https:\/\/www.erresse-shop.it\/wp-content\/uploads\/2022\/02\/ZAFFERANO-Bicchiere-Tumbler-Pirolo-Junior-40-300x300.jpg","_links":{"self":[{"href":"https:\/\/www.erresse-shop.it\/de\/wp-json\/wp\/v2\/product\/139796"}],"collection":[{"href":"https:\/\/www.erresse-shop.it\/de\/wp-json\/wp\/v2\/product"}],"about":[{"href":"https:\/\/www.erresse-shop.it\/de\/wp-json\/wp\/v2\/types\/product"}],"wp:featuredmedia":[{"embeddable":true,"href":"https:\/\/www.erresse-shop.it\/de\/wp-json\/wp\/v2\/media\/139805"}],"wp:attachment":[{"href":"https:\/\/www.erresse-shop.it\/de\/wp-json\/wp\/v2\/media?parent=139796"}],"wp:term":[{"taxonomy":"product_cat","embeddable":true,"href":"https:\/\/www.erresse-shop.it\/de\/wp-json\/wp\/v2\/product_cat?post=139796"},{"taxonomy":"product_tag","embeddable":true,"href":"https:\/\/www.erresse-shop.it\/de\/wp-json\/wp\/v2\/product_tag?post=139796"}],"curies":[{"name":"wp","href":"https:\/\/api.w.org\/{rel}","templated":true}]}}