{"id":139296,"date":"2022-01-28T11:32:30","date_gmt":"2022-01-28T11:32:31","guid":{"rendered":"https:\/\/www.erresse-shop.it\/?post_type=product&#038;p=139296"},"modified":"2025-01-17T08:25:14","modified_gmt":"2025-01-17T08:25:14","slug":"le-creuset-amour-6-herz-muffins-formen-i-love-you","status":"publish","type":"product","link":"https:\/\/www.erresse-shop.it\/de\/shop\/toepfe-pfannen\/toepfe-und-backformen\/le-creuset-amour-6-herz-muffins-formen-i-love-you\/","title":{"rendered":"LE CREUSET Amour 6 Herz-Muffins Formen I Love You"},"content":{"rendered":"<p>Machen Sie s\u00fc\u00dfe Leckereien zum Muttertag, zum Valentinstag, zu einem besonderen Jahrestag oder einfach nur so, weil Ihnen danach ist. Diese Form enth\u00e4lt sechs Herzformen, mit denen sich unwiderstehliche Desserts kreieren lassen. Dank der Antihaft-Technologie lassen sich Ihre Kreationen m\u00fchelos abl\u00f6sen &#8211; f\u00fcr pr\u00e4zise und bezaubernde Ergebnisse.<\/p>\n<ul>\n<li>Sicheres Anheben: Wir haben hitzebest\u00e4ndige Silikoneins\u00e4tze am Rand angebracht, die f\u00fcr besseren Halt und leichteres Anheben sorgen.<\/li>\n<li>Backofengeeignet: Unsere Formen sind bis zu 240\u00b0C backofengeeignet.<\/li>\n<li>Best in Class: Unsere Produkte werden aus den besten Materialien in Fabriken auf der ganzen Welt hergestellt, um die Qualit\u00e4t zu gew\u00e4hrleisten, die Sie von Le Creuset erwarten.<\/li>\n<\/ul>\n","protected":false},"excerpt":{"rendered":"<p>Machen Sie s\u00fc\u00dfe Leckereien zum Muttertag, zum Valentinstag, zu einem besonderen Jahrestag oder einfach nur so, weil Ihnen danach ist.<\/p>\n","protected":false},"featured_media":179071,"template":"","meta":{"_acf_changed":false,"inline_featured_image":false},"product_cat":[6709,14806,14809],"product_tag":[25088,11555,11383,14557,12201,18372,25022,24301],"acf":[],"yoast_head":"<!-- This site is optimized with the Yoast SEO Premium plugin v18.6 (Yoast SEO v19.13) - https:\/\/yoast.com\/wordpress\/plugins\/seo\/ -->\n<title>LE CREUSET Amour 6 Herz-Muffins Formen I Love You<\/title>\n<meta name=\"description\" content=\"Entdecken Sie LE CREUSET Amour 6 Herz-Muffins Formen I Love You bei ErresseShop. Qualit\u00e4t, Stil und Funktionalit\u00e4t \u2013 jetzt online bestellen!\" \/>\n<meta name=\"robots\" content=\"index, follow, max-snippet:-1, max-image-preview:large, max-video-preview:-1\" \/>\n<link rel=\"canonical\" href=\"https:\/\/www.erresse-shop.it\/de\/shop\/toepfe-pfannen\/toepfe-und-backformen\/le-creuset-amour-6-herz-muffins-formen-i-love-you\/\" \/>\n<meta property=\"og:locale\" content=\"de_DE\" \/>\n<meta property=\"og:type\" content=\"article\" \/>\n<meta property=\"og:title\" content=\"LE CREUSET Amour 6 Herz-Muffins Formen I Love You\" \/>\n<meta property=\"og:description\" content=\"Entdecken Sie LE CREUSET Amour 6 Herz-Muffins Formen I Love You bei ErresseShop. Qualit\u00e4t, Stil und Funktionalit\u00e4t \u2013 jetzt online bestellen!\" \/>\n<meta property=\"og:url\" content=\"https:\/\/www.erresse-shop.it\/de\/shop\/toepfe-pfannen\/toepfe-und-backformen\/le-creuset-amour-6-herz-muffins-formen-i-love-you\/\" \/>\n<meta property=\"og:site_name\" content=\"Erresse Shop\" \/>\n<meta property=\"article:modified_time\" content=\"2025-01-17T08:25:14+00:00\" \/>\n<meta property=\"og:image\" content=\"https:\/\/www.erresse-shop.it\/wp-content\/uploads\/2022\/01\/LE-CREUSET-Stampo-6-Muffin-Cuore-I-Love-You-2-1.jpg\" \/>\n\t<meta property=\"og:image:width\" content=\"800\" \/>\n\t<meta property=\"og:image:height\" content=\"800\" \/>\n\t<meta property=\"og:image:type\" content=\"image\/jpeg\" \/>\n<meta name=\"twitter:card\" content=\"summary_large_image\" \/>\n<script type=\"application\/ld+json\" class=\"yoast-schema-graph\">{\"@context\":\"https:\/\/schema.org\",\"@graph\":[{\"@type\":\"WebPage\",\"@id\":\"https:\/\/www.erresse-shop.it\/de\/shop\/toepfe-pfannen\/toepfe-und-backformen\/le-creuset-amour-6-herz-muffins-formen-i-love-you\/\",\"url\":\"https:\/\/www.erresse-shop.it\/de\/shop\/toepfe-pfannen\/toepfe-und-backformen\/le-creuset-amour-6-herz-muffins-formen-i-love-you\/\",\"name\":\"LE CREUSET Amour 6 Herz-Muffins Formen I Love You\",\"isPartOf\":{\"@id\":\"https:\/\/www.erresse-shop.it\/de\/#website\"},\"datePublished\":\"2022-01-28T11:32:31+00:00\",\"dateModified\":\"2025-01-17T08:25:14+00:00\",\"description\":\"Entdecken Sie LE CREUSET Amour 6 Herz-Muffins Formen I Love You bei ErresseShop. Qualit\u00e4t, Stil und Funktionalit\u00e4t \u2013 jetzt online bestellen!\",\"breadcrumb\":{\"@id\":\"https:\/\/www.erresse-shop.it\/de\/shop\/toepfe-pfannen\/toepfe-und-backformen\/le-creuset-amour-6-herz-muffins-formen-i-love-you\/#breadcrumb\"},\"inLanguage\":\"de-DE\",\"potentialAction\":[{\"@type\":\"ReadAction\",\"target\":[\"https:\/\/www.erresse-shop.it\/de\/shop\/toepfe-pfannen\/toepfe-und-backformen\/le-creuset-amour-6-herz-muffins-formen-i-love-you\/\"]}]},{\"@type\":\"BreadcrumbList\",\"@id\":\"https:\/\/www.erresse-shop.it\/de\/shop\/toepfe-pfannen\/toepfe-und-backformen\/le-creuset-amour-6-herz-muffins-formen-i-love-you\/#breadcrumb\",\"itemListElement\":[{\"@type\":\"ListItem\",\"position\":1,\"name\":\"Home\",\"item\":\"https:\/\/www.erresse-shop.it\/de\/\"},{\"@type\":\"ListItem\",\"position\":2,\"name\":\"Shop\",\"item\":\"https:\/\/www.erresse-shop.it\/de\/shop\/\"},{\"@type\":\"ListItem\",\"position\":3,\"name\":\"LE CREUSET Amour 6 Herz-Muffins Formen I Love You\"}]},{\"@type\":\"WebSite\",\"@id\":\"https:\/\/www.erresse-shop.it\/de\/#website\",\"url\":\"https:\/\/www.erresse-shop.it\/de\/\",\"name\":\"Erresse Shop\",\"description\":\"Articoli di qualit\u00e0 per la casa\",\"potentialAction\":[{\"@type\":\"SearchAction\",\"target\":{\"@type\":\"EntryPoint\",\"urlTemplate\":\"https:\/\/www.erresse-shop.it\/de\/?s={search_term_string}\"},\"query-input\":\"required name=search_term_string\"}],\"inLanguage\":\"de-DE\"}]}<\/script>\n<!-- \/ Yoast SEO Premium plugin. -->","yoast_head_json":{"title":"LE CREUSET Amour 6 Herz-Muffins Formen I Love You","description":"Entdecken Sie LE CREUSET Amour 6 Herz-Muffins Formen I Love You bei ErresseShop. Qualit\u00e4t, Stil und Funktionalit\u00e4t \u2013 jetzt online bestellen!","robots":{"index":"index","follow":"follow","max-snippet":"max-snippet:-1","max-image-preview":"max-image-preview:large","max-video-preview":"max-video-preview:-1"},"canonical":"https:\/\/www.erresse-shop.it\/de\/shop\/toepfe-pfannen\/toepfe-und-backformen\/le-creuset-amour-6-herz-muffins-formen-i-love-you\/","og_locale":"de_DE","og_type":"article","og_title":"LE CREUSET Amour 6 Herz-Muffins Formen I Love You","og_description":"Entdecken Sie LE CREUSET Amour 6 Herz-Muffins Formen I Love You bei ErresseShop. Qualit\u00e4t, Stil und Funktionalit\u00e4t \u2013 jetzt online bestellen!","og_url":"https:\/\/www.erresse-shop.it\/de\/shop\/toepfe-pfannen\/toepfe-und-backformen\/le-creuset-amour-6-herz-muffins-formen-i-love-you\/","og_site_name":"Erresse Shop","article_modified_time":"2025-01-17T08:25:14+00:00","og_image":[{"width":800,"height":800,"url":"https:\/\/www.erresse-shop.it\/wp-content\/uploads\/2022\/01\/LE-CREUSET-Stampo-6-Muffin-Cuore-I-Love-You-2-1.jpg","type":"image\/jpeg"}],"twitter_card":"summary_large_image","schema":{"@context":"https:\/\/schema.org","@graph":[{"@type":"WebPage","@id":"https:\/\/www.erresse-shop.it\/de\/shop\/toepfe-pfannen\/toepfe-und-backformen\/le-creuset-amour-6-herz-muffins-formen-i-love-you\/","url":"https:\/\/www.erresse-shop.it\/de\/shop\/toepfe-pfannen\/toepfe-und-backformen\/le-creuset-amour-6-herz-muffins-formen-i-love-you\/","name":"LE CREUSET Amour 6 Herz-Muffins Formen I Love You","isPartOf":{"@id":"https:\/\/www.erresse-shop.it\/de\/#website"},"datePublished":"2022-01-28T11:32:31+00:00","dateModified":"2025-01-17T08:25:14+00:00","description":"Entdecken Sie LE CREUSET Amour 6 Herz-Muffins Formen I Love You bei ErresseShop. Qualit\u00e4t, Stil und Funktionalit\u00e4t \u2013 jetzt online bestellen!","breadcrumb":{"@id":"https:\/\/www.erresse-shop.it\/de\/shop\/toepfe-pfannen\/toepfe-und-backformen\/le-creuset-amour-6-herz-muffins-formen-i-love-you\/#breadcrumb"},"inLanguage":"de-DE","potentialAction":[{"@type":"ReadAction","target":["https:\/\/www.erresse-shop.it\/de\/shop\/toepfe-pfannen\/toepfe-und-backformen\/le-creuset-amour-6-herz-muffins-formen-i-love-you\/"]}]},{"@type":"BreadcrumbList","@id":"https:\/\/www.erresse-shop.it\/de\/shop\/toepfe-pfannen\/toepfe-und-backformen\/le-creuset-amour-6-herz-muffins-formen-i-love-you\/#breadcrumb","itemListElement":[{"@type":"ListItem","position":1,"name":"Home","item":"https:\/\/www.erresse-shop.it\/de\/"},{"@type":"ListItem","position":2,"name":"Shop","item":"https:\/\/www.erresse-shop.it\/de\/shop\/"},{"@type":"ListItem","position":3,"name":"LE CREUSET Amour 6 Herz-Muffins Formen I Love You"}]},{"@type":"WebSite","@id":"https:\/\/www.erresse-shop.it\/de\/#website","url":"https:\/\/www.erresse-shop.it\/de\/","name":"Erresse Shop","description":"Articoli di qualit\u00e0 per la casa","potentialAction":[{"@type":"SearchAction","target":{"@type":"EntryPoint","urlTemplate":"https:\/\/www.erresse-shop.it\/de\/?s={search_term_string}"},"query-input":"required name=search_term_string"}],"inLanguage":"de-DE"}]}},"df_price":20.25,"df_sale_price":20.25,"df_regular_price":45,"df_image_link":"https:\/\/www.erresse-shop.it\/wp-content\/uploads\/2022\/01\/LE-CREUSET-Stampo-6-Muffin-Cuore-I-Love-You-2-1-300x300.jpg","_links":{"self":[{"href":"https:\/\/www.erresse-shop.it\/de\/wp-json\/wp\/v2\/product\/139296"}],"collection":[{"href":"https:\/\/www.erresse-shop.it\/de\/wp-json\/wp\/v2\/product"}],"about":[{"href":"https:\/\/www.erresse-shop.it\/de\/wp-json\/wp\/v2\/types\/product"}],"wp:featuredmedia":[{"embeddable":true,"href":"https:\/\/www.erresse-shop.it\/de\/wp-json\/wp\/v2\/media\/179071"}],"wp:attachment":[{"href":"https:\/\/www.erresse-shop.it\/de\/wp-json\/wp\/v2\/media?parent=139296"}],"wp:term":[{"taxonomy":"product_cat","embeddable":true,"href":"https:\/\/www.erresse-shop.it\/de\/wp-json\/wp\/v2\/product_cat?post=139296"},{"taxonomy":"product_tag","embeddable":true,"href":"https:\/\/www.erresse-shop.it\/de\/wp-json\/wp\/v2\/product_tag?post=139296"}],"curies":[{"name":"wp","href":"https:\/\/api.w.org\/{rel}","templated":true}]}}