{"id":138836,"date":"2022-01-27T08:31:34","date_gmt":"2022-01-27T08:31:35","guid":{"rendered":"https:\/\/www.erresse-shop.it\/?post_type=product&#038;p=138836"},"modified":"2025-01-17T08:25:12","modified_gmt":"2025-01-17T08:25:12","slug":"le-creuset-amour-herzcocotte-20-cm-shell-pink","status":"publish","type":"product","link":"https:\/\/www.erresse-shop.it\/de\/shop\/toepfe-pfannen\/schalldaempfer-und-kokotten\/le-creuset-amour-herzcocotte-20-cm-shell-pink\/","title":{"rendered":"LE CREUSET Amour Herzcocotte 20 cm Shell Pink"},"content":{"rendered":"<p>Dieses mit Liebe geschaffene Kultobjekt ist die perfekte Geschenkidee f\u00fcr den Muttertag, den Valentinstag, einen Geburtstag oder eine Hochzeit, die in Erinnerung bleibt. Die zierliche Herzform unterscheidet ihn von den anderen T\u00f6pfen und Pfannen der Kollektion aus verglastem Gusseisen, aber seine Funktionalit\u00e4t ist die gleiche. Das verglaste Gusseisen erhitzt gleichm\u00e4\u00dfig f\u00fcr k\u00f6stliche Aromen und h\u00e4lt Speisen l\u00e4nger warm, wenn Sie sie bei Tisch pr\u00e4sentieren. Es eignet sich perfekt f\u00fcr Eint\u00f6pfe, Braten, Suppen, Aufl\u00e4ufe und herzf\u00f6rmige Kuchen. Und der sch\u00f6ne, hitzebest\u00e4ndige herzf\u00f6rmige Knopf verleiht dem Ganzen den letzten Schliff.<\/p>\n<ul>\n<li>Unser hitzebest\u00e4ndiger Knopf (bis 260 \u00b0C) ist so konzipiert, dass er auch dann gut in der Hand liegt, wenn der Deckel mit einem Topflappen angehoben wird.<\/li>\n<li>Traumhafte Griffe: Dank unserer breiten Griffe k\u00f6nnen Sie auch mit Ofenhandschuhen problemlos vom Kochfeld auf den Tisch wechseln.<\/li>\n<li>Vielseitigkeit: Dieses Produkt ist auch zum Backen im Grillmodus und zum Kochen geeignet.<\/li>\n<li>Hervorragender Geschmack: Das verglaste Gusseisen speichert die Hitze und sorgt f\u00fcr gleichm\u00e4\u00dfiges Garen und Br\u00e4unen. So bleiben Ihre k\u00f6stlichen Kreationen am Tisch l\u00e4nger hei\u00df.<\/li>\n<li>Bewahrt die Saftigkeit: Unser Deckel h\u00e4lt den Dampf, der beim Garen der Speisen entsteht, zur\u00fcck und verst\u00e4rkt die Aromen f\u00fcr au\u00dfergew\u00f6hnliche Garergebnisse.<\/li>\n<li>Einfach zu halten: Die eleganten und bequemen Griffe erm\u00f6glichen ein sicheres Anheben des Produkts.<\/li>\n<li>Nicht zu hei\u00df: Kochen Sie bei gleichbleibend niedriger bis mittlerer Hitze, um Ihr Produkt aus verglastem Gusseisen zu schonen und k\u00f6stliche Ergebnisse zu erzielen.<\/li>\n<\/ul>\n<p><strong>W\u00c4RMEQUELLEN<\/strong><\/p>\n<ul>\n<li>Backofen<\/li>\n<li>Backofen Grillmodus<\/li>\n<li>Kochfeld elektrisch<\/li>\n<li>Glas-Keramik<\/li>\n<li>Gas-Kochfeld<\/li>\n<li>Induktionskochfeld<\/li>\n<\/ul>\n<p><a style=\"font-size: 13px;\" href=\"https:\/\/www.youtube.com\/watch?v=HDOljJrHsg0\" target=\"_blank\" rel=\"noopener\">See Movie 1<\/a><br style=\"font-size: 13px;\" \/><a style=\"font-size: 13px;\" href=\"https:\/\/www.youtube.com\/watch?v=ro9F2zRA4gE\" target=\"_blank\" rel=\"noopener\">See Movie 2<\/a><\/p>\n","protected":false},"excerpt":{"rendered":"<p>Dieses mit Liebe geschaffene Kultobjekt ist die perfekte Geschenkidee f\u00fcr den Muttertag, den Valentinstag, einen Geburtstag oder eine Hochzeit, die<\/p>\n","protected":false},"featured_media":463529,"template":"","meta":{"_acf_changed":false,"inline_featured_image":false},"product_cat":[6709,14793],"product_tag":[11387,11383,14557,18359,11385,12315,12205,24301],"acf":[],"yoast_head":"<!-- This site is optimized with the Yoast SEO Premium plugin v18.6 (Yoast SEO v19.13) - https:\/\/yoast.com\/wordpress\/plugins\/seo\/ -->\n<title>LE CREUSET Amour Herzcocotte 20 cm Shell Pink<\/title>\n<meta name=\"description\" content=\"Entdecken Sie LE CREUSET Amour Herzcocotte 20 cm Shell Pink bei ErresseShop. Qualit\u00e4t, Stil und Funktionalit\u00e4t \u2013 jetzt online bestellen!\" \/>\n<meta name=\"robots\" content=\"index, follow, max-snippet:-1, max-image-preview:large, max-video-preview:-1\" \/>\n<link rel=\"canonical\" href=\"https:\/\/www.erresse-shop.it\/de\/shop\/toepfe-pfannen\/schalldaempfer-und-kokotten\/le-creuset-amour-herzcocotte-20-cm-shell-pink\/\" \/>\n<meta property=\"og:locale\" content=\"de_DE\" \/>\n<meta property=\"og:type\" content=\"article\" \/>\n<meta property=\"og:title\" content=\"LE CREUSET Amour Herzcocotte 20 cm Shell Pink\" \/>\n<meta property=\"og:description\" content=\"Entdecken Sie LE CREUSET Amour Herzcocotte 20 cm Shell Pink bei ErresseShop. Qualit\u00e4t, Stil und Funktionalit\u00e4t \u2013 jetzt online bestellen!\" \/>\n<meta property=\"og:url\" content=\"https:\/\/www.erresse-shop.it\/de\/shop\/toepfe-pfannen\/schalldaempfer-und-kokotten\/le-creuset-amour-herzcocotte-20-cm-shell-pink\/\" \/>\n<meta property=\"og:site_name\" content=\"Erresse Shop\" \/>\n<meta property=\"article:modified_time\" content=\"2025-01-17T08:25:12+00:00\" \/>\n<meta property=\"og:image\" content=\"https:\/\/www.erresse-shop.it\/wp-content\/uploads\/2022\/01\/LE-CREUSET-Amour-Casseruola-Cuore-20-cm-Shell-Pink.png\" \/>\n\t<meta property=\"og:image:width\" content=\"800\" \/>\n\t<meta property=\"og:image:height\" content=\"800\" \/>\n\t<meta property=\"og:image:type\" content=\"image\/png\" \/>\n<meta name=\"twitter:card\" content=\"summary_large_image\" \/>\n<script type=\"application\/ld+json\" class=\"yoast-schema-graph\">{\"@context\":\"https:\/\/schema.org\",\"@graph\":[{\"@type\":\"WebPage\",\"@id\":\"https:\/\/www.erresse-shop.it\/de\/shop\/toepfe-pfannen\/schalldaempfer-und-kokotten\/le-creuset-amour-herzcocotte-20-cm-shell-pink\/\",\"url\":\"https:\/\/www.erresse-shop.it\/de\/shop\/toepfe-pfannen\/schalldaempfer-und-kokotten\/le-creuset-amour-herzcocotte-20-cm-shell-pink\/\",\"name\":\"LE CREUSET Amour Herzcocotte 20 cm Shell Pink\",\"isPartOf\":{\"@id\":\"https:\/\/www.erresse-shop.it\/de\/#website\"},\"datePublished\":\"2022-01-27T08:31:35+00:00\",\"dateModified\":\"2025-01-17T08:25:12+00:00\",\"description\":\"Entdecken Sie LE CREUSET Amour Herzcocotte 20 cm Shell Pink bei ErresseShop. Qualit\u00e4t, Stil und Funktionalit\u00e4t \u2013 jetzt online bestellen!\",\"breadcrumb\":{\"@id\":\"https:\/\/www.erresse-shop.it\/de\/shop\/toepfe-pfannen\/schalldaempfer-und-kokotten\/le-creuset-amour-herzcocotte-20-cm-shell-pink\/#breadcrumb\"},\"inLanguage\":\"de-DE\",\"potentialAction\":[{\"@type\":\"ReadAction\",\"target\":[\"https:\/\/www.erresse-shop.it\/de\/shop\/toepfe-pfannen\/schalldaempfer-und-kokotten\/le-creuset-amour-herzcocotte-20-cm-shell-pink\/\"]}]},{\"@type\":\"BreadcrumbList\",\"@id\":\"https:\/\/www.erresse-shop.it\/de\/shop\/toepfe-pfannen\/schalldaempfer-und-kokotten\/le-creuset-amour-herzcocotte-20-cm-shell-pink\/#breadcrumb\",\"itemListElement\":[{\"@type\":\"ListItem\",\"position\":1,\"name\":\"Home\",\"item\":\"https:\/\/www.erresse-shop.it\/de\/\"},{\"@type\":\"ListItem\",\"position\":2,\"name\":\"Shop\",\"item\":\"https:\/\/www.erresse-shop.it\/de\/shop\/\"},{\"@type\":\"ListItem\",\"position\":3,\"name\":\"LE CREUSET Amour Herzcocotte 20 cm Shell Pink\"}]},{\"@type\":\"WebSite\",\"@id\":\"https:\/\/www.erresse-shop.it\/de\/#website\",\"url\":\"https:\/\/www.erresse-shop.it\/de\/\",\"name\":\"Erresse Shop\",\"description\":\"Articoli di qualit\u00e0 per la casa\",\"potentialAction\":[{\"@type\":\"SearchAction\",\"target\":{\"@type\":\"EntryPoint\",\"urlTemplate\":\"https:\/\/www.erresse-shop.it\/de\/?s={search_term_string}\"},\"query-input\":\"required name=search_term_string\"}],\"inLanguage\":\"de-DE\"}]}<\/script>\n<!-- \/ Yoast SEO Premium plugin. -->","yoast_head_json":{"title":"LE CREUSET Amour Herzcocotte 20 cm Shell Pink","description":"Entdecken Sie LE CREUSET Amour Herzcocotte 20 cm Shell Pink bei ErresseShop. Qualit\u00e4t, Stil und Funktionalit\u00e4t \u2013 jetzt online bestellen!","robots":{"index":"index","follow":"follow","max-snippet":"max-snippet:-1","max-image-preview":"max-image-preview:large","max-video-preview":"max-video-preview:-1"},"canonical":"https:\/\/www.erresse-shop.it\/de\/shop\/toepfe-pfannen\/schalldaempfer-und-kokotten\/le-creuset-amour-herzcocotte-20-cm-shell-pink\/","og_locale":"de_DE","og_type":"article","og_title":"LE CREUSET Amour Herzcocotte 20 cm Shell Pink","og_description":"Entdecken Sie LE CREUSET Amour Herzcocotte 20 cm Shell Pink bei ErresseShop. Qualit\u00e4t, Stil und Funktionalit\u00e4t \u2013 jetzt online bestellen!","og_url":"https:\/\/www.erresse-shop.it\/de\/shop\/toepfe-pfannen\/schalldaempfer-und-kokotten\/le-creuset-amour-herzcocotte-20-cm-shell-pink\/","og_site_name":"Erresse Shop","article_modified_time":"2025-01-17T08:25:12+00:00","og_image":[{"width":800,"height":800,"url":"https:\/\/www.erresse-shop.it\/wp-content\/uploads\/2022\/01\/LE-CREUSET-Amour-Casseruola-Cuore-20-cm-Shell-Pink.png","type":"image\/png"}],"twitter_card":"summary_large_image","schema":{"@context":"https:\/\/schema.org","@graph":[{"@type":"WebPage","@id":"https:\/\/www.erresse-shop.it\/de\/shop\/toepfe-pfannen\/schalldaempfer-und-kokotten\/le-creuset-amour-herzcocotte-20-cm-shell-pink\/","url":"https:\/\/www.erresse-shop.it\/de\/shop\/toepfe-pfannen\/schalldaempfer-und-kokotten\/le-creuset-amour-herzcocotte-20-cm-shell-pink\/","name":"LE CREUSET Amour Herzcocotte 20 cm Shell Pink","isPartOf":{"@id":"https:\/\/www.erresse-shop.it\/de\/#website"},"datePublished":"2022-01-27T08:31:35+00:00","dateModified":"2025-01-17T08:25:12+00:00","description":"Entdecken Sie LE CREUSET Amour Herzcocotte 20 cm Shell Pink bei ErresseShop. Qualit\u00e4t, Stil und Funktionalit\u00e4t \u2013 jetzt online bestellen!","breadcrumb":{"@id":"https:\/\/www.erresse-shop.it\/de\/shop\/toepfe-pfannen\/schalldaempfer-und-kokotten\/le-creuset-amour-herzcocotte-20-cm-shell-pink\/#breadcrumb"},"inLanguage":"de-DE","potentialAction":[{"@type":"ReadAction","target":["https:\/\/www.erresse-shop.it\/de\/shop\/toepfe-pfannen\/schalldaempfer-und-kokotten\/le-creuset-amour-herzcocotte-20-cm-shell-pink\/"]}]},{"@type":"BreadcrumbList","@id":"https:\/\/www.erresse-shop.it\/de\/shop\/toepfe-pfannen\/schalldaempfer-und-kokotten\/le-creuset-amour-herzcocotte-20-cm-shell-pink\/#breadcrumb","itemListElement":[{"@type":"ListItem","position":1,"name":"Home","item":"https:\/\/www.erresse-shop.it\/de\/"},{"@type":"ListItem","position":2,"name":"Shop","item":"https:\/\/www.erresse-shop.it\/de\/shop\/"},{"@type":"ListItem","position":3,"name":"LE CREUSET Amour Herzcocotte 20 cm Shell Pink"}]},{"@type":"WebSite","@id":"https:\/\/www.erresse-shop.it\/de\/#website","url":"https:\/\/www.erresse-shop.it\/de\/","name":"Erresse Shop","description":"Articoli di qualit\u00e0 per la casa","potentialAction":[{"@type":"SearchAction","target":{"@type":"EntryPoint","urlTemplate":"https:\/\/www.erresse-shop.it\/de\/?s={search_term_string}"},"query-input":"required name=search_term_string"}],"inLanguage":"de-DE"}]}},"df_price":107.55,"df_sale_price":107.55,"df_regular_price":239,"df_image_link":"https:\/\/www.erresse-shop.it\/wp-content\/uploads\/2022\/01\/LE-CREUSET-Amour-Casseruola-Cuore-20-cm-Shell-Pink-300x300.jpg","_links":{"self":[{"href":"https:\/\/www.erresse-shop.it\/de\/wp-json\/wp\/v2\/product\/138836"}],"collection":[{"href":"https:\/\/www.erresse-shop.it\/de\/wp-json\/wp\/v2\/product"}],"about":[{"href":"https:\/\/www.erresse-shop.it\/de\/wp-json\/wp\/v2\/types\/product"}],"wp:featuredmedia":[{"embeddable":true,"href":"https:\/\/www.erresse-shop.it\/de\/wp-json\/wp\/v2\/media\/463529"}],"wp:attachment":[{"href":"https:\/\/www.erresse-shop.it\/de\/wp-json\/wp\/v2\/media?parent=138836"}],"wp:term":[{"taxonomy":"product_cat","embeddable":true,"href":"https:\/\/www.erresse-shop.it\/de\/wp-json\/wp\/v2\/product_cat?post=138836"},{"taxonomy":"product_tag","embeddable":true,"href":"https:\/\/www.erresse-shop.it\/de\/wp-json\/wp\/v2\/product_tag?post=138836"}],"curies":[{"name":"wp","href":"https:\/\/api.w.org\/{rel}","templated":true}]}}