{"id":138502,"date":"2022-01-25T11:08:38","date_gmt":"2022-01-25T11:08:38","guid":{"rendered":"https:\/\/www.erresse-shop.it\/?post_type=product&#038;p=138502"},"modified":"2025-01-17T10:59:11","modified_gmt":"2025-01-17T10:59:11","slug":"les-jardins-de-la-comtesse-picknickkorb-2-personen-champs-elysees","status":"publish","type":"product","link":"https:\/\/www.erresse-shop.it\/de\/shop\/tisch\/picknickkoerbe\/les-jardins-de-la-comtesse-picknickkorb-2-personen-champs-elysees\/","title":{"rendered":"LES JARDINS DE LA COMTESSE Picknickkorb 2 Personen Champs Elys\u00e9es"},"content":{"rendered":"<p>Die Champs-Elys\u00e9es ist der sch\u00f6nste unserer Picknick-K\u00f6rbe f\u00fcr 2 Personen. Er ist aus honigfarbener Weide und Leder gefertigt. Dieser Picknickkorb f\u00fcr 2 Personen vereint Luxus, Tradition und Raffinesse. Wenn Sie eine unvergessliche Zeit erleben wollen, ist dieser Picknickkorb genau das Richtige f\u00fcr Sie. Ein wunderbares Geschenk f\u00fcr ein frisch verheiratetes Paar oder f\u00fcr den Kofferraum eines Sammlerautos.<\/p>\n<p>Dieser Korb wurde in Handarbeit aus Weide hergestellt. Sie besteht aus 2 breiten Lederriemen mit N\u00e4hten, die mit zwei Metallschnallen \u00fcberzogen und abgeschlossen sind.<\/p>\n<p>Ein mit gen\u00e4htem Leder \u00fcberzogener Griff erm\u00f6glicht das einfache Tragen des Korbes. An der Seite ist der Korb mit 2 gen\u00e4hten Lederriemen zur Aufbewahrung der Tischdecke ausgestattet. Das Innere des Picknickkorbs ist mit dunkelblauer Baumwolle und einem Monogramm bedeckt. Eine abnehmbare isothermische Tasche vervollst\u00e4ndigt den Korb. Die Teller, Gl\u00e4ser, Bestecke und Accessoires sind sp\u00fclmaschinenfest.<\/p>\n<p>INHALT<br \/>\n&#8211; 2 Teller (Durchmesser 20 cm) aus echtem feinem Porzellan, monogrammiert mit dem Wappen von Les Jardins de la Comtesse. Die Platten werden durch beidseitig angen\u00e4hte Lederriemen fixiert.<br \/>\n&#8211; 2 Glaspokale (14 cl), die in einzelnen Weidenf\u00e4chern angeordnet sind und von einem Lederband gehalten werden.<br \/>\n&#8211; 2 komplette Sets mit Designer-Besteck aus rostfreiem Stahl 18\/0, bestehend aus 2 Messern, 2 Gabeln und 2 L\u00f6ffeln, die von angen\u00e4hten Lederriemen gehalten werden.<br \/>\n&#8211; Salz- und Pfefferstreuer aus Metall in einem Lederetui.<br \/>\n&#8211; Ein Korkenzieher, ein Reifenheber, ein Flaschen\u00f6ffner, aufbewahrt in einem Lederetui.<br \/>\n&#8211; 2 Lederb\u00e4nder zum Halten einer Flasche<br \/>\n&#8211; 1 isothermisches Fach (26 x 16 x 14 cm) zur Aufbewahrung von Lebensmitteln<br \/>\n&#8211; 2 monogrammierte dunkelblaue Baumwollservietten 30 x 30 cm<br \/>\n&#8211; 1 dunkelblaue wasserdichte Plane 120 x 145 cm<br \/>\n&#8211; 1 kleine Tasche f\u00fcr die Aufbewahrung von schmutzigem Geschirr<\/p>\n<p>Gr\u00f6\u00dfe der Truhe: 48 x 33 x 21 cm.<br \/>\nNettogewicht: 4,5 kg<\/p>\n","protected":false},"excerpt":{"rendered":"<p>Die Champs-Elys\u00e9es ist der sch\u00f6nste unserer Picknick-K\u00f6rbe f\u00fcr 2 Personen. Er ist aus honigfarbener Weide und Leder gefertigt. Dieser Picknickkorb<\/p>\n","protected":false},"featured_media":138529,"template":"","meta":{"_acf_changed":false,"inline_featured_image":false},"product_cat":[6787,15508],"product_tag":[25038,13379,24398,24604,13487,15501,25022],"acf":[],"yoast_head":"<!-- This site is optimized with the Yoast SEO Premium plugin v18.6 (Yoast SEO v19.13) - https:\/\/yoast.com\/wordpress\/plugins\/seo\/ -->\n<title>LES JARDINS DE LA COMTESSE Picknickkorb 2 Personen Champs Elys\u00e9es<\/title>\n<meta name=\"description\" content=\"Entdecken Sie LES JARDINS DE LA COMTESSE Picknickkorb 2 Personen Champs Elys\u00e9es bei ErresseShop. Qualit\u00e4t, Stil und Funktionalit\u00e4t \u2013 jetzt online bestellen!\" \/>\n<meta name=\"robots\" content=\"index, follow, max-snippet:-1, max-image-preview:large, max-video-preview:-1\" \/>\n<link rel=\"canonical\" href=\"https:\/\/www.erresse-shop.it\/de\/shop\/tisch\/picknickkoerbe\/les-jardins-de-la-comtesse-picknickkorb-2-personen-champs-elysees\/\" \/>\n<meta property=\"og:locale\" content=\"de_DE\" \/>\n<meta property=\"og:type\" content=\"article\" \/>\n<meta property=\"og:title\" content=\"LES JARDINS DE LA COMTESSE Picknickkorb 2 Personen Champs Elys\u00e9es\" \/>\n<meta property=\"og:description\" content=\"Entdecken Sie LES JARDINS DE LA COMTESSE Picknickkorb 2 Personen Champs Elys\u00e9es bei ErresseShop. Qualit\u00e4t, Stil und Funktionalit\u00e4t \u2013 jetzt online bestellen!\" \/>\n<meta property=\"og:url\" content=\"https:\/\/www.erresse-shop.it\/de\/shop\/tisch\/picknickkoerbe\/les-jardins-de-la-comtesse-picknickkorb-2-personen-champs-elysees\/\" \/>\n<meta property=\"og:site_name\" content=\"Erresse Shop\" \/>\n<meta property=\"article:modified_time\" content=\"2025-01-17T10:59:11+00:00\" \/>\n<meta property=\"og:image\" content=\"https:\/\/www.erresse-shop.it\/wp-content\/uploads\/2022\/01\/LES-JARDINS-DE-LA-COMTESSE-Cestino-Picnic-Champs-Elysees-Blu.jpg\" \/>\n\t<meta property=\"og:image:width\" content=\"1000\" \/>\n\t<meta property=\"og:image:height\" content=\"1000\" \/>\n\t<meta property=\"og:image:type\" content=\"image\/jpeg\" \/>\n<meta name=\"twitter:card\" content=\"summary_large_image\" \/>\n<script type=\"application\/ld+json\" class=\"yoast-schema-graph\">{\"@context\":\"https:\/\/schema.org\",\"@graph\":[{\"@type\":\"WebPage\",\"@id\":\"https:\/\/www.erresse-shop.it\/de\/shop\/tisch\/picknickkoerbe\/les-jardins-de-la-comtesse-picknickkorb-2-personen-champs-elysees\/\",\"url\":\"https:\/\/www.erresse-shop.it\/de\/shop\/tisch\/picknickkoerbe\/les-jardins-de-la-comtesse-picknickkorb-2-personen-champs-elysees\/\",\"name\":\"LES JARDINS DE LA COMTESSE Picknickkorb 2 Personen Champs Elys\u00e9es\",\"isPartOf\":{\"@id\":\"https:\/\/www.erresse-shop.it\/de\/#website\"},\"datePublished\":\"2022-01-25T11:08:38+00:00\",\"dateModified\":\"2025-01-17T10:59:11+00:00\",\"description\":\"Entdecken Sie LES JARDINS DE LA COMTESSE Picknickkorb 2 Personen Champs Elys\u00e9es bei ErresseShop. Qualit\u00e4t, Stil und Funktionalit\u00e4t \u2013 jetzt online bestellen!\",\"breadcrumb\":{\"@id\":\"https:\/\/www.erresse-shop.it\/de\/shop\/tisch\/picknickkoerbe\/les-jardins-de-la-comtesse-picknickkorb-2-personen-champs-elysees\/#breadcrumb\"},\"inLanguage\":\"de-DE\",\"potentialAction\":[{\"@type\":\"ReadAction\",\"target\":[\"https:\/\/www.erresse-shop.it\/de\/shop\/tisch\/picknickkoerbe\/les-jardins-de-la-comtesse-picknickkorb-2-personen-champs-elysees\/\"]}]},{\"@type\":\"BreadcrumbList\",\"@id\":\"https:\/\/www.erresse-shop.it\/de\/shop\/tisch\/picknickkoerbe\/les-jardins-de-la-comtesse-picknickkorb-2-personen-champs-elysees\/#breadcrumb\",\"itemListElement\":[{\"@type\":\"ListItem\",\"position\":1,\"name\":\"Home\",\"item\":\"https:\/\/www.erresse-shop.it\/de\/\"},{\"@type\":\"ListItem\",\"position\":2,\"name\":\"Shop\",\"item\":\"https:\/\/www.erresse-shop.it\/de\/shop\/\"},{\"@type\":\"ListItem\",\"position\":3,\"name\":\"LES JARDINS DE LA COMTESSE Picknickkorb 2 Personen Champs Elys\u00e9es\"}]},{\"@type\":\"WebSite\",\"@id\":\"https:\/\/www.erresse-shop.it\/de\/#website\",\"url\":\"https:\/\/www.erresse-shop.it\/de\/\",\"name\":\"Erresse Shop\",\"description\":\"Articoli di qualit\u00e0 per la casa\",\"potentialAction\":[{\"@type\":\"SearchAction\",\"target\":{\"@type\":\"EntryPoint\",\"urlTemplate\":\"https:\/\/www.erresse-shop.it\/de\/?s={search_term_string}\"},\"query-input\":\"required name=search_term_string\"}],\"inLanguage\":\"de-DE\"}]}<\/script>\n<!-- \/ Yoast SEO Premium plugin. -->","yoast_head_json":{"title":"LES JARDINS DE LA COMTESSE Picknickkorb 2 Personen Champs Elys\u00e9es","description":"Entdecken Sie LES JARDINS DE LA COMTESSE Picknickkorb 2 Personen Champs Elys\u00e9es bei ErresseShop. Qualit\u00e4t, Stil und Funktionalit\u00e4t \u2013 jetzt online bestellen!","robots":{"index":"index","follow":"follow","max-snippet":"max-snippet:-1","max-image-preview":"max-image-preview:large","max-video-preview":"max-video-preview:-1"},"canonical":"https:\/\/www.erresse-shop.it\/de\/shop\/tisch\/picknickkoerbe\/les-jardins-de-la-comtesse-picknickkorb-2-personen-champs-elysees\/","og_locale":"de_DE","og_type":"article","og_title":"LES JARDINS DE LA COMTESSE Picknickkorb 2 Personen Champs Elys\u00e9es","og_description":"Entdecken Sie LES JARDINS DE LA COMTESSE Picknickkorb 2 Personen Champs Elys\u00e9es bei ErresseShop. Qualit\u00e4t, Stil und Funktionalit\u00e4t \u2013 jetzt online bestellen!","og_url":"https:\/\/www.erresse-shop.it\/de\/shop\/tisch\/picknickkoerbe\/les-jardins-de-la-comtesse-picknickkorb-2-personen-champs-elysees\/","og_site_name":"Erresse Shop","article_modified_time":"2025-01-17T10:59:11+00:00","og_image":[{"width":1000,"height":1000,"url":"https:\/\/www.erresse-shop.it\/wp-content\/uploads\/2022\/01\/LES-JARDINS-DE-LA-COMTESSE-Cestino-Picnic-Champs-Elysees-Blu.jpg","type":"image\/jpeg"}],"twitter_card":"summary_large_image","schema":{"@context":"https:\/\/schema.org","@graph":[{"@type":"WebPage","@id":"https:\/\/www.erresse-shop.it\/de\/shop\/tisch\/picknickkoerbe\/les-jardins-de-la-comtesse-picknickkorb-2-personen-champs-elysees\/","url":"https:\/\/www.erresse-shop.it\/de\/shop\/tisch\/picknickkoerbe\/les-jardins-de-la-comtesse-picknickkorb-2-personen-champs-elysees\/","name":"LES JARDINS DE LA COMTESSE Picknickkorb 2 Personen Champs Elys\u00e9es","isPartOf":{"@id":"https:\/\/www.erresse-shop.it\/de\/#website"},"datePublished":"2022-01-25T11:08:38+00:00","dateModified":"2025-01-17T10:59:11+00:00","description":"Entdecken Sie LES JARDINS DE LA COMTESSE Picknickkorb 2 Personen Champs Elys\u00e9es bei ErresseShop. Qualit\u00e4t, Stil und Funktionalit\u00e4t \u2013 jetzt online bestellen!","breadcrumb":{"@id":"https:\/\/www.erresse-shop.it\/de\/shop\/tisch\/picknickkoerbe\/les-jardins-de-la-comtesse-picknickkorb-2-personen-champs-elysees\/#breadcrumb"},"inLanguage":"de-DE","potentialAction":[{"@type":"ReadAction","target":["https:\/\/www.erresse-shop.it\/de\/shop\/tisch\/picknickkoerbe\/les-jardins-de-la-comtesse-picknickkorb-2-personen-champs-elysees\/"]}]},{"@type":"BreadcrumbList","@id":"https:\/\/www.erresse-shop.it\/de\/shop\/tisch\/picknickkoerbe\/les-jardins-de-la-comtesse-picknickkorb-2-personen-champs-elysees\/#breadcrumb","itemListElement":[{"@type":"ListItem","position":1,"name":"Home","item":"https:\/\/www.erresse-shop.it\/de\/"},{"@type":"ListItem","position":2,"name":"Shop","item":"https:\/\/www.erresse-shop.it\/de\/shop\/"},{"@type":"ListItem","position":3,"name":"LES JARDINS DE LA COMTESSE Picknickkorb 2 Personen Champs Elys\u00e9es"}]},{"@type":"WebSite","@id":"https:\/\/www.erresse-shop.it\/de\/#website","url":"https:\/\/www.erresse-shop.it\/de\/","name":"Erresse Shop","description":"Articoli di qualit\u00e0 per la casa","potentialAction":[{"@type":"SearchAction","target":{"@type":"EntryPoint","urlTemplate":"https:\/\/www.erresse-shop.it\/de\/?s={search_term_string}"},"query-input":"required name=search_term_string"}],"inLanguage":"de-DE"}]}},"df_price":118.19500000000001,"df_sale_price":118.19500000000001,"df_regular_price":214.9,"df_image_link":"https:\/\/www.erresse-shop.it\/wp-content\/uploads\/2022\/01\/LES-JARDINS-DE-LA-COMTESSE-Cestino-Picnic-Champs-Elysees-Blu-300x300.jpg","_links":{"self":[{"href":"https:\/\/www.erresse-shop.it\/de\/wp-json\/wp\/v2\/product\/138502"}],"collection":[{"href":"https:\/\/www.erresse-shop.it\/de\/wp-json\/wp\/v2\/product"}],"about":[{"href":"https:\/\/www.erresse-shop.it\/de\/wp-json\/wp\/v2\/types\/product"}],"wp:featuredmedia":[{"embeddable":true,"href":"https:\/\/www.erresse-shop.it\/de\/wp-json\/wp\/v2\/media\/138529"}],"wp:attachment":[{"href":"https:\/\/www.erresse-shop.it\/de\/wp-json\/wp\/v2\/media?parent=138502"}],"wp:term":[{"taxonomy":"product_cat","embeddable":true,"href":"https:\/\/www.erresse-shop.it\/de\/wp-json\/wp\/v2\/product_cat?post=138502"},{"taxonomy":"product_tag","embeddable":true,"href":"https:\/\/www.erresse-shop.it\/de\/wp-json\/wp\/v2\/product_tag?post=138502"}],"curies":[{"name":"wp","href":"https:\/\/api.w.org\/{rel}","templated":true}]}}