{"id":138076,"date":"2022-01-19T09:49:12","date_gmt":"2022-01-19T09:49:13","guid":{"rendered":"https:\/\/www.erresse-shop.it\/?post_type=product&#038;p=138076"},"modified":"2025-01-16T08:56:21","modified_gmt":"2025-01-16T08:56:21","slug":"bordallo-pinheiro-set-4-schussel-wassermelone-13-5-cm","status":"publish","type":"product","link":"https:\/\/www.erresse-shop.it\/de\/shop\/tisch\/koerbe-und-schalen\/bordallo-pinheiro-set-4-schussel-wassermelone-13-5-cm\/","title":{"rendered":"BORDALLO PINHEIRO Set 4 Sch\u00fcssel Wassermelone 13.5 cm"},"content":{"rendered":"<p>Diese farbenfrohen Schalen von Bordallo Pinheiro sind lustig und praktisch. Sie nehmen den Stil und die Farbe der sch\u00f6nen Wassermelone voll auf und eignen sich hervorragend als Obstschalen, kleine Tafelaufs\u00e4tze oder Servierschalen.<\/p>\n<p><strong>Material:<\/strong> Terrakotta<\/p>\n","protected":false},"excerpt":{"rendered":"<p>Diese farbenfrohen Schalen von Bordallo Pinheiro sind lustig und praktisch. Sie nehmen den Stil und die Farbe der sch\u00f6nen Wassermelone<\/p>\n","protected":false},"featured_media":457317,"template":"","meta":{"_acf_changed":false,"inline_featured_image":false},"product_cat":[6787,14243],"product_tag":[23911,24604,13044,11563,18284],"acf":[],"yoast_head":"<!-- This site is optimized with the Yoast SEO Premium plugin v18.6 (Yoast SEO v19.13) - https:\/\/yoast.com\/wordpress\/plugins\/seo\/ -->\n<title>BORDALLO PINHEIRO Set 4 Sch\u00fcssel Wassermelone 13.5 cm<\/title>\n<meta name=\"description\" content=\"Entdecken Sie BORDALLO PINHEIRO Set 4 Sch\u00fcssel Wassermelone 13.5 cm bei ErresseShop. Qualit\u00e4t, Stil und Funktionalit\u00e4t \u2013 jetzt online bestellen!\" \/>\n<meta name=\"robots\" content=\"index, follow, max-snippet:-1, max-image-preview:large, max-video-preview:-1\" \/>\n<link rel=\"canonical\" href=\"https:\/\/www.erresse-shop.it\/de\/shop\/tisch\/koerbe-und-schalen\/bordallo-pinheiro-set-4-schussel-wassermelone-13-5-cm\/\" \/>\n<meta property=\"og:locale\" content=\"de_DE\" \/>\n<meta property=\"og:type\" content=\"article\" \/>\n<meta property=\"og:title\" content=\"BORDALLO PINHEIRO Set 4 Sch\u00fcssel Wassermelone 13.5 cm\" \/>\n<meta property=\"og:description\" content=\"Entdecken Sie BORDALLO PINHEIRO Set 4 Sch\u00fcssel Wassermelone 13.5 cm bei ErresseShop. Qualit\u00e4t, Stil und Funktionalit\u00e4t \u2013 jetzt online bestellen!\" \/>\n<meta property=\"og:url\" content=\"https:\/\/www.erresse-shop.it\/de\/shop\/tisch\/koerbe-und-schalen\/bordallo-pinheiro-set-4-schussel-wassermelone-13-5-cm\/\" \/>\n<meta property=\"og:site_name\" content=\"Erresse Shop\" \/>\n<meta property=\"article:modified_time\" content=\"2025-01-16T08:56:21+00:00\" \/>\n<meta property=\"og:image\" content=\"https:\/\/www.erresse-shop.it\/wp-content\/uploads\/2022\/01\/BORDALLO-PINHEIRO-Set-4-Ciotole-Anguria-13.5-cm.jpg\" \/>\n\t<meta property=\"og:image:width\" content=\"1200\" \/>\n\t<meta property=\"og:image:height\" content=\"1200\" \/>\n\t<meta property=\"og:image:type\" content=\"image\/jpeg\" \/>\n<meta name=\"twitter:card\" content=\"summary_large_image\" \/>\n<script type=\"application\/ld+json\" class=\"yoast-schema-graph\">{\"@context\":\"https:\/\/schema.org\",\"@graph\":[{\"@type\":\"WebPage\",\"@id\":\"https:\/\/www.erresse-shop.it\/de\/shop\/tisch\/koerbe-und-schalen\/bordallo-pinheiro-set-4-schussel-wassermelone-13-5-cm\/\",\"url\":\"https:\/\/www.erresse-shop.it\/de\/shop\/tisch\/koerbe-und-schalen\/bordallo-pinheiro-set-4-schussel-wassermelone-13-5-cm\/\",\"name\":\"BORDALLO PINHEIRO Set 4 Sch\u00fcssel Wassermelone 13.5 cm\",\"isPartOf\":{\"@id\":\"https:\/\/www.erresse-shop.it\/de\/#website\"},\"datePublished\":\"2022-01-19T09:49:13+00:00\",\"dateModified\":\"2025-01-16T08:56:21+00:00\",\"description\":\"Entdecken Sie BORDALLO PINHEIRO Set 4 Sch\u00fcssel Wassermelone 13.5 cm bei ErresseShop. Qualit\u00e4t, Stil und Funktionalit\u00e4t \u2013 jetzt online bestellen!\",\"breadcrumb\":{\"@id\":\"https:\/\/www.erresse-shop.it\/de\/shop\/tisch\/koerbe-und-schalen\/bordallo-pinheiro-set-4-schussel-wassermelone-13-5-cm\/#breadcrumb\"},\"inLanguage\":\"de-DE\",\"potentialAction\":[{\"@type\":\"ReadAction\",\"target\":[\"https:\/\/www.erresse-shop.it\/de\/shop\/tisch\/koerbe-und-schalen\/bordallo-pinheiro-set-4-schussel-wassermelone-13-5-cm\/\"]}]},{\"@type\":\"BreadcrumbList\",\"@id\":\"https:\/\/www.erresse-shop.it\/de\/shop\/tisch\/koerbe-und-schalen\/bordallo-pinheiro-set-4-schussel-wassermelone-13-5-cm\/#breadcrumb\",\"itemListElement\":[{\"@type\":\"ListItem\",\"position\":1,\"name\":\"Home\",\"item\":\"https:\/\/www.erresse-shop.it\/de\/\"},{\"@type\":\"ListItem\",\"position\":2,\"name\":\"Shop\",\"item\":\"https:\/\/www.erresse-shop.it\/de\/shop\/\"},{\"@type\":\"ListItem\",\"position\":3,\"name\":\"BORDALLO PINHEIRO Set 4 Sch\u00fcssel Wassermelone 13.5 cm\"}]},{\"@type\":\"WebSite\",\"@id\":\"https:\/\/www.erresse-shop.it\/de\/#website\",\"url\":\"https:\/\/www.erresse-shop.it\/de\/\",\"name\":\"Erresse Shop\",\"description\":\"Articoli di qualit\u00e0 per la casa\",\"potentialAction\":[{\"@type\":\"SearchAction\",\"target\":{\"@type\":\"EntryPoint\",\"urlTemplate\":\"https:\/\/www.erresse-shop.it\/de\/?s={search_term_string}\"},\"query-input\":\"required name=search_term_string\"}],\"inLanguage\":\"de-DE\"}]}<\/script>\n<!-- \/ Yoast SEO Premium plugin. -->","yoast_head_json":{"title":"BORDALLO PINHEIRO Set 4 Sch\u00fcssel Wassermelone 13.5 cm","description":"Entdecken Sie BORDALLO PINHEIRO Set 4 Sch\u00fcssel Wassermelone 13.5 cm bei ErresseShop. Qualit\u00e4t, Stil und Funktionalit\u00e4t \u2013 jetzt online bestellen!","robots":{"index":"index","follow":"follow","max-snippet":"max-snippet:-1","max-image-preview":"max-image-preview:large","max-video-preview":"max-video-preview:-1"},"canonical":"https:\/\/www.erresse-shop.it\/de\/shop\/tisch\/koerbe-und-schalen\/bordallo-pinheiro-set-4-schussel-wassermelone-13-5-cm\/","og_locale":"de_DE","og_type":"article","og_title":"BORDALLO PINHEIRO Set 4 Sch\u00fcssel Wassermelone 13.5 cm","og_description":"Entdecken Sie BORDALLO PINHEIRO Set 4 Sch\u00fcssel Wassermelone 13.5 cm bei ErresseShop. Qualit\u00e4t, Stil und Funktionalit\u00e4t \u2013 jetzt online bestellen!","og_url":"https:\/\/www.erresse-shop.it\/de\/shop\/tisch\/koerbe-und-schalen\/bordallo-pinheiro-set-4-schussel-wassermelone-13-5-cm\/","og_site_name":"Erresse Shop","article_modified_time":"2025-01-16T08:56:21+00:00","og_image":[{"width":1200,"height":1200,"url":"https:\/\/www.erresse-shop.it\/wp-content\/uploads\/2022\/01\/BORDALLO-PINHEIRO-Set-4-Ciotole-Anguria-13.5-cm.jpg","type":"image\/jpeg"}],"twitter_card":"summary_large_image","schema":{"@context":"https:\/\/schema.org","@graph":[{"@type":"WebPage","@id":"https:\/\/www.erresse-shop.it\/de\/shop\/tisch\/koerbe-und-schalen\/bordallo-pinheiro-set-4-schussel-wassermelone-13-5-cm\/","url":"https:\/\/www.erresse-shop.it\/de\/shop\/tisch\/koerbe-und-schalen\/bordallo-pinheiro-set-4-schussel-wassermelone-13-5-cm\/","name":"BORDALLO PINHEIRO Set 4 Sch\u00fcssel Wassermelone 13.5 cm","isPartOf":{"@id":"https:\/\/www.erresse-shop.it\/de\/#website"},"datePublished":"2022-01-19T09:49:13+00:00","dateModified":"2025-01-16T08:56:21+00:00","description":"Entdecken Sie BORDALLO PINHEIRO Set 4 Sch\u00fcssel Wassermelone 13.5 cm bei ErresseShop. Qualit\u00e4t, Stil und Funktionalit\u00e4t \u2013 jetzt online bestellen!","breadcrumb":{"@id":"https:\/\/www.erresse-shop.it\/de\/shop\/tisch\/koerbe-und-schalen\/bordallo-pinheiro-set-4-schussel-wassermelone-13-5-cm\/#breadcrumb"},"inLanguage":"de-DE","potentialAction":[{"@type":"ReadAction","target":["https:\/\/www.erresse-shop.it\/de\/shop\/tisch\/koerbe-und-schalen\/bordallo-pinheiro-set-4-schussel-wassermelone-13-5-cm\/"]}]},{"@type":"BreadcrumbList","@id":"https:\/\/www.erresse-shop.it\/de\/shop\/tisch\/koerbe-und-schalen\/bordallo-pinheiro-set-4-schussel-wassermelone-13-5-cm\/#breadcrumb","itemListElement":[{"@type":"ListItem","position":1,"name":"Home","item":"https:\/\/www.erresse-shop.it\/de\/"},{"@type":"ListItem","position":2,"name":"Shop","item":"https:\/\/www.erresse-shop.it\/de\/shop\/"},{"@type":"ListItem","position":3,"name":"BORDALLO PINHEIRO Set 4 Sch\u00fcssel Wassermelone 13.5 cm"}]},{"@type":"WebSite","@id":"https:\/\/www.erresse-shop.it\/de\/#website","url":"https:\/\/www.erresse-shop.it\/de\/","name":"Erresse Shop","description":"Articoli di qualit\u00e0 per la casa","potentialAction":[{"@type":"SearchAction","target":{"@type":"EntryPoint","urlTemplate":"https:\/\/www.erresse-shop.it\/de\/?s={search_term_string}"},"query-input":"required name=search_term_string"}],"inLanguage":"de-DE"}]}},"df_price":89.95,"df_sale_price":89.95,"df_regular_price":120,"df_image_link":"https:\/\/www.erresse-shop.it\/wp-content\/uploads\/2022\/01\/BORDALLO-PINHEIRO-Set-4-Ciotole-Anguria-13.5-cm-300x300.jpg","_links":{"self":[{"href":"https:\/\/www.erresse-shop.it\/de\/wp-json\/wp\/v2\/product\/138076"}],"collection":[{"href":"https:\/\/www.erresse-shop.it\/de\/wp-json\/wp\/v2\/product"}],"about":[{"href":"https:\/\/www.erresse-shop.it\/de\/wp-json\/wp\/v2\/types\/product"}],"wp:featuredmedia":[{"embeddable":true,"href":"https:\/\/www.erresse-shop.it\/de\/wp-json\/wp\/v2\/media\/457317"}],"wp:attachment":[{"href":"https:\/\/www.erresse-shop.it\/de\/wp-json\/wp\/v2\/media?parent=138076"}],"wp:term":[{"taxonomy":"product_cat","embeddable":true,"href":"https:\/\/www.erresse-shop.it\/de\/wp-json\/wp\/v2\/product_cat?post=138076"},{"taxonomy":"product_tag","embeddable":true,"href":"https:\/\/www.erresse-shop.it\/de\/wp-json\/wp\/v2\/product_tag?post=138076"}],"curies":[{"name":"wp","href":"https:\/\/api.w.org\/{rel}","templated":true}]}}