{"id":136939,"date":"2022-01-03T11:36:15","date_gmt":"2022-01-03T11:36:17","guid":{"rendered":"https:\/\/www.erresse-shop.it\/?post_type=product&#038;p=136939"},"modified":"2022-07-10T09:17:10","modified_gmt":"2022-07-10T09:17:10","slug":"maserin-diabolik-999-messer-in-nussbaum-mit-goldgravur","status":"publish","type":"product","link":"https:\/\/www.erresse-shop.it\/de\/shop\/kuche\/messer\/maserin-diabolik-999-messer-in-nussbaum-mit-goldgravur\/","title":{"rendered":"MASERIN Diabolik 999 Messer in Nussbaum mit Goldgravur"},"content":{"rendered":"<p>Zum f\u00fcnfzigsten Jahrestag der Geburt von Diabolik, einer der beliebtesten Figuren der Noir-Geschichten und Comics, hat die Coltellerie Maserin in Zusammenarbeit mit dem Verlag Astorina eine &#8220;Replik&#8221; des ber\u00fchmten Wurfmessers des K\u00f6nigs des Terrors geschaffen.<\/p>\n<p><strong>Eine Lieblingswaffe der Figur, die 1962 der Fantasie der Giussani-Schwestern entsprungen ist<\/strong>. Der Dolch &#8220;Diabolik special edition&#8221; von Maserin ist eine Nachbildung des Originalmessers. Untrennbarer Begleiter unz\u00e4hliger Abenteuer des Mannes der tausend Gesichter.<\/p>\n<p>Die neue Sonderausgabe des &#8220;<strong>999 LG Diabolik<\/strong>&#8220;-Wurfmessers ist den Merkmalen und dem Stil des Messers aus dem Originalcomic nachempfunden. Im Gegensatz zum vorherigen 50. Jubil\u00e4umsmodell haben wir einige wichtige \u00c4nderungen vorgenommen, wie z. B. <strong>das 24-kar\u00e4tige Goldlogo des Antihelden Diabolik auf der Klinge des Messers und den eleganten Walnussgriff<\/strong>.<\/p>\n<p>Erfahren Sie mehr \u00fcber das 999 Diabolik-Messer, das anl\u00e4sslich des 50-j\u00e4hrigen Jubil\u00e4ums der Figur mit den tausend Gesichtern geschaffen wurde.<\/p>\n<p><strong>TECHNISCHES DATENBLATT<\/strong><\/p>\n<ul>\n<li><strong>Klingenmaterial:<\/strong> Bohler N690 satiniert &#8211; 160 mm mit 24k Gold Diabolik Logo Gravur<\/li>\n<li><strong>Griff:<\/strong> Nussbaum<\/li>\n<li><strong>Gesamtl\u00e4nge:<\/strong> 290 mm<\/li>\n<li><strong>Parierstange und Knauf:<\/strong> Stahl AISI 420<\/li>\n<li><strong>Gewicht:<\/strong> 210 g<\/li>\n<\/ul>\n<p>Wir sind nach NATO NCAGE AJ988 und UNI EN ISO 9001:2008 zertifiziert.<\/p>\n","protected":false},"excerpt":{"rendered":"<p>Zum f\u00fcnfzigsten Jahrestag der Geburt von Diabolik, einer der beliebtesten Figuren der Noir-Geschichten und Comics, hat die Coltellerie Maserin in<\/p>\n","protected":false},"featured_media":136979,"template":"","meta":{"_acf_changed":false,"inline_featured_image":false},"product_cat":[6742,6706,14454],"product_tag":[25088,23691,11529,18105,17639,11718,25022],"acf":[],"yoast_head":"<!-- This site is optimized with the Yoast SEO Premium plugin v18.6 (Yoast SEO v19.13) - https:\/\/yoast.com\/wordpress\/plugins\/seo\/ -->\n<title>MASERIN Diabolik 999 Messer in Nussbaum mit Goldgravur - Erresse Shop<\/title>\n<meta name=\"description\" content=\"Zum f\u00fcnfzigsten Jahrestag der Geburt von Diabolik, einer der beliebtesten Figuren der Noir-Geschichten und Comics, hat die Coltellerie Maserin in\" \/>\n<meta name=\"robots\" content=\"index, follow, max-snippet:-1, max-image-preview:large, max-video-preview:-1\" \/>\n<link rel=\"canonical\" href=\"https:\/\/www.erresse-shop.it\/de\/shop\/kuche\/messer\/maserin-diabolik-999-messer-in-nussbaum-mit-goldgravur\/\" \/>\n<meta property=\"og:locale\" content=\"de_DE\" \/>\n<meta property=\"og:type\" content=\"article\" \/>\n<meta property=\"og:title\" content=\"MASERIN Diabolik 999 Messer in Nussbaum mit Goldgravur\" \/>\n<meta property=\"og:description\" content=\"Zum f\u00fcnfzigsten Jahrestag der Geburt von Diabolik, einer der beliebtesten Figuren der Noir-Geschichten und Comics, hat die Coltellerie Maserin in\" \/>\n<meta property=\"og:url\" content=\"https:\/\/www.erresse-shop.it\/de\/shop\/kuche\/messer\/maserin-diabolik-999-messer-in-nussbaum-mit-goldgravur\/\" \/>\n<meta property=\"og:site_name\" content=\"Erresse Shop\" \/>\n<meta property=\"article:modified_time\" content=\"2022-07-10T09:17:10+00:00\" \/>\n<meta property=\"og:image\" content=\"https:\/\/www.erresse-shop.it\/wp-content\/uploads\/2022\/01\/MASERIN-Coltello-Diabolik-999-Oro-Noce-7.jpg\" \/>\n\t<meta property=\"og:image:width\" content=\"1000\" \/>\n\t<meta property=\"og:image:height\" content=\"1000\" \/>\n\t<meta property=\"og:image:type\" content=\"image\/jpeg\" \/>\n<meta name=\"twitter:card\" content=\"summary_large_image\" \/>\n<script type=\"application\/ld+json\" class=\"yoast-schema-graph\">{\"@context\":\"https:\/\/schema.org\",\"@graph\":[{\"@type\":\"WebPage\",\"@id\":\"https:\/\/www.erresse-shop.it\/de\/shop\/kuche\/messer\/maserin-diabolik-999-messer-in-nussbaum-mit-goldgravur\/\",\"url\":\"https:\/\/www.erresse-shop.it\/de\/shop\/kuche\/messer\/maserin-diabolik-999-messer-in-nussbaum-mit-goldgravur\/\",\"name\":\"MASERIN Diabolik 999 Messer in Nussbaum mit Goldgravur - Erresse Shop\",\"isPartOf\":{\"@id\":\"https:\/\/www.erresse-shop.it\/de\/#website\"},\"datePublished\":\"2022-01-03T11:36:17+00:00\",\"dateModified\":\"2022-07-10T09:17:10+00:00\",\"description\":\"Zum f\u00fcnfzigsten Jahrestag der Geburt von Diabolik, einer der beliebtesten Figuren der Noir-Geschichten und Comics, hat die Coltellerie Maserin in\",\"breadcrumb\":{\"@id\":\"https:\/\/www.erresse-shop.it\/de\/shop\/kuche\/messer\/maserin-diabolik-999-messer-in-nussbaum-mit-goldgravur\/#breadcrumb\"},\"inLanguage\":\"de-DE\",\"potentialAction\":[{\"@type\":\"ReadAction\",\"target\":[\"https:\/\/www.erresse-shop.it\/de\/shop\/kuche\/messer\/maserin-diabolik-999-messer-in-nussbaum-mit-goldgravur\/\"]}]},{\"@type\":\"BreadcrumbList\",\"@id\":\"https:\/\/www.erresse-shop.it\/de\/shop\/kuche\/messer\/maserin-diabolik-999-messer-in-nussbaum-mit-goldgravur\/#breadcrumb\",\"itemListElement\":[{\"@type\":\"ListItem\",\"position\":1,\"name\":\"Home\",\"item\":\"https:\/\/www.erresse-shop.it\/de\/\"},{\"@type\":\"ListItem\",\"position\":2,\"name\":\"Shop\",\"item\":\"https:\/\/www.erresse-shop.it\/de\/shop\/\"},{\"@type\":\"ListItem\",\"position\":3,\"name\":\"MASERIN Diabolik 999 Messer in Nussbaum mit Goldgravur\"}]},{\"@type\":\"WebSite\",\"@id\":\"https:\/\/www.erresse-shop.it\/de\/#website\",\"url\":\"https:\/\/www.erresse-shop.it\/de\/\",\"name\":\"Erresse Shop\",\"description\":\"Articoli di qualit\u00e0 per la casa\",\"potentialAction\":[{\"@type\":\"SearchAction\",\"target\":{\"@type\":\"EntryPoint\",\"urlTemplate\":\"https:\/\/www.erresse-shop.it\/de\/?s={search_term_string}\"},\"query-input\":\"required name=search_term_string\"}],\"inLanguage\":\"de-DE\"}]}<\/script>\n<!-- \/ Yoast SEO Premium plugin. -->","yoast_head_json":{"title":"MASERIN Diabolik 999 Messer in Nussbaum mit Goldgravur - Erresse Shop","description":"Zum f\u00fcnfzigsten Jahrestag der Geburt von Diabolik, einer der beliebtesten Figuren der Noir-Geschichten und Comics, hat die Coltellerie Maserin in","robots":{"index":"index","follow":"follow","max-snippet":"max-snippet:-1","max-image-preview":"max-image-preview:large","max-video-preview":"max-video-preview:-1"},"canonical":"https:\/\/www.erresse-shop.it\/de\/shop\/kuche\/messer\/maserin-diabolik-999-messer-in-nussbaum-mit-goldgravur\/","og_locale":"de_DE","og_type":"article","og_title":"MASERIN Diabolik 999 Messer in Nussbaum mit Goldgravur","og_description":"Zum f\u00fcnfzigsten Jahrestag der Geburt von Diabolik, einer der beliebtesten Figuren der Noir-Geschichten und Comics, hat die Coltellerie Maserin in","og_url":"https:\/\/www.erresse-shop.it\/de\/shop\/kuche\/messer\/maserin-diabolik-999-messer-in-nussbaum-mit-goldgravur\/","og_site_name":"Erresse Shop","article_modified_time":"2022-07-10T09:17:10+00:00","og_image":[{"width":1000,"height":1000,"url":"https:\/\/www.erresse-shop.it\/wp-content\/uploads\/2022\/01\/MASERIN-Coltello-Diabolik-999-Oro-Noce-7.jpg","type":"image\/jpeg"}],"twitter_card":"summary_large_image","schema":{"@context":"https:\/\/schema.org","@graph":[{"@type":"WebPage","@id":"https:\/\/www.erresse-shop.it\/de\/shop\/kuche\/messer\/maserin-diabolik-999-messer-in-nussbaum-mit-goldgravur\/","url":"https:\/\/www.erresse-shop.it\/de\/shop\/kuche\/messer\/maserin-diabolik-999-messer-in-nussbaum-mit-goldgravur\/","name":"MASERIN Diabolik 999 Messer in Nussbaum mit Goldgravur - Erresse Shop","isPartOf":{"@id":"https:\/\/www.erresse-shop.it\/de\/#website"},"datePublished":"2022-01-03T11:36:17+00:00","dateModified":"2022-07-10T09:17:10+00:00","description":"Zum f\u00fcnfzigsten Jahrestag der Geburt von Diabolik, einer der beliebtesten Figuren der Noir-Geschichten und Comics, hat die Coltellerie Maserin in","breadcrumb":{"@id":"https:\/\/www.erresse-shop.it\/de\/shop\/kuche\/messer\/maserin-diabolik-999-messer-in-nussbaum-mit-goldgravur\/#breadcrumb"},"inLanguage":"de-DE","potentialAction":[{"@type":"ReadAction","target":["https:\/\/www.erresse-shop.it\/de\/shop\/kuche\/messer\/maserin-diabolik-999-messer-in-nussbaum-mit-goldgravur\/"]}]},{"@type":"BreadcrumbList","@id":"https:\/\/www.erresse-shop.it\/de\/shop\/kuche\/messer\/maserin-diabolik-999-messer-in-nussbaum-mit-goldgravur\/#breadcrumb","itemListElement":[{"@type":"ListItem","position":1,"name":"Home","item":"https:\/\/www.erresse-shop.it\/de\/"},{"@type":"ListItem","position":2,"name":"Shop","item":"https:\/\/www.erresse-shop.it\/de\/shop\/"},{"@type":"ListItem","position":3,"name":"MASERIN Diabolik 999 Messer in Nussbaum mit Goldgravur"}]},{"@type":"WebSite","@id":"https:\/\/www.erresse-shop.it\/de\/#website","url":"https:\/\/www.erresse-shop.it\/de\/","name":"Erresse Shop","description":"Articoli di qualit\u00e0 per la casa","potentialAction":[{"@type":"SearchAction","target":{"@type":"EntryPoint","urlTemplate":"https:\/\/www.erresse-shop.it\/de\/?s={search_term_string}"},"query-input":"required name=search_term_string"}],"inLanguage":"de-DE"}]}},"df_price":119.95,"df_sale_price":119.95,"df_regular_price":169,"df_image_link":"https:\/\/www.erresse-shop.it\/wp-content\/uploads\/2022\/01\/MASERIN-Coltello-Diabolik-999-Oro-Noce-7-300x300.jpg","_links":{"self":[{"href":"https:\/\/www.erresse-shop.it\/de\/wp-json\/wp\/v2\/product\/136939"}],"collection":[{"href":"https:\/\/www.erresse-shop.it\/de\/wp-json\/wp\/v2\/product"}],"about":[{"href":"https:\/\/www.erresse-shop.it\/de\/wp-json\/wp\/v2\/types\/product"}],"wp:featuredmedia":[{"embeddable":true,"href":"https:\/\/www.erresse-shop.it\/de\/wp-json\/wp\/v2\/media\/136979"}],"wp:attachment":[{"href":"https:\/\/www.erresse-shop.it\/de\/wp-json\/wp\/v2\/media?parent=136939"}],"wp:term":[{"taxonomy":"product_cat","embeddable":true,"href":"https:\/\/www.erresse-shop.it\/de\/wp-json\/wp\/v2\/product_cat?post=136939"},{"taxonomy":"product_tag","embeddable":true,"href":"https:\/\/www.erresse-shop.it\/de\/wp-json\/wp\/v2\/product_tag?post=136939"}],"curies":[{"name":"wp","href":"https:\/\/api.w.org\/{rel}","templated":true}]}}