{"id":136788,"date":"2021-12-29T14:37:24","date_gmt":"2021-12-29T14:37:26","guid":{"rendered":"https:\/\/www.erresse-shop.it\/?post_type=product&#038;p=136788"},"modified":"2025-01-17T17:58:15","modified_gmt":"2025-01-17T17:58:15","slug":"versace-home-brotteller-18-cm-medusa-blau","status":"publish","type":"product","link":"https:\/\/www.erresse-shop.it\/de\/shop\/tisch\/teller-geschirr\/versace-home-brotteller-18-cm-medusa-blau\/","title":{"rendered":"VERSACE HOME Brotteller 18 cm Medusa Blau"},"content":{"rendered":"<p>Diese elegante Versace-Dekoration hei\u00dft Medusa Blue. Es wird aus feinstem Porzellan hergestellt und hat einen Stil, der am besten als luxuri\u00f6s und glamour\u00f6s beschrieben werden kann. Die wichtigste Farbe dieses St\u00fccks ist Blau. Die pr\u00e4chtigen Ornamente schm\u00fccken dieses St\u00fcck und machen es zu einem &#8220;Must Have&#8221; f\u00fcr alle, die opulentes Design lieben.<\/p>\n<p>Der antiken \u00dcberlieferung zufolge war Medusa eine der drei Gorgonen, Meeresungeheuer, deren Blick die Macht hatte, jeden zu versteinern, der ihnen direkt in die Augen sah. Die drei Schwestern, T\u00f6chter der Meeresg\u00f6tter Forco und Ceto, repr\u00e4sentierten die Perversion in ihren drei Formen: Medusa &#8211; die einzige der drei, die nicht unsterblich ist &#8211; repr\u00e4sentierte die intellektuelle Perversion, Euriale die sexuelle Perversion und Steno die moralische Perversion. Urspr\u00fcnglich war Medusa jedoch eine sch\u00f6ne Frau, die von der G\u00f6ttin Athene in ein Ungeheuer verwandelt wurde, um sie daf\u00fcr zu bestrafen, dass sie in einem ihrer Tempel mit Poseidon geschlafen hatte.<br \/>\nDas Geflecht aus Schlangen anstelle von Haaren, das die Darstellungen der Medusa in der Kunstgeschichte kennzeichnet, findet in der Ikone von Versace eine neue Eleganz und Gelassenheit, vielleicht inspiriert von Skulpturen aus der klassischen griechischen Epoche. Der Mythos der Medusa hat schon immer die Phantasie von Gianni Versace befl\u00fcgelt, der sie als Markenname f\u00fcr sein Modehaus w\u00e4hlte und sie wie folgt beschrieb: &#8220;Wenn man sie ansieht, kann man sich nicht mehr losrei\u00dfen, Medusa ist Verf\u00fchrung&#8221;.<\/p>\n","protected":false},"excerpt":{"rendered":"<p>Diese elegante Versace-Dekoration hei\u00dft Medusa Blue. Es wird aus feinstem Porzellan hergestellt und hat einen Stil, der am besten als<\/p>\n","protected":false},"featured_media":136797,"template":"","meta":{"_acf_changed":false,"inline_featured_image":false},"product_cat":[6793,6787],"product_tag":[23691,24681,12350,11827,17841],"acf":[],"yoast_head":"<!-- This site is optimized with the Yoast SEO Premium plugin v18.6 (Yoast SEO v19.13) - https:\/\/yoast.com\/wordpress\/plugins\/seo\/ -->\n<title>VERSACE HOME Brotteller 18 cm Medusa Blau<\/title>\n<meta name=\"description\" content=\"Entdecken Sie VERSACE HOME Brotteller 18 cm Medusa Blau bei ErresseShop. Qualit\u00e4t, Stil und Funktionalit\u00e4t \u2013 jetzt online bestellen!\" \/>\n<meta name=\"robots\" content=\"index, follow, max-snippet:-1, max-image-preview:large, max-video-preview:-1\" \/>\n<link rel=\"canonical\" href=\"https:\/\/www.erresse-shop.it\/de\/shop\/tisch\/teller-geschirr\/versace-home-brotteller-18-cm-medusa-blau\/\" \/>\n<meta property=\"og:locale\" content=\"de_DE\" \/>\n<meta property=\"og:type\" content=\"article\" \/>\n<meta property=\"og:title\" content=\"VERSACE HOME Brotteller 18 cm Medusa Blau\" \/>\n<meta property=\"og:description\" content=\"Entdecken Sie VERSACE HOME Brotteller 18 cm Medusa Blau bei ErresseShop. Qualit\u00e4t, Stil und Funktionalit\u00e4t \u2013 jetzt online bestellen!\" \/>\n<meta property=\"og:url\" content=\"https:\/\/www.erresse-shop.it\/de\/shop\/tisch\/teller-geschirr\/versace-home-brotteller-18-cm-medusa-blau\/\" \/>\n<meta property=\"og:site_name\" content=\"Erresse Shop\" \/>\n<meta property=\"article:modified_time\" content=\"2025-01-17T17:58:15+00:00\" \/>\n<meta property=\"og:image\" content=\"https:\/\/www.erresse-shop.it\/wp-content\/uploads\/2021\/12\/VERSACE-HOME-Piatto-18-cm-Medusa-Blu.jpg\" \/>\n\t<meta property=\"og:image:width\" content=\"1000\" \/>\n\t<meta property=\"og:image:height\" content=\"1000\" \/>\n\t<meta property=\"og:image:type\" content=\"image\/jpeg\" \/>\n<meta name=\"twitter:card\" content=\"summary_large_image\" \/>\n<script type=\"application\/ld+json\" class=\"yoast-schema-graph\">{\"@context\":\"https:\/\/schema.org\",\"@graph\":[{\"@type\":\"WebPage\",\"@id\":\"https:\/\/www.erresse-shop.it\/de\/shop\/tisch\/teller-geschirr\/versace-home-brotteller-18-cm-medusa-blau\/\",\"url\":\"https:\/\/www.erresse-shop.it\/de\/shop\/tisch\/teller-geschirr\/versace-home-brotteller-18-cm-medusa-blau\/\",\"name\":\"VERSACE HOME Brotteller 18 cm Medusa Blau\",\"isPartOf\":{\"@id\":\"https:\/\/www.erresse-shop.it\/de\/#website\"},\"datePublished\":\"2021-12-29T14:37:26+00:00\",\"dateModified\":\"2025-01-17T17:58:15+00:00\",\"description\":\"Entdecken Sie VERSACE HOME Brotteller 18 cm Medusa Blau bei ErresseShop. Qualit\u00e4t, Stil und Funktionalit\u00e4t \u2013 jetzt online bestellen!\",\"breadcrumb\":{\"@id\":\"https:\/\/www.erresse-shop.it\/de\/shop\/tisch\/teller-geschirr\/versace-home-brotteller-18-cm-medusa-blau\/#breadcrumb\"},\"inLanguage\":\"de-DE\",\"potentialAction\":[{\"@type\":\"ReadAction\",\"target\":[\"https:\/\/www.erresse-shop.it\/de\/shop\/tisch\/teller-geschirr\/versace-home-brotteller-18-cm-medusa-blau\/\"]}]},{\"@type\":\"BreadcrumbList\",\"@id\":\"https:\/\/www.erresse-shop.it\/de\/shop\/tisch\/teller-geschirr\/versace-home-brotteller-18-cm-medusa-blau\/#breadcrumb\",\"itemListElement\":[{\"@type\":\"ListItem\",\"position\":1,\"name\":\"Home\",\"item\":\"https:\/\/www.erresse-shop.it\/de\/\"},{\"@type\":\"ListItem\",\"position\":2,\"name\":\"Shop\",\"item\":\"https:\/\/www.erresse-shop.it\/de\/shop\/\"},{\"@type\":\"ListItem\",\"position\":3,\"name\":\"VERSACE HOME Brotteller 18 cm Medusa Blau\"}]},{\"@type\":\"WebSite\",\"@id\":\"https:\/\/www.erresse-shop.it\/de\/#website\",\"url\":\"https:\/\/www.erresse-shop.it\/de\/\",\"name\":\"Erresse Shop\",\"description\":\"Articoli di qualit\u00e0 per la casa\",\"potentialAction\":[{\"@type\":\"SearchAction\",\"target\":{\"@type\":\"EntryPoint\",\"urlTemplate\":\"https:\/\/www.erresse-shop.it\/de\/?s={search_term_string}\"},\"query-input\":\"required name=search_term_string\"}],\"inLanguage\":\"de-DE\"}]}<\/script>\n<!-- \/ Yoast SEO Premium plugin. -->","yoast_head_json":{"title":"VERSACE HOME Brotteller 18 cm Medusa Blau","description":"Entdecken Sie VERSACE HOME Brotteller 18 cm Medusa Blau bei ErresseShop. Qualit\u00e4t, Stil und Funktionalit\u00e4t \u2013 jetzt online bestellen!","robots":{"index":"index","follow":"follow","max-snippet":"max-snippet:-1","max-image-preview":"max-image-preview:large","max-video-preview":"max-video-preview:-1"},"canonical":"https:\/\/www.erresse-shop.it\/de\/shop\/tisch\/teller-geschirr\/versace-home-brotteller-18-cm-medusa-blau\/","og_locale":"de_DE","og_type":"article","og_title":"VERSACE HOME Brotteller 18 cm Medusa Blau","og_description":"Entdecken Sie VERSACE HOME Brotteller 18 cm Medusa Blau bei ErresseShop. Qualit\u00e4t, Stil und Funktionalit\u00e4t \u2013 jetzt online bestellen!","og_url":"https:\/\/www.erresse-shop.it\/de\/shop\/tisch\/teller-geschirr\/versace-home-brotteller-18-cm-medusa-blau\/","og_site_name":"Erresse Shop","article_modified_time":"2025-01-17T17:58:15+00:00","og_image":[{"width":1000,"height":1000,"url":"https:\/\/www.erresse-shop.it\/wp-content\/uploads\/2021\/12\/VERSACE-HOME-Piatto-18-cm-Medusa-Blu.jpg","type":"image\/jpeg"}],"twitter_card":"summary_large_image","schema":{"@context":"https:\/\/schema.org","@graph":[{"@type":"WebPage","@id":"https:\/\/www.erresse-shop.it\/de\/shop\/tisch\/teller-geschirr\/versace-home-brotteller-18-cm-medusa-blau\/","url":"https:\/\/www.erresse-shop.it\/de\/shop\/tisch\/teller-geschirr\/versace-home-brotteller-18-cm-medusa-blau\/","name":"VERSACE HOME Brotteller 18 cm Medusa Blau","isPartOf":{"@id":"https:\/\/www.erresse-shop.it\/de\/#website"},"datePublished":"2021-12-29T14:37:26+00:00","dateModified":"2025-01-17T17:58:15+00:00","description":"Entdecken Sie VERSACE HOME Brotteller 18 cm Medusa Blau bei ErresseShop. Qualit\u00e4t, Stil und Funktionalit\u00e4t \u2013 jetzt online bestellen!","breadcrumb":{"@id":"https:\/\/www.erresse-shop.it\/de\/shop\/tisch\/teller-geschirr\/versace-home-brotteller-18-cm-medusa-blau\/#breadcrumb"},"inLanguage":"de-DE","potentialAction":[{"@type":"ReadAction","target":["https:\/\/www.erresse-shop.it\/de\/shop\/tisch\/teller-geschirr\/versace-home-brotteller-18-cm-medusa-blau\/"]}]},{"@type":"BreadcrumbList","@id":"https:\/\/www.erresse-shop.it\/de\/shop\/tisch\/teller-geschirr\/versace-home-brotteller-18-cm-medusa-blau\/#breadcrumb","itemListElement":[{"@type":"ListItem","position":1,"name":"Home","item":"https:\/\/www.erresse-shop.it\/de\/"},{"@type":"ListItem","position":2,"name":"Shop","item":"https:\/\/www.erresse-shop.it\/de\/shop\/"},{"@type":"ListItem","position":3,"name":"VERSACE HOME Brotteller 18 cm Medusa Blau"}]},{"@type":"WebSite","@id":"https:\/\/www.erresse-shop.it\/de\/#website","url":"https:\/\/www.erresse-shop.it\/de\/","name":"Erresse Shop","description":"Articoli di qualit\u00e0 per la casa","potentialAction":[{"@type":"SearchAction","target":{"@type":"EntryPoint","urlTemplate":"https:\/\/www.erresse-shop.it\/de\/?s={search_term_string}"},"query-input":"required name=search_term_string"}],"inLanguage":"de-DE"}]}},"df_price":37.5,"df_sale_price":37.5,"df_regular_price":75,"df_image_link":"https:\/\/www.erresse-shop.it\/wp-content\/uploads\/2021\/12\/VERSACE-HOME-Piatto-18-cm-Medusa-Blu-300x300.jpg","_links":{"self":[{"href":"https:\/\/www.erresse-shop.it\/de\/wp-json\/wp\/v2\/product\/136788"}],"collection":[{"href":"https:\/\/www.erresse-shop.it\/de\/wp-json\/wp\/v2\/product"}],"about":[{"href":"https:\/\/www.erresse-shop.it\/de\/wp-json\/wp\/v2\/types\/product"}],"wp:featuredmedia":[{"embeddable":true,"href":"https:\/\/www.erresse-shop.it\/de\/wp-json\/wp\/v2\/media\/136797"}],"wp:attachment":[{"href":"https:\/\/www.erresse-shop.it\/de\/wp-json\/wp\/v2\/media?parent=136788"}],"wp:term":[{"taxonomy":"product_cat","embeddable":true,"href":"https:\/\/www.erresse-shop.it\/de\/wp-json\/wp\/v2\/product_cat?post=136788"},{"taxonomy":"product_tag","embeddable":true,"href":"https:\/\/www.erresse-shop.it\/de\/wp-json\/wp\/v2\/product_tag?post=136788"}],"curies":[{"name":"wp","href":"https:\/\/api.w.org\/{rel}","templated":true}]}}