{"id":136454,"date":"2021-12-23T14:35:47","date_gmt":"2021-12-23T14:35:48","guid":{"rendered":"https:\/\/www.erresse-shop.it\/?post_type=product&#038;p=136454"},"modified":"2024-09-28T16:00:07","modified_gmt":"2024-09-28T16:00:07","slug":"ooni-koda-16-tragbare-gasofen-fur-pizza","status":"publish","type":"product","link":"https:\/\/www.erresse-shop.it\/de\/shop\/kleine-elektrogeraete\/oefen\/ooni-koda-16-tragbare-gasofen-fur-pizza\/","title":{"rendered":"OONI Koda 16 Tragbare Gas\u00f6fen f\u00fcr Pizza"},"content":{"rendered":"<p><strong>WAS MACHT DEN OONI KODA 16 BACKOFEN SO BESONDERS?<\/strong><br \/>\nMit dem Ooni Koda 16, unserem gasbetriebenen Pizzaofen f\u00fcr den Au\u00dfenbereich, der k\u00f6stliche Pizzen mit einem Durchmesser von 40 cm sowie Steaks, Fisch und Gem\u00fcse in der Flamme auf Stein zubereitet, haben Sie die Kontrolle \u00fcber Ihr Kocherlebnis im Freien.<\/p>\n<p>Der Ooni Koda 16 verbindet aufsehenerregendes Design mit dem Komfort des Gaskochens und verf\u00fcgt \u00fcber eine gro\u00dfe \u00d6ffnung, einen gro\u00dfen Cordierit-Feuerstein und eine innovative L-f\u00f6rmige Flamme. Schalten Sie auf sofortige Gasz\u00fcndung um und Sie sind in 20 Minuten kochbereit. Wie alle Ooni-Pizza\u00f6fen erreicht auch der Ooni Koda 16 500 \u00b0C &#8211; die h\u00f6llische Hitze, die n\u00f6tig ist, um eine k\u00f6stliche Pizza in 60 Sekunden auf dem Stein zu backen.<\/p>\n","protected":false},"excerpt":{"rendered":"<p>WAS MACHT DEN OONI KODA 16 BACKOFEN SO BESONDERS? Mit dem Ooni Koda 16, unserem gasbetriebenen Pizzaofen f\u00fcr den Au\u00dfenbereich,<\/p>\n","protected":false},"featured_media":504507,"template":"","meta":{"_acf_changed":false,"inline_featured_image":false},"product_cat":[6703,15659],"product_tag":[24604,12236],"acf":[],"yoast_head":"<!-- This site is optimized with the Yoast SEO Premium plugin v18.6 (Yoast SEO v19.13) - https:\/\/yoast.com\/wordpress\/plugins\/seo\/ -->\n<title>OONI Koda 16 Tragbare Gas\u00f6fen f\u00fcr Pizza - Erresse Shop<\/title>\n<meta name=\"description\" content=\"WAS MACHT DEN OONI KODA 16 BACKOFEN SO BESONDERS? Mit dem Ooni Koda 16, unserem gasbetriebenen Pizzaofen f\u00fcr den Au\u00dfenbereich, der k\u00f6stliche Pizzen mit\" \/>\n<meta name=\"robots\" content=\"index, follow, max-snippet:-1, max-image-preview:large, max-video-preview:-1\" \/>\n<link rel=\"canonical\" href=\"https:\/\/www.erresse-shop.it\/de\/shop\/kleine-elektrogeraete\/oefen\/ooni-koda-16-tragbare-gasofen-fur-pizza\/\" \/>\n<meta property=\"og:locale\" content=\"de_DE\" \/>\n<meta property=\"og:type\" content=\"article\" \/>\n<meta property=\"og:title\" content=\"OONI Koda 16 Tragbare Gas\u00f6fen f\u00fcr Pizza\" \/>\n<meta property=\"og:description\" content=\"WAS MACHT DEN OONI KODA 16 BACKOFEN SO BESONDERS? Mit dem Ooni Koda 16, unserem gasbetriebenen Pizzaofen f\u00fcr den Au\u00dfenbereich, der k\u00f6stliche Pizzen mit\" \/>\n<meta property=\"og:url\" content=\"https:\/\/www.erresse-shop.it\/de\/shop\/kleine-elektrogeraete\/oefen\/ooni-koda-16-tragbare-gasofen-fur-pizza\/\" \/>\n<meta property=\"og:site_name\" content=\"Erresse Shop\" \/>\n<meta property=\"article:modified_time\" content=\"2024-09-28T16:00:07+00:00\" \/>\n<meta property=\"og:image\" content=\"https:\/\/www.erresse-shop.it\/wp-content\/uploads\/2022\/09\/OONI-Forno-Portatile-a-Gas-Koda-16.jpg\" \/>\n\t<meta property=\"og:image:width\" content=\"800\" \/>\n\t<meta property=\"og:image:height\" content=\"800\" \/>\n\t<meta property=\"og:image:type\" content=\"image\/jpeg\" \/>\n<meta name=\"twitter:card\" content=\"summary_large_image\" \/>\n<script type=\"application\/ld+json\" class=\"yoast-schema-graph\">{\"@context\":\"https:\/\/schema.org\",\"@graph\":[{\"@type\":\"WebPage\",\"@id\":\"https:\/\/www.erresse-shop.it\/de\/shop\/kleine-elektrogeraete\/oefen\/ooni-koda-16-tragbare-gasofen-fur-pizza\/\",\"url\":\"https:\/\/www.erresse-shop.it\/de\/shop\/kleine-elektrogeraete\/oefen\/ooni-koda-16-tragbare-gasofen-fur-pizza\/\",\"name\":\"OONI Koda 16 Tragbare Gas\u00f6fen f\u00fcr Pizza - Erresse Shop\",\"isPartOf\":{\"@id\":\"https:\/\/www.erresse-shop.it\/de\/#website\"},\"datePublished\":\"2021-12-23T14:35:48+00:00\",\"dateModified\":\"2024-09-28T16:00:07+00:00\",\"description\":\"WAS MACHT DEN OONI KODA 16 BACKOFEN SO BESONDERS? Mit dem Ooni Koda 16, unserem gasbetriebenen Pizzaofen f\u00fcr den Au\u00dfenbereich, der k\u00f6stliche Pizzen mit\",\"breadcrumb\":{\"@id\":\"https:\/\/www.erresse-shop.it\/de\/shop\/kleine-elektrogeraete\/oefen\/ooni-koda-16-tragbare-gasofen-fur-pizza\/#breadcrumb\"},\"inLanguage\":\"de-DE\",\"potentialAction\":[{\"@type\":\"ReadAction\",\"target\":[\"https:\/\/www.erresse-shop.it\/de\/shop\/kleine-elektrogeraete\/oefen\/ooni-koda-16-tragbare-gasofen-fur-pizza\/\"]}]},{\"@type\":\"BreadcrumbList\",\"@id\":\"https:\/\/www.erresse-shop.it\/de\/shop\/kleine-elektrogeraete\/oefen\/ooni-koda-16-tragbare-gasofen-fur-pizza\/#breadcrumb\",\"itemListElement\":[{\"@type\":\"ListItem\",\"position\":1,\"name\":\"Home\",\"item\":\"https:\/\/www.erresse-shop.it\/de\/\"},{\"@type\":\"ListItem\",\"position\":2,\"name\":\"Shop\",\"item\":\"https:\/\/www.erresse-shop.it\/de\/shop\/\"},{\"@type\":\"ListItem\",\"position\":3,\"name\":\"OONI Koda 16 Tragbare Gas\u00f6fen f\u00fcr Pizza\"}]},{\"@type\":\"WebSite\",\"@id\":\"https:\/\/www.erresse-shop.it\/de\/#website\",\"url\":\"https:\/\/www.erresse-shop.it\/de\/\",\"name\":\"Erresse Shop\",\"description\":\"Articoli di qualit\u00e0 per la casa\",\"potentialAction\":[{\"@type\":\"SearchAction\",\"target\":{\"@type\":\"EntryPoint\",\"urlTemplate\":\"https:\/\/www.erresse-shop.it\/de\/?s={search_term_string}\"},\"query-input\":\"required name=search_term_string\"}],\"inLanguage\":\"de-DE\"}]}<\/script>\n<!-- \/ Yoast SEO Premium plugin. -->","yoast_head_json":{"title":"OONI Koda 16 Tragbare Gas\u00f6fen f\u00fcr Pizza - Erresse Shop","description":"WAS MACHT DEN OONI KODA 16 BACKOFEN SO BESONDERS? Mit dem Ooni Koda 16, unserem gasbetriebenen Pizzaofen f\u00fcr den Au\u00dfenbereich, der k\u00f6stliche Pizzen mit","robots":{"index":"index","follow":"follow","max-snippet":"max-snippet:-1","max-image-preview":"max-image-preview:large","max-video-preview":"max-video-preview:-1"},"canonical":"https:\/\/www.erresse-shop.it\/de\/shop\/kleine-elektrogeraete\/oefen\/ooni-koda-16-tragbare-gasofen-fur-pizza\/","og_locale":"de_DE","og_type":"article","og_title":"OONI Koda 16 Tragbare Gas\u00f6fen f\u00fcr Pizza","og_description":"WAS MACHT DEN OONI KODA 16 BACKOFEN SO BESONDERS? Mit dem Ooni Koda 16, unserem gasbetriebenen Pizzaofen f\u00fcr den Au\u00dfenbereich, der k\u00f6stliche Pizzen mit","og_url":"https:\/\/www.erresse-shop.it\/de\/shop\/kleine-elektrogeraete\/oefen\/ooni-koda-16-tragbare-gasofen-fur-pizza\/","og_site_name":"Erresse Shop","article_modified_time":"2024-09-28T16:00:07+00:00","og_image":[{"width":800,"height":800,"url":"https:\/\/www.erresse-shop.it\/wp-content\/uploads\/2022\/09\/OONI-Forno-Portatile-a-Gas-Koda-16.jpg","type":"image\/jpeg"}],"twitter_card":"summary_large_image","schema":{"@context":"https:\/\/schema.org","@graph":[{"@type":"WebPage","@id":"https:\/\/www.erresse-shop.it\/de\/shop\/kleine-elektrogeraete\/oefen\/ooni-koda-16-tragbare-gasofen-fur-pizza\/","url":"https:\/\/www.erresse-shop.it\/de\/shop\/kleine-elektrogeraete\/oefen\/ooni-koda-16-tragbare-gasofen-fur-pizza\/","name":"OONI Koda 16 Tragbare Gas\u00f6fen f\u00fcr Pizza - Erresse Shop","isPartOf":{"@id":"https:\/\/www.erresse-shop.it\/de\/#website"},"datePublished":"2021-12-23T14:35:48+00:00","dateModified":"2024-09-28T16:00:07+00:00","description":"WAS MACHT DEN OONI KODA 16 BACKOFEN SO BESONDERS? Mit dem Ooni Koda 16, unserem gasbetriebenen Pizzaofen f\u00fcr den Au\u00dfenbereich, der k\u00f6stliche Pizzen mit","breadcrumb":{"@id":"https:\/\/www.erresse-shop.it\/de\/shop\/kleine-elektrogeraete\/oefen\/ooni-koda-16-tragbare-gasofen-fur-pizza\/#breadcrumb"},"inLanguage":"de-DE","potentialAction":[{"@type":"ReadAction","target":["https:\/\/www.erresse-shop.it\/de\/shop\/kleine-elektrogeraete\/oefen\/ooni-koda-16-tragbare-gasofen-fur-pizza\/"]}]},{"@type":"BreadcrumbList","@id":"https:\/\/www.erresse-shop.it\/de\/shop\/kleine-elektrogeraete\/oefen\/ooni-koda-16-tragbare-gasofen-fur-pizza\/#breadcrumb","itemListElement":[{"@type":"ListItem","position":1,"name":"Home","item":"https:\/\/www.erresse-shop.it\/de\/"},{"@type":"ListItem","position":2,"name":"Shop","item":"https:\/\/www.erresse-shop.it\/de\/shop\/"},{"@type":"ListItem","position":3,"name":"OONI Koda 16 Tragbare Gas\u00f6fen f\u00fcr Pizza"}]},{"@type":"WebSite","@id":"https:\/\/www.erresse-shop.it\/de\/#website","url":"https:\/\/www.erresse-shop.it\/de\/","name":"Erresse Shop","description":"Articoli di qualit\u00e0 per la casa","potentialAction":[{"@type":"SearchAction","target":{"@type":"EntryPoint","urlTemplate":"https:\/\/www.erresse-shop.it\/de\/?s={search_term_string}"},"query-input":"required name=search_term_string"}],"inLanguage":"de-DE"}]}},"df_price":449.25,"df_sale_price":449.25,"df_regular_price":599,"df_image_link":"https:\/\/www.erresse-shop.it\/wp-content\/uploads\/2021\/12\/OONI-Koda-16-Forno-Portatile-a-Gas-per-Pizza-1-300x300.jpg","_links":{"self":[{"href":"https:\/\/www.erresse-shop.it\/de\/wp-json\/wp\/v2\/product\/136454"}],"collection":[{"href":"https:\/\/www.erresse-shop.it\/de\/wp-json\/wp\/v2\/product"}],"about":[{"href":"https:\/\/www.erresse-shop.it\/de\/wp-json\/wp\/v2\/types\/product"}],"wp:featuredmedia":[{"embeddable":true,"href":"https:\/\/www.erresse-shop.it\/de\/wp-json\/wp\/v2\/media\/504507"}],"wp:attachment":[{"href":"https:\/\/www.erresse-shop.it\/de\/wp-json\/wp\/v2\/media?parent=136454"}],"wp:term":[{"taxonomy":"product_cat","embeddable":true,"href":"https:\/\/www.erresse-shop.it\/de\/wp-json\/wp\/v2\/product_cat?post=136454"},{"taxonomy":"product_tag","embeddable":true,"href":"https:\/\/www.erresse-shop.it\/de\/wp-json\/wp\/v2\/product_tag?post=136454"}],"curies":[{"name":"wp","href":"https:\/\/api.w.org\/{rel}","templated":true}]}}