{"id":135834,"date":"2021-12-17T15:27:22","date_gmt":"2021-12-17T15:27:25","guid":{"rendered":"https:\/\/www.erresse-shop.it\/?post_type=product&#038;p=135834"},"modified":"2023-04-16T13:07:09","modified_gmt":"2023-04-16T13:07:09","slug":"maserin-messer-diabolik-999","status":"publish","type":"product","link":"https:\/\/www.erresse-shop.it\/de\/shop\/kuche\/messer\/maserin-messer-diabolik-999\/","title":{"rendered":"MASERIN Messer Diabolik 999"},"content":{"rendered":"<p>Zum f\u00fcnfzigsten Jahrestag der Geburt von Diabolik, einer der beliebtesten Figuren unter den Fans von Noir-Geschichten und Comics, hat die Coltellerie Maserin in Zusammenarbeit mit dem Verlag Astorina eine &#8220;Replik&#8221; des ber\u00fchmten Wurfmessers des K\u00f6nigs des Terrors hergestellt.<\/p>\n<p><strong>Eine Lieblingswaffe der Figur, die 1962 der Fantasie der Giussani-Schwestern entsprungen ist<\/strong>. Der Dolch &#8220;Diabolik special edition&#8221; von Maserin ist eine Nachbildung des Originalmessers. Der untrennbare Begleiter unz\u00e4hliger Abenteuer des Mannes der tausend Gesichter.<\/p>\n<p>Erfahren Sie mehr \u00fcber die 999LG Diabolik-Sonderausgabe des Messers, die anl\u00e4sslich des Kinostarts des Films \u00fcber die Figur mit den tausend Gesichtern entwickelt wurde.<\/p>\n<p><strong>TECHNISCHES DATENBLATT<\/strong><\/p>\n<ul>\n<li><strong>Klingenmaterial:<\/strong> Rostfreier Stahl AISI 440 HRC 58\/60<\/li>\n<li><strong>Gesamtl\u00e4nge:<\/strong> 275 mm<\/li>\n<li><strong>L\u00e4nge der Klinge:<\/strong> 160 mm<\/li>\n<li><strong>Schutz:<\/strong> Edelstahl AISI 440<\/li>\n<li><strong>Scheide:<\/strong> Nylon, Ja<\/li>\n<li><strong>Gewicht:<\/strong> 210 gr<\/li>\n<li><strong>Material des Griffs:<\/strong> TPE<\/li>\n<li><strong>Dicke der Klinge:<\/strong> 4 mm<\/li>\n<li><strong>Feste Klinge:<\/strong> Ja<\/li>\n<\/ul>\n<p>Wir sind nach NATO NCAGE AJ988 und UNI EN ISO 9001:2008 zertifiziert.<\/p>\n","protected":false},"excerpt":{"rendered":"<p>Zum f\u00fcnfzigsten Jahrestag der Geburt von Diabolik, einer der beliebtesten Figuren unter den Fans von Noir-Geschichten und Comics, hat die<\/p>\n","protected":false},"featured_media":135849,"template":"","meta":{"_acf_changed":false,"inline_featured_image":false},"product_cat":[6742,6706,14454],"product_tag":[25088,23691,13966,11718,25022],"acf":[],"yoast_head":"<!-- This site is optimized with the Yoast SEO Premium plugin v18.6 (Yoast SEO v19.13) - https:\/\/yoast.com\/wordpress\/plugins\/seo\/ -->\n<title>MASERIN Messer Diabolik 999 - Erresse Shop<\/title>\n<meta name=\"description\" content=\"Zum f\u00fcnfzigsten Jahrestag der Geburt von Diabolik, einer der beliebtesten Figuren unter den Fans von Noir-Geschichten und Comics, hat die Coltellerie\" \/>\n<meta name=\"robots\" content=\"index, follow, max-snippet:-1, max-image-preview:large, max-video-preview:-1\" \/>\n<link rel=\"canonical\" href=\"https:\/\/www.erresse-shop.it\/de\/shop\/kuche\/messer\/maserin-messer-diabolik-999\/\" \/>\n<meta property=\"og:locale\" content=\"de_DE\" \/>\n<meta property=\"og:type\" content=\"article\" \/>\n<meta property=\"og:title\" content=\"MASERIN Messer Diabolik 999\" \/>\n<meta property=\"og:description\" content=\"Zum f\u00fcnfzigsten Jahrestag der Geburt von Diabolik, einer der beliebtesten Figuren unter den Fans von Noir-Geschichten und Comics, hat die Coltellerie\" \/>\n<meta property=\"og:url\" content=\"https:\/\/www.erresse-shop.it\/de\/shop\/kuche\/messer\/maserin-messer-diabolik-999\/\" \/>\n<meta property=\"og:site_name\" content=\"Erresse Shop\" \/>\n<meta property=\"article:modified_time\" content=\"2023-04-16T13:07:09+00:00\" \/>\n<meta property=\"og:image\" content=\"https:\/\/www.erresse-shop.it\/wp-content\/uploads\/2021\/12\/MASERIN-Coltello-Diabolik-999-3.jpg\" \/>\n\t<meta property=\"og:image:width\" content=\"1000\" \/>\n\t<meta property=\"og:image:height\" content=\"1000\" \/>\n\t<meta property=\"og:image:type\" content=\"image\/jpeg\" \/>\n<meta name=\"twitter:card\" content=\"summary_large_image\" \/>\n<script type=\"application\/ld+json\" class=\"yoast-schema-graph\">{\"@context\":\"https:\/\/schema.org\",\"@graph\":[{\"@type\":\"WebPage\",\"@id\":\"https:\/\/www.erresse-shop.it\/de\/shop\/kuche\/messer\/maserin-messer-diabolik-999\/\",\"url\":\"https:\/\/www.erresse-shop.it\/de\/shop\/kuche\/messer\/maserin-messer-diabolik-999\/\",\"name\":\"MASERIN Messer Diabolik 999 - Erresse Shop\",\"isPartOf\":{\"@id\":\"https:\/\/www.erresse-shop.it\/de\/#website\"},\"datePublished\":\"2021-12-17T15:27:25+00:00\",\"dateModified\":\"2023-04-16T13:07:09+00:00\",\"description\":\"Zum f\u00fcnfzigsten Jahrestag der Geburt von Diabolik, einer der beliebtesten Figuren unter den Fans von Noir-Geschichten und Comics, hat die Coltellerie\",\"breadcrumb\":{\"@id\":\"https:\/\/www.erresse-shop.it\/de\/shop\/kuche\/messer\/maserin-messer-diabolik-999\/#breadcrumb\"},\"inLanguage\":\"de-DE\",\"potentialAction\":[{\"@type\":\"ReadAction\",\"target\":[\"https:\/\/www.erresse-shop.it\/de\/shop\/kuche\/messer\/maserin-messer-diabolik-999\/\"]}]},{\"@type\":\"BreadcrumbList\",\"@id\":\"https:\/\/www.erresse-shop.it\/de\/shop\/kuche\/messer\/maserin-messer-diabolik-999\/#breadcrumb\",\"itemListElement\":[{\"@type\":\"ListItem\",\"position\":1,\"name\":\"Home\",\"item\":\"https:\/\/www.erresse-shop.it\/de\/\"},{\"@type\":\"ListItem\",\"position\":2,\"name\":\"Shop\",\"item\":\"https:\/\/www.erresse-shop.it\/de\/shop\/\"},{\"@type\":\"ListItem\",\"position\":3,\"name\":\"MASERIN Messer Diabolik 999\"}]},{\"@type\":\"WebSite\",\"@id\":\"https:\/\/www.erresse-shop.it\/de\/#website\",\"url\":\"https:\/\/www.erresse-shop.it\/de\/\",\"name\":\"Erresse Shop\",\"description\":\"Articoli di qualit\u00e0 per la casa\",\"potentialAction\":[{\"@type\":\"SearchAction\",\"target\":{\"@type\":\"EntryPoint\",\"urlTemplate\":\"https:\/\/www.erresse-shop.it\/de\/?s={search_term_string}\"},\"query-input\":\"required name=search_term_string\"}],\"inLanguage\":\"de-DE\"}]}<\/script>\n<!-- \/ Yoast SEO Premium plugin. -->","yoast_head_json":{"title":"MASERIN Messer Diabolik 999 - Erresse Shop","description":"Zum f\u00fcnfzigsten Jahrestag der Geburt von Diabolik, einer der beliebtesten Figuren unter den Fans von Noir-Geschichten und Comics, hat die Coltellerie","robots":{"index":"index","follow":"follow","max-snippet":"max-snippet:-1","max-image-preview":"max-image-preview:large","max-video-preview":"max-video-preview:-1"},"canonical":"https:\/\/www.erresse-shop.it\/de\/shop\/kuche\/messer\/maserin-messer-diabolik-999\/","og_locale":"de_DE","og_type":"article","og_title":"MASERIN Messer Diabolik 999","og_description":"Zum f\u00fcnfzigsten Jahrestag der Geburt von Diabolik, einer der beliebtesten Figuren unter den Fans von Noir-Geschichten und Comics, hat die Coltellerie","og_url":"https:\/\/www.erresse-shop.it\/de\/shop\/kuche\/messer\/maserin-messer-diabolik-999\/","og_site_name":"Erresse Shop","article_modified_time":"2023-04-16T13:07:09+00:00","og_image":[{"width":1000,"height":1000,"url":"https:\/\/www.erresse-shop.it\/wp-content\/uploads\/2021\/12\/MASERIN-Coltello-Diabolik-999-3.jpg","type":"image\/jpeg"}],"twitter_card":"summary_large_image","schema":{"@context":"https:\/\/schema.org","@graph":[{"@type":"WebPage","@id":"https:\/\/www.erresse-shop.it\/de\/shop\/kuche\/messer\/maserin-messer-diabolik-999\/","url":"https:\/\/www.erresse-shop.it\/de\/shop\/kuche\/messer\/maserin-messer-diabolik-999\/","name":"MASERIN Messer Diabolik 999 - Erresse Shop","isPartOf":{"@id":"https:\/\/www.erresse-shop.it\/de\/#website"},"datePublished":"2021-12-17T15:27:25+00:00","dateModified":"2023-04-16T13:07:09+00:00","description":"Zum f\u00fcnfzigsten Jahrestag der Geburt von Diabolik, einer der beliebtesten Figuren unter den Fans von Noir-Geschichten und Comics, hat die Coltellerie","breadcrumb":{"@id":"https:\/\/www.erresse-shop.it\/de\/shop\/kuche\/messer\/maserin-messer-diabolik-999\/#breadcrumb"},"inLanguage":"de-DE","potentialAction":[{"@type":"ReadAction","target":["https:\/\/www.erresse-shop.it\/de\/shop\/kuche\/messer\/maserin-messer-diabolik-999\/"]}]},{"@type":"BreadcrumbList","@id":"https:\/\/www.erresse-shop.it\/de\/shop\/kuche\/messer\/maserin-messer-diabolik-999\/#breadcrumb","itemListElement":[{"@type":"ListItem","position":1,"name":"Home","item":"https:\/\/www.erresse-shop.it\/de\/"},{"@type":"ListItem","position":2,"name":"Shop","item":"https:\/\/www.erresse-shop.it\/de\/shop\/"},{"@type":"ListItem","position":3,"name":"MASERIN Messer Diabolik 999"}]},{"@type":"WebSite","@id":"https:\/\/www.erresse-shop.it\/de\/#website","url":"https:\/\/www.erresse-shop.it\/de\/","name":"Erresse Shop","description":"Articoli di qualit\u00e0 per la casa","potentialAction":[{"@type":"SearchAction","target":{"@type":"EntryPoint","urlTemplate":"https:\/\/www.erresse-shop.it\/de\/?s={search_term_string}"},"query-input":"required name=search_term_string"}],"inLanguage":"de-DE"}]}},"df_price":84.95,"df_sale_price":84.95,"df_regular_price":113,"df_image_link":"https:\/\/www.erresse-shop.it\/wp-content\/uploads\/2021\/12\/MASERIN-Coltello-Diabolik-999-3-300x300.jpg","_links":{"self":[{"href":"https:\/\/www.erresse-shop.it\/de\/wp-json\/wp\/v2\/product\/135834"}],"collection":[{"href":"https:\/\/www.erresse-shop.it\/de\/wp-json\/wp\/v2\/product"}],"about":[{"href":"https:\/\/www.erresse-shop.it\/de\/wp-json\/wp\/v2\/types\/product"}],"wp:featuredmedia":[{"embeddable":true,"href":"https:\/\/www.erresse-shop.it\/de\/wp-json\/wp\/v2\/media\/135849"}],"wp:attachment":[{"href":"https:\/\/www.erresse-shop.it\/de\/wp-json\/wp\/v2\/media?parent=135834"}],"wp:term":[{"taxonomy":"product_cat","embeddable":true,"href":"https:\/\/www.erresse-shop.it\/de\/wp-json\/wp\/v2\/product_cat?post=135834"},{"taxonomy":"product_tag","embeddable":true,"href":"https:\/\/www.erresse-shop.it\/de\/wp-json\/wp\/v2\/product_tag?post=135834"}],"curies":[{"name":"wp","href":"https:\/\/api.w.org\/{rel}","templated":true}]}}