{"id":135638,"date":"2021-12-15T08:17:28","date_gmt":"2021-12-15T08:17:28","guid":{"rendered":"https:\/\/www.erresse-shop.it\/?post_type=product&#038;p=135638"},"modified":"2025-01-17T15:00:29","modified_gmt":"2025-01-17T15:00:29","slug":"stadler-form-luftbefeuchter-und-duftzerstauber-ben-schwarz","status":"publish","type":"product","link":"https:\/\/www.erresse-shop.it\/de\/shop\/kleine-elektrogeraete\/ventilatoren\/stadler-form-luftbefeuchter-und-duftzerstauber-ben-schwarz\/","title":{"rendered":"STADLER FORM Luftbefeuchter und Duftzerst\u00e4uber Ben Schwarz"},"content":{"rendered":"<p>Lehnen Sie sich zur\u00fcck, atmen Sie tief durch und entspannen Sie sich. Ein gem\u00fctlicher Abend vor dem Kamin ist mit dem Ben 3-in-1 ein Kinderspiel. Er befeuchtet und parf\u00fcmiert die Raumluft und sorgt gleichzeitig f\u00fcr einen bernsteinfarbenen Schein des Kamins.<\/p>\n<p>Ben ist Luftbefeuchter, Aromadiffusor und Kamineffekt in einem. \u00c4therische \u00d6le werden dem Wasser direkt zugesetzt und sorgen f\u00fcr ein intensives Dufterlebnis. Ben erzeugt einen besonders feinen Dampf, der sich ideal im Raum verteilt, w\u00e4hrend Amber Light\u2122 eine au\u00dferordentlich realistische, v\u00f6llig sichere und ru\u00dffreie Flamme erzeugt.<br \/>\nDie Intensit\u00e4t des Lichts kann eingestellt werden, von leicht flackernden Flammen mit dezentem Duft bis hin zu einem lodernden Feuer. Der abnehmbare Wassertank kann w\u00e4hrend der Benutzung von Ben bef\u00fcllt werden.<\/p>\n<p>Die Wasserstandsanzeige und der Flammeneffekt k\u00f6nnen gedimmt oder ganz ausgeschaltet werden, um Ihre entspannenden Momente nicht zu st\u00f6ren. Ben verwandelt jedes Zimmer in eine gem\u00fctliche Oase der Ruhe.<\/p>\n<ul>\n<li><strong>Einzigartige Atmosph\u00e4re:<\/strong> Der echte Flammeneffekt sorgt f\u00fcr ein angenehmes Feuergef\u00fchl ohne die Nachteile eines echten Feuers.<\/li>\n<li><strong>Lieblingsduft:<\/strong> Ben erzeugt einen extra feinen Nebel und verteilt \u00e4therische \u00d6le Ihrer Wahl sicher und schadstofffrei angenehm im Raum.<br \/>\nStufenlos einstellbar: Dank des stufenlosen Leistungsreglers k\u00f6nnen Sie die Befeuchtung\/das Parf\u00fcm ganz nach Ihrem Geschmack einstellen.<\/li>\n<li><strong>Sch\u00f6n und effizient:<\/strong> Ben kombiniert ein elegantes Design mit einer starken Leistung und befeuchtet effizient R\u00e4ume bis zu 25 m\u00b2.<\/li>\n<li><strong>Lieferumfang:<\/strong> 1 Ben Luftbefeuchter wei\u00df, 1 Netzadapter, 1 Bedienungsanleitung, 1 Water Cube, 1 Anti-Kalk-Patrone, 1 Wasserh\u00e4rte-Teststreifen von Stadler Form<\/li>\n<li><strong>Stromversorgung:<\/strong> elektrisch; Wattleistung (W): 24,0 Watt<\/li>\n<\/ul>\n","protected":false},"excerpt":{"rendered":"<p>Lehnen Sie sich zur\u00fcck, atmen Sie tief durch und entspannen Sie sich. Ein gem\u00fctlicher Abend vor dem Kamin ist mit<\/p>\n","protected":false},"featured_media":135664,"template":"","meta":{"_acf_changed":false,"inline_featured_image":false},"product_cat":[6703,25276],"product_tag":[23661,18100,24404,13951],"acf":[],"yoast_head":"<!-- This site is optimized with the Yoast SEO Premium plugin v18.6 (Yoast SEO v19.13) - https:\/\/yoast.com\/wordpress\/plugins\/seo\/ -->\n<title>STADLER FORM Luftbefeuchter und Duftzerst\u00e4uber Ben Schwarz<\/title>\n<meta name=\"description\" content=\"Entdecken Sie STADLER FORM Luftbefeuchter und Duftzerst\u00e4uber Ben Schwarz bei ErresseShop. Qualit\u00e4t, Stil und Funktionalit\u00e4t \u2013 jetzt online bestellen!\" \/>\n<meta name=\"robots\" content=\"index, follow, max-snippet:-1, max-image-preview:large, max-video-preview:-1\" \/>\n<link rel=\"canonical\" href=\"https:\/\/www.erresse-shop.it\/de\/shop\/kleine-elektrogeraete\/ventilatoren\/stadler-form-luftbefeuchter-und-duftzerstauber-ben-schwarz\/\" \/>\n<meta property=\"og:locale\" content=\"de_DE\" \/>\n<meta property=\"og:type\" content=\"article\" \/>\n<meta property=\"og:title\" content=\"STADLER FORM Luftbefeuchter und Duftzerst\u00e4uber Ben Schwarz\" \/>\n<meta property=\"og:description\" content=\"Entdecken Sie STADLER FORM Luftbefeuchter und Duftzerst\u00e4uber Ben Schwarz bei ErresseShop. Qualit\u00e4t, Stil und Funktionalit\u00e4t \u2013 jetzt online bestellen!\" \/>\n<meta property=\"og:url\" content=\"https:\/\/www.erresse-shop.it\/de\/shop\/kleine-elektrogeraete\/ventilatoren\/stadler-form-luftbefeuchter-und-duftzerstauber-ben-schwarz\/\" \/>\n<meta property=\"og:site_name\" content=\"Erresse Shop\" \/>\n<meta property=\"article:modified_time\" content=\"2025-01-17T15:00:29+00:00\" \/>\n<meta property=\"og:image\" content=\"https:\/\/www.erresse-shop.it\/wp-content\/uploads\/2021\/12\/STADLER-FORM-Umidificatore-Profumatore-Ben-Nero-5.jpg\" \/>\n\t<meta property=\"og:image:width\" content=\"1000\" \/>\n\t<meta property=\"og:image:height\" content=\"1000\" \/>\n\t<meta property=\"og:image:type\" content=\"image\/jpeg\" \/>\n<meta name=\"twitter:card\" content=\"summary_large_image\" \/>\n<script type=\"application\/ld+json\" class=\"yoast-schema-graph\">{\"@context\":\"https:\/\/schema.org\",\"@graph\":[{\"@type\":\"WebPage\",\"@id\":\"https:\/\/www.erresse-shop.it\/de\/shop\/kleine-elektrogeraete\/ventilatoren\/stadler-form-luftbefeuchter-und-duftzerstauber-ben-schwarz\/\",\"url\":\"https:\/\/www.erresse-shop.it\/de\/shop\/kleine-elektrogeraete\/ventilatoren\/stadler-form-luftbefeuchter-und-duftzerstauber-ben-schwarz\/\",\"name\":\"STADLER FORM Luftbefeuchter und Duftzerst\u00e4uber Ben Schwarz\",\"isPartOf\":{\"@id\":\"https:\/\/www.erresse-shop.it\/de\/#website\"},\"datePublished\":\"2021-12-15T08:17:28+00:00\",\"dateModified\":\"2025-01-17T15:00:29+00:00\",\"description\":\"Entdecken Sie STADLER FORM Luftbefeuchter und Duftzerst\u00e4uber Ben Schwarz bei ErresseShop. Qualit\u00e4t, Stil und Funktionalit\u00e4t \u2013 jetzt online bestellen!\",\"breadcrumb\":{\"@id\":\"https:\/\/www.erresse-shop.it\/de\/shop\/kleine-elektrogeraete\/ventilatoren\/stadler-form-luftbefeuchter-und-duftzerstauber-ben-schwarz\/#breadcrumb\"},\"inLanguage\":\"de-DE\",\"potentialAction\":[{\"@type\":\"ReadAction\",\"target\":[\"https:\/\/www.erresse-shop.it\/de\/shop\/kleine-elektrogeraete\/ventilatoren\/stadler-form-luftbefeuchter-und-duftzerstauber-ben-schwarz\/\"]}]},{\"@type\":\"BreadcrumbList\",\"@id\":\"https:\/\/www.erresse-shop.it\/de\/shop\/kleine-elektrogeraete\/ventilatoren\/stadler-form-luftbefeuchter-und-duftzerstauber-ben-schwarz\/#breadcrumb\",\"itemListElement\":[{\"@type\":\"ListItem\",\"position\":1,\"name\":\"Home\",\"item\":\"https:\/\/www.erresse-shop.it\/de\/\"},{\"@type\":\"ListItem\",\"position\":2,\"name\":\"Shop\",\"item\":\"https:\/\/www.erresse-shop.it\/de\/shop\/\"},{\"@type\":\"ListItem\",\"position\":3,\"name\":\"STADLER FORM Luftbefeuchter und Duftzerst\u00e4uber Ben Schwarz\"}]},{\"@type\":\"WebSite\",\"@id\":\"https:\/\/www.erresse-shop.it\/de\/#website\",\"url\":\"https:\/\/www.erresse-shop.it\/de\/\",\"name\":\"Erresse Shop\",\"description\":\"Articoli di qualit\u00e0 per la casa\",\"potentialAction\":[{\"@type\":\"SearchAction\",\"target\":{\"@type\":\"EntryPoint\",\"urlTemplate\":\"https:\/\/www.erresse-shop.it\/de\/?s={search_term_string}\"},\"query-input\":\"required name=search_term_string\"}],\"inLanguage\":\"de-DE\"}]}<\/script>\n<!-- \/ Yoast SEO Premium plugin. -->","yoast_head_json":{"title":"STADLER FORM Luftbefeuchter und Duftzerst\u00e4uber Ben Schwarz","description":"Entdecken Sie STADLER FORM Luftbefeuchter und Duftzerst\u00e4uber Ben Schwarz bei ErresseShop. Qualit\u00e4t, Stil und Funktionalit\u00e4t \u2013 jetzt online bestellen!","robots":{"index":"index","follow":"follow","max-snippet":"max-snippet:-1","max-image-preview":"max-image-preview:large","max-video-preview":"max-video-preview:-1"},"canonical":"https:\/\/www.erresse-shop.it\/de\/shop\/kleine-elektrogeraete\/ventilatoren\/stadler-form-luftbefeuchter-und-duftzerstauber-ben-schwarz\/","og_locale":"de_DE","og_type":"article","og_title":"STADLER FORM Luftbefeuchter und Duftzerst\u00e4uber Ben Schwarz","og_description":"Entdecken Sie STADLER FORM Luftbefeuchter und Duftzerst\u00e4uber Ben Schwarz bei ErresseShop. Qualit\u00e4t, Stil und Funktionalit\u00e4t \u2013 jetzt online bestellen!","og_url":"https:\/\/www.erresse-shop.it\/de\/shop\/kleine-elektrogeraete\/ventilatoren\/stadler-form-luftbefeuchter-und-duftzerstauber-ben-schwarz\/","og_site_name":"Erresse Shop","article_modified_time":"2025-01-17T15:00:29+00:00","og_image":[{"width":1000,"height":1000,"url":"https:\/\/www.erresse-shop.it\/wp-content\/uploads\/2021\/12\/STADLER-FORM-Umidificatore-Profumatore-Ben-Nero-5.jpg","type":"image\/jpeg"}],"twitter_card":"summary_large_image","schema":{"@context":"https:\/\/schema.org","@graph":[{"@type":"WebPage","@id":"https:\/\/www.erresse-shop.it\/de\/shop\/kleine-elektrogeraete\/ventilatoren\/stadler-form-luftbefeuchter-und-duftzerstauber-ben-schwarz\/","url":"https:\/\/www.erresse-shop.it\/de\/shop\/kleine-elektrogeraete\/ventilatoren\/stadler-form-luftbefeuchter-und-duftzerstauber-ben-schwarz\/","name":"STADLER FORM Luftbefeuchter und Duftzerst\u00e4uber Ben Schwarz","isPartOf":{"@id":"https:\/\/www.erresse-shop.it\/de\/#website"},"datePublished":"2021-12-15T08:17:28+00:00","dateModified":"2025-01-17T15:00:29+00:00","description":"Entdecken Sie STADLER FORM Luftbefeuchter und Duftzerst\u00e4uber Ben Schwarz bei ErresseShop. Qualit\u00e4t, Stil und Funktionalit\u00e4t \u2013 jetzt online bestellen!","breadcrumb":{"@id":"https:\/\/www.erresse-shop.it\/de\/shop\/kleine-elektrogeraete\/ventilatoren\/stadler-form-luftbefeuchter-und-duftzerstauber-ben-schwarz\/#breadcrumb"},"inLanguage":"de-DE","potentialAction":[{"@type":"ReadAction","target":["https:\/\/www.erresse-shop.it\/de\/shop\/kleine-elektrogeraete\/ventilatoren\/stadler-form-luftbefeuchter-und-duftzerstauber-ben-schwarz\/"]}]},{"@type":"BreadcrumbList","@id":"https:\/\/www.erresse-shop.it\/de\/shop\/kleine-elektrogeraete\/ventilatoren\/stadler-form-luftbefeuchter-und-duftzerstauber-ben-schwarz\/#breadcrumb","itemListElement":[{"@type":"ListItem","position":1,"name":"Home","item":"https:\/\/www.erresse-shop.it\/de\/"},{"@type":"ListItem","position":2,"name":"Shop","item":"https:\/\/www.erresse-shop.it\/de\/shop\/"},{"@type":"ListItem","position":3,"name":"STADLER FORM Luftbefeuchter und Duftzerst\u00e4uber Ben Schwarz"}]},{"@type":"WebSite","@id":"https:\/\/www.erresse-shop.it\/de\/#website","url":"https:\/\/www.erresse-shop.it\/de\/","name":"Erresse Shop","description":"Articoli di qualit\u00e0 per la casa","potentialAction":[{"@type":"SearchAction","target":{"@type":"EntryPoint","urlTemplate":"https:\/\/www.erresse-shop.it\/de\/?s={search_term_string}"},"query-input":"required name=search_term_string"}],"inLanguage":"de-DE"}]}},"df_price":135.9,"df_sale_price":135.9,"df_regular_price":139.9,"df_image_link":"https:\/\/www.erresse-shop.it\/wp-content\/uploads\/2021\/12\/STADLER-FORM-Umidificatore-Profumatore-Ben-Nero-5-300x300.jpg","_links":{"self":[{"href":"https:\/\/www.erresse-shop.it\/de\/wp-json\/wp\/v2\/product\/135638"}],"collection":[{"href":"https:\/\/www.erresse-shop.it\/de\/wp-json\/wp\/v2\/product"}],"about":[{"href":"https:\/\/www.erresse-shop.it\/de\/wp-json\/wp\/v2\/types\/product"}],"wp:featuredmedia":[{"embeddable":true,"href":"https:\/\/www.erresse-shop.it\/de\/wp-json\/wp\/v2\/media\/135664"}],"wp:attachment":[{"href":"https:\/\/www.erresse-shop.it\/de\/wp-json\/wp\/v2\/media?parent=135638"}],"wp:term":[{"taxonomy":"product_cat","embeddable":true,"href":"https:\/\/www.erresse-shop.it\/de\/wp-json\/wp\/v2\/product_cat?post=135638"},{"taxonomy":"product_tag","embeddable":true,"href":"https:\/\/www.erresse-shop.it\/de\/wp-json\/wp\/v2\/product_tag?post=135638"}],"curies":[{"name":"wp","href":"https:\/\/api.w.org\/{rel}","templated":true}]}}