{"id":135118,"date":"2021-12-10T14:26:05","date_gmt":"2021-12-10T14:26:06","guid":{"rendered":"https:\/\/www.erresse-shop.it\/?post_type=product&#038;p=135118"},"modified":"2025-07-21T20:10:07","modified_gmt":"2025-07-21T20:10:07","slug":"wmf-philadelphia-besteck-set-60-stucke","status":"publish","type":"product","link":"https:\/\/www.erresse-shop.it\/de\/shop\/tisch\/besteck\/wmf-philadelphia-besteck-set-60-stucke\/","title":{"rendered":"WMF Philadelphia Besteck-Set 60 St\u00fccke"},"content":{"rendered":"<p>WMF ist bekannt f\u00fcr seine vielseitige und elegante Produktpalette und f\u00fcr seine Zuverl\u00e4ssigkeit in Qualit\u00e4t und Verarbeitung.<\/p>\n<p>Seit mehr als 150 Jahren macht WMF das Kochen, Essen und Trinken zu einem echten Erlebnis, und das unter Wahrung professioneller Standards und immer besserer Produktionstechnologien. Es bietet Qualit\u00e4tsprodukte in einer Vielzahl von Stilen und Designs, die dem pers\u00f6nlichen Geschmack entsprechen, und bietet st\u00e4ndig innovative Designs.<br \/>\nBer\u00fchmte Designer aus aller Welt suchen st\u00e4ndig nach innovativen Ideen f\u00fcr uns, w\u00e4hrend unser Produktentwicklungszentrum die Gepflogenheiten der verschiedenen Kulturen auf der ganzen Welt im Auge beh\u00e4lt.<\/p>\n<p>So k\u00f6nnen wir Trends aufsp\u00fcren und Designs entwickeln, die vom \u00dcblichen abweichen. Zahlreiche internationale Designpreise belegen unseren Erfolg.<br \/>\nBekannt f\u00fcr innovative Produkte und Designs, ist WMF bestrebt, ein umfangreiches Sortiment an Produkten zu entwickeln, die als Inspiration dienen, um Kochen, Essen und Trinken zu einem Erlebnis zu machen.<\/p>\n<p><strong>PHILADELPHIA SAMMLUNG<\/strong><br \/>\nPhiladelphia von WMF aus Cromargan\u00ae-Edelstahl 18\/10, mit weichen, schwungvollen Linien, die durch die polierte Oberfl\u00e4che elegant werden.<br \/>\nDer Griff und die Klinge passen ineinander, eine Linie, die allen Geschm\u00e4ckern gerecht wird. Die Wahl von exzellentem Stahl macht WMF-Bestecke robust und sp\u00fclmaschinenfest.<\/p>\n<p>Inhalt:<\/p>\n<ul>\n<li>12 Tafelmesser<\/li>\n<li>12 Tischgabeln<\/li>\n<li>12 Essl\u00f6ffel<\/li>\n<li>12 Essl\u00f6ffel<\/li>\n<li>12 Fruchtgabeln<\/li>\n<\/ul>\n<p>Das langlebige Produkt ist sp\u00fclmaschinenfest und rostfrei.<\/p>\n<p>WMF Garantie auf Fabrikations- und Materialfehler.<\/p>\n","protected":false},"excerpt":{"rendered":"<p>WMF ist bekannt f\u00fcr seine vielseitige und elegante Produktpalette und f\u00fcr seine Zuverl\u00e4ssigkeit in Qualit\u00e4t und Verarbeitung. Seit mehr als<\/p>\n","protected":false},"featured_media":332972,"template":"","meta":{"_acf_changed":false,"inline_featured_image":false},"product_cat":[6790,6787],"product_tag":[25022],"acf":[],"yoast_head":"<!-- This site is optimized with the Yoast SEO Premium plugin v18.6 (Yoast SEO v19.13) - https:\/\/yoast.com\/wordpress\/plugins\/seo\/ -->\n<title>WMF Philadelphia Besteck-Set 60 St\u00fccke<\/title>\n<meta name=\"description\" content=\"Entdecken Sie WMF Philadelphia Besteck-Set 60 St\u00fccke bei ErresseShop. Qualit\u00e4t, Stil und Funktionalit\u00e4t \u2013 jetzt online bestellen!\" \/>\n<meta name=\"robots\" content=\"index, follow, max-snippet:-1, max-image-preview:large, max-video-preview:-1\" \/>\n<link rel=\"canonical\" href=\"https:\/\/www.erresse-shop.it\/de\/shop\/tisch\/besteck\/wmf-philadelphia-besteck-set-60-stucke\/\" \/>\n<meta property=\"og:locale\" content=\"de_DE\" \/>\n<meta property=\"og:type\" content=\"article\" \/>\n<meta property=\"og:title\" content=\"WMF Philadelphia Besteck-Set 60 St\u00fccke\" \/>\n<meta property=\"og:description\" content=\"Entdecken Sie WMF Philadelphia Besteck-Set 60 St\u00fccke bei ErresseShop. Qualit\u00e4t, Stil und Funktionalit\u00e4t \u2013 jetzt online bestellen!\" \/>\n<meta property=\"og:url\" content=\"https:\/\/www.erresse-shop.it\/de\/shop\/tisch\/besteck\/wmf-philadelphia-besteck-set-60-stucke\/\" \/>\n<meta property=\"og:site_name\" content=\"Erresse Shop\" \/>\n<meta property=\"article:modified_time\" content=\"2025-07-21T20:10:07+00:00\" \/>\n<meta property=\"og:image\" content=\"https:\/\/www.erresse-shop.it\/wp-content\/uploads\/2021\/12\/WMF-Philadelphia-60-pezzi.jpg\" \/>\n\t<meta property=\"og:image:width\" content=\"800\" \/>\n\t<meta property=\"og:image:height\" content=\"800\" \/>\n\t<meta property=\"og:image:type\" content=\"image\/jpeg\" \/>\n<meta name=\"twitter:card\" content=\"summary_large_image\" \/>\n<script type=\"application\/ld+json\" class=\"yoast-schema-graph\">{\"@context\":\"https:\/\/schema.org\",\"@graph\":[{\"@type\":\"WebPage\",\"@id\":\"https:\/\/www.erresse-shop.it\/de\/shop\/tisch\/besteck\/wmf-philadelphia-besteck-set-60-stucke\/\",\"url\":\"https:\/\/www.erresse-shop.it\/de\/shop\/tisch\/besteck\/wmf-philadelphia-besteck-set-60-stucke\/\",\"name\":\"WMF Philadelphia Besteck-Set 60 St\u00fccke\",\"isPartOf\":{\"@id\":\"https:\/\/www.erresse-shop.it\/de\/#website\"},\"datePublished\":\"2021-12-10T14:26:06+00:00\",\"dateModified\":\"2025-07-21T20:10:07+00:00\",\"description\":\"Entdecken Sie WMF Philadelphia Besteck-Set 60 St\u00fccke bei ErresseShop. Qualit\u00e4t, Stil und Funktionalit\u00e4t \u2013 jetzt online bestellen!\",\"breadcrumb\":{\"@id\":\"https:\/\/www.erresse-shop.it\/de\/shop\/tisch\/besteck\/wmf-philadelphia-besteck-set-60-stucke\/#breadcrumb\"},\"inLanguage\":\"de-DE\",\"potentialAction\":[{\"@type\":\"ReadAction\",\"target\":[\"https:\/\/www.erresse-shop.it\/de\/shop\/tisch\/besteck\/wmf-philadelphia-besteck-set-60-stucke\/\"]}]},{\"@type\":\"BreadcrumbList\",\"@id\":\"https:\/\/www.erresse-shop.it\/de\/shop\/tisch\/besteck\/wmf-philadelphia-besteck-set-60-stucke\/#breadcrumb\",\"itemListElement\":[{\"@type\":\"ListItem\",\"position\":1,\"name\":\"Home\",\"item\":\"https:\/\/www.erresse-shop.it\/de\/\"},{\"@type\":\"ListItem\",\"position\":2,\"name\":\"Shop\",\"item\":\"https:\/\/www.erresse-shop.it\/de\/shop\/\"},{\"@type\":\"ListItem\",\"position\":3,\"name\":\"WMF Philadelphia Besteck-Set 60 St\u00fccke\"}]},{\"@type\":\"WebSite\",\"@id\":\"https:\/\/www.erresse-shop.it\/de\/#website\",\"url\":\"https:\/\/www.erresse-shop.it\/de\/\",\"name\":\"Erresse Shop\",\"description\":\"Articoli di qualit\u00e0 per la casa\",\"potentialAction\":[{\"@type\":\"SearchAction\",\"target\":{\"@type\":\"EntryPoint\",\"urlTemplate\":\"https:\/\/www.erresse-shop.it\/de\/?s={search_term_string}\"},\"query-input\":\"required name=search_term_string\"}],\"inLanguage\":\"de-DE\"}]}<\/script>\n<!-- \/ Yoast SEO Premium plugin. -->","yoast_head_json":{"title":"WMF Philadelphia Besteck-Set 60 St\u00fccke","description":"Entdecken Sie WMF Philadelphia Besteck-Set 60 St\u00fccke bei ErresseShop. Qualit\u00e4t, Stil und Funktionalit\u00e4t \u2013 jetzt online bestellen!","robots":{"index":"index","follow":"follow","max-snippet":"max-snippet:-1","max-image-preview":"max-image-preview:large","max-video-preview":"max-video-preview:-1"},"canonical":"https:\/\/www.erresse-shop.it\/de\/shop\/tisch\/besteck\/wmf-philadelphia-besteck-set-60-stucke\/","og_locale":"de_DE","og_type":"article","og_title":"WMF Philadelphia Besteck-Set 60 St\u00fccke","og_description":"Entdecken Sie WMF Philadelphia Besteck-Set 60 St\u00fccke bei ErresseShop. Qualit\u00e4t, Stil und Funktionalit\u00e4t \u2013 jetzt online bestellen!","og_url":"https:\/\/www.erresse-shop.it\/de\/shop\/tisch\/besteck\/wmf-philadelphia-besteck-set-60-stucke\/","og_site_name":"Erresse Shop","article_modified_time":"2025-07-21T20:10:07+00:00","og_image":[{"width":800,"height":800,"url":"https:\/\/www.erresse-shop.it\/wp-content\/uploads\/2021\/12\/WMF-Philadelphia-60-pezzi.jpg","type":"image\/jpeg"}],"twitter_card":"summary_large_image","schema":{"@context":"https:\/\/schema.org","@graph":[{"@type":"WebPage","@id":"https:\/\/www.erresse-shop.it\/de\/shop\/tisch\/besteck\/wmf-philadelphia-besteck-set-60-stucke\/","url":"https:\/\/www.erresse-shop.it\/de\/shop\/tisch\/besteck\/wmf-philadelphia-besteck-set-60-stucke\/","name":"WMF Philadelphia Besteck-Set 60 St\u00fccke","isPartOf":{"@id":"https:\/\/www.erresse-shop.it\/de\/#website"},"datePublished":"2021-12-10T14:26:06+00:00","dateModified":"2025-07-21T20:10:07+00:00","description":"Entdecken Sie WMF Philadelphia Besteck-Set 60 St\u00fccke bei ErresseShop. Qualit\u00e4t, Stil und Funktionalit\u00e4t \u2013 jetzt online bestellen!","breadcrumb":{"@id":"https:\/\/www.erresse-shop.it\/de\/shop\/tisch\/besteck\/wmf-philadelphia-besteck-set-60-stucke\/#breadcrumb"},"inLanguage":"de-DE","potentialAction":[{"@type":"ReadAction","target":["https:\/\/www.erresse-shop.it\/de\/shop\/tisch\/besteck\/wmf-philadelphia-besteck-set-60-stucke\/"]}]},{"@type":"BreadcrumbList","@id":"https:\/\/www.erresse-shop.it\/de\/shop\/tisch\/besteck\/wmf-philadelphia-besteck-set-60-stucke\/#breadcrumb","itemListElement":[{"@type":"ListItem","position":1,"name":"Home","item":"https:\/\/www.erresse-shop.it\/de\/"},{"@type":"ListItem","position":2,"name":"Shop","item":"https:\/\/www.erresse-shop.it\/de\/shop\/"},{"@type":"ListItem","position":3,"name":"WMF Philadelphia Besteck-Set 60 St\u00fccke"}]},{"@type":"WebSite","@id":"https:\/\/www.erresse-shop.it\/de\/#website","url":"https:\/\/www.erresse-shop.it\/de\/","name":"Erresse Shop","description":"Articoli di qualit\u00e0 per la casa","potentialAction":[{"@type":"SearchAction","target":{"@type":"EntryPoint","urlTemplate":"https:\/\/www.erresse-shop.it\/de\/?s={search_term_string}"},"query-input":"required name=search_term_string"}],"inLanguage":"de-DE"}]}},"df_price":104.95,"df_sale_price":104.95,"df_regular_price":238,"df_image_link":"https:\/\/www.erresse-shop.it\/wp-content\/uploads\/2021\/12\/WMF-Philadelphia-60-pezzi-300x300.jpg","_links":{"self":[{"href":"https:\/\/www.erresse-shop.it\/de\/wp-json\/wp\/v2\/product\/135118"}],"collection":[{"href":"https:\/\/www.erresse-shop.it\/de\/wp-json\/wp\/v2\/product"}],"about":[{"href":"https:\/\/www.erresse-shop.it\/de\/wp-json\/wp\/v2\/types\/product"}],"wp:featuredmedia":[{"embeddable":true,"href":"https:\/\/www.erresse-shop.it\/de\/wp-json\/wp\/v2\/media\/332972"}],"wp:attachment":[{"href":"https:\/\/www.erresse-shop.it\/de\/wp-json\/wp\/v2\/media?parent=135118"}],"wp:term":[{"taxonomy":"product_cat","embeddable":true,"href":"https:\/\/www.erresse-shop.it\/de\/wp-json\/wp\/v2\/product_cat?post=135118"},{"taxonomy":"product_tag","embeddable":true,"href":"https:\/\/www.erresse-shop.it\/de\/wp-json\/wp\/v2\/product_tag?post=135118"}],"curies":[{"name":"wp","href":"https:\/\/api.w.org\/{rel}","templated":true}]}}