{"id":134032,"date":"2021-12-06T07:32:00","date_gmt":"2021-12-06T07:32:00","guid":{"rendered":"https:\/\/www.erresse-shop.it\/?post_type=product&#038;p=134032"},"modified":"2025-04-19T13:00:08","modified_gmt":"2025-04-19T13:00:08","slug":"instant-pot-multikocher-pro-crisp-8l","status":"publish","type":"product","link":"https:\/\/www.erresse-shop.it\/de\/shop\/kleine-elektrogeraete\/kuechenmaschinen\/instant-pot-multikocher-pro-crisp-8l\/","title":{"rendered":"INSTANT POT Multikocher Pro Crisp 8L Schwarz"},"content":{"rendered":"<p>Der Instant Pot Pro Crisp mit Deckel ist 11 Ger\u00e4te in einem und ist die leistungsst\u00e4rkste Version mit 2 praktischen abnehmbaren Deckeln, die Ihren Instant Pot in eine Luftfritteuse verwandeln.<br \/>\nIdeal f\u00fcr 8 Personen.<br \/>\nMit dem Deckel der Fritteuse k\u00f6nnen Sie: grillen, braten, r\u00f6sten, backen und Obst und Gem\u00fcse dehydrieren. Der EvenCrisp\u2122-Luftstrom macht Ihre Gerichte knusprig und zart wie beim Frittieren und verbraucht dabei bis zu 95 % weniger \u00d6l.<\/p>\n<p>&#8211; Material: Deckel und Innentopf aus Edelstahl, Au\u00dfentopf aus geb\u00fcrstetem Edelstahl mit mattschwarzer Oberfl\u00e4che<br \/>\n&#8211; Innentopf aus Edelstahl mit verst\u00e4rktem Boden und Silikongriffen, kann auf Tische und Herde, einschlie\u00dflich Induktionsherde, \u00fcbertragen werden<br \/>\n&#8211; Hochentwickelter Dichtungsdeckel mit Dampfdiffusionstechnologie: reduziert das Ger\u00e4usch und die Intensit\u00e4t der Dampfabgabe und verhindert, dass Fl\u00fcssigkeit auf die Arbeitsfl\u00e4che spritzt<br \/>\n&#8211; Neues benutzerfreundliches Soft-Touch-Display<br \/>\n&#8211; Manueller zentraler Drehknopf zur Einstellung von Zeit und Temperatur<br \/>\n&#8211; Breiter Bereich anpassbarer Temperaturen von 21 C bis 201 C<br \/>\n&#8211; Anzeige des Vorbereitungsstatus<br \/>\n&#8211; Tonanzeige (Auswahl der Funktion)<br \/>\n&#8211; Einschaltverz\u00f6gerungsfunktion<\/p>\n<p><strong>11 anpassbare Programme Smart one-touch standard:<\/strong><\/p>\n<ul>\n<li>Druckkochen<\/li>\n<li>Sautieren\/Grillen<\/li>\n<li>langsames Garen<\/li>\n<li>d\u00e4mpfend<\/li>\n<li>Sous-vide<\/li>\n<li>Frittieren an der Luft<\/li>\n<li>R\u00f6stung<\/li>\n<li>Torten<\/li>\n<li>Grillen<\/li>\n<li>Dehydrierung<\/li>\n<li>warmhaltend<\/li>\n<\/ul>\n<p><strong>TECHNISCHE MERKMALE:<\/strong><\/p>\n<ul>\n<li>Fassungsverm\u00f6gen: 8 l<\/li>\n<li>Leistung: 1500W<\/li>\n<li>Stromversorgung: 220V<\/li>\n<\/ul>\n","protected":false},"excerpt":{"rendered":"<p>Der Instant Pot Pro Crisp mit Deckel ist 11 Ger\u00e4te in einem und ist die leistungsst\u00e4rkste Version mit 2 praktischen<\/p>\n","protected":false},"featured_media":134065,"template":"","meta":{"_acf_changed":false,"inline_featured_image":false},"product_cat":[6703,6721],"product_tag":[24416,24455,13436],"acf":[],"yoast_head":"<!-- This site is optimized with the Yoast SEO Premium plugin v18.6 (Yoast SEO v19.13) - https:\/\/yoast.com\/wordpress\/plugins\/seo\/ -->\n<title>INSTANT POT Multikocher Pro Crisp 8L Schwarz<\/title>\n<meta name=\"description\" content=\"Entdecken Sie INSTANT POT Multikocher Pro Crisp 8L Schwarz bei ErresseShop. Qualit\u00e4t, Stil und Funktionalit\u00e4t \u2013 jetzt online bestellen!\" \/>\n<meta name=\"robots\" content=\"index, follow, max-snippet:-1, max-image-preview:large, max-video-preview:-1\" \/>\n<link rel=\"canonical\" href=\"https:\/\/www.erresse-shop.it\/de\/shop\/kleine-elektrogeraete\/kuechenmaschinen\/instant-pot-multikocher-pro-crisp-8l\/\" \/>\n<meta property=\"og:locale\" content=\"de_DE\" \/>\n<meta property=\"og:type\" content=\"article\" \/>\n<meta property=\"og:title\" content=\"INSTANT POT Multikocher Pro Crisp 8L Schwarz\" \/>\n<meta property=\"og:description\" content=\"Entdecken Sie INSTANT POT Multikocher Pro Crisp 8L Schwarz bei ErresseShop. Qualit\u00e4t, Stil und Funktionalit\u00e4t \u2013 jetzt online bestellen!\" \/>\n<meta property=\"og:url\" content=\"https:\/\/www.erresse-shop.it\/de\/shop\/kleine-elektrogeraete\/kuechenmaschinen\/instant-pot-multikocher-pro-crisp-8l\/\" \/>\n<meta property=\"og:site_name\" content=\"Erresse Shop\" \/>\n<meta property=\"article:modified_time\" content=\"2025-04-19T13:00:08+00:00\" \/>\n<meta property=\"og:image\" content=\"https:\/\/www.erresse-shop.it\/wp-content\/uploads\/2021\/12\/KUNZI-Instant-Pot-Pro-Crisp-Duo-8L.jpg\" \/>\n\t<meta property=\"og:image:width\" content=\"1000\" \/>\n\t<meta property=\"og:image:height\" content=\"1000\" \/>\n\t<meta property=\"og:image:type\" content=\"image\/jpeg\" \/>\n<meta name=\"twitter:card\" content=\"summary_large_image\" \/>\n<script type=\"application\/ld+json\" class=\"yoast-schema-graph\">{\"@context\":\"https:\/\/schema.org\",\"@graph\":[{\"@type\":\"WebPage\",\"@id\":\"https:\/\/www.erresse-shop.it\/de\/shop\/kleine-elektrogeraete\/kuechenmaschinen\/instant-pot-multikocher-pro-crisp-8l\/\",\"url\":\"https:\/\/www.erresse-shop.it\/de\/shop\/kleine-elektrogeraete\/kuechenmaschinen\/instant-pot-multikocher-pro-crisp-8l\/\",\"name\":\"INSTANT POT Multikocher Pro Crisp 8L Schwarz\",\"isPartOf\":{\"@id\":\"https:\/\/www.erresse-shop.it\/de\/#website\"},\"datePublished\":\"2021-12-06T07:32:00+00:00\",\"dateModified\":\"2025-04-19T13:00:08+00:00\",\"description\":\"Entdecken Sie INSTANT POT Multikocher Pro Crisp 8L Schwarz bei ErresseShop. Qualit\u00e4t, Stil und Funktionalit\u00e4t \u2013 jetzt online bestellen!\",\"breadcrumb\":{\"@id\":\"https:\/\/www.erresse-shop.it\/de\/shop\/kleine-elektrogeraete\/kuechenmaschinen\/instant-pot-multikocher-pro-crisp-8l\/#breadcrumb\"},\"inLanguage\":\"de-DE\",\"potentialAction\":[{\"@type\":\"ReadAction\",\"target\":[\"https:\/\/www.erresse-shop.it\/de\/shop\/kleine-elektrogeraete\/kuechenmaschinen\/instant-pot-multikocher-pro-crisp-8l\/\"]}]},{\"@type\":\"BreadcrumbList\",\"@id\":\"https:\/\/www.erresse-shop.it\/de\/shop\/kleine-elektrogeraete\/kuechenmaschinen\/instant-pot-multikocher-pro-crisp-8l\/#breadcrumb\",\"itemListElement\":[{\"@type\":\"ListItem\",\"position\":1,\"name\":\"Home\",\"item\":\"https:\/\/www.erresse-shop.it\/de\/\"},{\"@type\":\"ListItem\",\"position\":2,\"name\":\"Shop\",\"item\":\"https:\/\/www.erresse-shop.it\/de\/shop\/\"},{\"@type\":\"ListItem\",\"position\":3,\"name\":\"INSTANT POT Multikocher Pro Crisp 8L Schwarz\"}]},{\"@type\":\"WebSite\",\"@id\":\"https:\/\/www.erresse-shop.it\/de\/#website\",\"url\":\"https:\/\/www.erresse-shop.it\/de\/\",\"name\":\"Erresse Shop\",\"description\":\"Articoli di qualit\u00e0 per la casa\",\"potentialAction\":[{\"@type\":\"SearchAction\",\"target\":{\"@type\":\"EntryPoint\",\"urlTemplate\":\"https:\/\/www.erresse-shop.it\/de\/?s={search_term_string}\"},\"query-input\":\"required name=search_term_string\"}],\"inLanguage\":\"de-DE\"}]}<\/script>\n<!-- \/ Yoast SEO Premium plugin. -->","yoast_head_json":{"title":"INSTANT POT Multikocher Pro Crisp 8L Schwarz","description":"Entdecken Sie INSTANT POT Multikocher Pro Crisp 8L Schwarz bei ErresseShop. Qualit\u00e4t, Stil und Funktionalit\u00e4t \u2013 jetzt online bestellen!","robots":{"index":"index","follow":"follow","max-snippet":"max-snippet:-1","max-image-preview":"max-image-preview:large","max-video-preview":"max-video-preview:-1"},"canonical":"https:\/\/www.erresse-shop.it\/de\/shop\/kleine-elektrogeraete\/kuechenmaschinen\/instant-pot-multikocher-pro-crisp-8l\/","og_locale":"de_DE","og_type":"article","og_title":"INSTANT POT Multikocher Pro Crisp 8L Schwarz","og_description":"Entdecken Sie INSTANT POT Multikocher Pro Crisp 8L Schwarz bei ErresseShop. Qualit\u00e4t, Stil und Funktionalit\u00e4t \u2013 jetzt online bestellen!","og_url":"https:\/\/www.erresse-shop.it\/de\/shop\/kleine-elektrogeraete\/kuechenmaschinen\/instant-pot-multikocher-pro-crisp-8l\/","og_site_name":"Erresse Shop","article_modified_time":"2025-04-19T13:00:08+00:00","og_image":[{"width":1000,"height":1000,"url":"https:\/\/www.erresse-shop.it\/wp-content\/uploads\/2021\/12\/KUNZI-Instant-Pot-Pro-Crisp-Duo-8L.jpg","type":"image\/jpeg"}],"twitter_card":"summary_large_image","schema":{"@context":"https:\/\/schema.org","@graph":[{"@type":"WebPage","@id":"https:\/\/www.erresse-shop.it\/de\/shop\/kleine-elektrogeraete\/kuechenmaschinen\/instant-pot-multikocher-pro-crisp-8l\/","url":"https:\/\/www.erresse-shop.it\/de\/shop\/kleine-elektrogeraete\/kuechenmaschinen\/instant-pot-multikocher-pro-crisp-8l\/","name":"INSTANT POT Multikocher Pro Crisp 8L Schwarz","isPartOf":{"@id":"https:\/\/www.erresse-shop.it\/de\/#website"},"datePublished":"2021-12-06T07:32:00+00:00","dateModified":"2025-04-19T13:00:08+00:00","description":"Entdecken Sie INSTANT POT Multikocher Pro Crisp 8L Schwarz bei ErresseShop. Qualit\u00e4t, Stil und Funktionalit\u00e4t \u2013 jetzt online bestellen!","breadcrumb":{"@id":"https:\/\/www.erresse-shop.it\/de\/shop\/kleine-elektrogeraete\/kuechenmaschinen\/instant-pot-multikocher-pro-crisp-8l\/#breadcrumb"},"inLanguage":"de-DE","potentialAction":[{"@type":"ReadAction","target":["https:\/\/www.erresse-shop.it\/de\/shop\/kleine-elektrogeraete\/kuechenmaschinen\/instant-pot-multikocher-pro-crisp-8l\/"]}]},{"@type":"BreadcrumbList","@id":"https:\/\/www.erresse-shop.it\/de\/shop\/kleine-elektrogeraete\/kuechenmaschinen\/instant-pot-multikocher-pro-crisp-8l\/#breadcrumb","itemListElement":[{"@type":"ListItem","position":1,"name":"Home","item":"https:\/\/www.erresse-shop.it\/de\/"},{"@type":"ListItem","position":2,"name":"Shop","item":"https:\/\/www.erresse-shop.it\/de\/shop\/"},{"@type":"ListItem","position":3,"name":"INSTANT POT Multikocher Pro Crisp 8L Schwarz"}]},{"@type":"WebSite","@id":"https:\/\/www.erresse-shop.it\/de\/#website","url":"https:\/\/www.erresse-shop.it\/de\/","name":"Erresse Shop","description":"Articoli di qualit\u00e0 per la casa","potentialAction":[{"@type":"SearchAction","target":{"@type":"EntryPoint","urlTemplate":"https:\/\/www.erresse-shop.it\/de\/?s={search_term_string}"},"query-input":"required name=search_term_string"}],"inLanguage":"de-DE"}]}},"df_price":279.95,"df_sale_price":279.95,"df_regular_price":299.99,"df_image_link":"https:\/\/www.erresse-shop.it\/wp-content\/uploads\/2021\/12\/KUNZI-Instant-Pot-Pro-Crisp-Duo-8L-300x300.jpg","_links":{"self":[{"href":"https:\/\/www.erresse-shop.it\/de\/wp-json\/wp\/v2\/product\/134032"}],"collection":[{"href":"https:\/\/www.erresse-shop.it\/de\/wp-json\/wp\/v2\/product"}],"about":[{"href":"https:\/\/www.erresse-shop.it\/de\/wp-json\/wp\/v2\/types\/product"}],"wp:featuredmedia":[{"embeddable":true,"href":"https:\/\/www.erresse-shop.it\/de\/wp-json\/wp\/v2\/media\/134065"}],"wp:attachment":[{"href":"https:\/\/www.erresse-shop.it\/de\/wp-json\/wp\/v2\/media?parent=134032"}],"wp:term":[{"taxonomy":"product_cat","embeddable":true,"href":"https:\/\/www.erresse-shop.it\/de\/wp-json\/wp\/v2\/product_cat?post=134032"},{"taxonomy":"product_tag","embeddable":true,"href":"https:\/\/www.erresse-shop.it\/de\/wp-json\/wp\/v2\/product_tag?post=134032"}],"curies":[{"name":"wp","href":"https:\/\/api.w.org\/{rel}","templated":true}]}}