{"id":133847,"date":"2021-12-03T11:31:14","date_gmt":"2021-12-03T11:31:16","guid":{"rendered":"https:\/\/www.erresse-shop.it\/?post_type=product&#038;p=133847"},"modified":"2025-01-16T07:30:01","modified_gmt":"2025-01-16T07:30:01","slug":"argenti-preziosi-silberer-rahmen-holzerne-ruckseite-9x13","status":"publish","type":"product","link":"https:\/\/www.erresse-shop.it\/de\/shop\/einrichtung-haus\/rahmen\/argenti-preziosi-silberer-rahmen-holzerne-ruckseite-9x13\/","title":{"rendered":"ARGENTI PREZIOSI Silberer Rahmen H\u00f6lzerne R\u00fcckseite 9&#215;13"},"content":{"rendered":"<p><strong>Argenti Preziosi<\/strong> produziert und vertreibt Fassungen aus reinem Silber.<br \/>\nEine unwiederholbare Mischung aus Forschung, Qualit\u00e4t, Stil und Preis, die die breite Palette von Produkten in st\u00e4ndiger Entwicklung durchdringt, hat einzigartige Objekte geschaffen, die Emotionen vermitteln und die Erinnerung an den sch\u00f6nsten Tag pr\u00e4gen.<\/p>\n<p>Von 2009 bis 2014 hat Argenti Preziosi an der Realisierung verschiedener Projekte zugunsten benachteiligter Familien in verschiedenen D\u00f6rfern Afrikas mitgearbeitet.<\/p>\n","protected":false},"excerpt":{"rendered":"<p>Argenti Preziosi produziert und vertreibt Fassungen aus reinem Silber. Eine unwiederholbare Mischung aus Forschung, Qualit\u00e4t, Stil und Preis, die die<\/p>\n","protected":false},"featured_media":161548,"template":"","meta":{"_acf_changed":false,"inline_featured_image":false},"product_cat":[6817,16962],"product_tag":[23691,21822],"acf":[],"yoast_head":"<!-- This site is optimized with the Yoast SEO Premium plugin v18.6 (Yoast SEO v19.13) - https:\/\/yoast.com\/wordpress\/plugins\/seo\/ -->\n<title>ARGENTI PREZIOSI Silberer Rahmen H\u00f6lzerne R\u00fcckseite 9x13<\/title>\n<meta name=\"description\" content=\"Entdecken Sie ARGENTI PREZIOSI Silberer Rahmen H\u00f6lzerne R\u00fcckseite 9x13 bei ErresseShop. Qualit\u00e4t, Stil und Funktionalit\u00e4t \u2013 jetzt online bestellen!\" \/>\n<meta name=\"robots\" content=\"index, follow, max-snippet:-1, max-image-preview:large, max-video-preview:-1\" \/>\n<link rel=\"canonical\" href=\"https:\/\/www.erresse-shop.it\/de\/shop\/einrichtung-haus\/rahmen\/argenti-preziosi-silberer-rahmen-holzerne-ruckseite-9x13\/\" \/>\n<meta property=\"og:locale\" content=\"de_DE\" \/>\n<meta property=\"og:type\" content=\"article\" \/>\n<meta property=\"og:title\" content=\"ARGENTI PREZIOSI Silberer Rahmen H\u00f6lzerne R\u00fcckseite 9x13\" \/>\n<meta property=\"og:description\" content=\"Entdecken Sie ARGENTI PREZIOSI Silberer Rahmen H\u00f6lzerne R\u00fcckseite 9x13 bei ErresseShop. Qualit\u00e4t, Stil und Funktionalit\u00e4t \u2013 jetzt online bestellen!\" \/>\n<meta property=\"og:url\" content=\"https:\/\/www.erresse-shop.it\/de\/shop\/einrichtung-haus\/rahmen\/argenti-preziosi-silberer-rahmen-holzerne-ruckseite-9x13\/\" \/>\n<meta property=\"og:site_name\" content=\"Erresse Shop\" \/>\n<meta property=\"article:modified_time\" content=\"2025-01-16T07:30:01+00:00\" \/>\n<meta property=\"og:image\" content=\"https:\/\/www.erresse-shop.it\/wp-content\/uploads\/2022\/06\/ARGENTI-PREZIOSI-925.jpg\" \/>\n\t<meta property=\"og:image:width\" content=\"800\" \/>\n\t<meta property=\"og:image:height\" content=\"800\" \/>\n\t<meta property=\"og:image:type\" content=\"image\/jpeg\" \/>\n<meta name=\"twitter:card\" content=\"summary_large_image\" \/>\n<script type=\"application\/ld+json\" class=\"yoast-schema-graph\">{\"@context\":\"https:\/\/schema.org\",\"@graph\":[{\"@type\":\"WebPage\",\"@id\":\"https:\/\/www.erresse-shop.it\/de\/shop\/einrichtung-haus\/rahmen\/argenti-preziosi-silberer-rahmen-holzerne-ruckseite-9x13\/\",\"url\":\"https:\/\/www.erresse-shop.it\/de\/shop\/einrichtung-haus\/rahmen\/argenti-preziosi-silberer-rahmen-holzerne-ruckseite-9x13\/\",\"name\":\"ARGENTI PREZIOSI Silberer Rahmen H\u00f6lzerne R\u00fcckseite 9x13\",\"isPartOf\":{\"@id\":\"https:\/\/www.erresse-shop.it\/de\/#website\"},\"datePublished\":\"2021-12-03T11:31:16+00:00\",\"dateModified\":\"2025-01-16T07:30:01+00:00\",\"description\":\"Entdecken Sie ARGENTI PREZIOSI Silberer Rahmen H\u00f6lzerne R\u00fcckseite 9x13 bei ErresseShop. Qualit\u00e4t, Stil und Funktionalit\u00e4t \u2013 jetzt online bestellen!\",\"breadcrumb\":{\"@id\":\"https:\/\/www.erresse-shop.it\/de\/shop\/einrichtung-haus\/rahmen\/argenti-preziosi-silberer-rahmen-holzerne-ruckseite-9x13\/#breadcrumb\"},\"inLanguage\":\"de-DE\",\"potentialAction\":[{\"@type\":\"ReadAction\",\"target\":[\"https:\/\/www.erresse-shop.it\/de\/shop\/einrichtung-haus\/rahmen\/argenti-preziosi-silberer-rahmen-holzerne-ruckseite-9x13\/\"]}]},{\"@type\":\"BreadcrumbList\",\"@id\":\"https:\/\/www.erresse-shop.it\/de\/shop\/einrichtung-haus\/rahmen\/argenti-preziosi-silberer-rahmen-holzerne-ruckseite-9x13\/#breadcrumb\",\"itemListElement\":[{\"@type\":\"ListItem\",\"position\":1,\"name\":\"Home\",\"item\":\"https:\/\/www.erresse-shop.it\/de\/\"},{\"@type\":\"ListItem\",\"position\":2,\"name\":\"Shop\",\"item\":\"https:\/\/www.erresse-shop.it\/de\/shop\/\"},{\"@type\":\"ListItem\",\"position\":3,\"name\":\"ARGENTI PREZIOSI Silberer Rahmen H\u00f6lzerne R\u00fcckseite 9&#215;13\"}]},{\"@type\":\"WebSite\",\"@id\":\"https:\/\/www.erresse-shop.it\/de\/#website\",\"url\":\"https:\/\/www.erresse-shop.it\/de\/\",\"name\":\"Erresse Shop\",\"description\":\"Articoli di qualit\u00e0 per la casa\",\"potentialAction\":[{\"@type\":\"SearchAction\",\"target\":{\"@type\":\"EntryPoint\",\"urlTemplate\":\"https:\/\/www.erresse-shop.it\/de\/?s={search_term_string}\"},\"query-input\":\"required name=search_term_string\"}],\"inLanguage\":\"de-DE\"}]}<\/script>\n<!-- \/ Yoast SEO Premium plugin. -->","yoast_head_json":{"title":"ARGENTI PREZIOSI Silberer Rahmen H\u00f6lzerne R\u00fcckseite 9x13","description":"Entdecken Sie ARGENTI PREZIOSI Silberer Rahmen H\u00f6lzerne R\u00fcckseite 9x13 bei ErresseShop. Qualit\u00e4t, Stil und Funktionalit\u00e4t \u2013 jetzt online bestellen!","robots":{"index":"index","follow":"follow","max-snippet":"max-snippet:-1","max-image-preview":"max-image-preview:large","max-video-preview":"max-video-preview:-1"},"canonical":"https:\/\/www.erresse-shop.it\/de\/shop\/einrichtung-haus\/rahmen\/argenti-preziosi-silberer-rahmen-holzerne-ruckseite-9x13\/","og_locale":"de_DE","og_type":"article","og_title":"ARGENTI PREZIOSI Silberer Rahmen H\u00f6lzerne R\u00fcckseite 9x13","og_description":"Entdecken Sie ARGENTI PREZIOSI Silberer Rahmen H\u00f6lzerne R\u00fcckseite 9x13 bei ErresseShop. Qualit\u00e4t, Stil und Funktionalit\u00e4t \u2013 jetzt online bestellen!","og_url":"https:\/\/www.erresse-shop.it\/de\/shop\/einrichtung-haus\/rahmen\/argenti-preziosi-silberer-rahmen-holzerne-ruckseite-9x13\/","og_site_name":"Erresse Shop","article_modified_time":"2025-01-16T07:30:01+00:00","og_image":[{"width":800,"height":800,"url":"https:\/\/www.erresse-shop.it\/wp-content\/uploads\/2022\/06\/ARGENTI-PREZIOSI-925.jpg","type":"image\/jpeg"}],"twitter_card":"summary_large_image","schema":{"@context":"https:\/\/schema.org","@graph":[{"@type":"WebPage","@id":"https:\/\/www.erresse-shop.it\/de\/shop\/einrichtung-haus\/rahmen\/argenti-preziosi-silberer-rahmen-holzerne-ruckseite-9x13\/","url":"https:\/\/www.erresse-shop.it\/de\/shop\/einrichtung-haus\/rahmen\/argenti-preziosi-silberer-rahmen-holzerne-ruckseite-9x13\/","name":"ARGENTI PREZIOSI Silberer Rahmen H\u00f6lzerne R\u00fcckseite 9x13","isPartOf":{"@id":"https:\/\/www.erresse-shop.it\/de\/#website"},"datePublished":"2021-12-03T11:31:16+00:00","dateModified":"2025-01-16T07:30:01+00:00","description":"Entdecken Sie ARGENTI PREZIOSI Silberer Rahmen H\u00f6lzerne R\u00fcckseite 9x13 bei ErresseShop. Qualit\u00e4t, Stil und Funktionalit\u00e4t \u2013 jetzt online bestellen!","breadcrumb":{"@id":"https:\/\/www.erresse-shop.it\/de\/shop\/einrichtung-haus\/rahmen\/argenti-preziosi-silberer-rahmen-holzerne-ruckseite-9x13\/#breadcrumb"},"inLanguage":"de-DE","potentialAction":[{"@type":"ReadAction","target":["https:\/\/www.erresse-shop.it\/de\/shop\/einrichtung-haus\/rahmen\/argenti-preziosi-silberer-rahmen-holzerne-ruckseite-9x13\/"]}]},{"@type":"BreadcrumbList","@id":"https:\/\/www.erresse-shop.it\/de\/shop\/einrichtung-haus\/rahmen\/argenti-preziosi-silberer-rahmen-holzerne-ruckseite-9x13\/#breadcrumb","itemListElement":[{"@type":"ListItem","position":1,"name":"Home","item":"https:\/\/www.erresse-shop.it\/de\/"},{"@type":"ListItem","position":2,"name":"Shop","item":"https:\/\/www.erresse-shop.it\/de\/shop\/"},{"@type":"ListItem","position":3,"name":"ARGENTI PREZIOSI Silberer Rahmen H\u00f6lzerne R\u00fcckseite 9&#215;13"}]},{"@type":"WebSite","@id":"https:\/\/www.erresse-shop.it\/de\/#website","url":"https:\/\/www.erresse-shop.it\/de\/","name":"Erresse Shop","description":"Articoli di qualit\u00e0 per la casa","potentialAction":[{"@type":"SearchAction","target":{"@type":"EntryPoint","urlTemplate":"https:\/\/www.erresse-shop.it\/de\/?s={search_term_string}"},"query-input":"required name=search_term_string"}],"inLanguage":"de-DE"}]}},"df_price":34.9,"df_sale_price":34.9,"df_regular_price":100.95,"df_image_link":"https:\/\/www.erresse-shop.it\/wp-content\/uploads\/2022\/06\/ARGENTI-PREZIOSI-925-300x300.jpg","_links":{"self":[{"href":"https:\/\/www.erresse-shop.it\/de\/wp-json\/wp\/v2\/product\/133847"}],"collection":[{"href":"https:\/\/www.erresse-shop.it\/de\/wp-json\/wp\/v2\/product"}],"about":[{"href":"https:\/\/www.erresse-shop.it\/de\/wp-json\/wp\/v2\/types\/product"}],"wp:featuredmedia":[{"embeddable":true,"href":"https:\/\/www.erresse-shop.it\/de\/wp-json\/wp\/v2\/media\/161548"}],"wp:attachment":[{"href":"https:\/\/www.erresse-shop.it\/de\/wp-json\/wp\/v2\/media?parent=133847"}],"wp:term":[{"taxonomy":"product_cat","embeddable":true,"href":"https:\/\/www.erresse-shop.it\/de\/wp-json\/wp\/v2\/product_cat?post=133847"},{"taxonomy":"product_tag","embeddable":true,"href":"https:\/\/www.erresse-shop.it\/de\/wp-json\/wp\/v2\/product_tag?post=133847"}],"curies":[{"name":"wp","href":"https:\/\/api.w.org\/{rel}","templated":true}]}}