{"id":133809,"date":"2021-12-03T10:34:42","date_gmt":"2021-12-03T10:34:46","guid":{"rendered":"https:\/\/www.erresse-shop.it\/?post_type=product&#038;p=133809"},"modified":"2025-01-17T07:40:39","modified_gmt":"2025-01-17T07:40:39","slug":"illy-6-packungen-mit-18-kapseln-iperespresso-intensiver-geschmack","status":"publish","type":"product","link":"https:\/\/www.erresse-shop.it\/de\/shop\/kaffe\/kaffeepads-und-kapseln\/illy-6-packungen-mit-18-kapseln-iperespresso-intensiver-geschmack\/","title":{"rendered":"ILLY 6 Packungen mit 18 Kapseln IperEspresso Intensiver Geschmack"},"content":{"rendered":"<p><strong>Verpackung mit 18 Kapseln, insgesamt 108 Kapseln (6 Verpackungen).<\/strong><\/p>\n<p><strong>AROMATISCHE ANMERKUNGEN<\/strong><br \/>\nDer INTENSE-Geschmack der einzigartigen illy-Mischung aus 100 % Arabica zeichnet sich durch eine leichte Bitterkeit und einen gleichm\u00e4\u00dfigen K\u00f6rper aus und bringt umh\u00fcllende Noten von Kakao und Trockenfr\u00fcchten zum Ausdruck.<\/p>\n","protected":false},"excerpt":{"rendered":"<p>Verpackung mit 18 Kapseln, insgesamt 108 Kapseln (6 Verpackungen). AROMATISCHE ANMERKUNGEN Der INTENSE-Geschmack der einzigartigen illy-Mischung aus 100 % Arabica<\/p>\n","protected":false},"featured_media":163937,"template":"","meta":{"_acf_changed":false,"inline_featured_image":false},"product_cat":[25351,25392],"product_tag":[11638,23564],"acf":[],"yoast_head":"<!-- This site is optimized with the Yoast SEO Premium plugin v18.6 (Yoast SEO v19.13) - https:\/\/yoast.com\/wordpress\/plugins\/seo\/ -->\n<title>ILLY 6 Packungen mit 18 Kapseln IperEspresso Intensiver Geschmack<\/title>\n<meta name=\"description\" content=\"Entdecken Sie ILLY 6 Packungen mit 18 Kapseln IperEspresso Intensiver Geschmack bei ErresseShop. Qualit\u00e4t, Stil und Funktionalit\u00e4t \u2013 jetzt online bestellen!\" \/>\n<meta name=\"robots\" content=\"index, follow, max-snippet:-1, max-image-preview:large, max-video-preview:-1\" \/>\n<link rel=\"canonical\" href=\"https:\/\/www.erresse-shop.it\/de\/shop\/kaffe\/kaffeepads-und-kapseln\/illy-6-packungen-mit-18-kapseln-iperespresso-intensiver-geschmack\/\" \/>\n<meta property=\"og:locale\" content=\"de_DE\" \/>\n<meta property=\"og:type\" content=\"article\" \/>\n<meta property=\"og:title\" content=\"ILLY 6 Packungen mit 18 Kapseln IperEspresso Intensiver Geschmack\" \/>\n<meta property=\"og:description\" content=\"Entdecken Sie ILLY 6 Packungen mit 18 Kapseln IperEspresso Intensiver Geschmack bei ErresseShop. Qualit\u00e4t, Stil und Funktionalit\u00e4t \u2013 jetzt online bestellen!\" \/>\n<meta property=\"og:url\" content=\"https:\/\/www.erresse-shop.it\/de\/shop\/kaffe\/kaffeepads-und-kapseln\/illy-6-packungen-mit-18-kapseln-iperespresso-intensiver-geschmack\/\" \/>\n<meta property=\"og:site_name\" content=\"Erresse Shop\" \/>\n<meta property=\"article:modified_time\" content=\"2025-01-17T07:40:39+00:00\" \/>\n<meta property=\"og:image\" content=\"https:\/\/www.erresse-shop.it\/wp-content\/uploads\/2021\/12\/ILLY-Caffe-Cialde-Intenso.jpg\" \/>\n\t<meta property=\"og:image:width\" content=\"800\" \/>\n\t<meta property=\"og:image:height\" content=\"800\" \/>\n\t<meta property=\"og:image:type\" content=\"image\/jpeg\" \/>\n<meta name=\"twitter:card\" content=\"summary_large_image\" \/>\n<script type=\"application\/ld+json\" class=\"yoast-schema-graph\">{\"@context\":\"https:\/\/schema.org\",\"@graph\":[{\"@type\":\"WebPage\",\"@id\":\"https:\/\/www.erresse-shop.it\/de\/shop\/kaffe\/kaffeepads-und-kapseln\/illy-6-packungen-mit-18-kapseln-iperespresso-intensiver-geschmack\/\",\"url\":\"https:\/\/www.erresse-shop.it\/de\/shop\/kaffe\/kaffeepads-und-kapseln\/illy-6-packungen-mit-18-kapseln-iperespresso-intensiver-geschmack\/\",\"name\":\"ILLY 6 Packungen mit 18 Kapseln IperEspresso Intensiver Geschmack\",\"isPartOf\":{\"@id\":\"https:\/\/www.erresse-shop.it\/de\/#website\"},\"datePublished\":\"2021-12-03T10:34:46+00:00\",\"dateModified\":\"2025-01-17T07:40:39+00:00\",\"description\":\"Entdecken Sie ILLY 6 Packungen mit 18 Kapseln IperEspresso Intensiver Geschmack bei ErresseShop. Qualit\u00e4t, Stil und Funktionalit\u00e4t \u2013 jetzt online bestellen!\",\"breadcrumb\":{\"@id\":\"https:\/\/www.erresse-shop.it\/de\/shop\/kaffe\/kaffeepads-und-kapseln\/illy-6-packungen-mit-18-kapseln-iperespresso-intensiver-geschmack\/#breadcrumb\"},\"inLanguage\":\"de-DE\",\"potentialAction\":[{\"@type\":\"ReadAction\",\"target\":[\"https:\/\/www.erresse-shop.it\/de\/shop\/kaffe\/kaffeepads-und-kapseln\/illy-6-packungen-mit-18-kapseln-iperespresso-intensiver-geschmack\/\"]}]},{\"@type\":\"BreadcrumbList\",\"@id\":\"https:\/\/www.erresse-shop.it\/de\/shop\/kaffe\/kaffeepads-und-kapseln\/illy-6-packungen-mit-18-kapseln-iperespresso-intensiver-geschmack\/#breadcrumb\",\"itemListElement\":[{\"@type\":\"ListItem\",\"position\":1,\"name\":\"Home\",\"item\":\"https:\/\/www.erresse-shop.it\/de\/\"},{\"@type\":\"ListItem\",\"position\":2,\"name\":\"Shop\",\"item\":\"https:\/\/www.erresse-shop.it\/de\/shop\/\"},{\"@type\":\"ListItem\",\"position\":3,\"name\":\"ILLY 6 Packungen mit 18 Kapseln IperEspresso Intensiver Geschmack\"}]},{\"@type\":\"WebSite\",\"@id\":\"https:\/\/www.erresse-shop.it\/de\/#website\",\"url\":\"https:\/\/www.erresse-shop.it\/de\/\",\"name\":\"Erresse Shop\",\"description\":\"Articoli di qualit\u00e0 per la casa\",\"potentialAction\":[{\"@type\":\"SearchAction\",\"target\":{\"@type\":\"EntryPoint\",\"urlTemplate\":\"https:\/\/www.erresse-shop.it\/de\/?s={search_term_string}\"},\"query-input\":\"required name=search_term_string\"}],\"inLanguage\":\"de-DE\"}]}<\/script>\n<!-- \/ Yoast SEO Premium plugin. -->","yoast_head_json":{"title":"ILLY 6 Packungen mit 18 Kapseln IperEspresso Intensiver Geschmack","description":"Entdecken Sie ILLY 6 Packungen mit 18 Kapseln IperEspresso Intensiver Geschmack bei ErresseShop. Qualit\u00e4t, Stil und Funktionalit\u00e4t \u2013 jetzt online bestellen!","robots":{"index":"index","follow":"follow","max-snippet":"max-snippet:-1","max-image-preview":"max-image-preview:large","max-video-preview":"max-video-preview:-1"},"canonical":"https:\/\/www.erresse-shop.it\/de\/shop\/kaffe\/kaffeepads-und-kapseln\/illy-6-packungen-mit-18-kapseln-iperespresso-intensiver-geschmack\/","og_locale":"de_DE","og_type":"article","og_title":"ILLY 6 Packungen mit 18 Kapseln IperEspresso Intensiver Geschmack","og_description":"Entdecken Sie ILLY 6 Packungen mit 18 Kapseln IperEspresso Intensiver Geschmack bei ErresseShop. Qualit\u00e4t, Stil und Funktionalit\u00e4t \u2013 jetzt online bestellen!","og_url":"https:\/\/www.erresse-shop.it\/de\/shop\/kaffe\/kaffeepads-und-kapseln\/illy-6-packungen-mit-18-kapseln-iperespresso-intensiver-geschmack\/","og_site_name":"Erresse Shop","article_modified_time":"2025-01-17T07:40:39+00:00","og_image":[{"width":800,"height":800,"url":"https:\/\/www.erresse-shop.it\/wp-content\/uploads\/2021\/12\/ILLY-Caffe-Cialde-Intenso.jpg","type":"image\/jpeg"}],"twitter_card":"summary_large_image","schema":{"@context":"https:\/\/schema.org","@graph":[{"@type":"WebPage","@id":"https:\/\/www.erresse-shop.it\/de\/shop\/kaffe\/kaffeepads-und-kapseln\/illy-6-packungen-mit-18-kapseln-iperespresso-intensiver-geschmack\/","url":"https:\/\/www.erresse-shop.it\/de\/shop\/kaffe\/kaffeepads-und-kapseln\/illy-6-packungen-mit-18-kapseln-iperespresso-intensiver-geschmack\/","name":"ILLY 6 Packungen mit 18 Kapseln IperEspresso Intensiver Geschmack","isPartOf":{"@id":"https:\/\/www.erresse-shop.it\/de\/#website"},"datePublished":"2021-12-03T10:34:46+00:00","dateModified":"2025-01-17T07:40:39+00:00","description":"Entdecken Sie ILLY 6 Packungen mit 18 Kapseln IperEspresso Intensiver Geschmack bei ErresseShop. Qualit\u00e4t, Stil und Funktionalit\u00e4t \u2013 jetzt online bestellen!","breadcrumb":{"@id":"https:\/\/www.erresse-shop.it\/de\/shop\/kaffe\/kaffeepads-und-kapseln\/illy-6-packungen-mit-18-kapseln-iperespresso-intensiver-geschmack\/#breadcrumb"},"inLanguage":"de-DE","potentialAction":[{"@type":"ReadAction","target":["https:\/\/www.erresse-shop.it\/de\/shop\/kaffe\/kaffeepads-und-kapseln\/illy-6-packungen-mit-18-kapseln-iperespresso-intensiver-geschmack\/"]}]},{"@type":"BreadcrumbList","@id":"https:\/\/www.erresse-shop.it\/de\/shop\/kaffe\/kaffeepads-und-kapseln\/illy-6-packungen-mit-18-kapseln-iperespresso-intensiver-geschmack\/#breadcrumb","itemListElement":[{"@type":"ListItem","position":1,"name":"Home","item":"https:\/\/www.erresse-shop.it\/de\/"},{"@type":"ListItem","position":2,"name":"Shop","item":"https:\/\/www.erresse-shop.it\/de\/shop\/"},{"@type":"ListItem","position":3,"name":"ILLY 6 Packungen mit 18 Kapseln IperEspresso Intensiver Geschmack"}]},{"@type":"WebSite","@id":"https:\/\/www.erresse-shop.it\/de\/#website","url":"https:\/\/www.erresse-shop.it\/de\/","name":"Erresse Shop","description":"Articoli di qualit\u00e0 per la casa","potentialAction":[{"@type":"SearchAction","target":{"@type":"EntryPoint","urlTemplate":"https:\/\/www.erresse-shop.it\/de\/?s={search_term_string}"},"query-input":"required name=search_term_string"}],"inLanguage":"de-DE"}]}},"df_price":59.4,"df_sale_price":59.4,"df_regular_price":59.4,"df_image_link":"https:\/\/www.erresse-shop.it\/wp-content\/uploads\/2021\/12\/ILLY-Caffe-Cialde-Intenso-300x300.jpg","_links":{"self":[{"href":"https:\/\/www.erresse-shop.it\/de\/wp-json\/wp\/v2\/product\/133809"}],"collection":[{"href":"https:\/\/www.erresse-shop.it\/de\/wp-json\/wp\/v2\/product"}],"about":[{"href":"https:\/\/www.erresse-shop.it\/de\/wp-json\/wp\/v2\/types\/product"}],"wp:featuredmedia":[{"embeddable":true,"href":"https:\/\/www.erresse-shop.it\/de\/wp-json\/wp\/v2\/media\/163937"}],"wp:attachment":[{"href":"https:\/\/www.erresse-shop.it\/de\/wp-json\/wp\/v2\/media?parent=133809"}],"wp:term":[{"taxonomy":"product_cat","embeddable":true,"href":"https:\/\/www.erresse-shop.it\/de\/wp-json\/wp\/v2\/product_cat?post=133809"},{"taxonomy":"product_tag","embeddable":true,"href":"https:\/\/www.erresse-shop.it\/de\/wp-json\/wp\/v2\/product_tag?post=133809"}],"curies":[{"name":"wp","href":"https:\/\/api.w.org\/{rel}","templated":true}]}}