{"id":132956,"date":"2021-12-01T10:14:02","date_gmt":"2021-12-01T10:14:03","guid":{"rendered":"https:\/\/www.erresse-shop.it\/?post_type=product&#038;p=132956"},"modified":"2024-06-03T00:01:49","modified_gmt":"2024-06-03T00:01:49","slug":"sage-the-foodcycler","status":"publish","type":"product","link":"https:\/\/www.erresse-shop.it\/de\/shop\/einrichtung-haus\/muelltonnen\/sage-the-foodcycler\/","title":{"rendered":"SAGE The FoodCycler"},"content":{"rendered":"<p><strong>FoodCycler<\/strong> f\u00fchrt ein automatisches Trocknungs-, Zerkleinerungs- und K\u00fchlungsprogramm durch, um Lebensmittelabf\u00e4lle in geruchlose EcoChips zu verwandeln. In nur 4 Stunden* werden die Lebensmittelabf\u00e4lle in Ihrem Haushalt um mehr als 80 %** ihres urspr\u00fcnglichen Volumens reduziert. Er ist dank der One-Touch-Bedienung einfach zu bedienen und sein spezielles Aktivkohlefiltersystem beseitigt Ger\u00fcche, was ihn perfekt f\u00fcr den Gebrauch in Innenr\u00e4umen macht. Mit seinem niedrigen Energieverbrauch und dem leisen Betrieb passt der FoodCycler problemlos in jede Umgebung.<\/p>\n<p>*Die Bearbeitung dauert durchschnittlich 4-6 Stunden. Die Zykluszeit h\u00e4ngt von der Art der zu verarbeitenden Lebensmittel und dem Feuchtigkeitsgehalt ab. Die maximale Bearbeitungszeit betr\u00e4gt 8 Stunden. Die Abk\u00fchlphase dauert weitere 30 Minuten.<\/p>\n<p><strong>DIE LEBENSMITTELVERSCHWENDUNG UM MEHR ALS 80 % ZU REDUZIEREN<\/strong><br \/>\nFoodCycler reduziert Lebensmittelabf\u00e4lle um \u00fcber 80 %** ihres urspr\u00fcnglichen Volumens und verwandelt Ihre Lebensmittelabf\u00e4lle in sterile, geruchlose EcoChips. Der Zerkleinerungsbeh\u00e4lter kann bis zu 2 Liter Lebensmittelabf\u00e4lle aufnehmen, die auf 0,34 Liter EcoChips reduziert werden. Die Lebensmittelabf\u00e4lle werden ihr Volumen innerhalb weniger Stunden reduzieren.<\/p>\n<p><strong>FOODCYCLER\u00ae 3-STUFEN-SYSTEM<\/strong><br \/>\nDank eines automatischen 3-Stufen-Zyklus dehydriert, zerkleinert und k\u00fchlt der FoodCycler Ihre Lebensmittelabf\u00e4lle und filtert dabei Ger\u00fcche und Gase heraus. In der Trocknungsphase werden die Lebensmittelabf\u00e4lle dehydriert und die Feuchtigkeit wird entzogen. In der anschlie\u00dfenden Zerkleinerungsphase zerkleinern die Messer die Lebensmittelabf\u00e4lle in kleine Partikel. In der K\u00fchlphase werden die entstehenden Abf\u00e4lle &#8211; die EcoChips &#8211; gek\u00fchlt.<\/p>\n<p><strong>GERUCHSFREIE VERARBEITUNG UND LAGERUNG<\/strong><br \/>\nDie beiden austauschbaren Aktivkohle-EcoFilters\u2122 kontrollieren und filtern den Luftstrom w\u00e4hrend des Prozesses und erm\u00f6glichen so einen sauberen und geruchsfreien Zyklus. Vor dem Zyklus und w\u00e4hrend die Lebensmittelabf\u00e4lle im Eimer gelagert werden, tr\u00e4gt der Deckel mit integriertem Aktivkohlefilter dazu bei, Ger\u00fcche in der Umgebung zu reduzieren.<\/p>\n<p><strong>KOMPAKTES DESIGN F\u00dcR DEN INNENBEREICH<\/strong><br \/>\nDer FoodCycler wurde f\u00fcr die heutigen Haushalte und Lebensgewohnheiten entwickelt und kann \u00fcberall aufgestellt oder gelagert werden. Der abnehmbare Eimer mit Deckel und integriertem Aktivkohlefilter zur Geruchskontrolle kann auf der Arbeitsplatte oder unter der Sp\u00fcle platziert werden, und er passt \u00fcberall hin, wo er leicht zug\u00e4nglich ist: in die K\u00fcche, die Waschk\u00fcche oder die Garage.<\/p>\n<p><strong>LEISER UND NIEDRIGER ENERGIEVERBRAUCH<\/strong><br \/>\nEine ausgekl\u00fcgelte Sensortechnik steuert jeden Zyklus individuell, indem sie den Trockenheitsgrad und die Feuchtigkeit der Lebensmittelabf\u00e4lle \u00fcberwacht, so dass eine maximale Effizienz bei minimalem Energieverbrauch erreicht wird. Der FoodCycler verbraucht durchschnittlich 1 kW pro Zyklus. Dar\u00fcber hinaus verhindert der drehbare, verschlie\u00dfbare Deckel Ger\u00fcche und L\u00e4rm w\u00e4hrend des Prozesses. Daher ist der FoodCycler w\u00e4hrend des Betriebs leiser als eine Sp\u00fclmaschine.<\/p>\n<p><strong>EINFACH ZU BEDIENEN UND ZU REINIGEN<\/strong><br \/>\nF\u00fcllen Sie den Eimer, schlie\u00dfen Sie den Deckel und dr\u00fccken Sie auf Start. Einfacher geht&#8217;s nicht. Die One-Touch-Starttaste macht die Bedienung einfach, und LED-Anzeigen zeigen die verschiedenen laufenden Zyklen an. Wenn Sie w\u00e4hrend des Zyklus mehr Abfall hinzuf\u00fcgen m\u00fcssen, k\u00f6nnen Sie die Pausenfunktion nutzen (nur w\u00e4hrend der Trocknungsphase).<\/p>\n<p><strong>EINFACH ZU REINIGEN<\/strong><br \/>\nDer abnehmbare, porzellanbeschichtete Eimer ist langlebig und sp\u00fclmaschinenfest. Das bedeutet, dass er zur einfachen Reinigung in den unteren Korb des Geschirrsp\u00fclers gelegt werden kann.<\/p>\n<p>**Das Volumen des Inhalts im Eimer kann um mehr als 80 % reduziert werden, je nach Menge und Feuchtigkeit der zu verarbeitenden Lebensmittelabf\u00e4lle.<\/p>\n<p><strong>PRODUKTSPEZIFIKATIONEN<\/strong><br \/>\n&#8211; Innenma\u00dfe (BxTxH): 27,5 x 32 x 36 cm<br \/>\n&#8211; Garantie: 2 Jahre Reparaturgarantie<br \/>\n&#8211; Baumaterialien: Kunststoff und\/oder Aluminium<br \/>\n&#8211; Fassungsverm\u00f6gen: 2 l<br \/>\n&#8211; Verarbeitungsmodi: 1-Trocknung, 2-Mahlung, 3-K\u00fchlung.<br \/>\n&#8211; Bedienung per Knopfdruck<br \/>\n&#8211; Filterwechselanzeige<\/p>\n","protected":false},"excerpt":{"rendered":"<p>FoodCycler f\u00fchrt ein automatisches Trocknungs-, Zerkleinerungs- und K\u00fchlungsprogramm durch, um Lebensmittelabf\u00e4lle in geruchlose EcoChips zu verwandeln. In nur 4 Stunden*<\/p>\n","protected":false},"featured_media":133045,"template":"","meta":{"_acf_changed":false,"inline_featured_image":false},"product_cat":[6817,14032],"product_tag":[13966,11718],"acf":[],"yoast_head":"<!-- This site is optimized with the Yoast SEO Premium plugin v18.6 (Yoast SEO v19.13) - https:\/\/yoast.com\/wordpress\/plugins\/seo\/ -->\n<title>SAGE The FoodCycler - Erresse Shop<\/title>\n<meta name=\"description\" content=\"FoodCycler f\u00fchrt ein automatisches Trocknungs-, Zerkleinerungs- und K\u00fchlungsprogramm durch, um Lebensmittelabf\u00e4lle in geruchlose EcoChips zu verwandeln.\" \/>\n<meta name=\"robots\" content=\"index, follow, max-snippet:-1, max-image-preview:large, max-video-preview:-1\" \/>\n<link rel=\"canonical\" href=\"https:\/\/www.erresse-shop.it\/de\/shop\/einrichtung-haus\/muelltonnen\/sage-the-foodcycler\/\" \/>\n<meta property=\"og:locale\" content=\"de_DE\" \/>\n<meta property=\"og:type\" content=\"article\" \/>\n<meta property=\"og:title\" content=\"SAGE The FoodCycler\" \/>\n<meta property=\"og:description\" content=\"FoodCycler f\u00fchrt ein automatisches Trocknungs-, Zerkleinerungs- und K\u00fchlungsprogramm durch, um Lebensmittelabf\u00e4lle in geruchlose EcoChips zu verwandeln.\" \/>\n<meta property=\"og:url\" content=\"https:\/\/www.erresse-shop.it\/de\/shop\/einrichtung-haus\/muelltonnen\/sage-the-foodcycler\/\" \/>\n<meta property=\"og:site_name\" content=\"Erresse Shop\" \/>\n<meta property=\"article:modified_time\" content=\"2024-06-03T00:01:49+00:00\" \/>\n<meta property=\"og:image\" content=\"https:\/\/www.erresse-shop.it\/wp-content\/uploads\/2021\/12\/SAGE-The-FoodCycler-Grigio.jpg\" \/>\n\t<meta property=\"og:image:width\" content=\"992\" \/>\n\t<meta property=\"og:image:height\" content=\"992\" \/>\n\t<meta property=\"og:image:type\" content=\"image\/jpeg\" \/>\n<meta name=\"twitter:card\" content=\"summary_large_image\" \/>\n<script type=\"application\/ld+json\" class=\"yoast-schema-graph\">{\"@context\":\"https:\/\/schema.org\",\"@graph\":[{\"@type\":\"WebPage\",\"@id\":\"https:\/\/www.erresse-shop.it\/de\/shop\/einrichtung-haus\/muelltonnen\/sage-the-foodcycler\/\",\"url\":\"https:\/\/www.erresse-shop.it\/de\/shop\/einrichtung-haus\/muelltonnen\/sage-the-foodcycler\/\",\"name\":\"SAGE The FoodCycler - Erresse Shop\",\"isPartOf\":{\"@id\":\"https:\/\/www.erresse-shop.it\/de\/#website\"},\"datePublished\":\"2021-12-01T10:14:03+00:00\",\"dateModified\":\"2024-06-03T00:01:49+00:00\",\"description\":\"FoodCycler f\u00fchrt ein automatisches Trocknungs-, Zerkleinerungs- und K\u00fchlungsprogramm durch, um Lebensmittelabf\u00e4lle in geruchlose EcoChips zu verwandeln.\",\"breadcrumb\":{\"@id\":\"https:\/\/www.erresse-shop.it\/de\/shop\/einrichtung-haus\/muelltonnen\/sage-the-foodcycler\/#breadcrumb\"},\"inLanguage\":\"de-DE\",\"potentialAction\":[{\"@type\":\"ReadAction\",\"target\":[\"https:\/\/www.erresse-shop.it\/de\/shop\/einrichtung-haus\/muelltonnen\/sage-the-foodcycler\/\"]}]},{\"@type\":\"BreadcrumbList\",\"@id\":\"https:\/\/www.erresse-shop.it\/de\/shop\/einrichtung-haus\/muelltonnen\/sage-the-foodcycler\/#breadcrumb\",\"itemListElement\":[{\"@type\":\"ListItem\",\"position\":1,\"name\":\"Home\",\"item\":\"https:\/\/www.erresse-shop.it\/de\/\"},{\"@type\":\"ListItem\",\"position\":2,\"name\":\"Shop\",\"item\":\"https:\/\/www.erresse-shop.it\/de\/shop\/\"},{\"@type\":\"ListItem\",\"position\":3,\"name\":\"SAGE The FoodCycler\"}]},{\"@type\":\"WebSite\",\"@id\":\"https:\/\/www.erresse-shop.it\/de\/#website\",\"url\":\"https:\/\/www.erresse-shop.it\/de\/\",\"name\":\"Erresse Shop\",\"description\":\"Articoli di qualit\u00e0 per la casa\",\"potentialAction\":[{\"@type\":\"SearchAction\",\"target\":{\"@type\":\"EntryPoint\",\"urlTemplate\":\"https:\/\/www.erresse-shop.it\/de\/?s={search_term_string}\"},\"query-input\":\"required name=search_term_string\"}],\"inLanguage\":\"de-DE\"}]}<\/script>\n<!-- \/ Yoast SEO Premium plugin. -->","yoast_head_json":{"title":"SAGE The FoodCycler - Erresse Shop","description":"FoodCycler f\u00fchrt ein automatisches Trocknungs-, Zerkleinerungs- und K\u00fchlungsprogramm durch, um Lebensmittelabf\u00e4lle in geruchlose EcoChips zu verwandeln.","robots":{"index":"index","follow":"follow","max-snippet":"max-snippet:-1","max-image-preview":"max-image-preview:large","max-video-preview":"max-video-preview:-1"},"canonical":"https:\/\/www.erresse-shop.it\/de\/shop\/einrichtung-haus\/muelltonnen\/sage-the-foodcycler\/","og_locale":"de_DE","og_type":"article","og_title":"SAGE The FoodCycler","og_description":"FoodCycler f\u00fchrt ein automatisches Trocknungs-, Zerkleinerungs- und K\u00fchlungsprogramm durch, um Lebensmittelabf\u00e4lle in geruchlose EcoChips zu verwandeln.","og_url":"https:\/\/www.erresse-shop.it\/de\/shop\/einrichtung-haus\/muelltonnen\/sage-the-foodcycler\/","og_site_name":"Erresse Shop","article_modified_time":"2024-06-03T00:01:49+00:00","og_image":[{"width":992,"height":992,"url":"https:\/\/www.erresse-shop.it\/wp-content\/uploads\/2021\/12\/SAGE-The-FoodCycler-Grigio.jpg","type":"image\/jpeg"}],"twitter_card":"summary_large_image","schema":{"@context":"https:\/\/schema.org","@graph":[{"@type":"WebPage","@id":"https:\/\/www.erresse-shop.it\/de\/shop\/einrichtung-haus\/muelltonnen\/sage-the-foodcycler\/","url":"https:\/\/www.erresse-shop.it\/de\/shop\/einrichtung-haus\/muelltonnen\/sage-the-foodcycler\/","name":"SAGE The FoodCycler - Erresse Shop","isPartOf":{"@id":"https:\/\/www.erresse-shop.it\/de\/#website"},"datePublished":"2021-12-01T10:14:03+00:00","dateModified":"2024-06-03T00:01:49+00:00","description":"FoodCycler f\u00fchrt ein automatisches Trocknungs-, Zerkleinerungs- und K\u00fchlungsprogramm durch, um Lebensmittelabf\u00e4lle in geruchlose EcoChips zu verwandeln.","breadcrumb":{"@id":"https:\/\/www.erresse-shop.it\/de\/shop\/einrichtung-haus\/muelltonnen\/sage-the-foodcycler\/#breadcrumb"},"inLanguage":"de-DE","potentialAction":[{"@type":"ReadAction","target":["https:\/\/www.erresse-shop.it\/de\/shop\/einrichtung-haus\/muelltonnen\/sage-the-foodcycler\/"]}]},{"@type":"BreadcrumbList","@id":"https:\/\/www.erresse-shop.it\/de\/shop\/einrichtung-haus\/muelltonnen\/sage-the-foodcycler\/#breadcrumb","itemListElement":[{"@type":"ListItem","position":1,"name":"Home","item":"https:\/\/www.erresse-shop.it\/de\/"},{"@type":"ListItem","position":2,"name":"Shop","item":"https:\/\/www.erresse-shop.it\/de\/shop\/"},{"@type":"ListItem","position":3,"name":"SAGE The FoodCycler"}]},{"@type":"WebSite","@id":"https:\/\/www.erresse-shop.it\/de\/#website","url":"https:\/\/www.erresse-shop.it\/de\/","name":"Erresse Shop","description":"Articoli di qualit\u00e0 per la casa","potentialAction":[{"@type":"SearchAction","target":{"@type":"EntryPoint","urlTemplate":"https:\/\/www.erresse-shop.it\/de\/?s={search_term_string}"},"query-input":"required name=search_term_string"}],"inLanguage":"de-DE"}]}},"df_price":499.9,"df_sale_price":499.9,"df_regular_price":499.9,"df_image_link":"https:\/\/www.erresse-shop.it\/wp-content\/uploads\/2021\/12\/SAGE-The-FoodCycler-Grigio-300x300.jpg","_links":{"self":[{"href":"https:\/\/www.erresse-shop.it\/de\/wp-json\/wp\/v2\/product\/132956"}],"collection":[{"href":"https:\/\/www.erresse-shop.it\/de\/wp-json\/wp\/v2\/product"}],"about":[{"href":"https:\/\/www.erresse-shop.it\/de\/wp-json\/wp\/v2\/types\/product"}],"wp:featuredmedia":[{"embeddable":true,"href":"https:\/\/www.erresse-shop.it\/de\/wp-json\/wp\/v2\/media\/133045"}],"wp:attachment":[{"href":"https:\/\/www.erresse-shop.it\/de\/wp-json\/wp\/v2\/media?parent=132956"}],"wp:term":[{"taxonomy":"product_cat","embeddable":true,"href":"https:\/\/www.erresse-shop.it\/de\/wp-json\/wp\/v2\/product_cat?post=132956"},{"taxonomy":"product_tag","embeddable":true,"href":"https:\/\/www.erresse-shop.it\/de\/wp-json\/wp\/v2\/product_tag?post=132956"}],"curies":[{"name":"wp","href":"https:\/\/api.w.org\/{rel}","templated":true}]}}