{"id":132950,"date":"2021-12-01T10:07:32","date_gmt":"2021-12-01T10:07:33","guid":{"rendered":"https:\/\/www.erresse-shop.it\/?post_type=product&#038;p=132950"},"modified":"2023-10-09T00:00:06","modified_gmt":"2023-10-09T00:00:06","slug":"sambonet-besteckservice-24-stuck-dream","status":"publish","type":"product","link":"https:\/\/www.erresse-shop.it\/de\/shop\/tisch\/besteck\/sambonet-besteckservice-24-stuck-dream\/","title":{"rendered":"SAMBONET Besteckservice 24 St\u00fcck Dream"},"content":{"rendered":"<p>Eine originelle und harmonische Tropfenform mit einer modernen und funktionellen Inspiration zeichnet das &#8220;Traum&#8221;-Design der Dream-Kollektion aus. Ein echtes Must-Have von Sambonet.<\/p>\n<ul>\n<li>Jedes Besteckteil hat einen eleganten und robusten Griff und ist aus rostfreiem Stahl 18\/10 gefertigt. Sp\u00fclmaschinenfest.<\/li>\n<li>Zeitgen\u00f6ssischer Stil, ideal zur Versch\u00f6nerung des Tisches, sowohl im Alltag als auch bei besonderen Anl\u00e4ssen.<\/li>\n<li>Service f\u00fcr 6 Personen. Besteht aus: 6 Gabeln, 6 L\u00f6ffeln, 6 Messern und 6 Teel\u00f6ffeln.<\/li>\n<li>Pr\u00e4sentiert in einer eleganten Verpackung, die sich auch hervorragend als Geschenkidee eignet.<\/li>\n<li>Mit ihrer originellen und harmonischen Tropfenform, die auf halbem Weg zwischen Moderne und Design liegt, ist die Kollektion ein Muss f\u00fcr Sambonet. Dieses Besteck versch\u00f6nert den Tisch, sowohl im Alltag als auch bei besonderen Anl\u00e4ssen.<\/li>\n<\/ul>\n<p><strong>VOR UND NACH JEDEM GEBRAUCH<\/strong><br \/>\nMit geeigneten Reinigungsmitteln, die kein Chlor oder Bleichmittel enthalten, waschen, absp\u00fclen und gr\u00fcndlich trocknen. Dann an einem trockenen Ort aufbewahren. Verwenden Sie keine Scheuerschw\u00e4mme oder -t\u00fccher und keine Scheuerschw\u00e4mme aus Metall. Reste von Salz, Zitrone, Essig, Tomatensaucen usw. sofort entfernen. Wenn Sie eine Geschirrsp\u00fclmaschine benutzen, vergewissern Sie sich, dass die Behandlung ein perfektes Trocknen und Polieren beinhaltet, und wenn nicht, machen Sie es manuell. Die Messerklingen sind aus geh\u00e4rtetem, rostfreiem Martensitstahl 420 gefertigt, der die Haltbarkeit des Schliffs gew\u00e4hrleistet, das Material aber empfindlicher gegen\u00fcber Korrosionsangriffen macht. Es ist wichtig, dass die Messer unmittelbar nach dem Gebrauch ordnungsgem\u00e4\u00df gereinigt, gewaschen und getrocknet werden.<\/p>\n","protected":false},"excerpt":{"rendered":"<p>Eine originelle und harmonische Tropfenform mit einer modernen und funktionellen Inspiration zeichnet das &#8220;Traum&#8221;-Design der Dream-Kollektion aus. Ein echtes Must-Have<\/p>\n","protected":false},"featured_media":132989,"template":"","meta":{"_acf_changed":false,"inline_featured_image":false},"product_cat":[6790,6787],"product_tag":[25088,17197,23911,23691,23661,16825,24429,25022,17196],"acf":[],"yoast_head":"<!-- This site is optimized with the Yoast SEO Premium plugin v18.6 (Yoast SEO v19.13) - https:\/\/yoast.com\/wordpress\/plugins\/seo\/ -->\n<title>SAMBONET Besteckservice 24 St\u00fcck Dream - Erresse Shop<\/title>\n<meta name=\"description\" content=\"Eine originelle und harmonische Tropfenform mit einer modernen und funktionellen Inspiration zeichnet das &quot;Traum&quot;-Design der Dream-Kollektion aus. Ein\" \/>\n<meta name=\"robots\" content=\"index, follow, max-snippet:-1, max-image-preview:large, max-video-preview:-1\" \/>\n<link rel=\"canonical\" href=\"https:\/\/www.erresse-shop.it\/de\/shop\/tisch\/besteck\/sambonet-besteckservice-24-stuck-dream\/\" \/>\n<meta property=\"og:locale\" content=\"de_DE\" \/>\n<meta property=\"og:type\" content=\"article\" \/>\n<meta property=\"og:title\" content=\"SAMBONET Besteckservice 24 St\u00fcck Dream\" \/>\n<meta property=\"og:description\" content=\"Eine originelle und harmonische Tropfenform mit einer modernen und funktionellen Inspiration zeichnet das &quot;Traum&quot;-Design der Dream-Kollektion aus. Ein\" \/>\n<meta property=\"og:url\" content=\"https:\/\/www.erresse-shop.it\/de\/shop\/tisch\/besteck\/sambonet-besteckservice-24-stuck-dream\/\" \/>\n<meta property=\"og:site_name\" content=\"Erresse Shop\" \/>\n<meta property=\"article:modified_time\" content=\"2023-10-09T00:00:06+00:00\" \/>\n<meta property=\"og:image\" content=\"https:\/\/www.erresse-shop.it\/wp-content\/uploads\/2021\/12\/SAMBONET-Posate-Dream-24.jpg\" \/>\n\t<meta property=\"og:image:width\" content=\"1000\" \/>\n\t<meta property=\"og:image:height\" content=\"1000\" \/>\n\t<meta property=\"og:image:type\" content=\"image\/jpeg\" \/>\n<meta name=\"twitter:card\" content=\"summary_large_image\" \/>\n<script type=\"application\/ld+json\" class=\"yoast-schema-graph\">{\"@context\":\"https:\/\/schema.org\",\"@graph\":[{\"@type\":\"WebPage\",\"@id\":\"https:\/\/www.erresse-shop.it\/de\/shop\/tisch\/besteck\/sambonet-besteckservice-24-stuck-dream\/\",\"url\":\"https:\/\/www.erresse-shop.it\/de\/shop\/tisch\/besteck\/sambonet-besteckservice-24-stuck-dream\/\",\"name\":\"SAMBONET Besteckservice 24 St\u00fcck Dream - Erresse Shop\",\"isPartOf\":{\"@id\":\"https:\/\/www.erresse-shop.it\/de\/#website\"},\"datePublished\":\"2021-12-01T10:07:33+00:00\",\"dateModified\":\"2023-10-09T00:00:06+00:00\",\"description\":\"Eine originelle und harmonische Tropfenform mit einer modernen und funktionellen Inspiration zeichnet das \\\"Traum\\\"-Design der Dream-Kollektion aus. Ein\",\"breadcrumb\":{\"@id\":\"https:\/\/www.erresse-shop.it\/de\/shop\/tisch\/besteck\/sambonet-besteckservice-24-stuck-dream\/#breadcrumb\"},\"inLanguage\":\"de-DE\",\"potentialAction\":[{\"@type\":\"ReadAction\",\"target\":[\"https:\/\/www.erresse-shop.it\/de\/shop\/tisch\/besteck\/sambonet-besteckservice-24-stuck-dream\/\"]}]},{\"@type\":\"BreadcrumbList\",\"@id\":\"https:\/\/www.erresse-shop.it\/de\/shop\/tisch\/besteck\/sambonet-besteckservice-24-stuck-dream\/#breadcrumb\",\"itemListElement\":[{\"@type\":\"ListItem\",\"position\":1,\"name\":\"Home\",\"item\":\"https:\/\/www.erresse-shop.it\/de\/\"},{\"@type\":\"ListItem\",\"position\":2,\"name\":\"Shop\",\"item\":\"https:\/\/www.erresse-shop.it\/de\/shop\/\"},{\"@type\":\"ListItem\",\"position\":3,\"name\":\"SAMBONET Besteckservice 24 St\u00fcck Dream\"}]},{\"@type\":\"WebSite\",\"@id\":\"https:\/\/www.erresse-shop.it\/de\/#website\",\"url\":\"https:\/\/www.erresse-shop.it\/de\/\",\"name\":\"Erresse Shop\",\"description\":\"Articoli di qualit\u00e0 per la casa\",\"potentialAction\":[{\"@type\":\"SearchAction\",\"target\":{\"@type\":\"EntryPoint\",\"urlTemplate\":\"https:\/\/www.erresse-shop.it\/de\/?s={search_term_string}\"},\"query-input\":\"required name=search_term_string\"}],\"inLanguage\":\"de-DE\"}]}<\/script>\n<!-- \/ Yoast SEO Premium plugin. -->","yoast_head_json":{"title":"SAMBONET Besteckservice 24 St\u00fcck Dream - Erresse Shop","description":"Eine originelle und harmonische Tropfenform mit einer modernen und funktionellen Inspiration zeichnet das \"Traum\"-Design der Dream-Kollektion aus. Ein","robots":{"index":"index","follow":"follow","max-snippet":"max-snippet:-1","max-image-preview":"max-image-preview:large","max-video-preview":"max-video-preview:-1"},"canonical":"https:\/\/www.erresse-shop.it\/de\/shop\/tisch\/besteck\/sambonet-besteckservice-24-stuck-dream\/","og_locale":"de_DE","og_type":"article","og_title":"SAMBONET Besteckservice 24 St\u00fcck Dream","og_description":"Eine originelle und harmonische Tropfenform mit einer modernen und funktionellen Inspiration zeichnet das \"Traum\"-Design der Dream-Kollektion aus. Ein","og_url":"https:\/\/www.erresse-shop.it\/de\/shop\/tisch\/besteck\/sambonet-besteckservice-24-stuck-dream\/","og_site_name":"Erresse Shop","article_modified_time":"2023-10-09T00:00:06+00:00","og_image":[{"width":1000,"height":1000,"url":"https:\/\/www.erresse-shop.it\/wp-content\/uploads\/2021\/12\/SAMBONET-Posate-Dream-24.jpg","type":"image\/jpeg"}],"twitter_card":"summary_large_image","schema":{"@context":"https:\/\/schema.org","@graph":[{"@type":"WebPage","@id":"https:\/\/www.erresse-shop.it\/de\/shop\/tisch\/besteck\/sambonet-besteckservice-24-stuck-dream\/","url":"https:\/\/www.erresse-shop.it\/de\/shop\/tisch\/besteck\/sambonet-besteckservice-24-stuck-dream\/","name":"SAMBONET Besteckservice 24 St\u00fcck Dream - Erresse Shop","isPartOf":{"@id":"https:\/\/www.erresse-shop.it\/de\/#website"},"datePublished":"2021-12-01T10:07:33+00:00","dateModified":"2023-10-09T00:00:06+00:00","description":"Eine originelle und harmonische Tropfenform mit einer modernen und funktionellen Inspiration zeichnet das \"Traum\"-Design der Dream-Kollektion aus. Ein","breadcrumb":{"@id":"https:\/\/www.erresse-shop.it\/de\/shop\/tisch\/besteck\/sambonet-besteckservice-24-stuck-dream\/#breadcrumb"},"inLanguage":"de-DE","potentialAction":[{"@type":"ReadAction","target":["https:\/\/www.erresse-shop.it\/de\/shop\/tisch\/besteck\/sambonet-besteckservice-24-stuck-dream\/"]}]},{"@type":"BreadcrumbList","@id":"https:\/\/www.erresse-shop.it\/de\/shop\/tisch\/besteck\/sambonet-besteckservice-24-stuck-dream\/#breadcrumb","itemListElement":[{"@type":"ListItem","position":1,"name":"Home","item":"https:\/\/www.erresse-shop.it\/de\/"},{"@type":"ListItem","position":2,"name":"Shop","item":"https:\/\/www.erresse-shop.it\/de\/shop\/"},{"@type":"ListItem","position":3,"name":"SAMBONET Besteckservice 24 St\u00fcck Dream"}]},{"@type":"WebSite","@id":"https:\/\/www.erresse-shop.it\/de\/#website","url":"https:\/\/www.erresse-shop.it\/de\/","name":"Erresse Shop","description":"Articoli di qualit\u00e0 per la casa","potentialAction":[{"@type":"SearchAction","target":{"@type":"EntryPoint","urlTemplate":"https:\/\/www.erresse-shop.it\/de\/?s={search_term_string}"},"query-input":"required name=search_term_string"}],"inLanguage":"de-DE"}]}},"df_price":90.42000000000002,"df_sale_price":90.42000000000002,"df_regular_price":164.4,"df_image_link":"https:\/\/www.erresse-shop.it\/wp-content\/uploads\/2021\/12\/SAMBONET-Posate-Dream-24-300x300.jpg","_links":{"self":[{"href":"https:\/\/www.erresse-shop.it\/de\/wp-json\/wp\/v2\/product\/132950"}],"collection":[{"href":"https:\/\/www.erresse-shop.it\/de\/wp-json\/wp\/v2\/product"}],"about":[{"href":"https:\/\/www.erresse-shop.it\/de\/wp-json\/wp\/v2\/types\/product"}],"wp:featuredmedia":[{"embeddable":true,"href":"https:\/\/www.erresse-shop.it\/de\/wp-json\/wp\/v2\/media\/132989"}],"wp:attachment":[{"href":"https:\/\/www.erresse-shop.it\/de\/wp-json\/wp\/v2\/media?parent=132950"}],"wp:term":[{"taxonomy":"product_cat","embeddable":true,"href":"https:\/\/www.erresse-shop.it\/de\/wp-json\/wp\/v2\/product_cat?post=132950"},{"taxonomy":"product_tag","embeddable":true,"href":"https:\/\/www.erresse-shop.it\/de\/wp-json\/wp\/v2\/product_tag?post=132950"}],"curies":[{"name":"wp","href":"https:\/\/api.w.org\/{rel}","templated":true}]}}