{"id":132852,"date":"2021-12-01T09:06:05","date_gmt":"2021-12-01T09:06:06","guid":{"rendered":"https:\/\/www.erresse-shop.it\/?post_type=product&#038;p=132852"},"modified":"2023-07-24T00:09:10","modified_gmt":"2023-07-24T00:09:10","slug":"sambonet-besteckservice-36-stuck-rock","status":"publish","type":"product","link":"https:\/\/www.erresse-shop.it\/de\/shop\/tisch\/besteck\/sambonet-besteckservice-36-stuck-rock\/","title":{"rendered":"SAMBONET Besteckservice 36 St\u00fcck Rock"},"content":{"rendered":"<p>F\u00fcr Sambonet geht der Begriff &#8220;Rock&#8221; weit \u00fcber die \u00c4sthetik hinaus. Gest\u00e4rkt durch eine innovative DNA, entschlossen im Design und raffiniert im Stil, ist das neue Rock-Besteck extrem flexibel und bringt gleichzeitig Charakter und Schwung auf den Tisch. Die quadratischen Linien und die hohe Dicke des Edelstahls machen sie zu einer funktionalen und modernen Kollektion.<\/p>\n<ul>\n<li>Ein modernes, l\u00e4ssiges und attraktives Design, das den Tisch aufwertet.<\/li>\n<li>Kompletter Tischservice f\u00fcr 6 Personen. Enth\u00e4lt 6 Gabeln, 6 L\u00f6ffel, 6 Messer, 6 Obstgabeln, 6 Obstmesser und 6 Teel\u00f6ffel.<\/li>\n<li>Hergestellt aus langlebigem, hochwertigem Edelstahl 18\/10. Sp\u00fclmaschinenfest.<\/li>\n<li>Die Hochglanzpolitur unterstreicht die hohe Qualit\u00e4t des Sambonet-Stahls und hebt Form und Design hervor.<\/li>\n<li>Die bezaubernde Antique-Textur, die sich angenehm anf\u00fchlt, verleiht dem Stahl eine raffinierte und raffinierte matte Oberfl\u00e4che. Die PVD-F\u00e4rbung &#8211; ein eingetragenes Know-how von Sambonet &#8211; verleiht den Oberfl\u00e4chen Stil und St\u00e4rke.<\/li>\n<\/ul>\n<p><strong>VOR UND NACH JEDEM GEBRAUCH<\/strong><br \/>\nMit geeigneten Reinigungsmitteln, die kein Chlor oder Bleichmittel enthalten, waschen, absp\u00fclen und gr\u00fcndlich trocknen. Dann an einem trockenen Ort aufbewahren. Verwenden Sie keine Scheuerschw\u00e4mme oder -t\u00fccher und keine Scheuerschw\u00e4mme aus Metall. Reste von Salz, Zitrone, Essig, Tomatensaucen usw. sofort entfernen. Wenn Sie eine Geschirrsp\u00fclmaschine benutzen, vergewissern Sie sich, dass die Behandlung ein perfektes Trocknen und Polieren beinhaltet, und wenn nicht, machen Sie es manuell. Die Messerklingen sind aus geh\u00e4rtetem, rostfreiem Martensitstahl 420 gefertigt, der die Haltbarkeit des Schliffs gew\u00e4hrleistet, das Material aber empfindlicher gegen\u00fcber Korrosionsangriffen macht. Es ist wichtig, dass die Messer unmittelbar nach dem Gebrauch ordnungsgem\u00e4\u00df gereinigt, gewaschen und getrocknet werden.<\/p>\n","protected":false},"excerpt":{"rendered":"<p>F\u00fcr Sambonet geht der Begriff &#8220;Rock&#8221; weit \u00fcber die \u00c4sthetik hinaus. Gest\u00e4rkt durch eine innovative DNA, entschlossen im Design und<\/p>\n","protected":false},"featured_media":132867,"template":"","meta":{"_acf_changed":false,"inline_featured_image":false},"product_cat":[6790,6787],"product_tag":[17197,23911,23691,17888,17196],"acf":[],"yoast_head":"<!-- This site is optimized with the Yoast SEO Premium plugin v18.6 (Yoast SEO v19.13) - https:\/\/yoast.com\/wordpress\/plugins\/seo\/ -->\n<title>SAMBONET Besteckservice 36 St\u00fcck Rock - Erresse Shop<\/title>\n<meta name=\"description\" content=\"F\u00fcr Sambonet geht der Begriff &quot;Rock&quot; weit \u00fcber die \u00c4sthetik hinaus. Gest\u00e4rkt durch eine innovative DNA, entschlossen im Design und raffiniert im Stil, ist\" \/>\n<meta name=\"robots\" content=\"index, follow, max-snippet:-1, max-image-preview:large, max-video-preview:-1\" \/>\n<link rel=\"canonical\" href=\"https:\/\/www.erresse-shop.it\/de\/shop\/tisch\/besteck\/sambonet-besteckservice-36-stuck-rock\/\" \/>\n<meta property=\"og:locale\" content=\"de_DE\" \/>\n<meta property=\"og:type\" content=\"article\" \/>\n<meta property=\"og:title\" content=\"SAMBONET Besteckservice 36 St\u00fcck Rock\" \/>\n<meta property=\"og:description\" content=\"F\u00fcr Sambonet geht der Begriff &quot;Rock&quot; weit \u00fcber die \u00c4sthetik hinaus. Gest\u00e4rkt durch eine innovative DNA, entschlossen im Design und raffiniert im Stil, ist\" \/>\n<meta property=\"og:url\" content=\"https:\/\/www.erresse-shop.it\/de\/shop\/tisch\/besteck\/sambonet-besteckservice-36-stuck-rock\/\" \/>\n<meta property=\"og:site_name\" content=\"Erresse Shop\" \/>\n<meta property=\"article:modified_time\" content=\"2023-07-24T00:09:10+00:00\" \/>\n<meta property=\"og:image\" content=\"https:\/\/www.erresse-shop.it\/wp-content\/uploads\/2021\/12\/Sambinet-Posate-Rock-36.jpg\" \/>\n\t<meta property=\"og:image:width\" content=\"1000\" \/>\n\t<meta property=\"og:image:height\" content=\"1000\" \/>\n\t<meta property=\"og:image:type\" content=\"image\/jpeg\" \/>\n<meta name=\"twitter:card\" content=\"summary_large_image\" \/>\n<script type=\"application\/ld+json\" class=\"yoast-schema-graph\">{\"@context\":\"https:\/\/schema.org\",\"@graph\":[{\"@type\":\"WebPage\",\"@id\":\"https:\/\/www.erresse-shop.it\/de\/shop\/tisch\/besteck\/sambonet-besteckservice-36-stuck-rock\/\",\"url\":\"https:\/\/www.erresse-shop.it\/de\/shop\/tisch\/besteck\/sambonet-besteckservice-36-stuck-rock\/\",\"name\":\"SAMBONET Besteckservice 36 St\u00fcck Rock - Erresse Shop\",\"isPartOf\":{\"@id\":\"https:\/\/www.erresse-shop.it\/de\/#website\"},\"datePublished\":\"2021-12-01T09:06:06+00:00\",\"dateModified\":\"2023-07-24T00:09:10+00:00\",\"description\":\"F\u00fcr Sambonet geht der Begriff \\\"Rock\\\" weit \u00fcber die \u00c4sthetik hinaus. Gest\u00e4rkt durch eine innovative DNA, entschlossen im Design und raffiniert im Stil, ist\",\"breadcrumb\":{\"@id\":\"https:\/\/www.erresse-shop.it\/de\/shop\/tisch\/besteck\/sambonet-besteckservice-36-stuck-rock\/#breadcrumb\"},\"inLanguage\":\"de-DE\",\"potentialAction\":[{\"@type\":\"ReadAction\",\"target\":[\"https:\/\/www.erresse-shop.it\/de\/shop\/tisch\/besteck\/sambonet-besteckservice-36-stuck-rock\/\"]}]},{\"@type\":\"BreadcrumbList\",\"@id\":\"https:\/\/www.erresse-shop.it\/de\/shop\/tisch\/besteck\/sambonet-besteckservice-36-stuck-rock\/#breadcrumb\",\"itemListElement\":[{\"@type\":\"ListItem\",\"position\":1,\"name\":\"Home\",\"item\":\"https:\/\/www.erresse-shop.it\/de\/\"},{\"@type\":\"ListItem\",\"position\":2,\"name\":\"Shop\",\"item\":\"https:\/\/www.erresse-shop.it\/de\/shop\/\"},{\"@type\":\"ListItem\",\"position\":3,\"name\":\"SAMBONET Besteckservice 36 St\u00fcck Rock\"}]},{\"@type\":\"WebSite\",\"@id\":\"https:\/\/www.erresse-shop.it\/de\/#website\",\"url\":\"https:\/\/www.erresse-shop.it\/de\/\",\"name\":\"Erresse Shop\",\"description\":\"Articoli di qualit\u00e0 per la casa\",\"potentialAction\":[{\"@type\":\"SearchAction\",\"target\":{\"@type\":\"EntryPoint\",\"urlTemplate\":\"https:\/\/www.erresse-shop.it\/de\/?s={search_term_string}\"},\"query-input\":\"required name=search_term_string\"}],\"inLanguage\":\"de-DE\"}]}<\/script>\n<!-- \/ Yoast SEO Premium plugin. -->","yoast_head_json":{"title":"SAMBONET Besteckservice 36 St\u00fcck Rock - Erresse Shop","description":"F\u00fcr Sambonet geht der Begriff \"Rock\" weit \u00fcber die \u00c4sthetik hinaus. Gest\u00e4rkt durch eine innovative DNA, entschlossen im Design und raffiniert im Stil, ist","robots":{"index":"index","follow":"follow","max-snippet":"max-snippet:-1","max-image-preview":"max-image-preview:large","max-video-preview":"max-video-preview:-1"},"canonical":"https:\/\/www.erresse-shop.it\/de\/shop\/tisch\/besteck\/sambonet-besteckservice-36-stuck-rock\/","og_locale":"de_DE","og_type":"article","og_title":"SAMBONET Besteckservice 36 St\u00fcck Rock","og_description":"F\u00fcr Sambonet geht der Begriff \"Rock\" weit \u00fcber die \u00c4sthetik hinaus. Gest\u00e4rkt durch eine innovative DNA, entschlossen im Design und raffiniert im Stil, ist","og_url":"https:\/\/www.erresse-shop.it\/de\/shop\/tisch\/besteck\/sambonet-besteckservice-36-stuck-rock\/","og_site_name":"Erresse Shop","article_modified_time":"2023-07-24T00:09:10+00:00","og_image":[{"width":1000,"height":1000,"url":"https:\/\/www.erresse-shop.it\/wp-content\/uploads\/2021\/12\/Sambinet-Posate-Rock-36.jpg","type":"image\/jpeg"}],"twitter_card":"summary_large_image","schema":{"@context":"https:\/\/schema.org","@graph":[{"@type":"WebPage","@id":"https:\/\/www.erresse-shop.it\/de\/shop\/tisch\/besteck\/sambonet-besteckservice-36-stuck-rock\/","url":"https:\/\/www.erresse-shop.it\/de\/shop\/tisch\/besteck\/sambonet-besteckservice-36-stuck-rock\/","name":"SAMBONET Besteckservice 36 St\u00fcck Rock - Erresse Shop","isPartOf":{"@id":"https:\/\/www.erresse-shop.it\/de\/#website"},"datePublished":"2021-12-01T09:06:06+00:00","dateModified":"2023-07-24T00:09:10+00:00","description":"F\u00fcr Sambonet geht der Begriff \"Rock\" weit \u00fcber die \u00c4sthetik hinaus. Gest\u00e4rkt durch eine innovative DNA, entschlossen im Design und raffiniert im Stil, ist","breadcrumb":{"@id":"https:\/\/www.erresse-shop.it\/de\/shop\/tisch\/besteck\/sambonet-besteckservice-36-stuck-rock\/#breadcrumb"},"inLanguage":"de-DE","potentialAction":[{"@type":"ReadAction","target":["https:\/\/www.erresse-shop.it\/de\/shop\/tisch\/besteck\/sambonet-besteckservice-36-stuck-rock\/"]}]},{"@type":"BreadcrumbList","@id":"https:\/\/www.erresse-shop.it\/de\/shop\/tisch\/besteck\/sambonet-besteckservice-36-stuck-rock\/#breadcrumb","itemListElement":[{"@type":"ListItem","position":1,"name":"Home","item":"https:\/\/www.erresse-shop.it\/de\/"},{"@type":"ListItem","position":2,"name":"Shop","item":"https:\/\/www.erresse-shop.it\/de\/shop\/"},{"@type":"ListItem","position":3,"name":"SAMBONET Besteckservice 36 St\u00fcck Rock"}]},{"@type":"WebSite","@id":"https:\/\/www.erresse-shop.it\/de\/#website","url":"https:\/\/www.erresse-shop.it\/de\/","name":"Erresse Shop","description":"Articoli di qualit\u00e0 per la casa","potentialAction":[{"@type":"SearchAction","target":{"@type":"EntryPoint","urlTemplate":"https:\/\/www.erresse-shop.it\/de\/?s={search_term_string}"},"query-input":"required name=search_term_string"}],"inLanguage":"de-DE"}]}},"df_price":109.45,"df_sale_price":109.45,"df_regular_price":199,"df_image_link":"https:\/\/www.erresse-shop.it\/wp-content\/uploads\/2021\/12\/Sambinet-Posate-Rock-36-300x300.jpg","_links":{"self":[{"href":"https:\/\/www.erresse-shop.it\/de\/wp-json\/wp\/v2\/product\/132852"}],"collection":[{"href":"https:\/\/www.erresse-shop.it\/de\/wp-json\/wp\/v2\/product"}],"about":[{"href":"https:\/\/www.erresse-shop.it\/de\/wp-json\/wp\/v2\/types\/product"}],"wp:featuredmedia":[{"embeddable":true,"href":"https:\/\/www.erresse-shop.it\/de\/wp-json\/wp\/v2\/media\/132867"}],"wp:attachment":[{"href":"https:\/\/www.erresse-shop.it\/de\/wp-json\/wp\/v2\/media?parent=132852"}],"wp:term":[{"taxonomy":"product_cat","embeddable":true,"href":"https:\/\/www.erresse-shop.it\/de\/wp-json\/wp\/v2\/product_cat?post=132852"},{"taxonomy":"product_tag","embeddable":true,"href":"https:\/\/www.erresse-shop.it\/de\/wp-json\/wp\/v2\/product_tag?post=132852"}],"curies":[{"name":"wp","href":"https:\/\/api.w.org\/{rel}","templated":true}]}}