{"id":132615,"date":"2021-11-26T15:32:10","date_gmt":"2021-11-26T15:32:11","guid":{"rendered":"https:\/\/www.erresse-shop.it\/?post_type=product&#038;p=132615"},"modified":"2025-01-17T17:58:11","modified_gmt":"2025-01-17T17:58:11","slug":"versace-home-teller-gruner-palast-33-cm","status":"publish","type":"product","link":"https:\/\/www.erresse-shop.it\/de\/shop\/tisch\/serviertablette\/versace-home-teller-gruner-palast-33-cm\/","title":{"rendered":"VERSACE HOME Teller Gr\u00fcner Palast 33 cm"},"content":{"rendered":"<p>&#8220;La scala del Palazzo&#8221; ist eine von Versace hergestellte Dekoration, die direkt vom Palazzo Versace in der Via Ges\u00f9 in Mailand inspiriert ist. Wenn man den Palazzo Versace betritt, wird man, noch bevor der ber\u00fchmte und ikonische Kopf der Medusa die Aufmerksamkeit des Betrachters auf sich zieht, vor allem von der majest\u00e4tischen Marmortreppe am Eingang beeindruckt. Der ergreifende Stil des neuen Services wird durch die Eleganz von Pastellgr\u00fcn unterstrichen, das an die faszinierende Farbwelt der alten italienischen Pal\u00e4ste erinnert.<\/p>\n","protected":false},"excerpt":{"rendered":"<p>&#8220;La scala del Palazzo&#8221; ist eine von Versace hergestellte Dekoration, die direkt vom Palazzo Versace in der Via Ges\u00f9 in<\/p>\n","protected":false},"featured_media":132624,"template":"","meta":{"_acf_changed":false,"inline_featured_image":false},"product_cat":[6853,6787],"product_tag":[23691,17879,24681,14262,12350,11827,17841],"acf":[],"yoast_head":"<!-- This site is optimized with the Yoast SEO Premium plugin v18.6 (Yoast SEO v19.13) - https:\/\/yoast.com\/wordpress\/plugins\/seo\/ -->\n<title>VERSACE HOME Teller Gr\u00fcner Palast 33 cm<\/title>\n<meta name=\"description\" content=\"Entdecken Sie VERSACE HOME Teller Gr\u00fcner Palast 33 cm bei ErresseShop. Qualit\u00e4t, Stil und Funktionalit\u00e4t \u2013 jetzt online bestellen!\" \/>\n<meta name=\"robots\" content=\"index, follow, max-snippet:-1, max-image-preview:large, max-video-preview:-1\" \/>\n<link rel=\"canonical\" href=\"https:\/\/www.erresse-shop.it\/de\/shop\/tisch\/serviertablette\/versace-home-teller-gruner-palast-33-cm\/\" \/>\n<meta property=\"og:locale\" content=\"de_DE\" \/>\n<meta property=\"og:type\" content=\"article\" \/>\n<meta property=\"og:title\" content=\"VERSACE HOME Teller Gr\u00fcner Palast 33 cm\" \/>\n<meta property=\"og:description\" content=\"Entdecken Sie VERSACE HOME Teller Gr\u00fcner Palast 33 cm bei ErresseShop. Qualit\u00e4t, Stil und Funktionalit\u00e4t \u2013 jetzt online bestellen!\" \/>\n<meta property=\"og:url\" content=\"https:\/\/www.erresse-shop.it\/de\/shop\/tisch\/serviertablette\/versace-home-teller-gruner-palast-33-cm\/\" \/>\n<meta property=\"og:site_name\" content=\"Erresse Shop\" \/>\n<meta property=\"article:modified_time\" content=\"2025-01-17T17:58:11+00:00\" \/>\n<meta property=\"og:image\" content=\"https:\/\/www.erresse-shop.it\/wp-content\/uploads\/2021\/11\/VERSACE-HOME-Piatto-Piano-33-cm-Palazzo-Verde-768x768.jpg\" \/>\n\t<meta property=\"og:image:width\" content=\"768\" \/>\n\t<meta property=\"og:image:height\" content=\"768\" \/>\n\t<meta property=\"og:image:type\" content=\"image\/jpeg\" \/>\n<meta name=\"twitter:card\" content=\"summary_large_image\" \/>\n<script type=\"application\/ld+json\" class=\"yoast-schema-graph\">{\"@context\":\"https:\/\/schema.org\",\"@graph\":[{\"@type\":\"WebPage\",\"@id\":\"https:\/\/www.erresse-shop.it\/de\/shop\/tisch\/serviertablette\/versace-home-teller-gruner-palast-33-cm\/\",\"url\":\"https:\/\/www.erresse-shop.it\/de\/shop\/tisch\/serviertablette\/versace-home-teller-gruner-palast-33-cm\/\",\"name\":\"VERSACE HOME Teller Gr\u00fcner Palast 33 cm\",\"isPartOf\":{\"@id\":\"https:\/\/www.erresse-shop.it\/de\/#website\"},\"datePublished\":\"2021-11-26T15:32:11+00:00\",\"dateModified\":\"2025-01-17T17:58:11+00:00\",\"description\":\"Entdecken Sie VERSACE HOME Teller Gr\u00fcner Palast 33 cm bei ErresseShop. Qualit\u00e4t, Stil und Funktionalit\u00e4t \u2013 jetzt online bestellen!\",\"breadcrumb\":{\"@id\":\"https:\/\/www.erresse-shop.it\/de\/shop\/tisch\/serviertablette\/versace-home-teller-gruner-palast-33-cm\/#breadcrumb\"},\"inLanguage\":\"de-DE\",\"potentialAction\":[{\"@type\":\"ReadAction\",\"target\":[\"https:\/\/www.erresse-shop.it\/de\/shop\/tisch\/serviertablette\/versace-home-teller-gruner-palast-33-cm\/\"]}]},{\"@type\":\"BreadcrumbList\",\"@id\":\"https:\/\/www.erresse-shop.it\/de\/shop\/tisch\/serviertablette\/versace-home-teller-gruner-palast-33-cm\/#breadcrumb\",\"itemListElement\":[{\"@type\":\"ListItem\",\"position\":1,\"name\":\"Home\",\"item\":\"https:\/\/www.erresse-shop.it\/de\/\"},{\"@type\":\"ListItem\",\"position\":2,\"name\":\"Shop\",\"item\":\"https:\/\/www.erresse-shop.it\/de\/shop\/\"},{\"@type\":\"ListItem\",\"position\":3,\"name\":\"VERSACE HOME Teller Gr\u00fcner Palast 33 cm\"}]},{\"@type\":\"WebSite\",\"@id\":\"https:\/\/www.erresse-shop.it\/de\/#website\",\"url\":\"https:\/\/www.erresse-shop.it\/de\/\",\"name\":\"Erresse Shop\",\"description\":\"Articoli di qualit\u00e0 per la casa\",\"potentialAction\":[{\"@type\":\"SearchAction\",\"target\":{\"@type\":\"EntryPoint\",\"urlTemplate\":\"https:\/\/www.erresse-shop.it\/de\/?s={search_term_string}\"},\"query-input\":\"required name=search_term_string\"}],\"inLanguage\":\"de-DE\"}]}<\/script>\n<!-- \/ Yoast SEO Premium plugin. -->","yoast_head_json":{"title":"VERSACE HOME Teller Gr\u00fcner Palast 33 cm","description":"Entdecken Sie VERSACE HOME Teller Gr\u00fcner Palast 33 cm bei ErresseShop. Qualit\u00e4t, Stil und Funktionalit\u00e4t \u2013 jetzt online bestellen!","robots":{"index":"index","follow":"follow","max-snippet":"max-snippet:-1","max-image-preview":"max-image-preview:large","max-video-preview":"max-video-preview:-1"},"canonical":"https:\/\/www.erresse-shop.it\/de\/shop\/tisch\/serviertablette\/versace-home-teller-gruner-palast-33-cm\/","og_locale":"de_DE","og_type":"article","og_title":"VERSACE HOME Teller Gr\u00fcner Palast 33 cm","og_description":"Entdecken Sie VERSACE HOME Teller Gr\u00fcner Palast 33 cm bei ErresseShop. Qualit\u00e4t, Stil und Funktionalit\u00e4t \u2013 jetzt online bestellen!","og_url":"https:\/\/www.erresse-shop.it\/de\/shop\/tisch\/serviertablette\/versace-home-teller-gruner-palast-33-cm\/","og_site_name":"Erresse Shop","article_modified_time":"2025-01-17T17:58:11+00:00","og_image":[{"width":768,"height":768,"url":"https:\/\/www.erresse-shop.it\/wp-content\/uploads\/2021\/11\/VERSACE-HOME-Piatto-Piano-33-cm-Palazzo-Verde-768x768.jpg","type":"image\/jpeg"}],"twitter_card":"summary_large_image","schema":{"@context":"https:\/\/schema.org","@graph":[{"@type":"WebPage","@id":"https:\/\/www.erresse-shop.it\/de\/shop\/tisch\/serviertablette\/versace-home-teller-gruner-palast-33-cm\/","url":"https:\/\/www.erresse-shop.it\/de\/shop\/tisch\/serviertablette\/versace-home-teller-gruner-palast-33-cm\/","name":"VERSACE HOME Teller Gr\u00fcner Palast 33 cm","isPartOf":{"@id":"https:\/\/www.erresse-shop.it\/de\/#website"},"datePublished":"2021-11-26T15:32:11+00:00","dateModified":"2025-01-17T17:58:11+00:00","description":"Entdecken Sie VERSACE HOME Teller Gr\u00fcner Palast 33 cm bei ErresseShop. Qualit\u00e4t, Stil und Funktionalit\u00e4t \u2013 jetzt online bestellen!","breadcrumb":{"@id":"https:\/\/www.erresse-shop.it\/de\/shop\/tisch\/serviertablette\/versace-home-teller-gruner-palast-33-cm\/#breadcrumb"},"inLanguage":"de-DE","potentialAction":[{"@type":"ReadAction","target":["https:\/\/www.erresse-shop.it\/de\/shop\/tisch\/serviertablette\/versace-home-teller-gruner-palast-33-cm\/"]}]},{"@type":"BreadcrumbList","@id":"https:\/\/www.erresse-shop.it\/de\/shop\/tisch\/serviertablette\/versace-home-teller-gruner-palast-33-cm\/#breadcrumb","itemListElement":[{"@type":"ListItem","position":1,"name":"Home","item":"https:\/\/www.erresse-shop.it\/de\/"},{"@type":"ListItem","position":2,"name":"Shop","item":"https:\/\/www.erresse-shop.it\/de\/shop\/"},{"@type":"ListItem","position":3,"name":"VERSACE HOME Teller Gr\u00fcner Palast 33 cm"}]},{"@type":"WebSite","@id":"https:\/\/www.erresse-shop.it\/de\/#website","url":"https:\/\/www.erresse-shop.it\/de\/","name":"Erresse Shop","description":"Articoli di qualit\u00e0 per la casa","potentialAction":[{"@type":"SearchAction","target":{"@type":"EntryPoint","urlTemplate":"https:\/\/www.erresse-shop.it\/de\/?s={search_term_string}"},"query-input":"required name=search_term_string"}],"inLanguage":"de-DE"}]}},"df_price":129.5,"df_sale_price":129.5,"df_regular_price":259,"df_image_link":"https:\/\/www.erresse-shop.it\/wp-content\/uploads\/2021\/11\/VERSACE-HOME-Piatto-Piano-33-cm-Palazzo-Verde-300x300.jpg","_links":{"self":[{"href":"https:\/\/www.erresse-shop.it\/de\/wp-json\/wp\/v2\/product\/132615"}],"collection":[{"href":"https:\/\/www.erresse-shop.it\/de\/wp-json\/wp\/v2\/product"}],"about":[{"href":"https:\/\/www.erresse-shop.it\/de\/wp-json\/wp\/v2\/types\/product"}],"wp:featuredmedia":[{"embeddable":true,"href":"https:\/\/www.erresse-shop.it\/de\/wp-json\/wp\/v2\/media\/132624"}],"wp:attachment":[{"href":"https:\/\/www.erresse-shop.it\/de\/wp-json\/wp\/v2\/media?parent=132615"}],"wp:term":[{"taxonomy":"product_cat","embeddable":true,"href":"https:\/\/www.erresse-shop.it\/de\/wp-json\/wp\/v2\/product_cat?post=132615"},{"taxonomy":"product_tag","embeddable":true,"href":"https:\/\/www.erresse-shop.it\/de\/wp-json\/wp\/v2\/product_tag?post=132615"}],"curies":[{"name":"wp","href":"https:\/\/api.w.org\/{rel}","templated":true}]}}