{"id":13221,"date":"2014-01-18T11:37:41","date_gmt":"2014-01-18T11:37:41","guid":{"rendered":"https:\/\/www.erresse-shop.it\/?post_type=product&#038;p=13221"},"modified":"2025-01-17T06:24:48","modified_gmt":"2025-01-17T06:24:48","slug":"giannini-stoff-besteck-75-stk","status":"publish","type":"product","link":"https:\/\/www.erresse-shop.it\/de\/shop\/tisch\/besteck\/giannini-stoff-besteck-75-stk\/","title":{"rendered":"GIANNINI Stoff Besteck 75 St\u00fcck"},"content":{"rendered":"<p><span class=\"hps\">F\u00c4LLE<\/span> <span class=\"hps\">ANTIOXIDANTS<\/span><br \/>\n<span class=\"hps\"><span class=\"hps\">Stoff<\/span> <span class=\"hps\">Besteck<\/span> <span class=\"hps\">75 St\u00fcck<\/span><\/span><\/p>\n<p><span class=\"hps\">Cases<\/span> <span class=\"hps\">Antioxidantien<\/span><br \/>\n<span class=\"hps\">in 100<\/span><span>% reiner Baumwolle<\/span> <span class=\"hps\">Farbe blau<\/span><span>, Silberbesteck<\/span> <span class=\"hps\">und Edelstahl.<\/span><\/p>\n<p><span class=\"hps\"><span class=\"hps\"><span class=\"hps\">W\u00e4scheservice<\/span> <span class=\"hps\">f\u00fcr Besteck<\/span> <span class=\"hps\">Set<\/span> <span class=\"hps\">75 St\u00fcck<\/span><span>:<\/span><\/p>\n<p><span class=\"hps\">12<\/span> <span class=\"hps\">Gabeln<\/span><br \/>\n<span class=\"hps\">12<\/span> <span class=\"hps\">Tafelmesser<\/span><br \/>\n<span class=\"hps\">12<\/span> <span class=\"hps\">Essl\u00f6ffel<\/span><br \/>\n<span class=\"hps\">12<\/span> <span class=\"hps\">Teel\u00f6ffel<\/span> <span class=\"hps\">Kaffee<\/span><br \/>\n<span class=\"hps\">12<\/span> <span class=\"hps\">Obstgabeln<\/span><br \/>\n<span class=\"hps\">12<\/span> <span class=\"hps\">Obstmesser<\/span><br \/>\n<span class=\"hps\">Sch\u00f6pfkelle<\/span><br \/>\n<span class=\"hps\">sch\u00f6pfen<\/span><br \/>\n<span class=\"hps\">Gabel<\/span><\/span><\/span><\/p>\n","protected":false},"excerpt":{"rendered":"<p>F\u00c4LLE ANTIOXIDANTS Stoff Besteck 75 St\u00fcck Cases Antioxidantien in 100% reiner Baumwolle Farbe blau, Silberbesteck und Edelstahl. W\u00e4scheservice f\u00fcr Besteck<\/p>\n","protected":false},"featured_media":13208,"template":"","meta":{"_acf_changed":false,"inline_featured_image":false},"product_cat":[6790,6787],"product_tag":[25027,23911,24398,11493,25022,21822],"acf":[],"yoast_head":"<!-- This site is optimized with the Yoast SEO Premium plugin v18.6 (Yoast SEO v19.13) - https:\/\/yoast.com\/wordpress\/plugins\/seo\/ -->\n<title>GIANNINI Stoff Besteck 75 St\u00fcck<\/title>\n<meta name=\"description\" content=\"Entdecken Sie GIANNINI Stoff Besteck 75 St\u00fcck bei ErresseShop. Qualit\u00e4t, Stil und Funktionalit\u00e4t \u2013 jetzt online bestellen!\" \/>\n<meta name=\"robots\" content=\"index, follow, max-snippet:-1, max-image-preview:large, max-video-preview:-1\" \/>\n<link rel=\"canonical\" href=\"https:\/\/www.erresse-shop.it\/de\/shop\/tisch\/besteck\/giannini-stoff-besteck-75-stk\/\" \/>\n<meta property=\"og:locale\" content=\"de_DE\" \/>\n<meta property=\"og:type\" content=\"article\" \/>\n<meta property=\"og:title\" content=\"GIANNINI Stoff Besteck 75 St\u00fcck\" \/>\n<meta property=\"og:description\" content=\"Entdecken Sie GIANNINI Stoff Besteck 75 St\u00fcck bei ErresseShop. Qualit\u00e4t, Stil und Funktionalit\u00e4t \u2013 jetzt online bestellen!\" \/>\n<meta property=\"og:url\" content=\"https:\/\/www.erresse-shop.it\/de\/shop\/tisch\/besteck\/giannini-stoff-besteck-75-stk\/\" \/>\n<meta property=\"og:site_name\" content=\"Erresse Shop\" \/>\n<meta property=\"article:modified_time\" content=\"2025-01-17T06:24:48+00:00\" \/>\n<meta property=\"og:image\" content=\"https:\/\/www.erresse-shop.it\/wp-content\/uploads\/2015\/01\/products-670-2.jpg\" \/>\n\t<meta property=\"og:image:width\" content=\"544\" \/>\n\t<meta property=\"og:image:height\" content=\"557\" \/>\n\t<meta property=\"og:image:type\" content=\"image\/jpeg\" \/>\n<meta name=\"twitter:card\" content=\"summary_large_image\" \/>\n<script type=\"application\/ld+json\" class=\"yoast-schema-graph\">{\"@context\":\"https:\/\/schema.org\",\"@graph\":[{\"@type\":\"WebPage\",\"@id\":\"https:\/\/www.erresse-shop.it\/de\/shop\/tisch\/besteck\/giannini-stoff-besteck-75-stk\/\",\"url\":\"https:\/\/www.erresse-shop.it\/de\/shop\/tisch\/besteck\/giannini-stoff-besteck-75-stk\/\",\"name\":\"GIANNINI Stoff Besteck 75 St\u00fcck\",\"isPartOf\":{\"@id\":\"https:\/\/www.erresse-shop.it\/de\/#website\"},\"datePublished\":\"2014-01-18T11:37:41+00:00\",\"dateModified\":\"2025-01-17T06:24:48+00:00\",\"description\":\"Entdecken Sie GIANNINI Stoff Besteck 75 St\u00fcck bei ErresseShop. Qualit\u00e4t, Stil und Funktionalit\u00e4t \u2013 jetzt online bestellen!\",\"breadcrumb\":{\"@id\":\"https:\/\/www.erresse-shop.it\/de\/shop\/tisch\/besteck\/giannini-stoff-besteck-75-stk\/#breadcrumb\"},\"inLanguage\":\"de-DE\",\"potentialAction\":[{\"@type\":\"ReadAction\",\"target\":[\"https:\/\/www.erresse-shop.it\/de\/shop\/tisch\/besteck\/giannini-stoff-besteck-75-stk\/\"]}]},{\"@type\":\"BreadcrumbList\",\"@id\":\"https:\/\/www.erresse-shop.it\/de\/shop\/tisch\/besteck\/giannini-stoff-besteck-75-stk\/#breadcrumb\",\"itemListElement\":[{\"@type\":\"ListItem\",\"position\":1,\"name\":\"Home\",\"item\":\"https:\/\/www.erresse-shop.it\/de\/\"},{\"@type\":\"ListItem\",\"position\":2,\"name\":\"Shop\",\"item\":\"https:\/\/www.erresse-shop.it\/de\/shop\/\"},{\"@type\":\"ListItem\",\"position\":3,\"name\":\"GIANNINI Stoff Besteck 75 St\u00fcck\"}]},{\"@type\":\"WebSite\",\"@id\":\"https:\/\/www.erresse-shop.it\/de\/#website\",\"url\":\"https:\/\/www.erresse-shop.it\/de\/\",\"name\":\"Erresse Shop\",\"description\":\"Articoli di qualit\u00e0 per la casa\",\"potentialAction\":[{\"@type\":\"SearchAction\",\"target\":{\"@type\":\"EntryPoint\",\"urlTemplate\":\"https:\/\/www.erresse-shop.it\/de\/?s={search_term_string}\"},\"query-input\":\"required name=search_term_string\"}],\"inLanguage\":\"de-DE\"}]}<\/script>\n<!-- \/ Yoast SEO Premium plugin. -->","yoast_head_json":{"title":"GIANNINI Stoff Besteck 75 St\u00fcck","description":"Entdecken Sie GIANNINI Stoff Besteck 75 St\u00fcck bei ErresseShop. Qualit\u00e4t, Stil und Funktionalit\u00e4t \u2013 jetzt online bestellen!","robots":{"index":"index","follow":"follow","max-snippet":"max-snippet:-1","max-image-preview":"max-image-preview:large","max-video-preview":"max-video-preview:-1"},"canonical":"https:\/\/www.erresse-shop.it\/de\/shop\/tisch\/besteck\/giannini-stoff-besteck-75-stk\/","og_locale":"de_DE","og_type":"article","og_title":"GIANNINI Stoff Besteck 75 St\u00fcck","og_description":"Entdecken Sie GIANNINI Stoff Besteck 75 St\u00fcck bei ErresseShop. Qualit\u00e4t, Stil und Funktionalit\u00e4t \u2013 jetzt online bestellen!","og_url":"https:\/\/www.erresse-shop.it\/de\/shop\/tisch\/besteck\/giannini-stoff-besteck-75-stk\/","og_site_name":"Erresse Shop","article_modified_time":"2025-01-17T06:24:48+00:00","og_image":[{"width":"544","height":"557","url":"https:\/\/www.erresse-shop.it\/wp-content\/uploads\/2015\/01\/products-670-2.jpg","type":"image\/jpeg"}],"twitter_card":"summary_large_image","schema":{"@context":"https:\/\/schema.org","@graph":[{"@type":"WebPage","@id":"https:\/\/www.erresse-shop.it\/de\/shop\/tisch\/besteck\/giannini-stoff-besteck-75-stk\/","url":"https:\/\/www.erresse-shop.it\/de\/shop\/tisch\/besteck\/giannini-stoff-besteck-75-stk\/","name":"GIANNINI Stoff Besteck 75 St\u00fcck","isPartOf":{"@id":"https:\/\/www.erresse-shop.it\/de\/#website"},"datePublished":"2014-01-18T11:37:41+00:00","dateModified":"2025-01-17T06:24:48+00:00","description":"Entdecken Sie GIANNINI Stoff Besteck 75 St\u00fcck bei ErresseShop. Qualit\u00e4t, Stil und Funktionalit\u00e4t \u2013 jetzt online bestellen!","breadcrumb":{"@id":"https:\/\/www.erresse-shop.it\/de\/shop\/tisch\/besteck\/giannini-stoff-besteck-75-stk\/#breadcrumb"},"inLanguage":"de-DE","potentialAction":[{"@type":"ReadAction","target":["https:\/\/www.erresse-shop.it\/de\/shop\/tisch\/besteck\/giannini-stoff-besteck-75-stk\/"]}]},{"@type":"BreadcrumbList","@id":"https:\/\/www.erresse-shop.it\/de\/shop\/tisch\/besteck\/giannini-stoff-besteck-75-stk\/#breadcrumb","itemListElement":[{"@type":"ListItem","position":1,"name":"Home","item":"https:\/\/www.erresse-shop.it\/de\/"},{"@type":"ListItem","position":2,"name":"Shop","item":"https:\/\/www.erresse-shop.it\/de\/shop\/"},{"@type":"ListItem","position":3,"name":"GIANNINI Stoff Besteck 75 St\u00fcck"}]},{"@type":"WebSite","@id":"https:\/\/www.erresse-shop.it\/de\/#website","url":"https:\/\/www.erresse-shop.it\/de\/","name":"Erresse Shop","description":"Articoli di qualit\u00e0 per la casa","potentialAction":[{"@type":"SearchAction","target":{"@type":"EntryPoint","urlTemplate":"https:\/\/www.erresse-shop.it\/de\/?s={search_term_string}"},"query-input":"required name=search_term_string"}],"inLanguage":"de-DE"}]}},"df_price":149,"df_sale_price":149,"df_regular_price":149,"df_image_link":"https:\/\/www.erresse-shop.it\/wp-content\/uploads\/2015\/01\/products-670-2.jpg","_links":{"self":[{"href":"https:\/\/www.erresse-shop.it\/de\/wp-json\/wp\/v2\/product\/13221"}],"collection":[{"href":"https:\/\/www.erresse-shop.it\/de\/wp-json\/wp\/v2\/product"}],"about":[{"href":"https:\/\/www.erresse-shop.it\/de\/wp-json\/wp\/v2\/types\/product"}],"wp:featuredmedia":[{"embeddable":true,"href":"https:\/\/www.erresse-shop.it\/de\/wp-json\/wp\/v2\/media\/13208"}],"wp:attachment":[{"href":"https:\/\/www.erresse-shop.it\/de\/wp-json\/wp\/v2\/media?parent=13221"}],"wp:term":[{"taxonomy":"product_cat","embeddable":true,"href":"https:\/\/www.erresse-shop.it\/de\/wp-json\/wp\/v2\/product_cat?post=13221"},{"taxonomy":"product_tag","embeddable":true,"href":"https:\/\/www.erresse-shop.it\/de\/wp-json\/wp\/v2\/product_tag?post=13221"}],"curies":[{"name":"wp","href":"https:\/\/api.w.org\/{rel}","templated":true}]}}