{"id":131673,"date":"2021-11-24T13:50:51","date_gmt":"2021-11-24T13:50:52","guid":{"rendered":"https:\/\/www.erresse-shop.it\/?post_type=product&#038;p=131673"},"modified":"2025-01-22T07:20:23","modified_gmt":"2025-01-22T07:20:23","slug":"zwilling-vakuum-gitter","status":"publish","type":"product","link":"https:\/\/www.erresse-shop.it\/de\/shop\/kuche\/vakuum\/zwilling-vakuum-gitter\/","title":{"rendered":"ZWILLING Vakuum-Gitter"},"content":{"rendered":"<p>Der <strong>ZWILLING<\/strong> Sous-Vide-Grill ist die perfekte Erg\u00e4nzung zum Vakuumgarsortiment, um das Vakuumgaren noch einfacher zu machen. Tauchen Sie den praktischen Sous-Vide-Grill in das Kochbad ein &#8211; er ist perfekt, nicht zuletzt, weil er aus Edelstahl gefertigt ist. So k\u00f6nnen Sie mehrere Vakuumbeutel einlegen, wobei der ideale Abstand zwischen ihnen eingehalten wird. Dadurch wird eine gleichm\u00e4\u00dfige Wasserzirkulation gew\u00e4hrleistet und gleichzeitig verhindert, dass die Beutel im Topf &#8220;schwimmen&#8221;. Eine praktische und geniale Idee, vor allem wenn man viele Portionen gleichzeitig vakuumieren muss. Wussten Sie, dass Sie die Gr\u00f6\u00dfe des Grills einstellen k\u00f6nnen? Mit seinen 15 cm und bis zu 47 cm, k\u00f6nnen Sie es einstellen, um alle Pfannen, die Sie wollen passen. Au\u00dferdem ist er sehr praktisch und l\u00e4sst sich leicht auf- und abbauen. Nach dem Gebrauch wird der Grill einfach von Hand gereinigt, zerlegt und platzsparend aufbewahrt.<\/p>\n<ul>\n<li>15 bis 47 cm breit, passend f\u00fcr die meisten Pfannen<\/li>\n<li>Sorgt f\u00fcr eine gleichm\u00e4\u00dfige Wasserzirkulation, auch wenn mehrere Beutel untergetaucht sind<\/li>\n<li>Hergestellt aus rostfreiem Stahl<\/li>\n<li>Leicht zu demontieren<\/li>\n<li>Platzsparende Lagerung<\/li>\n<\/ul>\n","protected":false},"excerpt":{"rendered":"<p>Der ZWILLING Sous-Vide-Grill ist die perfekte Erg\u00e4nzung zum Vakuumgarsortiment, um das Vakuumgaren noch einfacher zu machen. Tauchen Sie den praktischen<\/p>\n","protected":false},"featured_media":131717,"template":"","meta":{"_acf_changed":false,"inline_featured_image":false},"product_cat":[6742,26043],"product_tag":[16876],"acf":[],"yoast_head":"<!-- This site is optimized with the Yoast SEO Premium plugin v18.6 (Yoast SEO v19.13) - https:\/\/yoast.com\/wordpress\/plugins\/seo\/ -->\n<title>ZWILLING Vakuum-Gitter<\/title>\n<meta name=\"description\" content=\"Entdecken Sie ZWILLING Vakuum-Gitter bei ErresseShop. Qualit\u00e4t, Stil und Funktionalit\u00e4t \u2013 jetzt online bestellen!\" \/>\n<meta name=\"robots\" content=\"index, follow, max-snippet:-1, max-image-preview:large, max-video-preview:-1\" \/>\n<link rel=\"canonical\" href=\"https:\/\/www.erresse-shop.it\/de\/shop\/kuche\/vakuum\/zwilling-vakuum-gitter\/\" \/>\n<meta property=\"og:locale\" content=\"de_DE\" \/>\n<meta property=\"og:type\" content=\"article\" \/>\n<meta property=\"og:title\" content=\"ZWILLING Vakuum-Gitter\" \/>\n<meta property=\"og:description\" content=\"Entdecken Sie ZWILLING Vakuum-Gitter bei ErresseShop. Qualit\u00e4t, Stil und Funktionalit\u00e4t \u2013 jetzt online bestellen!\" \/>\n<meta property=\"og:url\" content=\"https:\/\/www.erresse-shop.it\/de\/shop\/kuche\/vakuum\/zwilling-vakuum-gitter\/\" \/>\n<meta property=\"og:site_name\" content=\"Erresse Shop\" \/>\n<meta property=\"article:modified_time\" content=\"2025-01-22T07:20:23+00:00\" \/>\n<meta property=\"og:image\" content=\"https:\/\/www.erresse-shop.it\/wp-content\/uploads\/2021\/11\/ZWILLING-Griglia-per-Sottovuoto.jpg\" \/>\n\t<meta property=\"og:image:width\" content=\"1350\" \/>\n\t<meta property=\"og:image:height\" content=\"1350\" \/>\n\t<meta property=\"og:image:type\" content=\"image\/jpeg\" \/>\n<meta name=\"twitter:card\" content=\"summary_large_image\" \/>\n<script type=\"application\/ld+json\" class=\"yoast-schema-graph\">{\"@context\":\"https:\/\/schema.org\",\"@graph\":[{\"@type\":\"WebPage\",\"@id\":\"https:\/\/www.erresse-shop.it\/de\/shop\/kuche\/vakuum\/zwilling-vakuum-gitter\/\",\"url\":\"https:\/\/www.erresse-shop.it\/de\/shop\/kuche\/vakuum\/zwilling-vakuum-gitter\/\",\"name\":\"ZWILLING Vakuum-Gitter\",\"isPartOf\":{\"@id\":\"https:\/\/www.erresse-shop.it\/de\/#website\"},\"datePublished\":\"2021-11-24T13:50:52+00:00\",\"dateModified\":\"2025-01-22T07:20:23+00:00\",\"description\":\"Entdecken Sie ZWILLING Vakuum-Gitter bei ErresseShop. Qualit\u00e4t, Stil und Funktionalit\u00e4t \u2013 jetzt online bestellen!\",\"breadcrumb\":{\"@id\":\"https:\/\/www.erresse-shop.it\/de\/shop\/kuche\/vakuum\/zwilling-vakuum-gitter\/#breadcrumb\"},\"inLanguage\":\"de-DE\",\"potentialAction\":[{\"@type\":\"ReadAction\",\"target\":[\"https:\/\/www.erresse-shop.it\/de\/shop\/kuche\/vakuum\/zwilling-vakuum-gitter\/\"]}]},{\"@type\":\"BreadcrumbList\",\"@id\":\"https:\/\/www.erresse-shop.it\/de\/shop\/kuche\/vakuum\/zwilling-vakuum-gitter\/#breadcrumb\",\"itemListElement\":[{\"@type\":\"ListItem\",\"position\":1,\"name\":\"Home\",\"item\":\"https:\/\/www.erresse-shop.it\/de\/\"},{\"@type\":\"ListItem\",\"position\":2,\"name\":\"Shop\",\"item\":\"https:\/\/www.erresse-shop.it\/de\/shop\/\"},{\"@type\":\"ListItem\",\"position\":3,\"name\":\"ZWILLING Vakuum-Gitter\"}]},{\"@type\":\"WebSite\",\"@id\":\"https:\/\/www.erresse-shop.it\/de\/#website\",\"url\":\"https:\/\/www.erresse-shop.it\/de\/\",\"name\":\"Erresse Shop\",\"description\":\"Articoli di qualit\u00e0 per la casa\",\"potentialAction\":[{\"@type\":\"SearchAction\",\"target\":{\"@type\":\"EntryPoint\",\"urlTemplate\":\"https:\/\/www.erresse-shop.it\/de\/?s={search_term_string}\"},\"query-input\":\"required name=search_term_string\"}],\"inLanguage\":\"de-DE\"}]}<\/script>\n<!-- \/ Yoast SEO Premium plugin. -->","yoast_head_json":{"title":"ZWILLING Vakuum-Gitter","description":"Entdecken Sie ZWILLING Vakuum-Gitter bei ErresseShop. Qualit\u00e4t, Stil und Funktionalit\u00e4t \u2013 jetzt online bestellen!","robots":{"index":"index","follow":"follow","max-snippet":"max-snippet:-1","max-image-preview":"max-image-preview:large","max-video-preview":"max-video-preview:-1"},"canonical":"https:\/\/www.erresse-shop.it\/de\/shop\/kuche\/vakuum\/zwilling-vakuum-gitter\/","og_locale":"de_DE","og_type":"article","og_title":"ZWILLING Vakuum-Gitter","og_description":"Entdecken Sie ZWILLING Vakuum-Gitter bei ErresseShop. Qualit\u00e4t, Stil und Funktionalit\u00e4t \u2013 jetzt online bestellen!","og_url":"https:\/\/www.erresse-shop.it\/de\/shop\/kuche\/vakuum\/zwilling-vakuum-gitter\/","og_site_name":"Erresse Shop","article_modified_time":"2025-01-22T07:20:23+00:00","og_image":[{"width":1350,"height":1350,"url":"https:\/\/www.erresse-shop.it\/wp-content\/uploads\/2021\/11\/ZWILLING-Griglia-per-Sottovuoto.jpg","type":"image\/jpeg"}],"twitter_card":"summary_large_image","schema":{"@context":"https:\/\/schema.org","@graph":[{"@type":"WebPage","@id":"https:\/\/www.erresse-shop.it\/de\/shop\/kuche\/vakuum\/zwilling-vakuum-gitter\/","url":"https:\/\/www.erresse-shop.it\/de\/shop\/kuche\/vakuum\/zwilling-vakuum-gitter\/","name":"ZWILLING Vakuum-Gitter","isPartOf":{"@id":"https:\/\/www.erresse-shop.it\/de\/#website"},"datePublished":"2021-11-24T13:50:52+00:00","dateModified":"2025-01-22T07:20:23+00:00","description":"Entdecken Sie ZWILLING Vakuum-Gitter bei ErresseShop. Qualit\u00e4t, Stil und Funktionalit\u00e4t \u2013 jetzt online bestellen!","breadcrumb":{"@id":"https:\/\/www.erresse-shop.it\/de\/shop\/kuche\/vakuum\/zwilling-vakuum-gitter\/#breadcrumb"},"inLanguage":"de-DE","potentialAction":[{"@type":"ReadAction","target":["https:\/\/www.erresse-shop.it\/de\/shop\/kuche\/vakuum\/zwilling-vakuum-gitter\/"]}]},{"@type":"BreadcrumbList","@id":"https:\/\/www.erresse-shop.it\/de\/shop\/kuche\/vakuum\/zwilling-vakuum-gitter\/#breadcrumb","itemListElement":[{"@type":"ListItem","position":1,"name":"Home","item":"https:\/\/www.erresse-shop.it\/de\/"},{"@type":"ListItem","position":2,"name":"Shop","item":"https:\/\/www.erresse-shop.it\/de\/shop\/"},{"@type":"ListItem","position":3,"name":"ZWILLING Vakuum-Gitter"}]},{"@type":"WebSite","@id":"https:\/\/www.erresse-shop.it\/de\/#website","url":"https:\/\/www.erresse-shop.it\/de\/","name":"Erresse Shop","description":"Articoli di qualit\u00e0 per la casa","potentialAction":[{"@type":"SearchAction","target":{"@type":"EntryPoint","urlTemplate":"https:\/\/www.erresse-shop.it\/de\/?s={search_term_string}"},"query-input":"required name=search_term_string"}],"inLanguage":"de-DE"}]}},"df_price":7.475,"df_sale_price":7.475,"df_regular_price":14.95,"df_image_link":"https:\/\/www.erresse-shop.it\/wp-content\/uploads\/2021\/11\/ZWILLING-Griglia-per-Sottovuoto-300x300.jpg","_links":{"self":[{"href":"https:\/\/www.erresse-shop.it\/de\/wp-json\/wp\/v2\/product\/131673"}],"collection":[{"href":"https:\/\/www.erresse-shop.it\/de\/wp-json\/wp\/v2\/product"}],"about":[{"href":"https:\/\/www.erresse-shop.it\/de\/wp-json\/wp\/v2\/types\/product"}],"wp:featuredmedia":[{"embeddable":true,"href":"https:\/\/www.erresse-shop.it\/de\/wp-json\/wp\/v2\/media\/131717"}],"wp:attachment":[{"href":"https:\/\/www.erresse-shop.it\/de\/wp-json\/wp\/v2\/media?parent=131673"}],"wp:term":[{"taxonomy":"product_cat","embeddable":true,"href":"https:\/\/www.erresse-shop.it\/de\/wp-json\/wp\/v2\/product_cat?post=131673"},{"taxonomy":"product_tag","embeddable":true,"href":"https:\/\/www.erresse-shop.it\/de\/wp-json\/wp\/v2\/product_tag?post=131673"}],"curies":[{"name":"wp","href":"https:\/\/api.w.org\/{rel}","templated":true}]}}