{"id":131479,"date":"2021-11-24T11:10:02","date_gmt":"2021-11-24T11:10:02","guid":{"rendered":"https:\/\/www.erresse-shop.it\/?post_type=product&#038;p=131479"},"modified":"2025-01-22T07:20:22","modified_gmt":"2025-01-22T07:20:22","slug":"zwilling-freshsave-vakuum-set-mix-7-teilig","status":"publish","type":"product","link":"https:\/\/www.erresse-shop.it\/de\/shop\/kuche\/vakuum\/zwilling-freshsave-vakuum-set-mix-7-teilig\/","title":{"rendered":"ZWILLING Fresh&#038;Save Vakuum-Set Mix 7-teilig"},"content":{"rendered":"<p>Erstes <strong>FRESH &amp; SAVE<\/strong> Glas-Vakuum-Set: die entspannte Art, Frische zu genie\u00dfen.<\/p>\n<p>Dieses Set wird Sie schnell \u00fcberzeugen: Der gro\u00dfe, elegante Vakuumbeh\u00e4lter aus Glas, die mittelgro\u00dfe Lunchbox aus leichtem, unzerbrechlichem Kunststoff, die vier wiederverwendbaren Vakuumbeutel und die Vakuumpumpe (praktisch, automatisch und kabellos!) werden Ihre neuen Verb\u00fcndeten in der K\u00fcche sein.<\/p>\n<p>Im Vergleich zu normalen Aufbewahrungsmethoden bleiben die Lebensmittel dank der Vakuumverpackung bis zu f\u00fcnfmal l\u00e4nger frisch!<\/p>\n<p>Mit den FRESH &amp; SAVE-Vakuumverpackungen aus Glas k\u00f6nnen Sie Obst, Gem\u00fcse, Fleisch oder Fisch im K\u00fchlschrank (oder Gefrierfach) aufbewahren oder mit Vakuumbeuteln Ihre eigene Frischetheke zu Hause einrichten. Sie k\u00f6nnen k\u00f6stliche Gerichte auch schon Tage im Voraus zubereiten und sie frisch genie\u00dfen, wenn Sie es w\u00fcnschen. Und in der Lunch Box k\u00f6nnen Sie dank der praktischen, flexiblen Trennwand alles mitnehmen, was Sie wollen. Wussten Sie, dass Sie die Vakuumbeh\u00e4lter auch zum Sous-vide-Garen oder Marinieren von Fleisch in nur 30 Minuten verwenden k\u00f6nnen? Und wenn Sie unterwegs sind &#8211; in der Schule, im B\u00fcro oder auf Reisen &#8211; h\u00e4lt der praktische Vakuumbeh\u00e4lter leckere Snacks f\u00fcr Sie bereit.<\/p>\n<p>Aber wie funktioniert das? Setzen Sie die Pumpe einfach \u00fcber das Ventil, dr\u00fccken Sie den Knopf und innerhalb von Sekunden wird ein Vakuum erzeugt. Die Pumpe stoppt automatisch, wenn sie ein ausreichendes Vakuum erzeugt hat. Und Sie k\u00f6nnen sicher sein, dass Aromen und Vitamine erhalten bleiben.<\/p>\n<p>Mit der ZWILLING Culinary World App haben Sie Ihre Vorr\u00e4te immer unter Kontrolle: Scannen Sie einfach den QR-Code auf den Beh\u00e4ltern oder Vakuumbeuteln und Sie werden daran erinnert, wann Sie Ihren Vorrat aufbrauchen m\u00fcssen. Das erste innovative FRESH &amp; SAVE Vakuumier-Set: entwickelt, um das Leben einfacher zu machen.<\/p>\n<ul>\n<li>Wie funktioniert die Vakuumverpackung? Im Vergleich zu normalen Aufbewahrungsmethoden bleiben die Lebensmittel bis zu f\u00fcnfmal l\u00e4nger frisch, wodurch Geschmack und N\u00e4hrstoffe erhalten bleiben und die Lebensmittelverschwendung reduziert wird.<\/li>\n<li>Sie k\u00f6nnen Lebensmittel gestapelt im K\u00fchl- oder Gefrierschrank aufbewahren, was ebenfalls Platz spart.<\/li>\n<li>Der formsch\u00f6ne Glasbeh\u00e4lter eignet sich auch hervorragend zum Servieren bei Tisch \/ backofengeeignet (ohne Deckel, f\u00fcr Temperaturen bis 180 \u00b0C).<\/li>\n<li>Ultraleichte und unzerbrechliche Lunchbox zum Mitnehmen von allem, was Sie wollen, dank der praktischen flexiblen Trennwand.<\/li>\n<li>Sichere Aufbewahrung von Lebensmitteln und Fertiggerichten (Vakuum reduziert Gefrierbrand).<\/li>\n<li>Wiederverwendbare Vakuumbeutel: sicher, hitzebest\u00e4ndig, perfekt zum Sous-Vide-Garen, mikrowellengeeignet.<\/li>\n<li>Das Set enth\u00e4lt eine Vakuumpumpe, 1 Glasbeh\u00e4lter, 1 Lunch Box und 4 wiederverwendbare Beutel (zwei in Gr\u00f6\u00dfe S und zwei in Gr\u00f6\u00dfe M). Beh\u00e4lterinhalt, ohne Deckel \/ max. F\u00fcllh\u00f6he: M 0,8 l \/ 0,65 l; L 2,0 l \/ 1,6 l; Vakuumbeutel: S 1,25 l \/ M 4 l<\/li>\n<li>Materialien: BPA-frei; Glasbeh\u00e4lter: Borosilikatglas (Boden), Kunststoff (Deckel), Silikon (Ventil, Dichtung); wiederverwendbarer Beutel: Kunststoff (Beutel, Rei\u00dfverschluss), Silikon (Ventil).<\/li>\n<li>Dank der ZWILLING Culinary World App und dem QR-Code auf dem Deckel, mit dem man die Lebensmittel und ihre Haltbarkeit im Blick behalten kann, hat man immer alles unter Kontrolle.<\/li>\n<li>Die kostenlose App berechnet, wie lange Lebensmittel und Geschirr im Vakuum aufbewahrt werden k\u00f6nnen, und die Erinnerungsfunktion weist Sie darauf hin, wann es Zeit ist, das Vorr\u00e4tige zu verbrauchen. Die App enth\u00e4lt auch Rezepte, ein Erkl\u00e4rvideo und eine Einkaufslistenfunktion.<\/li>\n<li>Die kostenlose App berechnet die Haltbarkeit von Lebensmitteln und Gerichten und die Erinnerungsfunktion sagt Ihnen, wann es an der Zeit ist, das Vorr\u00e4tige aufzubrauchen. Plus in der App, Rezepte, Videoerkl\u00e4rung und Einkaufslistenfunktion.<\/li>\n<\/ul>\n","protected":false},"excerpt":{"rendered":"<p>Erstes FRESH &amp; SAVE Glas-Vakuum-Set: die entspannte Art, Frische zu genie\u00dfen. Dieses Set wird Sie schnell \u00fcberzeugen: Der gro\u00dfe, elegante<\/p>\n","protected":false},"featured_media":131571,"template":"","meta":{"_acf_changed":false,"inline_featured_image":false},"product_cat":[6742,26043],"product_tag":[16875,11905,16876],"acf":[],"yoast_head":"<!-- This site is optimized with the Yoast SEO Premium plugin v18.6 (Yoast SEO v19.13) - https:\/\/yoast.com\/wordpress\/plugins\/seo\/ -->\n<title>ZWILLING Fresh&amp;Save Vakuum-Set Mix 7-teilig<\/title>\n<meta name=\"description\" content=\"Entdecken Sie ZWILLING Fresh&amp;Save Vakuum-Set Mix 7-teilig bei ErresseShop. Qualit\u00e4t, Stil und Funktionalit\u00e4t \u2013 jetzt online bestellen!\" \/>\n<meta name=\"robots\" content=\"index, follow, max-snippet:-1, max-image-preview:large, max-video-preview:-1\" \/>\n<link rel=\"canonical\" href=\"https:\/\/www.erresse-shop.it\/de\/shop\/kuche\/vakuum\/zwilling-freshsave-vakuum-set-mix-7-teilig\/\" \/>\n<meta property=\"og:locale\" content=\"de_DE\" \/>\n<meta property=\"og:type\" content=\"article\" \/>\n<meta property=\"og:title\" content=\"ZWILLING Fresh&amp;Save Vakuum-Set Mix 7-teilig\" \/>\n<meta property=\"og:description\" content=\"Entdecken Sie ZWILLING Fresh&amp;Save Vakuum-Set Mix 7-teilig bei ErresseShop. Qualit\u00e4t, Stil und Funktionalit\u00e4t \u2013 jetzt online bestellen!\" \/>\n<meta property=\"og:url\" content=\"https:\/\/www.erresse-shop.it\/de\/shop\/kuche\/vakuum\/zwilling-freshsave-vakuum-set-mix-7-teilig\/\" \/>\n<meta property=\"og:site_name\" content=\"Erresse Shop\" \/>\n<meta property=\"article:modified_time\" content=\"2025-01-22T07:20:22+00:00\" \/>\n<meta property=\"og:image\" content=\"https:\/\/www.erresse-shop.it\/wp-content\/uploads\/2021\/11\/ZWILLING-Set-Sottovuoto-Mix-FreshSave-7-Pezzi.jpg\" \/>\n\t<meta property=\"og:image:width\" content=\"1350\" \/>\n\t<meta property=\"og:image:height\" content=\"1350\" \/>\n\t<meta property=\"og:image:type\" content=\"image\/jpeg\" \/>\n<meta name=\"twitter:card\" content=\"summary_large_image\" \/>\n<script type=\"application\/ld+json\" class=\"yoast-schema-graph\">{\"@context\":\"https:\/\/schema.org\",\"@graph\":[{\"@type\":\"WebPage\",\"@id\":\"https:\/\/www.erresse-shop.it\/de\/shop\/kuche\/vakuum\/zwilling-freshsave-vakuum-set-mix-7-teilig\/\",\"url\":\"https:\/\/www.erresse-shop.it\/de\/shop\/kuche\/vakuum\/zwilling-freshsave-vakuum-set-mix-7-teilig\/\",\"name\":\"ZWILLING Fresh&Save Vakuum-Set Mix 7-teilig\",\"isPartOf\":{\"@id\":\"https:\/\/www.erresse-shop.it\/de\/#website\"},\"datePublished\":\"2021-11-24T11:10:02+00:00\",\"dateModified\":\"2025-01-22T07:20:22+00:00\",\"description\":\"Entdecken Sie ZWILLING Fresh&Save Vakuum-Set Mix 7-teilig bei ErresseShop. Qualit\u00e4t, Stil und Funktionalit\u00e4t \u2013 jetzt online bestellen!\",\"breadcrumb\":{\"@id\":\"https:\/\/www.erresse-shop.it\/de\/shop\/kuche\/vakuum\/zwilling-freshsave-vakuum-set-mix-7-teilig\/#breadcrumb\"},\"inLanguage\":\"de-DE\",\"potentialAction\":[{\"@type\":\"ReadAction\",\"target\":[\"https:\/\/www.erresse-shop.it\/de\/shop\/kuche\/vakuum\/zwilling-freshsave-vakuum-set-mix-7-teilig\/\"]}]},{\"@type\":\"BreadcrumbList\",\"@id\":\"https:\/\/www.erresse-shop.it\/de\/shop\/kuche\/vakuum\/zwilling-freshsave-vakuum-set-mix-7-teilig\/#breadcrumb\",\"itemListElement\":[{\"@type\":\"ListItem\",\"position\":1,\"name\":\"Home\",\"item\":\"https:\/\/www.erresse-shop.it\/de\/\"},{\"@type\":\"ListItem\",\"position\":2,\"name\":\"Shop\",\"item\":\"https:\/\/www.erresse-shop.it\/de\/shop\/\"},{\"@type\":\"ListItem\",\"position\":3,\"name\":\"ZWILLING Fresh&#038;Save Vakuum-Set Mix 7-teilig\"}]},{\"@type\":\"WebSite\",\"@id\":\"https:\/\/www.erresse-shop.it\/de\/#website\",\"url\":\"https:\/\/www.erresse-shop.it\/de\/\",\"name\":\"Erresse Shop\",\"description\":\"Articoli di qualit\u00e0 per la casa\",\"potentialAction\":[{\"@type\":\"SearchAction\",\"target\":{\"@type\":\"EntryPoint\",\"urlTemplate\":\"https:\/\/www.erresse-shop.it\/de\/?s={search_term_string}\"},\"query-input\":\"required name=search_term_string\"}],\"inLanguage\":\"de-DE\"}]}<\/script>\n<!-- \/ Yoast SEO Premium plugin. -->","yoast_head_json":{"title":"ZWILLING Fresh&Save Vakuum-Set Mix 7-teilig","description":"Entdecken Sie ZWILLING Fresh&Save Vakuum-Set Mix 7-teilig bei ErresseShop. Qualit\u00e4t, Stil und Funktionalit\u00e4t \u2013 jetzt online bestellen!","robots":{"index":"index","follow":"follow","max-snippet":"max-snippet:-1","max-image-preview":"max-image-preview:large","max-video-preview":"max-video-preview:-1"},"canonical":"https:\/\/www.erresse-shop.it\/de\/shop\/kuche\/vakuum\/zwilling-freshsave-vakuum-set-mix-7-teilig\/","og_locale":"de_DE","og_type":"article","og_title":"ZWILLING Fresh&Save Vakuum-Set Mix 7-teilig","og_description":"Entdecken Sie ZWILLING Fresh&Save Vakuum-Set Mix 7-teilig bei ErresseShop. Qualit\u00e4t, Stil und Funktionalit\u00e4t \u2013 jetzt online bestellen!","og_url":"https:\/\/www.erresse-shop.it\/de\/shop\/kuche\/vakuum\/zwilling-freshsave-vakuum-set-mix-7-teilig\/","og_site_name":"Erresse Shop","article_modified_time":"2025-01-22T07:20:22+00:00","og_image":[{"width":1350,"height":1350,"url":"https:\/\/www.erresse-shop.it\/wp-content\/uploads\/2021\/11\/ZWILLING-Set-Sottovuoto-Mix-FreshSave-7-Pezzi.jpg","type":"image\/jpeg"}],"twitter_card":"summary_large_image","schema":{"@context":"https:\/\/schema.org","@graph":[{"@type":"WebPage","@id":"https:\/\/www.erresse-shop.it\/de\/shop\/kuche\/vakuum\/zwilling-freshsave-vakuum-set-mix-7-teilig\/","url":"https:\/\/www.erresse-shop.it\/de\/shop\/kuche\/vakuum\/zwilling-freshsave-vakuum-set-mix-7-teilig\/","name":"ZWILLING Fresh&Save Vakuum-Set Mix 7-teilig","isPartOf":{"@id":"https:\/\/www.erresse-shop.it\/de\/#website"},"datePublished":"2021-11-24T11:10:02+00:00","dateModified":"2025-01-22T07:20:22+00:00","description":"Entdecken Sie ZWILLING Fresh&Save Vakuum-Set Mix 7-teilig bei ErresseShop. Qualit\u00e4t, Stil und Funktionalit\u00e4t \u2013 jetzt online bestellen!","breadcrumb":{"@id":"https:\/\/www.erresse-shop.it\/de\/shop\/kuche\/vakuum\/zwilling-freshsave-vakuum-set-mix-7-teilig\/#breadcrumb"},"inLanguage":"de-DE","potentialAction":[{"@type":"ReadAction","target":["https:\/\/www.erresse-shop.it\/de\/shop\/kuche\/vakuum\/zwilling-freshsave-vakuum-set-mix-7-teilig\/"]}]},{"@type":"BreadcrumbList","@id":"https:\/\/www.erresse-shop.it\/de\/shop\/kuche\/vakuum\/zwilling-freshsave-vakuum-set-mix-7-teilig\/#breadcrumb","itemListElement":[{"@type":"ListItem","position":1,"name":"Home","item":"https:\/\/www.erresse-shop.it\/de\/"},{"@type":"ListItem","position":2,"name":"Shop","item":"https:\/\/www.erresse-shop.it\/de\/shop\/"},{"@type":"ListItem","position":3,"name":"ZWILLING Fresh&#038;Save Vakuum-Set Mix 7-teilig"}]},{"@type":"WebSite","@id":"https:\/\/www.erresse-shop.it\/de\/#website","url":"https:\/\/www.erresse-shop.it\/de\/","name":"Erresse Shop","description":"Articoli di qualit\u00e0 per la casa","potentialAction":[{"@type":"SearchAction","target":{"@type":"EntryPoint","urlTemplate":"https:\/\/www.erresse-shop.it\/de\/?s={search_term_string}"},"query-input":"required name=search_term_string"}],"inLanguage":"de-DE"}]}},"df_price":49.975,"df_sale_price":49.975,"df_regular_price":99.95,"df_image_link":"https:\/\/www.erresse-shop.it\/wp-content\/uploads\/2021\/11\/ZWILLING-Set-Sottovuoto-Mix-FreshSave-7-Pezzi-300x300.jpg","_links":{"self":[{"href":"https:\/\/www.erresse-shop.it\/de\/wp-json\/wp\/v2\/product\/131479"}],"collection":[{"href":"https:\/\/www.erresse-shop.it\/de\/wp-json\/wp\/v2\/product"}],"about":[{"href":"https:\/\/www.erresse-shop.it\/de\/wp-json\/wp\/v2\/types\/product"}],"wp:featuredmedia":[{"embeddable":true,"href":"https:\/\/www.erresse-shop.it\/de\/wp-json\/wp\/v2\/media\/131571"}],"wp:attachment":[{"href":"https:\/\/www.erresse-shop.it\/de\/wp-json\/wp\/v2\/media?parent=131479"}],"wp:term":[{"taxonomy":"product_cat","embeddable":true,"href":"https:\/\/www.erresse-shop.it\/de\/wp-json\/wp\/v2\/product_cat?post=131479"},{"taxonomy":"product_tag","embeddable":true,"href":"https:\/\/www.erresse-shop.it\/de\/wp-json\/wp\/v2\/product_tag?post=131479"}],"curies":[{"name":"wp","href":"https:\/\/api.w.org\/{rel}","templated":true}]}}