{"id":131112,"date":"2021-11-23T11:51:34","date_gmt":"2021-11-23T11:51:36","guid":{"rendered":"https:\/\/www.erresse-shop.it\/?post_type=product&#038;p=131112"},"modified":"2025-01-17T17:50:33","modified_gmt":"2025-01-17T17:50:33","slug":"staub-cocotte-rund-20-cm-kirschrot","status":"publish","type":"product","link":"https:\/\/www.erresse-shop.it\/de\/shop\/toepfe-pfannen\/schalldaempfer-und-kokotten\/staub-cocotte-rund-20-cm-kirschrot\/","title":{"rendered":"STAUB Cocotte Rund 20 cm Kirschrot"},"content":{"rendered":"<p>Ob Fleischgericht, Gem\u00fcseauflauf oder Fisch \u2013 in der Cocotte von Staub gelingen feine Gerichte einfach und sicher. Die Cocotte ist ein gusseiserner Br\u00e4ter, den du zur schonenden Zubereitung verschiedener Speisen wie Fleisch oder Gem\u00fcse verwenden kannst. Der Schmortopf ist dank seines klassischen Designs ein Kochgeschirr, in dem du Gerichte zudem stilvoll am Tisch servieren kannst. Die gusseiserne Cocotte ist auf der Innenseite mit einer mattschwarzen Emaillierung \u00fcberzogen, die sich zum besonders krossen Anbraten eignet und \u00e4u\u00dferst strapazierf\u00e4hig ist. Au\u00dferdem verleiht sie dem Gargut ein hervorragendes Schmoraroma und verst\u00e4rkt den Eigengeschmack der Zutaten. Die besondere Struktur des Deckels erm\u00f6glicht eine gleichm\u00e4\u00dfige Verteilung der Feuchtigkeit beim Kochen, was sich g\u00fcnstig auf das Aroma auswirkt. Die Cocotte speichert W\u00e4rme und gibt sie langsam ab. So bleiben Speisen auch auf dem Tisch noch lange warm.<\/p>\n<p>&#8211; Ideal zum Anbraten und langsamen Garen von Fleisch, Fisch oder Gem\u00fcse<br \/>\n&#8211; Saftiges und zartes Kochergebnis durch die spezielle Tropfenstruktur im Deckel<br \/>\n&#8211; F\u00fcr alle Herdarten inkl. Induktion geeignet, auch im Backofen\/Grill einsetzbar<\/p>\n<p><strong>Eigenschaften:<\/strong><\/p>\n<p>&#8211; Nettogewicht: 3,60 kg<br \/>\n&#8211; Fassungsverm\u00f6gen: 2,20 l<br \/>\n&#8211; Produktl\u00e4nge: 26,30 cm<br \/>\n&#8211; Produktbreite: 20,00 cm<br \/>\n&#8211; H\u00f6he des Produkts: 14,20 cm<br \/>\n&#8211; H\u00f6he ohne Deckel: 9,50 cm<br \/>\n&#8211; Durchmesser oben: 20,00 cm<br \/>\n&#8211; Durchmesser des Bodens: 16,10 cm<br \/>\n&#8211; Griffl\u00e4nge: 3,00 cm<\/p>\n","protected":false},"excerpt":{"rendered":"<p>Ob Fleischgericht, Gem\u00fcseauflauf oder Fisch \u2013 in der Cocotte von Staub gelingen feine Gerichte einfach und sicher. Die Cocotte ist<\/p>\n","protected":false},"featured_media":12014,"template":"","meta":{"_acf_changed":false,"inline_featured_image":false},"product_cat":[6709,14793],"product_tag":[25088,11387,11381,11385,12315,25022,12205],"acf":[],"yoast_head":"<!-- This site is optimized with the Yoast SEO Premium plugin v18.6 (Yoast SEO v19.13) - https:\/\/yoast.com\/wordpress\/plugins\/seo\/ -->\n<title>STAUB Cocotte Rund 20 cm Kirschrot<\/title>\n<meta name=\"description\" content=\"Entdecken Sie STAUB Cocotte Rund 20 cm Kirschrot bei ErresseShop. Qualit\u00e4t, Stil und Funktionalit\u00e4t \u2013 jetzt online bestellen!\" \/>\n<meta name=\"robots\" content=\"index, follow, max-snippet:-1, max-image-preview:large, max-video-preview:-1\" \/>\n<link rel=\"canonical\" href=\"https:\/\/www.erresse-shop.it\/de\/shop\/toepfe-pfannen\/schalldaempfer-und-kokotten\/staub-cocotte-rund-20-cm-kirschrot\/\" \/>\n<meta property=\"og:locale\" content=\"de_DE\" \/>\n<meta property=\"og:type\" content=\"article\" \/>\n<meta property=\"og:title\" content=\"STAUB Cocotte Rund 20 cm Kirschrot\" \/>\n<meta property=\"og:description\" content=\"Entdecken Sie STAUB Cocotte Rund 20 cm Kirschrot bei ErresseShop. Qualit\u00e4t, Stil und Funktionalit\u00e4t \u2013 jetzt online bestellen!\" \/>\n<meta property=\"og:url\" content=\"https:\/\/www.erresse-shop.it\/de\/shop\/toepfe-pfannen\/schalldaempfer-und-kokotten\/staub-cocotte-rund-20-cm-kirschrot\/\" \/>\n<meta property=\"og:site_name\" content=\"Erresse Shop\" \/>\n<meta property=\"article:modified_time\" content=\"2025-01-17T17:50:33+00:00\" \/>\n<meta property=\"og:image\" content=\"https:\/\/www.erresse-shop.it\/wp-content\/uploads\/2015\/01\/products-staub-tonda-cm-2.jpg\" \/>\n\t<meta property=\"og:image:width\" content=\"400\" \/>\n\t<meta property=\"og:image:height\" content=\"400\" \/>\n\t<meta property=\"og:image:type\" content=\"image\/jpeg\" \/>\n<meta name=\"twitter:card\" content=\"summary_large_image\" \/>\n<script type=\"application\/ld+json\" class=\"yoast-schema-graph\">{\"@context\":\"https:\/\/schema.org\",\"@graph\":[{\"@type\":\"WebPage\",\"@id\":\"https:\/\/www.erresse-shop.it\/de\/shop\/toepfe-pfannen\/schalldaempfer-und-kokotten\/staub-cocotte-rund-20-cm-kirschrot\/\",\"url\":\"https:\/\/www.erresse-shop.it\/de\/shop\/toepfe-pfannen\/schalldaempfer-und-kokotten\/staub-cocotte-rund-20-cm-kirschrot\/\",\"name\":\"STAUB Cocotte Rund 20 cm Kirschrot\",\"isPartOf\":{\"@id\":\"https:\/\/www.erresse-shop.it\/de\/#website\"},\"datePublished\":\"2021-11-23T11:51:36+00:00\",\"dateModified\":\"2025-01-17T17:50:33+00:00\",\"description\":\"Entdecken Sie STAUB Cocotte Rund 20 cm Kirschrot bei ErresseShop. Qualit\u00e4t, Stil und Funktionalit\u00e4t \u2013 jetzt online bestellen!\",\"breadcrumb\":{\"@id\":\"https:\/\/www.erresse-shop.it\/de\/shop\/toepfe-pfannen\/schalldaempfer-und-kokotten\/staub-cocotte-rund-20-cm-kirschrot\/#breadcrumb\"},\"inLanguage\":\"de-DE\",\"potentialAction\":[{\"@type\":\"ReadAction\",\"target\":[\"https:\/\/www.erresse-shop.it\/de\/shop\/toepfe-pfannen\/schalldaempfer-und-kokotten\/staub-cocotte-rund-20-cm-kirschrot\/\"]}]},{\"@type\":\"BreadcrumbList\",\"@id\":\"https:\/\/www.erresse-shop.it\/de\/shop\/toepfe-pfannen\/schalldaempfer-und-kokotten\/staub-cocotte-rund-20-cm-kirschrot\/#breadcrumb\",\"itemListElement\":[{\"@type\":\"ListItem\",\"position\":1,\"name\":\"Home\",\"item\":\"https:\/\/www.erresse-shop.it\/de\/\"},{\"@type\":\"ListItem\",\"position\":2,\"name\":\"Shop\",\"item\":\"https:\/\/www.erresse-shop.it\/de\/shop\/\"},{\"@type\":\"ListItem\",\"position\":3,\"name\":\"STAUB Cocotte Rund 20 cm Kirschrot\"}]},{\"@type\":\"WebSite\",\"@id\":\"https:\/\/www.erresse-shop.it\/de\/#website\",\"url\":\"https:\/\/www.erresse-shop.it\/de\/\",\"name\":\"Erresse Shop\",\"description\":\"Articoli di qualit\u00e0 per la casa\",\"potentialAction\":[{\"@type\":\"SearchAction\",\"target\":{\"@type\":\"EntryPoint\",\"urlTemplate\":\"https:\/\/www.erresse-shop.it\/de\/?s={search_term_string}\"},\"query-input\":\"required name=search_term_string\"}],\"inLanguage\":\"de-DE\"}]}<\/script>\n<!-- \/ Yoast SEO Premium plugin. -->","yoast_head_json":{"title":"STAUB Cocotte Rund 20 cm Kirschrot","description":"Entdecken Sie STAUB Cocotte Rund 20 cm Kirschrot bei ErresseShop. Qualit\u00e4t, Stil und Funktionalit\u00e4t \u2013 jetzt online bestellen!","robots":{"index":"index","follow":"follow","max-snippet":"max-snippet:-1","max-image-preview":"max-image-preview:large","max-video-preview":"max-video-preview:-1"},"canonical":"https:\/\/www.erresse-shop.it\/de\/shop\/toepfe-pfannen\/schalldaempfer-und-kokotten\/staub-cocotte-rund-20-cm-kirschrot\/","og_locale":"de_DE","og_type":"article","og_title":"STAUB Cocotte Rund 20 cm Kirschrot","og_description":"Entdecken Sie STAUB Cocotte Rund 20 cm Kirschrot bei ErresseShop. Qualit\u00e4t, Stil und Funktionalit\u00e4t \u2013 jetzt online bestellen!","og_url":"https:\/\/www.erresse-shop.it\/de\/shop\/toepfe-pfannen\/schalldaempfer-und-kokotten\/staub-cocotte-rund-20-cm-kirschrot\/","og_site_name":"Erresse Shop","article_modified_time":"2025-01-17T17:50:33+00:00","og_image":[{"width":"400","height":"400","url":"https:\/\/www.erresse-shop.it\/wp-content\/uploads\/2015\/01\/products-staub-tonda-cm-2.jpg","type":"image\/jpeg"}],"twitter_card":"summary_large_image","schema":{"@context":"https:\/\/schema.org","@graph":[{"@type":"WebPage","@id":"https:\/\/www.erresse-shop.it\/de\/shop\/toepfe-pfannen\/schalldaempfer-und-kokotten\/staub-cocotte-rund-20-cm-kirschrot\/","url":"https:\/\/www.erresse-shop.it\/de\/shop\/toepfe-pfannen\/schalldaempfer-und-kokotten\/staub-cocotte-rund-20-cm-kirschrot\/","name":"STAUB Cocotte Rund 20 cm Kirschrot","isPartOf":{"@id":"https:\/\/www.erresse-shop.it\/de\/#website"},"datePublished":"2021-11-23T11:51:36+00:00","dateModified":"2025-01-17T17:50:33+00:00","description":"Entdecken Sie STAUB Cocotte Rund 20 cm Kirschrot bei ErresseShop. Qualit\u00e4t, Stil und Funktionalit\u00e4t \u2013 jetzt online bestellen!","breadcrumb":{"@id":"https:\/\/www.erresse-shop.it\/de\/shop\/toepfe-pfannen\/schalldaempfer-und-kokotten\/staub-cocotte-rund-20-cm-kirschrot\/#breadcrumb"},"inLanguage":"de-DE","potentialAction":[{"@type":"ReadAction","target":["https:\/\/www.erresse-shop.it\/de\/shop\/toepfe-pfannen\/schalldaempfer-und-kokotten\/staub-cocotte-rund-20-cm-kirschrot\/"]}]},{"@type":"BreadcrumbList","@id":"https:\/\/www.erresse-shop.it\/de\/shop\/toepfe-pfannen\/schalldaempfer-und-kokotten\/staub-cocotte-rund-20-cm-kirschrot\/#breadcrumb","itemListElement":[{"@type":"ListItem","position":1,"name":"Home","item":"https:\/\/www.erresse-shop.it\/de\/"},{"@type":"ListItem","position":2,"name":"Shop","item":"https:\/\/www.erresse-shop.it\/de\/shop\/"},{"@type":"ListItem","position":3,"name":"STAUB Cocotte Rund 20 cm Kirschrot"}]},{"@type":"WebSite","@id":"https:\/\/www.erresse-shop.it\/de\/#website","url":"https:\/\/www.erresse-shop.it\/de\/","name":"Erresse Shop","description":"Articoli di qualit\u00e0 per la casa","potentialAction":[{"@type":"SearchAction","target":{"@type":"EntryPoint","urlTemplate":"https:\/\/www.erresse-shop.it\/de\/?s={search_term_string}"},"query-input":"required name=search_term_string"}],"inLanguage":"de-DE"}]}},"df_price":114.5,"df_sale_price":114.5,"df_regular_price":229,"df_image_link":"https:\/\/www.erresse-shop.it\/wp-content\/uploads\/2015\/01\/products-staub-tonda-cm-2.jpg","_links":{"self":[{"href":"https:\/\/www.erresse-shop.it\/de\/wp-json\/wp\/v2\/product\/131112"}],"collection":[{"href":"https:\/\/www.erresse-shop.it\/de\/wp-json\/wp\/v2\/product"}],"about":[{"href":"https:\/\/www.erresse-shop.it\/de\/wp-json\/wp\/v2\/types\/product"}],"wp:featuredmedia":[{"embeddable":true,"href":"https:\/\/www.erresse-shop.it\/de\/wp-json\/wp\/v2\/media\/12014"}],"wp:attachment":[{"href":"https:\/\/www.erresse-shop.it\/de\/wp-json\/wp\/v2\/media?parent=131112"}],"wp:term":[{"taxonomy":"product_cat","embeddable":true,"href":"https:\/\/www.erresse-shop.it\/de\/wp-json\/wp\/v2\/product_cat?post=131112"},{"taxonomy":"product_tag","embeddable":true,"href":"https:\/\/www.erresse-shop.it\/de\/wp-json\/wp\/v2\/product_tag?post=131112"}],"curies":[{"name":"wp","href":"https:\/\/api.w.org\/{rel}","templated":true}]}}