{"id":131045,"date":"2021-11-23T11:16:27","date_gmt":"2021-11-23T11:16:28","guid":{"rendered":"https:\/\/www.erresse-shop.it\/?post_type=product&#038;p=131045"},"modified":"2025-01-22T07:20:13","modified_gmt":"2025-01-22T07:20:13","slug":"zwilling-enfinigy-toaster-4-schlitze-schwarz","status":"publish","type":"product","link":"https:\/\/www.erresse-shop.it\/de\/shop\/kleine-elektrogeraete\/toaster\/zwilling-enfinigy-toaster-4-schlitze-schwarz\/","title":{"rendered":"ZWILLING Enfinigy Toaster 4 Schlitze Schwarz"},"content":{"rendered":"<p>Ein Toaster f\u00fcr besondere Aufgaben. Der hochwertige ZWILLING Langschlitztoaster f\u00fcr 4 Toasts oder 2 lange Brotscheiben im modernen Design sorgt f\u00fcr eine gleichbleibende Br\u00e4unung. Bei mehreren Toastvorg\u00e4ngen verk\u00fcrzt er daf\u00fcr automatisch die R\u00f6stdauer. Durch die 4 separaten Heizelemente des 1800-Watt-Toasters werden die Toasts gleichm\u00e4\u00dfig auf beiden Seiten gebr\u00e4unt. Dabei ist jeder Toast au\u00dfen knusprig und innen noch weich \u2013 ein echter ZWILLING Toast. Fertige Toasts fliegen nicht aus dem Toaster \u2013 sie gleiten. Die Soft-Lift-Funktion sorgt f\u00fcr sanftes Hochfahren von Bagels, Brot- und Toastscheiben und mit der integrierten Nachhebefunktion k\u00f6nnen auch kleinere Scheiben bequem aus dem Toaster gehoben werden. Ein Verbrennen der Scheiben ist ausgeschlossen: Der Toaster schaltet sich nach dem eingestellten R\u00f6stzyklus automatisch ab. Selbst auf der h\u00f6chsten Stufe werden die Toasts maximal dunkelbraun. Mit der Stopp-Taste kann jeder Vorgang sofort abgebrochen werden. Kr\u00fcmel landen in der einfach herausnehmbaren Kr\u00fcmelschublade. Mit 7 Br\u00e4unungsstufen und 3 Automatikprogrammen l\u00e4sst sich jeder Toastvorgang den eigenen W\u00fcnschen anpassen. Mit der Aufw\u00e4rmfunktion kann kalt gewordener Toast wieder aufgew\u00e4rmt werden. Die Auftaufunktion erlaubt das direkte Toasten von gefrorenem Toast. Und die Bagelfunktion mit Brotscheibenzentrierung erm\u00f6glicht ideale Bagel-Toastergebnisse \u2013 innen ger\u00f6stet und au\u00dfen knusprig.<\/p>\n<p>&#8211; Langschlitztoaster f\u00fcr 4 Scheiben Toast oder 2 lange Scheiben Brot<br \/>\n&#8211; Automatische Anpassung der R\u00f6stdauer f\u00fcr gleichbleibende Br\u00e4unung auch bei mehreren Toastvorg\u00e4ngen<br \/>\n&#8211; 3 Automatikprogramme: Auftau-, Aufw\u00e4rm- und Bagelfunktion<br \/>\n&#8211; Soft-Lift-Funktion sorgt f\u00fcr sanftes Hochfahren der Toastscheiben<br \/>\n&#8211; Sicherheitsfunktion mit Abschaltautomatik verhindert verbrannten Toast<br \/>\n&#8211; 4 separate Heizeinheiten f\u00fcr gleichm\u00e4\u00dfige Br\u00e4unung auf beiden Toastseiten<br \/>\n&#8211; Integrierte Kabelaufwicklung zum komfortablen Verstauen<br \/>\n&#8211; Entwickelt von ZWILLING in Deutschland, designt in Mailand, Italien, von Matteo Thun &amp; Antonio Rodriguez<\/p>\n<p>Eigenschaften<br \/>\n&#8211; Farbe: Silver<br \/>\n&#8211; Material: Stahl<br \/>\n&#8211; Voltzahl: 220-240 V<br \/>\n&#8211; Netzfrequenz: 50\/60 Hz<br \/>\n&#8211; Kabelaufbewahrung: Ja<br \/>\n&#8211; Leistung: 1.800 W<\/p>\n<p>Abmessungen<br \/>\n&#8211; Gewicht netto: 2,80 kg<br \/>\n&#8211; Produktl\u00e4nge: 40,70 cm<br \/>\n&#8211; Produktbreite: 16,80 cm<br \/>\n&#8211; Produkth\u00f6he: 20,60 cm<\/p>\n<p><u style=\"font-size: 13px; line-height: 20.8px;\"><strong>Not for sale outside from Europe<\/strong><\/u><\/p>\n","protected":false},"excerpt":{"rendered":"<p>Ein Toaster f\u00fcr besondere Aufgaben. Der hochwertige ZWILLING Langschlitztoaster f\u00fcr 4 Toasts oder 2 lange Brotscheiben im modernen Design sorgt<\/p>\n","protected":false},"featured_media":131077,"template":"","meta":{"_acf_changed":false,"inline_featured_image":false},"product_cat":[6703,6865],"product_tag":[11415,11413,13723,11411,11417],"acf":[],"yoast_head":"<!-- This site is optimized with the Yoast SEO Premium plugin v18.6 (Yoast SEO v19.13) - https:\/\/yoast.com\/wordpress\/plugins\/seo\/ -->\n<title>ZWILLING Enfinigy Toaster 4 Schlitze Schwarz<\/title>\n<meta name=\"description\" content=\"Entdecken Sie ZWILLING Enfinigy Toaster 4 Schlitze Schwarz bei ErresseShop. Qualit\u00e4t, Stil und Funktionalit\u00e4t \u2013 jetzt online bestellen!\" \/>\n<meta name=\"robots\" content=\"index, follow, max-snippet:-1, max-image-preview:large, max-video-preview:-1\" \/>\n<link rel=\"canonical\" href=\"https:\/\/www.erresse-shop.it\/de\/shop\/kleine-elektrogeraete\/toaster\/zwilling-enfinigy-toaster-4-schlitze-schwarz\/\" \/>\n<meta property=\"og:locale\" content=\"de_DE\" \/>\n<meta property=\"og:type\" content=\"article\" \/>\n<meta property=\"og:title\" content=\"ZWILLING Enfinigy Toaster 4 Schlitze Schwarz\" \/>\n<meta property=\"og:description\" content=\"Entdecken Sie ZWILLING Enfinigy Toaster 4 Schlitze Schwarz bei ErresseShop. Qualit\u00e4t, Stil und Funktionalit\u00e4t \u2013 jetzt online bestellen!\" \/>\n<meta property=\"og:url\" content=\"https:\/\/www.erresse-shop.it\/de\/shop\/kleine-elektrogeraete\/toaster\/zwilling-enfinigy-toaster-4-schlitze-schwarz\/\" \/>\n<meta property=\"og:site_name\" content=\"Erresse Shop\" \/>\n<meta property=\"article:modified_time\" content=\"2025-01-22T07:20:13+00:00\" \/>\n<meta property=\"og:image\" content=\"https:\/\/www.erresse-shop.it\/wp-content\/uploads\/2021\/11\/ZWILLING-Enfinigy-Tostapane-4-Fette-Nero.jpg\" \/>\n\t<meta property=\"og:image:width\" content=\"1350\" \/>\n\t<meta property=\"og:image:height\" content=\"1350\" \/>\n\t<meta property=\"og:image:type\" content=\"image\/jpeg\" \/>\n<meta name=\"twitter:card\" content=\"summary_large_image\" \/>\n<script type=\"application\/ld+json\" class=\"yoast-schema-graph\">{\"@context\":\"https:\/\/schema.org\",\"@graph\":[{\"@type\":\"WebPage\",\"@id\":\"https:\/\/www.erresse-shop.it\/de\/shop\/kleine-elektrogeraete\/toaster\/zwilling-enfinigy-toaster-4-schlitze-schwarz\/\",\"url\":\"https:\/\/www.erresse-shop.it\/de\/shop\/kleine-elektrogeraete\/toaster\/zwilling-enfinigy-toaster-4-schlitze-schwarz\/\",\"name\":\"ZWILLING Enfinigy Toaster 4 Schlitze Schwarz\",\"isPartOf\":{\"@id\":\"https:\/\/www.erresse-shop.it\/de\/#website\"},\"datePublished\":\"2021-11-23T11:16:28+00:00\",\"dateModified\":\"2025-01-22T07:20:13+00:00\",\"description\":\"Entdecken Sie ZWILLING Enfinigy Toaster 4 Schlitze Schwarz bei ErresseShop. Qualit\u00e4t, Stil und Funktionalit\u00e4t \u2013 jetzt online bestellen!\",\"breadcrumb\":{\"@id\":\"https:\/\/www.erresse-shop.it\/de\/shop\/kleine-elektrogeraete\/toaster\/zwilling-enfinigy-toaster-4-schlitze-schwarz\/#breadcrumb\"},\"inLanguage\":\"de-DE\",\"potentialAction\":[{\"@type\":\"ReadAction\",\"target\":[\"https:\/\/www.erresse-shop.it\/de\/shop\/kleine-elektrogeraete\/toaster\/zwilling-enfinigy-toaster-4-schlitze-schwarz\/\"]}]},{\"@type\":\"BreadcrumbList\",\"@id\":\"https:\/\/www.erresse-shop.it\/de\/shop\/kleine-elektrogeraete\/toaster\/zwilling-enfinigy-toaster-4-schlitze-schwarz\/#breadcrumb\",\"itemListElement\":[{\"@type\":\"ListItem\",\"position\":1,\"name\":\"Home\",\"item\":\"https:\/\/www.erresse-shop.it\/de\/\"},{\"@type\":\"ListItem\",\"position\":2,\"name\":\"Shop\",\"item\":\"https:\/\/www.erresse-shop.it\/de\/shop\/\"},{\"@type\":\"ListItem\",\"position\":3,\"name\":\"ZWILLING Enfinigy Toaster 4 Schlitze Schwarz\"}]},{\"@type\":\"WebSite\",\"@id\":\"https:\/\/www.erresse-shop.it\/de\/#website\",\"url\":\"https:\/\/www.erresse-shop.it\/de\/\",\"name\":\"Erresse Shop\",\"description\":\"Articoli di qualit\u00e0 per la casa\",\"potentialAction\":[{\"@type\":\"SearchAction\",\"target\":{\"@type\":\"EntryPoint\",\"urlTemplate\":\"https:\/\/www.erresse-shop.it\/de\/?s={search_term_string}\"},\"query-input\":\"required name=search_term_string\"}],\"inLanguage\":\"de-DE\"}]}<\/script>\n<!-- \/ Yoast SEO Premium plugin. -->","yoast_head_json":{"title":"ZWILLING Enfinigy Toaster 4 Schlitze Schwarz","description":"Entdecken Sie ZWILLING Enfinigy Toaster 4 Schlitze Schwarz bei ErresseShop. Qualit\u00e4t, Stil und Funktionalit\u00e4t \u2013 jetzt online bestellen!","robots":{"index":"index","follow":"follow","max-snippet":"max-snippet:-1","max-image-preview":"max-image-preview:large","max-video-preview":"max-video-preview:-1"},"canonical":"https:\/\/www.erresse-shop.it\/de\/shop\/kleine-elektrogeraete\/toaster\/zwilling-enfinigy-toaster-4-schlitze-schwarz\/","og_locale":"de_DE","og_type":"article","og_title":"ZWILLING Enfinigy Toaster 4 Schlitze Schwarz","og_description":"Entdecken Sie ZWILLING Enfinigy Toaster 4 Schlitze Schwarz bei ErresseShop. Qualit\u00e4t, Stil und Funktionalit\u00e4t \u2013 jetzt online bestellen!","og_url":"https:\/\/www.erresse-shop.it\/de\/shop\/kleine-elektrogeraete\/toaster\/zwilling-enfinigy-toaster-4-schlitze-schwarz\/","og_site_name":"Erresse Shop","article_modified_time":"2025-01-22T07:20:13+00:00","og_image":[{"width":1350,"height":1350,"url":"https:\/\/www.erresse-shop.it\/wp-content\/uploads\/2021\/11\/ZWILLING-Enfinigy-Tostapane-4-Fette-Nero.jpg","type":"image\/jpeg"}],"twitter_card":"summary_large_image","schema":{"@context":"https:\/\/schema.org","@graph":[{"@type":"WebPage","@id":"https:\/\/www.erresse-shop.it\/de\/shop\/kleine-elektrogeraete\/toaster\/zwilling-enfinigy-toaster-4-schlitze-schwarz\/","url":"https:\/\/www.erresse-shop.it\/de\/shop\/kleine-elektrogeraete\/toaster\/zwilling-enfinigy-toaster-4-schlitze-schwarz\/","name":"ZWILLING Enfinigy Toaster 4 Schlitze Schwarz","isPartOf":{"@id":"https:\/\/www.erresse-shop.it\/de\/#website"},"datePublished":"2021-11-23T11:16:28+00:00","dateModified":"2025-01-22T07:20:13+00:00","description":"Entdecken Sie ZWILLING Enfinigy Toaster 4 Schlitze Schwarz bei ErresseShop. Qualit\u00e4t, Stil und Funktionalit\u00e4t \u2013 jetzt online bestellen!","breadcrumb":{"@id":"https:\/\/www.erresse-shop.it\/de\/shop\/kleine-elektrogeraete\/toaster\/zwilling-enfinigy-toaster-4-schlitze-schwarz\/#breadcrumb"},"inLanguage":"de-DE","potentialAction":[{"@type":"ReadAction","target":["https:\/\/www.erresse-shop.it\/de\/shop\/kleine-elektrogeraete\/toaster\/zwilling-enfinigy-toaster-4-schlitze-schwarz\/"]}]},{"@type":"BreadcrumbList","@id":"https:\/\/www.erresse-shop.it\/de\/shop\/kleine-elektrogeraete\/toaster\/zwilling-enfinigy-toaster-4-schlitze-schwarz\/#breadcrumb","itemListElement":[{"@type":"ListItem","position":1,"name":"Home","item":"https:\/\/www.erresse-shop.it\/de\/"},{"@type":"ListItem","position":2,"name":"Shop","item":"https:\/\/www.erresse-shop.it\/de\/shop\/"},{"@type":"ListItem","position":3,"name":"ZWILLING Enfinigy Toaster 4 Schlitze Schwarz"}]},{"@type":"WebSite","@id":"https:\/\/www.erresse-shop.it\/de\/#website","url":"https:\/\/www.erresse-shop.it\/de\/","name":"Erresse Shop","description":"Articoli di qualit\u00e0 per la casa","potentialAction":[{"@type":"SearchAction","target":{"@type":"EntryPoint","urlTemplate":"https:\/\/www.erresse-shop.it\/de\/?s={search_term_string}"},"query-input":"required name=search_term_string"}],"inLanguage":"de-DE"}]}},"df_price":59.5,"df_sale_price":59.5,"df_regular_price":119,"df_image_link":"https:\/\/www.erresse-shop.it\/wp-content\/uploads\/2021\/11\/ZWILLING-Enfinigy-Tostapane-4-Fette-Nero-300x300.jpg","_links":{"self":[{"href":"https:\/\/www.erresse-shop.it\/de\/wp-json\/wp\/v2\/product\/131045"}],"collection":[{"href":"https:\/\/www.erresse-shop.it\/de\/wp-json\/wp\/v2\/product"}],"about":[{"href":"https:\/\/www.erresse-shop.it\/de\/wp-json\/wp\/v2\/types\/product"}],"wp:featuredmedia":[{"embeddable":true,"href":"https:\/\/www.erresse-shop.it\/de\/wp-json\/wp\/v2\/media\/131077"}],"wp:attachment":[{"href":"https:\/\/www.erresse-shop.it\/de\/wp-json\/wp\/v2\/media?parent=131045"}],"wp:term":[{"taxonomy":"product_cat","embeddable":true,"href":"https:\/\/www.erresse-shop.it\/de\/wp-json\/wp\/v2\/product_cat?post=131045"},{"taxonomy":"product_tag","embeddable":true,"href":"https:\/\/www.erresse-shop.it\/de\/wp-json\/wp\/v2\/product_tag?post=131045"}],"curies":[{"name":"wp","href":"https:\/\/api.w.org\/{rel}","templated":true}]}}