{"id":130712,"date":"2021-11-22T15:46:07","date_gmt":"2021-11-22T15:46:08","guid":{"rendered":"https:\/\/www.erresse-shop.it\/?post_type=product&#038;p=130712"},"modified":"2025-01-22T07:20:09","modified_gmt":"2025-01-22T07:20:09","slug":"zwilling-enfinigy-standmixer-schwarz","status":"publish","type":"product","link":"https:\/\/www.erresse-shop.it\/de\/shop\/kleine-elektrogeraete\/mixer\/zwilling-enfinigy-standmixer-schwarz\/","title":{"rendered":"ZWILLING Enfinigy Standmixer Schwarz"},"content":{"rendered":"<p>Der kleine Standmixer aus der ENFINIGY Serie ist mehr als nur ein Smoothie-Maker. Mit der Original ZWILLING Kreuzklinge \u2013 neu entwickelt in Solingen \u2013 bietet der hochwertige K\u00fcchenmixer immer feinste Mixergebnisse. Sogar N\u00fcsse und Eisw\u00fcrfel lassen sich mit der Edelstahlklinge mit speziellem Wellenschliff und Piranha-Zahnung m\u00fchelos zerkleinern. Mit der praktischen To-go-Trinkflasche aus BPA-freiem Tritan k\u00f6nnen fertig gemixte Getr\u00e4nke einfach mitgenommen werden. Mit dem intuitiv zu bedienenden Drehknopf kann neben dem Smoothie-Programm auch das Pulse-Programm ausgew\u00e4hlt werden. Es eignet sich zum kurzen, manuellen Mixen oder Nachmixen f\u00fcr noch feinere Ergebnisse. Der leistungsstarke 600-Watt-Motor des Hochleistungsmixers wurde perfekt auf Klinge und Beh\u00e4lter abgestimmt \u2013 so gelingt jeder Mixvorgang. Der 550-ml-Mixbeh\u00e4lter aus BPA-freiem Tritan ist bruchfest und sp\u00fclmaschinengeeignet \u2013 die Reinigung per Hand wird empfohlen. Auch die Oberfl\u00e4chen des Mini-Blenders sind durch das moderne One-Button-Design mit integriertem Display leicht zu reinigen. Durch die eingebaute Sicherheitsfunktion l\u00e4sst sich der Personal Blender nur mit Beh\u00e4lter betreiben \u2013 so besteht keine Verletzungsgefahr.<\/p>\n<p>&#8211; Kraftvoller 600-Watt-Hochleistungsmotor f\u00fcr feinste Mixergebnisse<br \/>\n&#8211; ZWILLING Kreuzklinge mit speziellem Wellenschliff und Piranha-Zahnung<br \/>\n&#8211; 2 Automatikprogramme: Pulse und Smoothie<br \/>\n&#8211; Zahlreiche Zusatzfeatures wie Sicherheitsverriegelung und beleuchtetes Display<br \/>\n&#8211; To-go-Trinkaufsatz zum einfachen Mitnehmen von Getr\u00e4nken<br \/>\n&#8211; Bruchfester und leicht zu reinigender 550-ml-Mixbeh\u00e4lter aus BPA-freiem Tritan<br \/>\n&#8211; Entwickelt von ZWILLING in Deutschland, designt in Mailand, Italien, von Matteo Thun &amp; Antonio Rodriguez<\/p>\n<p>Eigenschaften<br \/>\n&#8211; Farbe: Silver<br \/>\n&#8211; Material: Kunststoff<br \/>\n&#8211; Voltzahl: 220-240 V<br \/>\n&#8211; Netzfrequenz: 50\/60 Hz<br \/>\n&#8211; Fassungsverm\u00f6gen des Tritan-Gef\u00e4\u00dfes: 550 ml<br \/>\n&#8211; Verriegelungssystem: Ja<br \/>\n&#8211; Motorart: AC Motor<br \/>\n&#8211; Kabelaufbewahrung: Ja<br \/>\n&#8211; Programme: 2<br \/>\n&#8211; Klingenart: Kreuzklinge<br \/>\n&#8211; Leistung: 600 W<\/p>\n<p>Abmessungen<br \/>\n&#8211; Gewicht netto: 2,30 kg<br \/>\n&#8211; Fassungsverm\u00f6gen: 0,50 l<br \/>\n&#8211; Produktl\u00e4nge: 13,70 cm<br \/>\n&#8211; Produktbreite: 13,70 cm<br \/>\n&#8211; Produkth\u00f6he: 35,70 cm<\/p>\n<p><u style=\"font-size: 13px; line-height: 20.8px;\"><strong>Not for sale outside from Europe<\/strong><\/u><\/p>\n","protected":false},"excerpt":{"rendered":"<p>Der kleine Standmixer aus der ENFINIGY Serie ist mehr als nur ein Smoothie-Maker. Mit der Original ZWILLING Kreuzklinge \u2013 neu<\/p>\n","protected":false},"featured_media":130745,"template":"","meta":{"_acf_changed":false,"inline_featured_image":false},"product_cat":[6703,6886],"product_tag":[25038,23911,11415,11413,13723,11925,25022,21822,11421],"acf":[],"yoast_head":"<!-- This site is optimized with the Yoast SEO Premium plugin v18.6 (Yoast SEO v19.13) - https:\/\/yoast.com\/wordpress\/plugins\/seo\/ -->\n<title>ZWILLING Enfinigy Standmixer Schwarz<\/title>\n<meta name=\"description\" content=\"Entdecken Sie ZWILLING Enfinigy Standmixer Schwarz bei ErresseShop. Qualit\u00e4t, Stil und Funktionalit\u00e4t \u2013 jetzt online bestellen!\" \/>\n<meta name=\"robots\" content=\"index, follow, max-snippet:-1, max-image-preview:large, max-video-preview:-1\" \/>\n<link rel=\"canonical\" href=\"https:\/\/www.erresse-shop.it\/de\/shop\/kleine-elektrogeraete\/mixer\/zwilling-enfinigy-standmixer-schwarz\/\" \/>\n<meta property=\"og:locale\" content=\"de_DE\" \/>\n<meta property=\"og:type\" content=\"article\" \/>\n<meta property=\"og:title\" content=\"ZWILLING Enfinigy Standmixer Schwarz\" \/>\n<meta property=\"og:description\" content=\"Entdecken Sie ZWILLING Enfinigy Standmixer Schwarz bei ErresseShop. Qualit\u00e4t, Stil und Funktionalit\u00e4t \u2013 jetzt online bestellen!\" \/>\n<meta property=\"og:url\" content=\"https:\/\/www.erresse-shop.it\/de\/shop\/kleine-elektrogeraete\/mixer\/zwilling-enfinigy-standmixer-schwarz\/\" \/>\n<meta property=\"og:site_name\" content=\"Erresse Shop\" \/>\n<meta property=\"article:modified_time\" content=\"2025-01-22T07:20:09+00:00\" \/>\n<meta property=\"og:image\" content=\"https:\/\/www.erresse-shop.it\/wp-content\/uploads\/2021\/11\/ZWILLING-Enfinigy-Frullatore-Personale-Nero.jpg\" \/>\n\t<meta property=\"og:image:width\" content=\"1350\" \/>\n\t<meta property=\"og:image:height\" content=\"1350\" \/>\n\t<meta property=\"og:image:type\" content=\"image\/jpeg\" \/>\n<meta name=\"twitter:card\" content=\"summary_large_image\" \/>\n<script type=\"application\/ld+json\" class=\"yoast-schema-graph\">{\"@context\":\"https:\/\/schema.org\",\"@graph\":[{\"@type\":\"WebPage\",\"@id\":\"https:\/\/www.erresse-shop.it\/de\/shop\/kleine-elektrogeraete\/mixer\/zwilling-enfinigy-standmixer-schwarz\/\",\"url\":\"https:\/\/www.erresse-shop.it\/de\/shop\/kleine-elektrogeraete\/mixer\/zwilling-enfinigy-standmixer-schwarz\/\",\"name\":\"ZWILLING Enfinigy Standmixer Schwarz\",\"isPartOf\":{\"@id\":\"https:\/\/www.erresse-shop.it\/de\/#website\"},\"datePublished\":\"2021-11-22T15:46:08+00:00\",\"dateModified\":\"2025-01-22T07:20:09+00:00\",\"description\":\"Entdecken Sie ZWILLING Enfinigy Standmixer Schwarz bei ErresseShop. Qualit\u00e4t, Stil und Funktionalit\u00e4t \u2013 jetzt online bestellen!\",\"breadcrumb\":{\"@id\":\"https:\/\/www.erresse-shop.it\/de\/shop\/kleine-elektrogeraete\/mixer\/zwilling-enfinigy-standmixer-schwarz\/#breadcrumb\"},\"inLanguage\":\"de-DE\",\"potentialAction\":[{\"@type\":\"ReadAction\",\"target\":[\"https:\/\/www.erresse-shop.it\/de\/shop\/kleine-elektrogeraete\/mixer\/zwilling-enfinigy-standmixer-schwarz\/\"]}]},{\"@type\":\"BreadcrumbList\",\"@id\":\"https:\/\/www.erresse-shop.it\/de\/shop\/kleine-elektrogeraete\/mixer\/zwilling-enfinigy-standmixer-schwarz\/#breadcrumb\",\"itemListElement\":[{\"@type\":\"ListItem\",\"position\":1,\"name\":\"Home\",\"item\":\"https:\/\/www.erresse-shop.it\/de\/\"},{\"@type\":\"ListItem\",\"position\":2,\"name\":\"Shop\",\"item\":\"https:\/\/www.erresse-shop.it\/de\/shop\/\"},{\"@type\":\"ListItem\",\"position\":3,\"name\":\"ZWILLING Enfinigy Standmixer Schwarz\"}]},{\"@type\":\"WebSite\",\"@id\":\"https:\/\/www.erresse-shop.it\/de\/#website\",\"url\":\"https:\/\/www.erresse-shop.it\/de\/\",\"name\":\"Erresse Shop\",\"description\":\"Articoli di qualit\u00e0 per la casa\",\"potentialAction\":[{\"@type\":\"SearchAction\",\"target\":{\"@type\":\"EntryPoint\",\"urlTemplate\":\"https:\/\/www.erresse-shop.it\/de\/?s={search_term_string}\"},\"query-input\":\"required name=search_term_string\"}],\"inLanguage\":\"de-DE\"}]}<\/script>\n<!-- \/ Yoast SEO Premium plugin. -->","yoast_head_json":{"title":"ZWILLING Enfinigy Standmixer Schwarz","description":"Entdecken Sie ZWILLING Enfinigy Standmixer Schwarz bei ErresseShop. Qualit\u00e4t, Stil und Funktionalit\u00e4t \u2013 jetzt online bestellen!","robots":{"index":"index","follow":"follow","max-snippet":"max-snippet:-1","max-image-preview":"max-image-preview:large","max-video-preview":"max-video-preview:-1"},"canonical":"https:\/\/www.erresse-shop.it\/de\/shop\/kleine-elektrogeraete\/mixer\/zwilling-enfinigy-standmixer-schwarz\/","og_locale":"de_DE","og_type":"article","og_title":"ZWILLING Enfinigy Standmixer Schwarz","og_description":"Entdecken Sie ZWILLING Enfinigy Standmixer Schwarz bei ErresseShop. Qualit\u00e4t, Stil und Funktionalit\u00e4t \u2013 jetzt online bestellen!","og_url":"https:\/\/www.erresse-shop.it\/de\/shop\/kleine-elektrogeraete\/mixer\/zwilling-enfinigy-standmixer-schwarz\/","og_site_name":"Erresse Shop","article_modified_time":"2025-01-22T07:20:09+00:00","og_image":[{"width":1350,"height":1350,"url":"https:\/\/www.erresse-shop.it\/wp-content\/uploads\/2021\/11\/ZWILLING-Enfinigy-Frullatore-Personale-Nero.jpg","type":"image\/jpeg"}],"twitter_card":"summary_large_image","schema":{"@context":"https:\/\/schema.org","@graph":[{"@type":"WebPage","@id":"https:\/\/www.erresse-shop.it\/de\/shop\/kleine-elektrogeraete\/mixer\/zwilling-enfinigy-standmixer-schwarz\/","url":"https:\/\/www.erresse-shop.it\/de\/shop\/kleine-elektrogeraete\/mixer\/zwilling-enfinigy-standmixer-schwarz\/","name":"ZWILLING Enfinigy Standmixer Schwarz","isPartOf":{"@id":"https:\/\/www.erresse-shop.it\/de\/#website"},"datePublished":"2021-11-22T15:46:08+00:00","dateModified":"2025-01-22T07:20:09+00:00","description":"Entdecken Sie ZWILLING Enfinigy Standmixer Schwarz bei ErresseShop. Qualit\u00e4t, Stil und Funktionalit\u00e4t \u2013 jetzt online bestellen!","breadcrumb":{"@id":"https:\/\/www.erresse-shop.it\/de\/shop\/kleine-elektrogeraete\/mixer\/zwilling-enfinigy-standmixer-schwarz\/#breadcrumb"},"inLanguage":"de-DE","potentialAction":[{"@type":"ReadAction","target":["https:\/\/www.erresse-shop.it\/de\/shop\/kleine-elektrogeraete\/mixer\/zwilling-enfinigy-standmixer-schwarz\/"]}]},{"@type":"BreadcrumbList","@id":"https:\/\/www.erresse-shop.it\/de\/shop\/kleine-elektrogeraete\/mixer\/zwilling-enfinigy-standmixer-schwarz\/#breadcrumb","itemListElement":[{"@type":"ListItem","position":1,"name":"Home","item":"https:\/\/www.erresse-shop.it\/de\/"},{"@type":"ListItem","position":2,"name":"Shop","item":"https:\/\/www.erresse-shop.it\/de\/shop\/"},{"@type":"ListItem","position":3,"name":"ZWILLING Enfinigy Standmixer Schwarz"}]},{"@type":"WebSite","@id":"https:\/\/www.erresse-shop.it\/de\/#website","url":"https:\/\/www.erresse-shop.it\/de\/","name":"Erresse Shop","description":"Articoli di qualit\u00e0 per la casa","potentialAction":[{"@type":"SearchAction","target":{"@type":"EntryPoint","urlTemplate":"https:\/\/www.erresse-shop.it\/de\/?s={search_term_string}"},"query-input":"required name=search_term_string"}],"inLanguage":"de-DE"}]}},"df_price":99.95,"df_sale_price":99.95,"df_regular_price":119,"df_image_link":"https:\/\/www.erresse-shop.it\/wp-content\/uploads\/2021\/11\/ZWILLING-Enfinigy-Frullatore-Personale-Nero-300x300.jpg","_links":{"self":[{"href":"https:\/\/www.erresse-shop.it\/de\/wp-json\/wp\/v2\/product\/130712"}],"collection":[{"href":"https:\/\/www.erresse-shop.it\/de\/wp-json\/wp\/v2\/product"}],"about":[{"href":"https:\/\/www.erresse-shop.it\/de\/wp-json\/wp\/v2\/types\/product"}],"wp:featuredmedia":[{"embeddable":true,"href":"https:\/\/www.erresse-shop.it\/de\/wp-json\/wp\/v2\/media\/130745"}],"wp:attachment":[{"href":"https:\/\/www.erresse-shop.it\/de\/wp-json\/wp\/v2\/media?parent=130712"}],"wp:term":[{"taxonomy":"product_cat","embeddable":true,"href":"https:\/\/www.erresse-shop.it\/de\/wp-json\/wp\/v2\/product_cat?post=130712"},{"taxonomy":"product_tag","embeddable":true,"href":"https:\/\/www.erresse-shop.it\/de\/wp-json\/wp\/v2\/product_tag?post=130712"}],"curies":[{"name":"wp","href":"https:\/\/api.w.org\/{rel}","templated":true}]}}