{"id":130650,"date":"2021-11-22T15:06:15","date_gmt":"2021-11-22T15:06:17","guid":{"rendered":"https:\/\/www.erresse-shop.it\/?post_type=product&#038;p=130650"},"modified":"2025-01-22T07:20:08","modified_gmt":"2025-01-22T07:20:08","slug":"zwilling-enfinigy-digitale-kuchenwaage-schwarz","status":"publish","type":"product","link":"https:\/\/www.erresse-shop.it\/de\/shop\/kleine-elektrogeraete\/skalen\/zwilling-enfinigy-digitale-kuchenwaage-schwarz\/","title":{"rendered":"ZWILLING Enfinigy Digitale Kuchenwaage Schwarz"},"content":{"rendered":"<p>ZWILLING und Waagen &#8211; eine perfekte Kombination. Die neue digitale K\u00fcchenwaage verbindet authentisches, modernes Design mit absoluter Pr\u00e4zision. Der wiederaufladbare Lithium-Ionen-Akku ist in das Geh\u00e4use der Waage integriert, so dass der Kauf neuer Batterien nur noch eine ferne Erinnerung ist. Die elektronische Waage kann \u00fcber ein USB-Kabel aufgeladen werden. Es wird \u00fcber den Ber\u00fchrungssensor auf dem Display ein- und ausgeschaltet und schaltet sich automatisch ab, wenn es nicht benutzt wird. Die hochwertige Glaswiegefl\u00e4che ist besonders leicht zu reinigen und erlaubt es, auch Fleisch und Obst direkt darauf zu wiegen. Au\u00dferdem sorgt die gro\u00dfe Wiegefl\u00e4che daf\u00fcr, dass das LCD-Display auch beim Wiegen gro\u00dfer Mengen von Lebensmitteln immer sichtbar bleibt. Sie k\u00f6nnen ganz einfach zwischen Gramm und Unzen umschalten, was besonders bei der Zubereitung internationaler Rezepte n\u00fctzlich ist. Die ZWILLING-Waage kann bis zu 10 kg genau messen. Dank der Tara-Funktion k\u00f6nnen Sie auch schwere Beh\u00e4lter und gro\u00dfe Mengen verschiedener Zutaten verwenden. Gro\u00dfe Pr\u00e4zision f\u00fcr gro\u00dfe Anl\u00e4sse.<\/p>\n<p>Hervorragend geeignet f\u00fcr gro\u00dfe Mengen, mit einem Gewicht von bis zu 22lb\/10kg und einer Genauigkeit von .1oz.\/1g<br \/>\nEntwickelt von ZWILLING in Deutschland, entworfen in Mailand von Matteo Thun &amp; Antonio Rodriguez<br \/>\nDie gro\u00dfe Wiegefl\u00e4che erm\u00f6glicht den Blick auf das LCD-Display auch beim Wiegen gro\u00dfer Mengen und Beh\u00e4lter<br \/>\nMit der praktischen Tara-Funktion k\u00f6nnen Sie das Gewicht des Beh\u00e4lters berechnen<br \/>\nDisplay im ausgeschalteten Zustand nicht sichtbar<br \/>\nZwei Arten des Wiegens: Gramm (g) und Unzen (oz)<br \/>\nEingebauter wiederaufladbarer Lithium-Ionen-Akku mit Ladekabel<\/p>\n<p><u style=\"font-size: 13px; line-height: 20.8px;\"><strong>Not for sale outside from Europe<\/strong><\/u><\/p>\n","protected":false},"excerpt":{"rendered":"<p>ZWILLING und Waagen &#8211; eine perfekte Kombination. Die neue digitale K\u00fcchenwaage verbindet authentisches, modernes Design mit absoluter Pr\u00e4zision. Der wiederaufladbare<\/p>\n","protected":false},"featured_media":130671,"template":"","meta":{"_acf_changed":false,"inline_featured_image":false},"product_cat":[6703,25978],"product_tag":[11415,11413,13723,13727,21822,11421],"acf":[],"yoast_head":"<!-- This site is optimized with the Yoast SEO Premium plugin v18.6 (Yoast SEO v19.13) - https:\/\/yoast.com\/wordpress\/plugins\/seo\/ -->\n<title>ZWILLING Enfinigy Digitale Kuchenwaage Schwarz<\/title>\n<meta name=\"description\" content=\"Entdecken Sie ZWILLING Enfinigy Digitale Kuchenwaage Schwarz bei ErresseShop. Qualit\u00e4t, Stil und Funktionalit\u00e4t \u2013 jetzt online bestellen!\" \/>\n<meta name=\"robots\" content=\"index, follow, max-snippet:-1, max-image-preview:large, max-video-preview:-1\" \/>\n<link rel=\"canonical\" href=\"https:\/\/www.erresse-shop.it\/de\/shop\/kleine-elektrogeraete\/skalen\/zwilling-enfinigy-digitale-kuchenwaage-schwarz\/\" \/>\n<meta property=\"og:locale\" content=\"de_DE\" \/>\n<meta property=\"og:type\" content=\"article\" \/>\n<meta property=\"og:title\" content=\"ZWILLING Enfinigy Digitale Kuchenwaage Schwarz\" \/>\n<meta property=\"og:description\" content=\"Entdecken Sie ZWILLING Enfinigy Digitale Kuchenwaage Schwarz bei ErresseShop. Qualit\u00e4t, Stil und Funktionalit\u00e4t \u2013 jetzt online bestellen!\" \/>\n<meta property=\"og:url\" content=\"https:\/\/www.erresse-shop.it\/de\/shop\/kleine-elektrogeraete\/skalen\/zwilling-enfinigy-digitale-kuchenwaage-schwarz\/\" \/>\n<meta property=\"og:site_name\" content=\"Erresse Shop\" \/>\n<meta property=\"article:modified_time\" content=\"2025-01-22T07:20:08+00:00\" \/>\n<meta property=\"og:image\" content=\"https:\/\/www.erresse-shop.it\/wp-content\/uploads\/2021\/11\/ZWILLING-Enfinigy-Bilancia-Nera.jpg\" \/>\n\t<meta property=\"og:image:width\" content=\"1350\" \/>\n\t<meta property=\"og:image:height\" content=\"1350\" \/>\n\t<meta property=\"og:image:type\" content=\"image\/jpeg\" \/>\n<meta name=\"twitter:card\" content=\"summary_large_image\" \/>\n<script type=\"application\/ld+json\" class=\"yoast-schema-graph\">{\"@context\":\"https:\/\/schema.org\",\"@graph\":[{\"@type\":\"WebPage\",\"@id\":\"https:\/\/www.erresse-shop.it\/de\/shop\/kleine-elektrogeraete\/skalen\/zwilling-enfinigy-digitale-kuchenwaage-schwarz\/\",\"url\":\"https:\/\/www.erresse-shop.it\/de\/shop\/kleine-elektrogeraete\/skalen\/zwilling-enfinigy-digitale-kuchenwaage-schwarz\/\",\"name\":\"ZWILLING Enfinigy Digitale Kuchenwaage Schwarz\",\"isPartOf\":{\"@id\":\"https:\/\/www.erresse-shop.it\/de\/#website\"},\"datePublished\":\"2021-11-22T15:06:17+00:00\",\"dateModified\":\"2025-01-22T07:20:08+00:00\",\"description\":\"Entdecken Sie ZWILLING Enfinigy Digitale Kuchenwaage Schwarz bei ErresseShop. Qualit\u00e4t, Stil und Funktionalit\u00e4t \u2013 jetzt online bestellen!\",\"breadcrumb\":{\"@id\":\"https:\/\/www.erresse-shop.it\/de\/shop\/kleine-elektrogeraete\/skalen\/zwilling-enfinigy-digitale-kuchenwaage-schwarz\/#breadcrumb\"},\"inLanguage\":\"de-DE\",\"potentialAction\":[{\"@type\":\"ReadAction\",\"target\":[\"https:\/\/www.erresse-shop.it\/de\/shop\/kleine-elektrogeraete\/skalen\/zwilling-enfinigy-digitale-kuchenwaage-schwarz\/\"]}]},{\"@type\":\"BreadcrumbList\",\"@id\":\"https:\/\/www.erresse-shop.it\/de\/shop\/kleine-elektrogeraete\/skalen\/zwilling-enfinigy-digitale-kuchenwaage-schwarz\/#breadcrumb\",\"itemListElement\":[{\"@type\":\"ListItem\",\"position\":1,\"name\":\"Home\",\"item\":\"https:\/\/www.erresse-shop.it\/de\/\"},{\"@type\":\"ListItem\",\"position\":2,\"name\":\"Shop\",\"item\":\"https:\/\/www.erresse-shop.it\/de\/shop\/\"},{\"@type\":\"ListItem\",\"position\":3,\"name\":\"ZWILLING Enfinigy Digitale Kuchenwaage Schwarz\"}]},{\"@type\":\"WebSite\",\"@id\":\"https:\/\/www.erresse-shop.it\/de\/#website\",\"url\":\"https:\/\/www.erresse-shop.it\/de\/\",\"name\":\"Erresse Shop\",\"description\":\"Articoli di qualit\u00e0 per la casa\",\"potentialAction\":[{\"@type\":\"SearchAction\",\"target\":{\"@type\":\"EntryPoint\",\"urlTemplate\":\"https:\/\/www.erresse-shop.it\/de\/?s={search_term_string}\"},\"query-input\":\"required name=search_term_string\"}],\"inLanguage\":\"de-DE\"}]}<\/script>\n<!-- \/ Yoast SEO Premium plugin. -->","yoast_head_json":{"title":"ZWILLING Enfinigy Digitale Kuchenwaage Schwarz","description":"Entdecken Sie ZWILLING Enfinigy Digitale Kuchenwaage Schwarz bei ErresseShop. Qualit\u00e4t, Stil und Funktionalit\u00e4t \u2013 jetzt online bestellen!","robots":{"index":"index","follow":"follow","max-snippet":"max-snippet:-1","max-image-preview":"max-image-preview:large","max-video-preview":"max-video-preview:-1"},"canonical":"https:\/\/www.erresse-shop.it\/de\/shop\/kleine-elektrogeraete\/skalen\/zwilling-enfinigy-digitale-kuchenwaage-schwarz\/","og_locale":"de_DE","og_type":"article","og_title":"ZWILLING Enfinigy Digitale Kuchenwaage Schwarz","og_description":"Entdecken Sie ZWILLING Enfinigy Digitale Kuchenwaage Schwarz bei ErresseShop. Qualit\u00e4t, Stil und Funktionalit\u00e4t \u2013 jetzt online bestellen!","og_url":"https:\/\/www.erresse-shop.it\/de\/shop\/kleine-elektrogeraete\/skalen\/zwilling-enfinigy-digitale-kuchenwaage-schwarz\/","og_site_name":"Erresse Shop","article_modified_time":"2025-01-22T07:20:08+00:00","og_image":[{"width":1350,"height":1350,"url":"https:\/\/www.erresse-shop.it\/wp-content\/uploads\/2021\/11\/ZWILLING-Enfinigy-Bilancia-Nera.jpg","type":"image\/jpeg"}],"twitter_card":"summary_large_image","schema":{"@context":"https:\/\/schema.org","@graph":[{"@type":"WebPage","@id":"https:\/\/www.erresse-shop.it\/de\/shop\/kleine-elektrogeraete\/skalen\/zwilling-enfinigy-digitale-kuchenwaage-schwarz\/","url":"https:\/\/www.erresse-shop.it\/de\/shop\/kleine-elektrogeraete\/skalen\/zwilling-enfinigy-digitale-kuchenwaage-schwarz\/","name":"ZWILLING Enfinigy Digitale Kuchenwaage Schwarz","isPartOf":{"@id":"https:\/\/www.erresse-shop.it\/de\/#website"},"datePublished":"2021-11-22T15:06:17+00:00","dateModified":"2025-01-22T07:20:08+00:00","description":"Entdecken Sie ZWILLING Enfinigy Digitale Kuchenwaage Schwarz bei ErresseShop. Qualit\u00e4t, Stil und Funktionalit\u00e4t \u2013 jetzt online bestellen!","breadcrumb":{"@id":"https:\/\/www.erresse-shop.it\/de\/shop\/kleine-elektrogeraete\/skalen\/zwilling-enfinigy-digitale-kuchenwaage-schwarz\/#breadcrumb"},"inLanguage":"de-DE","potentialAction":[{"@type":"ReadAction","target":["https:\/\/www.erresse-shop.it\/de\/shop\/kleine-elektrogeraete\/skalen\/zwilling-enfinigy-digitale-kuchenwaage-schwarz\/"]}]},{"@type":"BreadcrumbList","@id":"https:\/\/www.erresse-shop.it\/de\/shop\/kleine-elektrogeraete\/skalen\/zwilling-enfinigy-digitale-kuchenwaage-schwarz\/#breadcrumb","itemListElement":[{"@type":"ListItem","position":1,"name":"Home","item":"https:\/\/www.erresse-shop.it\/de\/"},{"@type":"ListItem","position":2,"name":"Shop","item":"https:\/\/www.erresse-shop.it\/de\/shop\/"},{"@type":"ListItem","position":3,"name":"ZWILLING Enfinigy Digitale Kuchenwaage Schwarz"}]},{"@type":"WebSite","@id":"https:\/\/www.erresse-shop.it\/de\/#website","url":"https:\/\/www.erresse-shop.it\/de\/","name":"Erresse Shop","description":"Articoli di qualit\u00e0 per la casa","potentialAction":[{"@type":"SearchAction","target":{"@type":"EntryPoint","urlTemplate":"https:\/\/www.erresse-shop.it\/de\/?s={search_term_string}"},"query-input":"required name=search_term_string"}],"inLanguage":"de-DE"}]}},"df_price":19.975,"df_sale_price":19.975,"df_regular_price":39.95,"df_image_link":"https:\/\/www.erresse-shop.it\/wp-content\/uploads\/2021\/11\/ZWILLING-Enfinigy-Bilancia-Nera-300x300.jpg","_links":{"self":[{"href":"https:\/\/www.erresse-shop.it\/de\/wp-json\/wp\/v2\/product\/130650"}],"collection":[{"href":"https:\/\/www.erresse-shop.it\/de\/wp-json\/wp\/v2\/product"}],"about":[{"href":"https:\/\/www.erresse-shop.it\/de\/wp-json\/wp\/v2\/types\/product"}],"wp:featuredmedia":[{"embeddable":true,"href":"https:\/\/www.erresse-shop.it\/de\/wp-json\/wp\/v2\/media\/130671"}],"wp:attachment":[{"href":"https:\/\/www.erresse-shop.it\/de\/wp-json\/wp\/v2\/media?parent=130650"}],"wp:term":[{"taxonomy":"product_cat","embeddable":true,"href":"https:\/\/www.erresse-shop.it\/de\/wp-json\/wp\/v2\/product_cat?post=130650"},{"taxonomy":"product_tag","embeddable":true,"href":"https:\/\/www.erresse-shop.it\/de\/wp-json\/wp\/v2\/product_tag?post=130650"}],"curies":[{"name":"wp","href":"https:\/\/api.w.org\/{rel}","templated":true}]}}