{"id":13058,"date":"2013-12-05T17:55:57","date_gmt":"2013-12-05T17:55:57","guid":{"rendered":"https:\/\/www.erresse-shop.it\/?post_type=product&#038;p=13058"},"modified":"2025-01-17T15:46:33","modified_gmt":"2025-01-17T15:46:33","slug":"staub-cocotte-rund-26-cm-basilikum-grun","status":"publish","type":"product","link":"https:\/\/www.erresse-shop.it\/de\/shop\/toepfe-pfannen\/schalldaempfer-und-kokotten\/staub-cocotte-rund-26-cm-basilikum-grun\/","title":{"rendered":"STAUB Cocotte Rund 26 cm Basilikum-Grun"},"content":{"rendered":"<p>F\u00fcr gute Laune in Ihrer K\u00fcche sorgt der Schmortopf in Basilikumgr\u00fcn aus der Serie La Cocotte von Staub. Diese ist f\u00fcr ihre hochwertigen Schmort\u00f6pfe aus Gusseisen bekannt. Sie k\u00f6nnen die runde Cocotte auf allen g\u00e4ngigen Herdarten verwenden, inklusive Induktion. Der Gusseisentopf eignet sich auch f\u00fcr den Ofen. Mit seinem Durchmesser von 26 cm und einem Volumen von 5,2 l ist er gro\u00df genug, um zahlreiche G\u00e4ste oder die ganze Familie zu bekochen. Das Design ist bewusst schlicht gehalten, da die Funktionalit\u00e4t klar im Vordergrund steht. So besitzt der Deckel auf der Innenseite eine spezielle Tropfenstruktur, die daf\u00fcr sorgt, dass das Kondenswasser beim Kochvorgang gleichm\u00e4\u00dfig auf das Gargut tropfen kann. Auf diese Weise gelingt Ihr Fleisch zart und Gem\u00fcse wird saftig geschmort. Die einfache Handhabung der Cocotte garantieren zudem zwei Gusseisengriffe an den Seiten sowie ein Deckelknauf. Ein weiterer Vorteil der Cocotte ist ihre Beschichtung. Diese besteht aus Emaille, was eine ideale Weiterleitung der W\u00e4rme erm\u00f6glicht. Dies macht schonendes und gesundes Garen besonders einfach. Auch die Reinigung der Cocotte bereitet keine Schwierigkeiten. Das verwendete Gusseisen sorgt auch f\u00fcr einen besonders guten Schmoreffekt. Entscheiden Sie sich daher f\u00fcr die Cocotte von Staub, wenn Ihr Ratatouille oder Ihr Coq au Vin von den besonderen Materialeigenschaften des Schmortopfes profitieren soll.<\/p>\n<p>&#8211; Ideal zum Anbraten und langsamen Garen von Fleisch, Fisch oder Gem\u00fcse<br \/>\n&#8211; Saftiges und zartes Kochergebnis durch die spezielle Tropfenstruktur im Deckel<br \/>\n&#8211; Die schwarzmatte Innenemaillierung eignet sich zum besonders krossen Anbraten und ist besonders strapazierf\u00e4hig<br \/>\n&#8211; F\u00fcr alle Herdarten inkl. Induktion geeignet, auch im Backofen\/Grill einsetzbar<br \/>\n&#8211; Intensiver Farbton durch die besondere Majolika Emaillierung<\/p>\n<p>Eigenschaften<br \/>\n&#8211; Color: Basil-Green<br \/>\n&#8211; Material: Gusseisen<br \/>\n&#8211; Deckel vorhanden: Ja<br \/>\n&#8211; Induktion: Ja<br \/>\n&#8211; Backofen geeignet: Ja<br \/>\n&#8211; Gefrierschrank geeignet: Ja<br \/>\n&#8211; Herdplatten geeignet: Ja<br \/>\n&#8211; sp\u00fclmaschinengeeignet: Ja<\/p>\n<p>Abmessungen<br \/>\n&#8211; Gewicht netto: 5,70 kg<br \/>\n&#8211; Fassungsverm\u00f6gen: 5,25 l<br \/>\n&#8211; Produktl\u00e4nge: 32,70 cm<br \/>\n&#8211; Produktbreite: 26,00 cm<br \/>\n&#8211; Produkth\u00f6he: 16,70 cm<br \/>\n&#8211; Produkth\u00f6he ohne Deckel: 11,80 cm<br \/>\n&#8211; Bodenst\u00e4rke: 0,40 cm<br \/>\n&#8211; Oberer Durchmesser: 26,00 cm<br \/>\n&#8211; Bodendurchmesser: 21,70 cm<\/p>\n","protected":false},"excerpt":{"rendered":"<p>F\u00fcr gute Laune in Ihrer K\u00fcche sorgt der Schmortopf in Basilikumgr\u00fcn aus der Serie La Cocotte von Staub. Diese ist<\/p>\n","protected":false},"featured_media":13059,"template":"","meta":{"_acf_changed":false,"inline_featured_image":false},"product_cat":[6709,14793],"product_tag":[25088,11387,11381,11385,12315,25022,12205],"acf":[],"yoast_head":"<!-- This site is optimized with the Yoast SEO Premium plugin v18.6 (Yoast SEO v19.13) - https:\/\/yoast.com\/wordpress\/plugins\/seo\/ -->\n<title>STAUB Cocotte Rund 26 cm Basilikum-Grun<\/title>\n<meta name=\"description\" content=\"Entdecken Sie STAUB Cocotte Rund 26 cm Basilikum-Grun bei ErresseShop. Qualit\u00e4t, Stil und Funktionalit\u00e4t \u2013 jetzt online bestellen!\" \/>\n<meta name=\"robots\" content=\"index, follow, max-snippet:-1, max-image-preview:large, max-video-preview:-1\" \/>\n<link rel=\"canonical\" href=\"https:\/\/www.erresse-shop.it\/de\/shop\/toepfe-pfannen\/schalldaempfer-und-kokotten\/staub-cocotte-rund-26-cm-basilikum-grun\/\" \/>\n<meta property=\"og:locale\" content=\"de_DE\" \/>\n<meta property=\"og:type\" content=\"article\" \/>\n<meta property=\"og:title\" content=\"STAUB Cocotte Rund 26 cm Basilikum-Grun\" \/>\n<meta property=\"og:description\" content=\"Entdecken Sie STAUB Cocotte Rund 26 cm Basilikum-Grun bei ErresseShop. Qualit\u00e4t, Stil und Funktionalit\u00e4t \u2013 jetzt online bestellen!\" \/>\n<meta property=\"og:url\" content=\"https:\/\/www.erresse-shop.it\/de\/shop\/toepfe-pfannen\/schalldaempfer-und-kokotten\/staub-cocotte-rund-26-cm-basilikum-grun\/\" \/>\n<meta property=\"og:site_name\" content=\"Erresse Shop\" \/>\n<meta property=\"article:modified_time\" content=\"2025-01-17T15:46:33+00:00\" \/>\n<meta property=\"og:image\" content=\"https:\/\/www.erresse-shop.it\/wp-content\/uploads\/2015\/01\/products-cocvergrande-2.jpg\" \/>\n\t<meta property=\"og:image:width\" content=\"534\" \/>\n\t<meta property=\"og:image:height\" content=\"395\" \/>\n\t<meta property=\"og:image:type\" content=\"image\/jpeg\" \/>\n<meta name=\"twitter:card\" content=\"summary_large_image\" \/>\n<script type=\"application\/ld+json\" class=\"yoast-schema-graph\">{\"@context\":\"https:\/\/schema.org\",\"@graph\":[{\"@type\":\"WebPage\",\"@id\":\"https:\/\/www.erresse-shop.it\/de\/shop\/toepfe-pfannen\/schalldaempfer-und-kokotten\/staub-cocotte-rund-26-cm-basilikum-grun\/\",\"url\":\"https:\/\/www.erresse-shop.it\/de\/shop\/toepfe-pfannen\/schalldaempfer-und-kokotten\/staub-cocotte-rund-26-cm-basilikum-grun\/\",\"name\":\"STAUB Cocotte Rund 26 cm Basilikum-Grun\",\"isPartOf\":{\"@id\":\"https:\/\/www.erresse-shop.it\/de\/#website\"},\"datePublished\":\"2013-12-05T17:55:57+00:00\",\"dateModified\":\"2025-01-17T15:46:33+00:00\",\"description\":\"Entdecken Sie STAUB Cocotte Rund 26 cm Basilikum-Grun bei ErresseShop. Qualit\u00e4t, Stil und Funktionalit\u00e4t \u2013 jetzt online bestellen!\",\"breadcrumb\":{\"@id\":\"https:\/\/www.erresse-shop.it\/de\/shop\/toepfe-pfannen\/schalldaempfer-und-kokotten\/staub-cocotte-rund-26-cm-basilikum-grun\/#breadcrumb\"},\"inLanguage\":\"de-DE\",\"potentialAction\":[{\"@type\":\"ReadAction\",\"target\":[\"https:\/\/www.erresse-shop.it\/de\/shop\/toepfe-pfannen\/schalldaempfer-und-kokotten\/staub-cocotte-rund-26-cm-basilikum-grun\/\"]}]},{\"@type\":\"BreadcrumbList\",\"@id\":\"https:\/\/www.erresse-shop.it\/de\/shop\/toepfe-pfannen\/schalldaempfer-und-kokotten\/staub-cocotte-rund-26-cm-basilikum-grun\/#breadcrumb\",\"itemListElement\":[{\"@type\":\"ListItem\",\"position\":1,\"name\":\"Home\",\"item\":\"https:\/\/www.erresse-shop.it\/de\/\"},{\"@type\":\"ListItem\",\"position\":2,\"name\":\"Shop\",\"item\":\"https:\/\/www.erresse-shop.it\/de\/shop\/\"},{\"@type\":\"ListItem\",\"position\":3,\"name\":\"STAUB Cocotte Rund 26 cm Basilikum-Grun\"}]},{\"@type\":\"WebSite\",\"@id\":\"https:\/\/www.erresse-shop.it\/de\/#website\",\"url\":\"https:\/\/www.erresse-shop.it\/de\/\",\"name\":\"Erresse Shop\",\"description\":\"Articoli di qualit\u00e0 per la casa\",\"potentialAction\":[{\"@type\":\"SearchAction\",\"target\":{\"@type\":\"EntryPoint\",\"urlTemplate\":\"https:\/\/www.erresse-shop.it\/de\/?s={search_term_string}\"},\"query-input\":\"required name=search_term_string\"}],\"inLanguage\":\"de-DE\"}]}<\/script>\n<!-- \/ Yoast SEO Premium plugin. -->","yoast_head_json":{"title":"STAUB Cocotte Rund 26 cm Basilikum-Grun","description":"Entdecken Sie STAUB Cocotte Rund 26 cm Basilikum-Grun bei ErresseShop. Qualit\u00e4t, Stil und Funktionalit\u00e4t \u2013 jetzt online bestellen!","robots":{"index":"index","follow":"follow","max-snippet":"max-snippet:-1","max-image-preview":"max-image-preview:large","max-video-preview":"max-video-preview:-1"},"canonical":"https:\/\/www.erresse-shop.it\/de\/shop\/toepfe-pfannen\/schalldaempfer-und-kokotten\/staub-cocotte-rund-26-cm-basilikum-grun\/","og_locale":"de_DE","og_type":"article","og_title":"STAUB Cocotte Rund 26 cm Basilikum-Grun","og_description":"Entdecken Sie STAUB Cocotte Rund 26 cm Basilikum-Grun bei ErresseShop. Qualit\u00e4t, Stil und Funktionalit\u00e4t \u2013 jetzt online bestellen!","og_url":"https:\/\/www.erresse-shop.it\/de\/shop\/toepfe-pfannen\/schalldaempfer-und-kokotten\/staub-cocotte-rund-26-cm-basilikum-grun\/","og_site_name":"Erresse Shop","article_modified_time":"2025-01-17T15:46:33+00:00","og_image":[{"width":"534","height":"395","url":"https:\/\/www.erresse-shop.it\/wp-content\/uploads\/2015\/01\/products-cocvergrande-2.jpg","type":"image\/jpeg"}],"twitter_card":"summary_large_image","schema":{"@context":"https:\/\/schema.org","@graph":[{"@type":"WebPage","@id":"https:\/\/www.erresse-shop.it\/de\/shop\/toepfe-pfannen\/schalldaempfer-und-kokotten\/staub-cocotte-rund-26-cm-basilikum-grun\/","url":"https:\/\/www.erresse-shop.it\/de\/shop\/toepfe-pfannen\/schalldaempfer-und-kokotten\/staub-cocotte-rund-26-cm-basilikum-grun\/","name":"STAUB Cocotte Rund 26 cm Basilikum-Grun","isPartOf":{"@id":"https:\/\/www.erresse-shop.it\/de\/#website"},"datePublished":"2013-12-05T17:55:57+00:00","dateModified":"2025-01-17T15:46:33+00:00","description":"Entdecken Sie STAUB Cocotte Rund 26 cm Basilikum-Grun bei ErresseShop. Qualit\u00e4t, Stil und Funktionalit\u00e4t \u2013 jetzt online bestellen!","breadcrumb":{"@id":"https:\/\/www.erresse-shop.it\/de\/shop\/toepfe-pfannen\/schalldaempfer-und-kokotten\/staub-cocotte-rund-26-cm-basilikum-grun\/#breadcrumb"},"inLanguage":"de-DE","potentialAction":[{"@type":"ReadAction","target":["https:\/\/www.erresse-shop.it\/de\/shop\/toepfe-pfannen\/schalldaempfer-und-kokotten\/staub-cocotte-rund-26-cm-basilikum-grun\/"]}]},{"@type":"BreadcrumbList","@id":"https:\/\/www.erresse-shop.it\/de\/shop\/toepfe-pfannen\/schalldaempfer-und-kokotten\/staub-cocotte-rund-26-cm-basilikum-grun\/#breadcrumb","itemListElement":[{"@type":"ListItem","position":1,"name":"Home","item":"https:\/\/www.erresse-shop.it\/de\/"},{"@type":"ListItem","position":2,"name":"Shop","item":"https:\/\/www.erresse-shop.it\/de\/shop\/"},{"@type":"ListItem","position":3,"name":"STAUB Cocotte Rund 26 cm Basilikum-Grun"}]},{"@type":"WebSite","@id":"https:\/\/www.erresse-shop.it\/de\/#website","url":"https:\/\/www.erresse-shop.it\/de\/","name":"Erresse Shop","description":"Articoli di qualit\u00e0 per la casa","potentialAction":[{"@type":"SearchAction","target":{"@type":"EntryPoint","urlTemplate":"https:\/\/www.erresse-shop.it\/de\/?s={search_term_string}"},"query-input":"required name=search_term_string"}],"inLanguage":"de-DE"}]}},"df_price":169.5,"df_sale_price":169.5,"df_regular_price":339,"df_image_link":"https:\/\/www.erresse-shop.it\/wp-content\/uploads\/2015\/01\/products-cocvergrande-2.jpg","_links":{"self":[{"href":"https:\/\/www.erresse-shop.it\/de\/wp-json\/wp\/v2\/product\/13058"}],"collection":[{"href":"https:\/\/www.erresse-shop.it\/de\/wp-json\/wp\/v2\/product"}],"about":[{"href":"https:\/\/www.erresse-shop.it\/de\/wp-json\/wp\/v2\/types\/product"}],"wp:featuredmedia":[{"embeddable":true,"href":"https:\/\/www.erresse-shop.it\/de\/wp-json\/wp\/v2\/media\/13059"}],"wp:attachment":[{"href":"https:\/\/www.erresse-shop.it\/de\/wp-json\/wp\/v2\/media?parent=13058"}],"wp:term":[{"taxonomy":"product_cat","embeddable":true,"href":"https:\/\/www.erresse-shop.it\/de\/wp-json\/wp\/v2\/product_cat?post=13058"},{"taxonomy":"product_tag","embeddable":true,"href":"https:\/\/www.erresse-shop.it\/de\/wp-json\/wp\/v2\/product_tag?post=13058"}],"curies":[{"name":"wp","href":"https:\/\/api.w.org\/{rel}","templated":true}]}}