{"id":129383,"date":"2021-11-16T10:24:13","date_gmt":"2021-11-16T10:24:17","guid":{"rendered":"https:\/\/www.erresse-shop.it\/?post_type=product&#038;p=129383"},"modified":"2021-12-20T17:03:03","modified_gmt":"2021-12-20T17:03:03","slug":"maserin-champagner-sommelier-sabel-bobinga","status":"publish","type":"product","link":"https:\/\/www.erresse-shop.it\/de\/shop\/kuche\/messer\/maserin-champagner-sommelier-sabel-bobinga\/","title":{"rendered":"MASERIN Champagner Sommelier S\u00e4bel Bobinga"},"content":{"rendered":"<p>Lieferung mit Holzkiste, Garantie und Gebrauchsanweisung.<br \/>\n<strong>Hinweise:<\/strong> Der S\u00e4bel ist nicht scharf und dient zum \u00d6ffnen von Sekt- und Champagnerflaschen.<\/p>\n<p><strong>TECHNISCHES DATENBLATT BESCHREIBUNG<\/strong><\/p>\n<ul>\n<li>Klingenmaterial: Rostfreier Stahl 420 hochglanzpoliert HRC 54\/56<\/li>\n<li>Schutz: Edelstahl AISI 420<\/li>\n<li>Griff: Olive, Pao santos<\/li>\n<li>Gesamtl\u00e4nge: 47 cm<\/li>\n<li>Verpackung: Holzkiste<\/li>\n<li>Gewicht: 2000SC11\/12 : 500gr<\/li>\n<\/ul>\n<p>Wir sind nach NATO NCAGE AJ988 und UNI EN ISO 9001:2008 zertifiziert.<\/p>\n","protected":false},"excerpt":{"rendered":"<p>Lieferung mit Holzkiste, Garantie und Gebrauchsanweisung. Hinweise: Der S\u00e4bel ist nicht scharf und dient zum \u00d6ffnen von Sekt- und Champagnerflaschen.<\/p>\n","protected":false},"featured_media":129392,"template":"","meta":{"_acf_changed":false,"inline_featured_image":false},"product_cat":[6742,6706,17671],"product_tag":[23691,11913,11529,11718,17625,13070],"acf":[],"yoast_head":"<!-- This site is optimized with the Yoast SEO Premium plugin v18.6 (Yoast SEO v19.13) - https:\/\/yoast.com\/wordpress\/plugins\/seo\/ -->\n<title>MASERIN Champagner Sommelier S\u00e4bel Bobinga - Erresse Shop<\/title>\n<meta name=\"description\" content=\"Lieferung mit Holzkiste, Garantie und Gebrauchsanweisung. Hinweise: Der S\u00e4bel ist nicht scharf und dient zum \u00d6ffnen von Sekt- und Champagnerflaschen.\" \/>\n<meta name=\"robots\" content=\"index, follow, max-snippet:-1, max-image-preview:large, max-video-preview:-1\" \/>\n<link rel=\"canonical\" href=\"https:\/\/www.erresse-shop.it\/de\/shop\/kuche\/messer\/maserin-champagner-sommelier-sabel-bobinga\/\" \/>\n<meta property=\"og:locale\" content=\"de_DE\" \/>\n<meta property=\"og:type\" content=\"article\" \/>\n<meta property=\"og:title\" content=\"MASERIN Champagner Sommelier S\u00e4bel Bobinga\" \/>\n<meta property=\"og:description\" content=\"Lieferung mit Holzkiste, Garantie und Gebrauchsanweisung. Hinweise: Der S\u00e4bel ist nicht scharf und dient zum \u00d6ffnen von Sekt- und Champagnerflaschen.\" \/>\n<meta property=\"og:url\" content=\"https:\/\/www.erresse-shop.it\/de\/shop\/kuche\/messer\/maserin-champagner-sommelier-sabel-bobinga\/\" \/>\n<meta property=\"og:site_name\" content=\"Erresse Shop\" \/>\n<meta property=\"article:modified_time\" content=\"2021-12-20T17:03:03+00:00\" \/>\n<meta property=\"og:image\" content=\"https:\/\/www.erresse-shop.it\/wp-content\/uploads\/2021\/11\/MASERIN-Sciabola-Sommelier-Champagne-MC-Bobinga.jpg\" \/>\n\t<meta property=\"og:image:width\" content=\"1000\" \/>\n\t<meta property=\"og:image:height\" content=\"1000\" \/>\n\t<meta property=\"og:image:type\" content=\"image\/jpeg\" \/>\n<meta name=\"twitter:card\" content=\"summary_large_image\" \/>\n<script type=\"application\/ld+json\" class=\"yoast-schema-graph\">{\"@context\":\"https:\/\/schema.org\",\"@graph\":[{\"@type\":\"WebPage\",\"@id\":\"https:\/\/www.erresse-shop.it\/de\/shop\/kuche\/messer\/maserin-champagner-sommelier-sabel-bobinga\/\",\"url\":\"https:\/\/www.erresse-shop.it\/de\/shop\/kuche\/messer\/maserin-champagner-sommelier-sabel-bobinga\/\",\"name\":\"MASERIN Champagner Sommelier S\u00e4bel Bobinga - Erresse Shop\",\"isPartOf\":{\"@id\":\"https:\/\/www.erresse-shop.it\/de\/#website\"},\"datePublished\":\"2021-11-16T10:24:17+00:00\",\"dateModified\":\"2021-12-20T17:03:03+00:00\",\"description\":\"Lieferung mit Holzkiste, Garantie und Gebrauchsanweisung. Hinweise: Der S\u00e4bel ist nicht scharf und dient zum \u00d6ffnen von Sekt- und Champagnerflaschen.\",\"breadcrumb\":{\"@id\":\"https:\/\/www.erresse-shop.it\/de\/shop\/kuche\/messer\/maserin-champagner-sommelier-sabel-bobinga\/#breadcrumb\"},\"inLanguage\":\"de-DE\",\"potentialAction\":[{\"@type\":\"ReadAction\",\"target\":[\"https:\/\/www.erresse-shop.it\/de\/shop\/kuche\/messer\/maserin-champagner-sommelier-sabel-bobinga\/\"]}]},{\"@type\":\"BreadcrumbList\",\"@id\":\"https:\/\/www.erresse-shop.it\/de\/shop\/kuche\/messer\/maserin-champagner-sommelier-sabel-bobinga\/#breadcrumb\",\"itemListElement\":[{\"@type\":\"ListItem\",\"position\":1,\"name\":\"Home\",\"item\":\"https:\/\/www.erresse-shop.it\/de\/\"},{\"@type\":\"ListItem\",\"position\":2,\"name\":\"Shop\",\"item\":\"https:\/\/www.erresse-shop.it\/de\/shop\/\"},{\"@type\":\"ListItem\",\"position\":3,\"name\":\"MASERIN Champagner Sommelier S\u00e4bel Bobinga\"}]},{\"@type\":\"WebSite\",\"@id\":\"https:\/\/www.erresse-shop.it\/de\/#website\",\"url\":\"https:\/\/www.erresse-shop.it\/de\/\",\"name\":\"Erresse Shop\",\"description\":\"Articoli di qualit\u00e0 per la casa\",\"potentialAction\":[{\"@type\":\"SearchAction\",\"target\":{\"@type\":\"EntryPoint\",\"urlTemplate\":\"https:\/\/www.erresse-shop.it\/de\/?s={search_term_string}\"},\"query-input\":\"required name=search_term_string\"}],\"inLanguage\":\"de-DE\"}]}<\/script>\n<!-- \/ Yoast SEO Premium plugin. -->","yoast_head_json":{"title":"MASERIN Champagner Sommelier S\u00e4bel Bobinga - Erresse Shop","description":"Lieferung mit Holzkiste, Garantie und Gebrauchsanweisung. Hinweise: Der S\u00e4bel ist nicht scharf und dient zum \u00d6ffnen von Sekt- und Champagnerflaschen.","robots":{"index":"index","follow":"follow","max-snippet":"max-snippet:-1","max-image-preview":"max-image-preview:large","max-video-preview":"max-video-preview:-1"},"canonical":"https:\/\/www.erresse-shop.it\/de\/shop\/kuche\/messer\/maserin-champagner-sommelier-sabel-bobinga\/","og_locale":"de_DE","og_type":"article","og_title":"MASERIN Champagner Sommelier S\u00e4bel Bobinga","og_description":"Lieferung mit Holzkiste, Garantie und Gebrauchsanweisung. Hinweise: Der S\u00e4bel ist nicht scharf und dient zum \u00d6ffnen von Sekt- und Champagnerflaschen.","og_url":"https:\/\/www.erresse-shop.it\/de\/shop\/kuche\/messer\/maserin-champagner-sommelier-sabel-bobinga\/","og_site_name":"Erresse Shop","article_modified_time":"2021-12-20T17:03:03+00:00","og_image":[{"width":1000,"height":1000,"url":"https:\/\/www.erresse-shop.it\/wp-content\/uploads\/2021\/11\/MASERIN-Sciabola-Sommelier-Champagne-MC-Bobinga.jpg","type":"image\/jpeg"}],"twitter_card":"summary_large_image","schema":{"@context":"https:\/\/schema.org","@graph":[{"@type":"WebPage","@id":"https:\/\/www.erresse-shop.it\/de\/shop\/kuche\/messer\/maserin-champagner-sommelier-sabel-bobinga\/","url":"https:\/\/www.erresse-shop.it\/de\/shop\/kuche\/messer\/maserin-champagner-sommelier-sabel-bobinga\/","name":"MASERIN Champagner Sommelier S\u00e4bel Bobinga - Erresse Shop","isPartOf":{"@id":"https:\/\/www.erresse-shop.it\/de\/#website"},"datePublished":"2021-11-16T10:24:17+00:00","dateModified":"2021-12-20T17:03:03+00:00","description":"Lieferung mit Holzkiste, Garantie und Gebrauchsanweisung. Hinweise: Der S\u00e4bel ist nicht scharf und dient zum \u00d6ffnen von Sekt- und Champagnerflaschen.","breadcrumb":{"@id":"https:\/\/www.erresse-shop.it\/de\/shop\/kuche\/messer\/maserin-champagner-sommelier-sabel-bobinga\/#breadcrumb"},"inLanguage":"de-DE","potentialAction":[{"@type":"ReadAction","target":["https:\/\/www.erresse-shop.it\/de\/shop\/kuche\/messer\/maserin-champagner-sommelier-sabel-bobinga\/"]}]},{"@type":"BreadcrumbList","@id":"https:\/\/www.erresse-shop.it\/de\/shop\/kuche\/messer\/maserin-champagner-sommelier-sabel-bobinga\/#breadcrumb","itemListElement":[{"@type":"ListItem","position":1,"name":"Home","item":"https:\/\/www.erresse-shop.it\/de\/"},{"@type":"ListItem","position":2,"name":"Shop","item":"https:\/\/www.erresse-shop.it\/de\/shop\/"},{"@type":"ListItem","position":3,"name":"MASERIN Champagner Sommelier S\u00e4bel Bobinga"}]},{"@type":"WebSite","@id":"https:\/\/www.erresse-shop.it\/de\/#website","url":"https:\/\/www.erresse-shop.it\/de\/","name":"Erresse Shop","description":"Articoli di qualit\u00e0 per la casa","potentialAction":[{"@type":"SearchAction","target":{"@type":"EntryPoint","urlTemplate":"https:\/\/www.erresse-shop.it\/de\/?s={search_term_string}"},"query-input":"required name=search_term_string"}],"inLanguage":"de-DE"}]}},"df_price":75.537,"df_sale_price":75.537,"df_regular_price":119.9,"df_image_link":"https:\/\/www.erresse-shop.it\/wp-content\/uploads\/2021\/11\/MASERIN-Sciabola-Sommelier-Champagne-MC-Bobinga-300x300.jpg","_links":{"self":[{"href":"https:\/\/www.erresse-shop.it\/de\/wp-json\/wp\/v2\/product\/129383"}],"collection":[{"href":"https:\/\/www.erresse-shop.it\/de\/wp-json\/wp\/v2\/product"}],"about":[{"href":"https:\/\/www.erresse-shop.it\/de\/wp-json\/wp\/v2\/types\/product"}],"wp:featuredmedia":[{"embeddable":true,"href":"https:\/\/www.erresse-shop.it\/de\/wp-json\/wp\/v2\/media\/129392"}],"wp:attachment":[{"href":"https:\/\/www.erresse-shop.it\/de\/wp-json\/wp\/v2\/media?parent=129383"}],"wp:term":[{"taxonomy":"product_cat","embeddable":true,"href":"https:\/\/www.erresse-shop.it\/de\/wp-json\/wp\/v2\/product_cat?post=129383"},{"taxonomy":"product_tag","embeddable":true,"href":"https:\/\/www.erresse-shop.it\/de\/wp-json\/wp\/v2\/product_tag?post=129383"}],"curies":[{"name":"wp","href":"https:\/\/api.w.org\/{rel}","templated":true}]}}