{"id":128722,"date":"2021-11-12T11:55:32","date_gmt":"2021-11-12T11:55:34","guid":{"rendered":"https:\/\/www.erresse-shop.it\/?post_type=product&#038;p=128722"},"modified":"2025-01-17T17:59:42","modified_gmt":"2025-01-17T17:59:42","slug":"villeroy-boch-loop-geschirrset-12-teilig-hellblau","status":"publish","type":"product","link":"https:\/\/www.erresse-shop.it\/de\/shop\/tisch\/teller-geschirr\/villeroy-boch-loop-geschirrset-12-teilig-hellblau\/","title":{"rendered":"VILLEROY &#038; BOCH Loop Geschirrset 12-Teilig Hellblau"},"content":{"rendered":"<p><strong>Material:<\/strong> Porzellan<br \/>\n<strong>Sp\u00fclmaschinentauglich<\/strong><br \/>\n<strong>Mikrowellengeeignet:\u00a0<\/strong>ja<\/p>\n<p>Raffinierte Farben und eine raue, strukturierte Oberfl\u00e4che verleihen der Color Loop-Serie einen originellen und ganz besonderen Charme. Das Premium-Porzellan macht die Kollektion so edel und widerstandsf\u00e4hig, dass sie sich perfekt f\u00fcr den t\u00e4glichen Gebrauch eignet. Das 12-teilige Set besteht aus 4 Esstellern (Durchmesser 28,5 cm), 4 Suppentellern (Durchmesser 23,5 cm) und 4 Fr\u00fchst\u00fcckstellern (Durchmesser 21,5 cm). Kombinieren Sie Ihre Lieblingsfarben aus dem Sortiment auf harmonische und individuelle Weise. Das Set besteht aus:<\/p>\n<p>4x Essteller, 28,5 cm<br \/>\n4x Fr\u00fchst\u00fccksteller, 21,5cm<br \/>\n4x Suppenteller, 23,5cm<\/p>\n","protected":false},"excerpt":{"rendered":"<p>Material: Porzellan Sp\u00fclmaschinentauglich Mikrowellengeeignet:\u00a0ja Raffinierte Farben und eine raue, strukturierte Oberfl\u00e4che verleihen der Color Loop-Serie einen originellen und ganz besonderen<\/p>\n","protected":false},"featured_media":128749,"template":"","meta":{"_acf_changed":false,"inline_featured_image":false},"product_cat":[6793,6787],"product_tag":[25027,23911,23661,24398,14262,25022,11827,21822],"acf":[],"yoast_head":"<!-- This site is optimized with the Yoast SEO Premium plugin v18.6 (Yoast SEO v19.13) - https:\/\/yoast.com\/wordpress\/plugins\/seo\/ -->\n<title>VILLEROY &amp; BOCH Loop Geschirrset 12-Teilig Hellblau<\/title>\n<meta name=\"description\" content=\"Entdecken Sie VILLEROY &amp; BOCH Loop Geschirrset 12-Teilig Hellblau bei ErresseShop. Qualit\u00e4t, Stil und Funktionalit\u00e4t \u2013 jetzt online bestellen!\" \/>\n<meta name=\"robots\" content=\"index, follow, max-snippet:-1, max-image-preview:large, max-video-preview:-1\" \/>\n<link rel=\"canonical\" href=\"https:\/\/www.erresse-shop.it\/de\/shop\/tisch\/teller-geschirr\/villeroy-boch-loop-geschirrset-12-teilig-hellblau\/\" \/>\n<meta property=\"og:locale\" content=\"de_DE\" \/>\n<meta property=\"og:type\" content=\"article\" \/>\n<meta property=\"og:title\" content=\"VILLEROY &amp; BOCH Loop Geschirrset 12-Teilig Hellblau\" \/>\n<meta property=\"og:description\" content=\"Entdecken Sie VILLEROY &amp; BOCH Loop Geschirrset 12-Teilig Hellblau bei ErresseShop. Qualit\u00e4t, Stil und Funktionalit\u00e4t \u2013 jetzt online bestellen!\" \/>\n<meta property=\"og:url\" content=\"https:\/\/www.erresse-shop.it\/de\/shop\/tisch\/teller-geschirr\/villeroy-boch-loop-geschirrset-12-teilig-hellblau\/\" \/>\n<meta property=\"og:site_name\" content=\"Erresse Shop\" \/>\n<meta property=\"article:modified_time\" content=\"2025-01-17T17:59:42+00:00\" \/>\n<meta property=\"og:image\" content=\"https:\/\/www.erresse-shop.it\/wp-content\/uploads\/2021\/11\/VILLEROY-BOCH-Set-Piatti-Azzurro.jpg\" \/>\n\t<meta property=\"og:image:width\" content=\"1000\" \/>\n\t<meta property=\"og:image:height\" content=\"1000\" \/>\n\t<meta property=\"og:image:type\" content=\"image\/jpeg\" \/>\n<meta name=\"twitter:card\" content=\"summary_large_image\" \/>\n<script type=\"application\/ld+json\" class=\"yoast-schema-graph\">{\"@context\":\"https:\/\/schema.org\",\"@graph\":[{\"@type\":\"WebPage\",\"@id\":\"https:\/\/www.erresse-shop.it\/de\/shop\/tisch\/teller-geschirr\/villeroy-boch-loop-geschirrset-12-teilig-hellblau\/\",\"url\":\"https:\/\/www.erresse-shop.it\/de\/shop\/tisch\/teller-geschirr\/villeroy-boch-loop-geschirrset-12-teilig-hellblau\/\",\"name\":\"VILLEROY & BOCH Loop Geschirrset 12-Teilig Hellblau\",\"isPartOf\":{\"@id\":\"https:\/\/www.erresse-shop.it\/de\/#website\"},\"datePublished\":\"2021-11-12T11:55:34+00:00\",\"dateModified\":\"2025-01-17T17:59:42+00:00\",\"description\":\"Entdecken Sie VILLEROY & BOCH Loop Geschirrset 12-Teilig Hellblau bei ErresseShop. Qualit\u00e4t, Stil und Funktionalit\u00e4t \u2013 jetzt online bestellen!\",\"breadcrumb\":{\"@id\":\"https:\/\/www.erresse-shop.it\/de\/shop\/tisch\/teller-geschirr\/villeroy-boch-loop-geschirrset-12-teilig-hellblau\/#breadcrumb\"},\"inLanguage\":\"de-DE\",\"potentialAction\":[{\"@type\":\"ReadAction\",\"target\":[\"https:\/\/www.erresse-shop.it\/de\/shop\/tisch\/teller-geschirr\/villeroy-boch-loop-geschirrset-12-teilig-hellblau\/\"]}]},{\"@type\":\"BreadcrumbList\",\"@id\":\"https:\/\/www.erresse-shop.it\/de\/shop\/tisch\/teller-geschirr\/villeroy-boch-loop-geschirrset-12-teilig-hellblau\/#breadcrumb\",\"itemListElement\":[{\"@type\":\"ListItem\",\"position\":1,\"name\":\"Home\",\"item\":\"https:\/\/www.erresse-shop.it\/de\/\"},{\"@type\":\"ListItem\",\"position\":2,\"name\":\"Shop\",\"item\":\"https:\/\/www.erresse-shop.it\/de\/shop\/\"},{\"@type\":\"ListItem\",\"position\":3,\"name\":\"VILLEROY &#038; BOCH Loop Geschirrset 12-Teilig Hellblau\"}]},{\"@type\":\"WebSite\",\"@id\":\"https:\/\/www.erresse-shop.it\/de\/#website\",\"url\":\"https:\/\/www.erresse-shop.it\/de\/\",\"name\":\"Erresse Shop\",\"description\":\"Articoli di qualit\u00e0 per la casa\",\"potentialAction\":[{\"@type\":\"SearchAction\",\"target\":{\"@type\":\"EntryPoint\",\"urlTemplate\":\"https:\/\/www.erresse-shop.it\/de\/?s={search_term_string}\"},\"query-input\":\"required name=search_term_string\"}],\"inLanguage\":\"de-DE\"}]}<\/script>\n<!-- \/ Yoast SEO Premium plugin. -->","yoast_head_json":{"title":"VILLEROY & BOCH Loop Geschirrset 12-Teilig Hellblau","description":"Entdecken Sie VILLEROY & BOCH Loop Geschirrset 12-Teilig Hellblau bei ErresseShop. Qualit\u00e4t, Stil und Funktionalit\u00e4t \u2013 jetzt online bestellen!","robots":{"index":"index","follow":"follow","max-snippet":"max-snippet:-1","max-image-preview":"max-image-preview:large","max-video-preview":"max-video-preview:-1"},"canonical":"https:\/\/www.erresse-shop.it\/de\/shop\/tisch\/teller-geschirr\/villeroy-boch-loop-geschirrset-12-teilig-hellblau\/","og_locale":"de_DE","og_type":"article","og_title":"VILLEROY & BOCH Loop Geschirrset 12-Teilig Hellblau","og_description":"Entdecken Sie VILLEROY & BOCH Loop Geschirrset 12-Teilig Hellblau bei ErresseShop. Qualit\u00e4t, Stil und Funktionalit\u00e4t \u2013 jetzt online bestellen!","og_url":"https:\/\/www.erresse-shop.it\/de\/shop\/tisch\/teller-geschirr\/villeroy-boch-loop-geschirrset-12-teilig-hellblau\/","og_site_name":"Erresse Shop","article_modified_time":"2025-01-17T17:59:42+00:00","og_image":[{"width":1000,"height":1000,"url":"https:\/\/www.erresse-shop.it\/wp-content\/uploads\/2021\/11\/VILLEROY-BOCH-Set-Piatti-Azzurro.jpg","type":"image\/jpeg"}],"twitter_card":"summary_large_image","schema":{"@context":"https:\/\/schema.org","@graph":[{"@type":"WebPage","@id":"https:\/\/www.erresse-shop.it\/de\/shop\/tisch\/teller-geschirr\/villeroy-boch-loop-geschirrset-12-teilig-hellblau\/","url":"https:\/\/www.erresse-shop.it\/de\/shop\/tisch\/teller-geschirr\/villeroy-boch-loop-geschirrset-12-teilig-hellblau\/","name":"VILLEROY & BOCH Loop Geschirrset 12-Teilig Hellblau","isPartOf":{"@id":"https:\/\/www.erresse-shop.it\/de\/#website"},"datePublished":"2021-11-12T11:55:34+00:00","dateModified":"2025-01-17T17:59:42+00:00","description":"Entdecken Sie VILLEROY & BOCH Loop Geschirrset 12-Teilig Hellblau bei ErresseShop. Qualit\u00e4t, Stil und Funktionalit\u00e4t \u2013 jetzt online bestellen!","breadcrumb":{"@id":"https:\/\/www.erresse-shop.it\/de\/shop\/tisch\/teller-geschirr\/villeroy-boch-loop-geschirrset-12-teilig-hellblau\/#breadcrumb"},"inLanguage":"de-DE","potentialAction":[{"@type":"ReadAction","target":["https:\/\/www.erresse-shop.it\/de\/shop\/tisch\/teller-geschirr\/villeroy-boch-loop-geschirrset-12-teilig-hellblau\/"]}]},{"@type":"BreadcrumbList","@id":"https:\/\/www.erresse-shop.it\/de\/shop\/tisch\/teller-geschirr\/villeroy-boch-loop-geschirrset-12-teilig-hellblau\/#breadcrumb","itemListElement":[{"@type":"ListItem","position":1,"name":"Home","item":"https:\/\/www.erresse-shop.it\/de\/"},{"@type":"ListItem","position":2,"name":"Shop","item":"https:\/\/www.erresse-shop.it\/de\/shop\/"},{"@type":"ListItem","position":3,"name":"VILLEROY &#038; BOCH Loop Geschirrset 12-Teilig Hellblau"}]},{"@type":"WebSite","@id":"https:\/\/www.erresse-shop.it\/de\/#website","url":"https:\/\/www.erresse-shop.it\/de\/","name":"Erresse Shop","description":"Articoli di qualit\u00e0 per la casa","potentialAction":[{"@type":"SearchAction","target":{"@type":"EntryPoint","urlTemplate":"https:\/\/www.erresse-shop.it\/de\/?s={search_term_string}"},"query-input":"required name=search_term_string"}],"inLanguage":"de-DE"}]}},"df_price":69.5,"df_sale_price":69.5,"df_regular_price":139,"df_image_link":"https:\/\/www.erresse-shop.it\/wp-content\/uploads\/2021\/11\/VILLEROY-BOCH-Set-Piatti-Azzurro-300x300.jpg","_links":{"self":[{"href":"https:\/\/www.erresse-shop.it\/de\/wp-json\/wp\/v2\/product\/128722"}],"collection":[{"href":"https:\/\/www.erresse-shop.it\/de\/wp-json\/wp\/v2\/product"}],"about":[{"href":"https:\/\/www.erresse-shop.it\/de\/wp-json\/wp\/v2\/types\/product"}],"wp:featuredmedia":[{"embeddable":true,"href":"https:\/\/www.erresse-shop.it\/de\/wp-json\/wp\/v2\/media\/128749"}],"wp:attachment":[{"href":"https:\/\/www.erresse-shop.it\/de\/wp-json\/wp\/v2\/media?parent=128722"}],"wp:term":[{"taxonomy":"product_cat","embeddable":true,"href":"https:\/\/www.erresse-shop.it\/de\/wp-json\/wp\/v2\/product_cat?post=128722"},{"taxonomy":"product_tag","embeddable":true,"href":"https:\/\/www.erresse-shop.it\/de\/wp-json\/wp\/v2\/product_tag?post=128722"}],"curies":[{"name":"wp","href":"https:\/\/api.w.org\/{rel}","templated":true}]}}