{"id":128671,"date":"2021-11-12T10:51:15","date_gmt":"2021-11-12T10:51:16","guid":{"rendered":"https:\/\/www.erresse-shop.it\/?post_type=product&#038;p=128671"},"modified":"2025-01-17T17:59:42","modified_gmt":"2025-01-17T17:59:42","slug":"villeroy-boch-iconic-teller-la-boule-beige","status":"publish","type":"product","link":"https:\/\/www.erresse-shop.it\/de\/shop\/tisch\/teller-geschirr\/villeroy-boch-iconic-teller-la-boule-beige\/","title":{"rendered":"VILLEROY &#038; BOCH Iconic Teller La Boule Beige"},"content":{"rendered":"<p><strong>Material:<\/strong> Porzellan<br \/>\n<strong>Sp\u00fclmaschinentauglich<\/strong><br \/>\n<strong>Mikrowellengeeignet<\/strong><\/p>\n<p>Die Iconic-Kollektion verk\u00f6rpert die Werte von Design, Modernit\u00e4t und Qualit\u00e4t, die tief in der DNA von Villeroy &amp; Boch verwurzelt sind. Die vielseitig kombinierbaren Teile \u00fcberzeugen durch ihre minimalistische Farbpalette aus gl\u00e4nzendem Wei\u00df und nat\u00fcrlichem Schwarz. Funktionalit\u00e4t und ein ikonisches Design machen jede La Boule nicht nur zu einem Blickfang auf jedem Tisch, sondern auch zu einem ganz besonderen Objekt f\u00fcr Innenr\u00e4ume. La Boule besteht aus zwei Salatsch\u00fcsseln, zwei flachen Schalen und zwei Universaltellern sowie einer Servierplatte. Versch\u00f6nern Sie Ihren Tisch und Ihr Zuhause mit einem zarten Design.<\/p>\n<p><strong>Das Set besteht aus:<\/strong><br \/>\n2x Schale, 620ml<br \/>\n2x Schale, 500ml<br \/>\n2x Universal-Schale, 24cm<br \/>\n1x Servierplatte, 23,9cm<\/p>\n","protected":false},"excerpt":{"rendered":"<p>Material: Porzellan Sp\u00fclmaschinentauglich Mikrowellengeeignet Die Iconic-Kollektion verk\u00f6rpert die Werte von Design, Modernit\u00e4t und Qualit\u00e4t, die tief in der DNA von<\/p>\n","protected":false},"featured_media":128719,"template":"","meta":{"_acf_changed":false,"inline_featured_image":false},"product_cat":[6793,6787],"product_tag":[25027,23911,24604,17527,14262,25022,11827],"acf":[],"yoast_head":"<!-- This site is optimized with the Yoast SEO Premium plugin v18.6 (Yoast SEO v19.13) - https:\/\/yoast.com\/wordpress\/plugins\/seo\/ -->\n<title>VILLEROY &amp; BOCH Iconic Teller La Boule Beige<\/title>\n<meta name=\"description\" content=\"Entdecken Sie VILLEROY &amp; BOCH Iconic Teller La Boule Beige bei ErresseShop. Qualit\u00e4t, Stil und Funktionalit\u00e4t \u2013 jetzt online bestellen!\" \/>\n<meta name=\"robots\" content=\"index, follow, max-snippet:-1, max-image-preview:large, max-video-preview:-1\" \/>\n<link rel=\"canonical\" href=\"https:\/\/www.erresse-shop.it\/de\/shop\/tisch\/teller-geschirr\/villeroy-boch-iconic-teller-la-boule-beige\/\" \/>\n<meta property=\"og:locale\" content=\"de_DE\" \/>\n<meta property=\"og:type\" content=\"article\" \/>\n<meta property=\"og:title\" content=\"VILLEROY &amp; BOCH Iconic Teller La Boule Beige\" \/>\n<meta property=\"og:description\" content=\"Entdecken Sie VILLEROY &amp; BOCH Iconic Teller La Boule Beige bei ErresseShop. Qualit\u00e4t, Stil und Funktionalit\u00e4t \u2013 jetzt online bestellen!\" \/>\n<meta property=\"og:url\" content=\"https:\/\/www.erresse-shop.it\/de\/shop\/tisch\/teller-geschirr\/villeroy-boch-iconic-teller-la-boule-beige\/\" \/>\n<meta property=\"og:site_name\" content=\"Erresse Shop\" \/>\n<meta property=\"article:modified_time\" content=\"2025-01-17T17:59:42+00:00\" \/>\n<meta property=\"og:image\" content=\"https:\/\/www.erresse-shop.it\/wp-content\/uploads\/2021\/11\/VILLEROY-BOCH-Iconic-La-Boule-Beige-7-1.jpg\" \/>\n\t<meta property=\"og:image:width\" content=\"1000\" \/>\n\t<meta property=\"og:image:height\" content=\"1000\" \/>\n\t<meta property=\"og:image:type\" content=\"image\/jpeg\" \/>\n<meta name=\"twitter:card\" content=\"summary_large_image\" \/>\n<script type=\"application\/ld+json\" class=\"yoast-schema-graph\">{\"@context\":\"https:\/\/schema.org\",\"@graph\":[{\"@type\":\"WebPage\",\"@id\":\"https:\/\/www.erresse-shop.it\/de\/shop\/tisch\/teller-geschirr\/villeroy-boch-iconic-teller-la-boule-beige\/\",\"url\":\"https:\/\/www.erresse-shop.it\/de\/shop\/tisch\/teller-geschirr\/villeroy-boch-iconic-teller-la-boule-beige\/\",\"name\":\"VILLEROY & BOCH Iconic Teller La Boule Beige\",\"isPartOf\":{\"@id\":\"https:\/\/www.erresse-shop.it\/de\/#website\"},\"datePublished\":\"2021-11-12T10:51:16+00:00\",\"dateModified\":\"2025-01-17T17:59:42+00:00\",\"description\":\"Entdecken Sie VILLEROY & BOCH Iconic Teller La Boule Beige bei ErresseShop. Qualit\u00e4t, Stil und Funktionalit\u00e4t \u2013 jetzt online bestellen!\",\"breadcrumb\":{\"@id\":\"https:\/\/www.erresse-shop.it\/de\/shop\/tisch\/teller-geschirr\/villeroy-boch-iconic-teller-la-boule-beige\/#breadcrumb\"},\"inLanguage\":\"de-DE\",\"potentialAction\":[{\"@type\":\"ReadAction\",\"target\":[\"https:\/\/www.erresse-shop.it\/de\/shop\/tisch\/teller-geschirr\/villeroy-boch-iconic-teller-la-boule-beige\/\"]}]},{\"@type\":\"BreadcrumbList\",\"@id\":\"https:\/\/www.erresse-shop.it\/de\/shop\/tisch\/teller-geschirr\/villeroy-boch-iconic-teller-la-boule-beige\/#breadcrumb\",\"itemListElement\":[{\"@type\":\"ListItem\",\"position\":1,\"name\":\"Home\",\"item\":\"https:\/\/www.erresse-shop.it\/de\/\"},{\"@type\":\"ListItem\",\"position\":2,\"name\":\"Shop\",\"item\":\"https:\/\/www.erresse-shop.it\/de\/shop\/\"},{\"@type\":\"ListItem\",\"position\":3,\"name\":\"VILLEROY &#038; BOCH Iconic Teller La Boule Beige\"}]},{\"@type\":\"WebSite\",\"@id\":\"https:\/\/www.erresse-shop.it\/de\/#website\",\"url\":\"https:\/\/www.erresse-shop.it\/de\/\",\"name\":\"Erresse Shop\",\"description\":\"Articoli di qualit\u00e0 per la casa\",\"potentialAction\":[{\"@type\":\"SearchAction\",\"target\":{\"@type\":\"EntryPoint\",\"urlTemplate\":\"https:\/\/www.erresse-shop.it\/de\/?s={search_term_string}\"},\"query-input\":\"required name=search_term_string\"}],\"inLanguage\":\"de-DE\"}]}<\/script>\n<!-- \/ Yoast SEO Premium plugin. -->","yoast_head_json":{"title":"VILLEROY & BOCH Iconic Teller La Boule Beige","description":"Entdecken Sie VILLEROY & BOCH Iconic Teller La Boule Beige bei ErresseShop. Qualit\u00e4t, Stil und Funktionalit\u00e4t \u2013 jetzt online bestellen!","robots":{"index":"index","follow":"follow","max-snippet":"max-snippet:-1","max-image-preview":"max-image-preview:large","max-video-preview":"max-video-preview:-1"},"canonical":"https:\/\/www.erresse-shop.it\/de\/shop\/tisch\/teller-geschirr\/villeroy-boch-iconic-teller-la-boule-beige\/","og_locale":"de_DE","og_type":"article","og_title":"VILLEROY & BOCH Iconic Teller La Boule Beige","og_description":"Entdecken Sie VILLEROY & BOCH Iconic Teller La Boule Beige bei ErresseShop. Qualit\u00e4t, Stil und Funktionalit\u00e4t \u2013 jetzt online bestellen!","og_url":"https:\/\/www.erresse-shop.it\/de\/shop\/tisch\/teller-geschirr\/villeroy-boch-iconic-teller-la-boule-beige\/","og_site_name":"Erresse Shop","article_modified_time":"2025-01-17T17:59:42+00:00","og_image":[{"width":1000,"height":1000,"url":"https:\/\/www.erresse-shop.it\/wp-content\/uploads\/2021\/11\/VILLEROY-BOCH-Iconic-La-Boule-Beige-7-1.jpg","type":"image\/jpeg"}],"twitter_card":"summary_large_image","schema":{"@context":"https:\/\/schema.org","@graph":[{"@type":"WebPage","@id":"https:\/\/www.erresse-shop.it\/de\/shop\/tisch\/teller-geschirr\/villeroy-boch-iconic-teller-la-boule-beige\/","url":"https:\/\/www.erresse-shop.it\/de\/shop\/tisch\/teller-geschirr\/villeroy-boch-iconic-teller-la-boule-beige\/","name":"VILLEROY & BOCH Iconic Teller La Boule Beige","isPartOf":{"@id":"https:\/\/www.erresse-shop.it\/de\/#website"},"datePublished":"2021-11-12T10:51:16+00:00","dateModified":"2025-01-17T17:59:42+00:00","description":"Entdecken Sie VILLEROY & BOCH Iconic Teller La Boule Beige bei ErresseShop. Qualit\u00e4t, Stil und Funktionalit\u00e4t \u2013 jetzt online bestellen!","breadcrumb":{"@id":"https:\/\/www.erresse-shop.it\/de\/shop\/tisch\/teller-geschirr\/villeroy-boch-iconic-teller-la-boule-beige\/#breadcrumb"},"inLanguage":"de-DE","potentialAction":[{"@type":"ReadAction","target":["https:\/\/www.erresse-shop.it\/de\/shop\/tisch\/teller-geschirr\/villeroy-boch-iconic-teller-la-boule-beige\/"]}]},{"@type":"BreadcrumbList","@id":"https:\/\/www.erresse-shop.it\/de\/shop\/tisch\/teller-geschirr\/villeroy-boch-iconic-teller-la-boule-beige\/#breadcrumb","itemListElement":[{"@type":"ListItem","position":1,"name":"Home","item":"https:\/\/www.erresse-shop.it\/de\/"},{"@type":"ListItem","position":2,"name":"Shop","item":"https:\/\/www.erresse-shop.it\/de\/shop\/"},{"@type":"ListItem","position":3,"name":"VILLEROY &#038; BOCH Iconic Teller La Boule Beige"}]},{"@type":"WebSite","@id":"https:\/\/www.erresse-shop.it\/de\/#website","url":"https:\/\/www.erresse-shop.it\/de\/","name":"Erresse Shop","description":"Articoli di qualit\u00e0 per la casa","potentialAction":[{"@type":"SearchAction","target":{"@type":"EntryPoint","urlTemplate":"https:\/\/www.erresse-shop.it\/de\/?s={search_term_string}"},"query-input":"required name=search_term_string"}],"inLanguage":"de-DE"}]}},"df_price":254,"df_sale_price":254,"df_regular_price":299,"df_image_link":"https:\/\/www.erresse-shop.it\/wp-content\/uploads\/2021\/11\/VILLEROY-BOCH-Iconic-La-Boule-Beige-7-1-300x300.jpg","_links":{"self":[{"href":"https:\/\/www.erresse-shop.it\/de\/wp-json\/wp\/v2\/product\/128671"}],"collection":[{"href":"https:\/\/www.erresse-shop.it\/de\/wp-json\/wp\/v2\/product"}],"about":[{"href":"https:\/\/www.erresse-shop.it\/de\/wp-json\/wp\/v2\/types\/product"}],"wp:featuredmedia":[{"embeddable":true,"href":"https:\/\/www.erresse-shop.it\/de\/wp-json\/wp\/v2\/media\/128719"}],"wp:attachment":[{"href":"https:\/\/www.erresse-shop.it\/de\/wp-json\/wp\/v2\/media?parent=128671"}],"wp:term":[{"taxonomy":"product_cat","embeddable":true,"href":"https:\/\/www.erresse-shop.it\/de\/wp-json\/wp\/v2\/product_cat?post=128671"},{"taxonomy":"product_tag","embeddable":true,"href":"https:\/\/www.erresse-shop.it\/de\/wp-json\/wp\/v2\/product_tag?post=128671"}],"curies":[{"name":"wp","href":"https:\/\/api.w.org\/{rel}","templated":true}]}}