{"id":128038,"date":"2021-11-11T10:23:18","date_gmt":"2021-11-11T10:23:19","guid":{"rendered":"https:\/\/www.erresse-shop.it\/?post_type=product&#038;p=128038"},"modified":"2025-01-17T17:55:55","modified_gmt":"2025-01-17T17:55:55","slug":"venini-fazzoletto-vase-apfelgrun-h-24-cm","status":"publish","type":"product","link":"https:\/\/www.erresse-shop.it\/de\/shop\/einrichtung-haus\/vasen\/venini-fazzoletto-vase-apfelgrun-h-24-cm\/","title":{"rendered":"VENINI Fazzoletto Vase Apfelgr\u00fcn H 24 cm"},"content":{"rendered":"<p>Die Vase <strong>Fazzoletto<\/strong> von Fulvio Bianconi ist eine Abwandlung einer fr\u00fcheren Vase, der Vase Cartoccio, die Piero Chiesa 1985 f\u00fcr FontanaArte entwarf. W\u00e4hrend die Cartoccio-Vase aus industriellem, in einer Form gepresstem Glas hergestellt wurde und einen schr\u00e4gen oberen Rand hatte, unterschied sich Bianconis Vase durch ihre asymmetrischen Spitzen, die dadurch entstanden, dass das geschmolzene Glas im Kreis gedreht wurde und die Schwerkraft die Spitzen zuf\u00e4llig formte.<\/p>\n<p>Das geschmolzene Glas, das im Blasrohr urspr\u00fcnglich zu einer Kugel werden sollte, wurde beim Blasen zu einer Form, die frei im Raum flatterte, wie ein Spitzentaschentuch, das vom Wind in der Luft gehalten wird.<\/p>\n<p>Ab 1960 begann <strong>Venini<\/strong>, die Vase in einfarbiger Ausf\u00fchrung zu produzieren, und 1987 wurde das Modell, das durch \u00dcberlagerung von zwei Farben entstand, <strong>Fazzoletto Opalino<\/strong> genannt.<\/p>\n<p>Diese Vase wurde bald zu einem der erfolgreichsten Objekte von <strong>Venini<\/strong> und wurde international vermarktet, wobei ihre Popularit\u00e4t noch zunahm, nachdem sie in die Wanderausstellung Italy at Work aufgenommen wurde, die zwischen 1951 und 1953 durch die Vereinigten Staaten tourte.<\/p>\n<p>Die Fazzoletto-Vase wird seit Jahrzehnten produziert und ist zu einem repr\u00e4sentativen Objekt der <strong>italienischen Glasherstellung<\/strong> in den 1950er Jahren geworden.<\/p>\n<p><strong>SOFFIATO OPALINO<\/strong><br \/>\nOpalglas wird von Hand geblasen und bearbeitet und entsteht durch \u00dcberlagerung von Lattimo mit anderem Glas. Die Technik ist so definiert, weil die Handwerker das Glas ausdehnen und formen, indem sie Luft in einen langen Metallstab blasen, der mit dem Glas verbunden ist, gem\u00e4\u00df der tausendj\u00e4hrigen Tradition der Glasherstellung. Dieser uralte Vorgang, kombiniert mit der Erfahrung und dem K\u00f6nnen der Glasmacher, verwandelt einfaches Glas in wahre k\u00fcnstlerische Meisterwerke, die einzigartig sind.<\/p>\n<p><strong>FLIEGENDE H\u00c4NDE<br \/>\n<\/strong> Dieser Ausdruck bezeichnet die flinke und geschickte Bewegung der Hand des Glasmachermeisters bei der Hei\u00dfbearbeitung eines feinen Glases.<\/p>\n","protected":false},"excerpt":{"rendered":"<p>Die Vase Fazzoletto von Fulvio Bianconi ist eine Abwandlung einer fr\u00fcheren Vase, der Vase Cartoccio, die Piero Chiesa 1985 f\u00fcr<\/p>\n","protected":false},"featured_media":128023,"template":"","meta":{"_acf_changed":false,"inline_featured_image":false},"product_cat":[6817,14421],"product_tag":[17468,17469,14411,14425,24681,11718,17470,11847],"acf":[],"yoast_head":"<!-- This site is optimized with the Yoast SEO Premium plugin v18.6 (Yoast SEO v19.13) - https:\/\/yoast.com\/wordpress\/plugins\/seo\/ -->\n<title>VENINI Fazzoletto Vase Apfelgr\u00fcn H 24 cm<\/title>\n<meta name=\"description\" content=\"Entdecken Sie VENINI Fazzoletto Vase Apfelgr\u00fcn H 24 cm bei ErresseShop. Qualit\u00e4t, Stil und Funktionalit\u00e4t \u2013 jetzt online bestellen!\" \/>\n<meta name=\"robots\" content=\"index, follow, max-snippet:-1, max-image-preview:large, max-video-preview:-1\" \/>\n<link rel=\"canonical\" href=\"https:\/\/www.erresse-shop.it\/de\/shop\/einrichtung-haus\/vasen\/venini-fazzoletto-vase-apfelgrun-h-24-cm\/\" \/>\n<meta property=\"og:locale\" content=\"de_DE\" \/>\n<meta property=\"og:type\" content=\"article\" \/>\n<meta property=\"og:title\" content=\"VENINI Fazzoletto Vase Apfelgr\u00fcn H 24 cm\" \/>\n<meta property=\"og:description\" content=\"Entdecken Sie VENINI Fazzoletto Vase Apfelgr\u00fcn H 24 cm bei ErresseShop. Qualit\u00e4t, Stil und Funktionalit\u00e4t \u2013 jetzt online bestellen!\" \/>\n<meta property=\"og:url\" content=\"https:\/\/www.erresse-shop.it\/de\/shop\/einrichtung-haus\/vasen\/venini-fazzoletto-vase-apfelgrun-h-24-cm\/\" \/>\n<meta property=\"og:site_name\" content=\"Erresse Shop\" \/>\n<meta property=\"article:modified_time\" content=\"2025-01-17T17:55:55+00:00\" \/>\n<meta property=\"og:image\" content=\"https:\/\/www.erresse-shop.it\/wp-content\/uploads\/2021\/11\/VENINI-Vaso-Fazzoletto-Verde-H24.jpg\" \/>\n\t<meta property=\"og:image:width\" content=\"1000\" \/>\n\t<meta property=\"og:image:height\" content=\"1000\" \/>\n\t<meta property=\"og:image:type\" content=\"image\/jpeg\" \/>\n<meta name=\"twitter:card\" content=\"summary_large_image\" \/>\n<script type=\"application\/ld+json\" class=\"yoast-schema-graph\">{\"@context\":\"https:\/\/schema.org\",\"@graph\":[{\"@type\":\"WebPage\",\"@id\":\"https:\/\/www.erresse-shop.it\/de\/shop\/einrichtung-haus\/vasen\/venini-fazzoletto-vase-apfelgrun-h-24-cm\/\",\"url\":\"https:\/\/www.erresse-shop.it\/de\/shop\/einrichtung-haus\/vasen\/venini-fazzoletto-vase-apfelgrun-h-24-cm\/\",\"name\":\"VENINI Fazzoletto Vase Apfelgr\u00fcn H 24 cm\",\"isPartOf\":{\"@id\":\"https:\/\/www.erresse-shop.it\/de\/#website\"},\"datePublished\":\"2021-11-11T10:23:19+00:00\",\"dateModified\":\"2025-01-17T17:55:55+00:00\",\"description\":\"Entdecken Sie VENINI Fazzoletto Vase Apfelgr\u00fcn H 24 cm bei ErresseShop. Qualit\u00e4t, Stil und Funktionalit\u00e4t \u2013 jetzt online bestellen!\",\"breadcrumb\":{\"@id\":\"https:\/\/www.erresse-shop.it\/de\/shop\/einrichtung-haus\/vasen\/venini-fazzoletto-vase-apfelgrun-h-24-cm\/#breadcrumb\"},\"inLanguage\":\"de-DE\",\"potentialAction\":[{\"@type\":\"ReadAction\",\"target\":[\"https:\/\/www.erresse-shop.it\/de\/shop\/einrichtung-haus\/vasen\/venini-fazzoletto-vase-apfelgrun-h-24-cm\/\"]}]},{\"@type\":\"BreadcrumbList\",\"@id\":\"https:\/\/www.erresse-shop.it\/de\/shop\/einrichtung-haus\/vasen\/venini-fazzoletto-vase-apfelgrun-h-24-cm\/#breadcrumb\",\"itemListElement\":[{\"@type\":\"ListItem\",\"position\":1,\"name\":\"Home\",\"item\":\"https:\/\/www.erresse-shop.it\/de\/\"},{\"@type\":\"ListItem\",\"position\":2,\"name\":\"Shop\",\"item\":\"https:\/\/www.erresse-shop.it\/de\/shop\/\"},{\"@type\":\"ListItem\",\"position\":3,\"name\":\"VENINI Fazzoletto Vase Apfelgr\u00fcn H 24 cm\"}]},{\"@type\":\"WebSite\",\"@id\":\"https:\/\/www.erresse-shop.it\/de\/#website\",\"url\":\"https:\/\/www.erresse-shop.it\/de\/\",\"name\":\"Erresse Shop\",\"description\":\"Articoli di qualit\u00e0 per la casa\",\"potentialAction\":[{\"@type\":\"SearchAction\",\"target\":{\"@type\":\"EntryPoint\",\"urlTemplate\":\"https:\/\/www.erresse-shop.it\/de\/?s={search_term_string}\"},\"query-input\":\"required name=search_term_string\"}],\"inLanguage\":\"de-DE\"}]}<\/script>\n<!-- \/ Yoast SEO Premium plugin. -->","yoast_head_json":{"title":"VENINI Fazzoletto Vase Apfelgr\u00fcn H 24 cm","description":"Entdecken Sie VENINI Fazzoletto Vase Apfelgr\u00fcn H 24 cm bei ErresseShop. Qualit\u00e4t, Stil und Funktionalit\u00e4t \u2013 jetzt online bestellen!","robots":{"index":"index","follow":"follow","max-snippet":"max-snippet:-1","max-image-preview":"max-image-preview:large","max-video-preview":"max-video-preview:-1"},"canonical":"https:\/\/www.erresse-shop.it\/de\/shop\/einrichtung-haus\/vasen\/venini-fazzoletto-vase-apfelgrun-h-24-cm\/","og_locale":"de_DE","og_type":"article","og_title":"VENINI Fazzoletto Vase Apfelgr\u00fcn H 24 cm","og_description":"Entdecken Sie VENINI Fazzoletto Vase Apfelgr\u00fcn H 24 cm bei ErresseShop. Qualit\u00e4t, Stil und Funktionalit\u00e4t \u2013 jetzt online bestellen!","og_url":"https:\/\/www.erresse-shop.it\/de\/shop\/einrichtung-haus\/vasen\/venini-fazzoletto-vase-apfelgrun-h-24-cm\/","og_site_name":"Erresse Shop","article_modified_time":"2025-01-17T17:55:55+00:00","og_image":[{"width":1000,"height":1000,"url":"https:\/\/www.erresse-shop.it\/wp-content\/uploads\/2021\/11\/VENINI-Vaso-Fazzoletto-Verde-H24.jpg","type":"image\/jpeg"}],"twitter_card":"summary_large_image","schema":{"@context":"https:\/\/schema.org","@graph":[{"@type":"WebPage","@id":"https:\/\/www.erresse-shop.it\/de\/shop\/einrichtung-haus\/vasen\/venini-fazzoletto-vase-apfelgrun-h-24-cm\/","url":"https:\/\/www.erresse-shop.it\/de\/shop\/einrichtung-haus\/vasen\/venini-fazzoletto-vase-apfelgrun-h-24-cm\/","name":"VENINI Fazzoletto Vase Apfelgr\u00fcn H 24 cm","isPartOf":{"@id":"https:\/\/www.erresse-shop.it\/de\/#website"},"datePublished":"2021-11-11T10:23:19+00:00","dateModified":"2025-01-17T17:55:55+00:00","description":"Entdecken Sie VENINI Fazzoletto Vase Apfelgr\u00fcn H 24 cm bei ErresseShop. Qualit\u00e4t, Stil und Funktionalit\u00e4t \u2013 jetzt online bestellen!","breadcrumb":{"@id":"https:\/\/www.erresse-shop.it\/de\/shop\/einrichtung-haus\/vasen\/venini-fazzoletto-vase-apfelgrun-h-24-cm\/#breadcrumb"},"inLanguage":"de-DE","potentialAction":[{"@type":"ReadAction","target":["https:\/\/www.erresse-shop.it\/de\/shop\/einrichtung-haus\/vasen\/venini-fazzoletto-vase-apfelgrun-h-24-cm\/"]}]},{"@type":"BreadcrumbList","@id":"https:\/\/www.erresse-shop.it\/de\/shop\/einrichtung-haus\/vasen\/venini-fazzoletto-vase-apfelgrun-h-24-cm\/#breadcrumb","itemListElement":[{"@type":"ListItem","position":1,"name":"Home","item":"https:\/\/www.erresse-shop.it\/de\/"},{"@type":"ListItem","position":2,"name":"Shop","item":"https:\/\/www.erresse-shop.it\/de\/shop\/"},{"@type":"ListItem","position":3,"name":"VENINI Fazzoletto Vase Apfelgr\u00fcn H 24 cm"}]},{"@type":"WebSite","@id":"https:\/\/www.erresse-shop.it\/de\/#website","url":"https:\/\/www.erresse-shop.it\/de\/","name":"Erresse Shop","description":"Articoli di qualit\u00e0 per la casa","potentialAction":[{"@type":"SearchAction","target":{"@type":"EntryPoint","urlTemplate":"https:\/\/www.erresse-shop.it\/de\/?s={search_term_string}"},"query-input":"required name=search_term_string"}],"inLanguage":"de-DE"}]}},"df_price":387.40000000000003,"df_sale_price":387.40000000000003,"df_regular_price":745,"df_image_link":"https:\/\/www.erresse-shop.it\/wp-content\/uploads\/2021\/11\/VENINI-Vaso-Fazzoletto-Verde-H24-300x300.jpg","_links":{"self":[{"href":"https:\/\/www.erresse-shop.it\/de\/wp-json\/wp\/v2\/product\/128038"}],"collection":[{"href":"https:\/\/www.erresse-shop.it\/de\/wp-json\/wp\/v2\/product"}],"about":[{"href":"https:\/\/www.erresse-shop.it\/de\/wp-json\/wp\/v2\/types\/product"}],"wp:featuredmedia":[{"embeddable":true,"href":"https:\/\/www.erresse-shop.it\/de\/wp-json\/wp\/v2\/media\/128023"}],"wp:attachment":[{"href":"https:\/\/www.erresse-shop.it\/de\/wp-json\/wp\/v2\/media?parent=128038"}],"wp:term":[{"taxonomy":"product_cat","embeddable":true,"href":"https:\/\/www.erresse-shop.it\/de\/wp-json\/wp\/v2\/product_cat?post=128038"},{"taxonomy":"product_tag","embeddable":true,"href":"https:\/\/www.erresse-shop.it\/de\/wp-json\/wp\/v2\/product_tag?post=128038"}],"curies":[{"name":"wp","href":"https:\/\/api.w.org\/{rel}","templated":true}]}}