{"id":127616,"date":"2021-11-09T15:26:12","date_gmt":"2021-11-09T15:26:14","guid":{"rendered":"https:\/\/www.erresse-shop.it\/?post_type=product&#038;p=127616"},"modified":"2025-01-17T17:55:46","modified_gmt":"2025-01-17T17:55:46","slug":"venini-opalino-vase-acquamare-h-42-cm","status":"publish","type":"product","link":"https:\/\/www.erresse-shop.it\/de\/shop\/einrichtung-haus\/vasen\/venini-opalino-vase-acquamare-h-42-cm\/","title":{"rendered":"VENINI Opalino Vase Acquamare H 42 cm"},"content":{"rendered":"<p>Die Vase <strong>Opalino<\/strong> wurde 1932 von <strong>Paolo Venini<\/strong> erdacht und ist ebenso anmutig im Ton wie in der Form.<br \/>\nEine Zeitreise verbindet das 15. Jahrhundert mit dem Neoklassizismus des 20. Jahrhunderts und f\u00fchrt zur Kreation der <strong>Opalino<\/strong>-Vase.<br \/>\nSie ist die Entdeckung einer neuen Ordnung mit wesentlichen und raffinierten Linien. Sie pr\u00e4sentiert sich in raffinierten Farben, die durch die antike und komplexe Bearbeitung des Lattimo-Glases, das im 15. Jahrhundert zur Imitation von Porzellan entstand und durch die Experimente des Ofens wieder aufgegriffen wurde, einzigartig sind.<\/p>\n<p><strong>GEBLASENES OPALIN<\/strong><br \/>\nOpalino-Glas wird von Hand geblasen und bearbeitet und entsteht durch die \u00dcberlagerung von Lattimo mit anderem Glas. Die Technik ist so definiert, weil die Handwerker das Glas durch Einblasen von Luft in einen langen Metallstab, der mit dem Glas verbunden ist, ausdehnen und formen, entsprechend der tausendj\u00e4hrigen Tradition der Glasherstellung. Dieser uralte Vorgang, kombiniert mit der Erfahrung und dem K\u00f6nnen der Glasmacher, verwandelt einfaches Glas in wahre k\u00fcnstlerische Meisterwerke, die einzigartig sind.<\/p>\n","protected":false},"excerpt":{"rendered":"<p>Die Vase Opalino wurde 1932 von Paolo Venini erdacht und ist ebenso anmutig im Ton wie in der Form. Eine<\/p>\n","protected":false},"featured_media":127583,"template":"","meta":{"_acf_changed":false,"inline_featured_image":false},"product_cat":[6817,14421],"product_tag":[14411,14425,24681,11718,17376,11847],"acf":[],"yoast_head":"<!-- This site is optimized with the Yoast SEO Premium plugin v18.6 (Yoast SEO v19.13) - https:\/\/yoast.com\/wordpress\/plugins\/seo\/ -->\n<title>VENINI Opalino Vase Acquamare H 42 cm<\/title>\n<meta name=\"description\" content=\"Entdecken Sie VENINI Opalino Vase Acquamare H 42 cm bei ErresseShop. Qualit\u00e4t, Stil und Funktionalit\u00e4t \u2013 jetzt online bestellen!\" \/>\n<meta name=\"robots\" content=\"index, follow, max-snippet:-1, max-image-preview:large, max-video-preview:-1\" \/>\n<link rel=\"canonical\" href=\"https:\/\/www.erresse-shop.it\/de\/shop\/einrichtung-haus\/vasen\/venini-opalino-vase-acquamare-h-42-cm\/\" \/>\n<meta property=\"og:locale\" content=\"de_DE\" \/>\n<meta property=\"og:type\" content=\"article\" \/>\n<meta property=\"og:title\" content=\"VENINI Opalino Vase Acquamare H 42 cm\" \/>\n<meta property=\"og:description\" content=\"Entdecken Sie VENINI Opalino Vase Acquamare H 42 cm bei ErresseShop. Qualit\u00e4t, Stil und Funktionalit\u00e4t \u2013 jetzt online bestellen!\" \/>\n<meta property=\"og:url\" content=\"https:\/\/www.erresse-shop.it\/de\/shop\/einrichtung-haus\/vasen\/venini-opalino-vase-acquamare-h-42-cm\/\" \/>\n<meta property=\"og:site_name\" content=\"Erresse Shop\" \/>\n<meta property=\"article:modified_time\" content=\"2025-01-17T17:55:46+00:00\" \/>\n<meta property=\"og:image\" content=\"https:\/\/www.erresse-shop.it\/wp-content\/uploads\/2021\/11\/VENINI-Vaso-Opalino-Azzurro.jpg\" \/>\n\t<meta property=\"og:image:width\" content=\"1000\" \/>\n\t<meta property=\"og:image:height\" content=\"1000\" \/>\n\t<meta property=\"og:image:type\" content=\"image\/jpeg\" \/>\n<meta name=\"twitter:card\" content=\"summary_large_image\" \/>\n<script type=\"application\/ld+json\" class=\"yoast-schema-graph\">{\"@context\":\"https:\/\/schema.org\",\"@graph\":[{\"@type\":\"WebPage\",\"@id\":\"https:\/\/www.erresse-shop.it\/de\/shop\/einrichtung-haus\/vasen\/venini-opalino-vase-acquamare-h-42-cm\/\",\"url\":\"https:\/\/www.erresse-shop.it\/de\/shop\/einrichtung-haus\/vasen\/venini-opalino-vase-acquamare-h-42-cm\/\",\"name\":\"VENINI Opalino Vase Acquamare H 42 cm\",\"isPartOf\":{\"@id\":\"https:\/\/www.erresse-shop.it\/de\/#website\"},\"datePublished\":\"2021-11-09T15:26:14+00:00\",\"dateModified\":\"2025-01-17T17:55:46+00:00\",\"description\":\"Entdecken Sie VENINI Opalino Vase Acquamare H 42 cm bei ErresseShop. Qualit\u00e4t, Stil und Funktionalit\u00e4t \u2013 jetzt online bestellen!\",\"breadcrumb\":{\"@id\":\"https:\/\/www.erresse-shop.it\/de\/shop\/einrichtung-haus\/vasen\/venini-opalino-vase-acquamare-h-42-cm\/#breadcrumb\"},\"inLanguage\":\"de-DE\",\"potentialAction\":[{\"@type\":\"ReadAction\",\"target\":[\"https:\/\/www.erresse-shop.it\/de\/shop\/einrichtung-haus\/vasen\/venini-opalino-vase-acquamare-h-42-cm\/\"]}]},{\"@type\":\"BreadcrumbList\",\"@id\":\"https:\/\/www.erresse-shop.it\/de\/shop\/einrichtung-haus\/vasen\/venini-opalino-vase-acquamare-h-42-cm\/#breadcrumb\",\"itemListElement\":[{\"@type\":\"ListItem\",\"position\":1,\"name\":\"Home\",\"item\":\"https:\/\/www.erresse-shop.it\/de\/\"},{\"@type\":\"ListItem\",\"position\":2,\"name\":\"Shop\",\"item\":\"https:\/\/www.erresse-shop.it\/de\/shop\/\"},{\"@type\":\"ListItem\",\"position\":3,\"name\":\"VENINI Opalino Vase Acquamare H 42 cm\"}]},{\"@type\":\"WebSite\",\"@id\":\"https:\/\/www.erresse-shop.it\/de\/#website\",\"url\":\"https:\/\/www.erresse-shop.it\/de\/\",\"name\":\"Erresse Shop\",\"description\":\"Articoli di qualit\u00e0 per la casa\",\"potentialAction\":[{\"@type\":\"SearchAction\",\"target\":{\"@type\":\"EntryPoint\",\"urlTemplate\":\"https:\/\/www.erresse-shop.it\/de\/?s={search_term_string}\"},\"query-input\":\"required name=search_term_string\"}],\"inLanguage\":\"de-DE\"}]}<\/script>\n<!-- \/ Yoast SEO Premium plugin. -->","yoast_head_json":{"title":"VENINI Opalino Vase Acquamare H 42 cm","description":"Entdecken Sie VENINI Opalino Vase Acquamare H 42 cm bei ErresseShop. Qualit\u00e4t, Stil und Funktionalit\u00e4t \u2013 jetzt online bestellen!","robots":{"index":"index","follow":"follow","max-snippet":"max-snippet:-1","max-image-preview":"max-image-preview:large","max-video-preview":"max-video-preview:-1"},"canonical":"https:\/\/www.erresse-shop.it\/de\/shop\/einrichtung-haus\/vasen\/venini-opalino-vase-acquamare-h-42-cm\/","og_locale":"de_DE","og_type":"article","og_title":"VENINI Opalino Vase Acquamare H 42 cm","og_description":"Entdecken Sie VENINI Opalino Vase Acquamare H 42 cm bei ErresseShop. Qualit\u00e4t, Stil und Funktionalit\u00e4t \u2013 jetzt online bestellen!","og_url":"https:\/\/www.erresse-shop.it\/de\/shop\/einrichtung-haus\/vasen\/venini-opalino-vase-acquamare-h-42-cm\/","og_site_name":"Erresse Shop","article_modified_time":"2025-01-17T17:55:46+00:00","og_image":[{"width":1000,"height":1000,"url":"https:\/\/www.erresse-shop.it\/wp-content\/uploads\/2021\/11\/VENINI-Vaso-Opalino-Azzurro.jpg","type":"image\/jpeg"}],"twitter_card":"summary_large_image","schema":{"@context":"https:\/\/schema.org","@graph":[{"@type":"WebPage","@id":"https:\/\/www.erresse-shop.it\/de\/shop\/einrichtung-haus\/vasen\/venini-opalino-vase-acquamare-h-42-cm\/","url":"https:\/\/www.erresse-shop.it\/de\/shop\/einrichtung-haus\/vasen\/venini-opalino-vase-acquamare-h-42-cm\/","name":"VENINI Opalino Vase Acquamare H 42 cm","isPartOf":{"@id":"https:\/\/www.erresse-shop.it\/de\/#website"},"datePublished":"2021-11-09T15:26:14+00:00","dateModified":"2025-01-17T17:55:46+00:00","description":"Entdecken Sie VENINI Opalino Vase Acquamare H 42 cm bei ErresseShop. Qualit\u00e4t, Stil und Funktionalit\u00e4t \u2013 jetzt online bestellen!","breadcrumb":{"@id":"https:\/\/www.erresse-shop.it\/de\/shop\/einrichtung-haus\/vasen\/venini-opalino-vase-acquamare-h-42-cm\/#breadcrumb"},"inLanguage":"de-DE","potentialAction":[{"@type":"ReadAction","target":["https:\/\/www.erresse-shop.it\/de\/shop\/einrichtung-haus\/vasen\/venini-opalino-vase-acquamare-h-42-cm\/"]}]},{"@type":"BreadcrumbList","@id":"https:\/\/www.erresse-shop.it\/de\/shop\/einrichtung-haus\/vasen\/venini-opalino-vase-acquamare-h-42-cm\/#breadcrumb","itemListElement":[{"@type":"ListItem","position":1,"name":"Home","item":"https:\/\/www.erresse-shop.it\/de\/"},{"@type":"ListItem","position":2,"name":"Shop","item":"https:\/\/www.erresse-shop.it\/de\/shop\/"},{"@type":"ListItem","position":3,"name":"VENINI Opalino Vase Acquamare H 42 cm"}]},{"@type":"WebSite","@id":"https:\/\/www.erresse-shop.it\/de\/#website","url":"https:\/\/www.erresse-shop.it\/de\/","name":"Erresse Shop","description":"Articoli di qualit\u00e0 per la casa","potentialAction":[{"@type":"SearchAction","target":{"@type":"EntryPoint","urlTemplate":"https:\/\/www.erresse-shop.it\/de\/?s={search_term_string}"},"query-input":"required name=search_term_string"}],"inLanguage":"de-DE"}]}},"df_price":501.8,"df_sale_price":501.8,"df_regular_price":965,"df_image_link":"https:\/\/www.erresse-shop.it\/wp-content\/uploads\/2021\/11\/VENINI-Vaso-Opalino-Azzurro-300x300.jpg","_links":{"self":[{"href":"https:\/\/www.erresse-shop.it\/de\/wp-json\/wp\/v2\/product\/127616"}],"collection":[{"href":"https:\/\/www.erresse-shop.it\/de\/wp-json\/wp\/v2\/product"}],"about":[{"href":"https:\/\/www.erresse-shop.it\/de\/wp-json\/wp\/v2\/types\/product"}],"wp:featuredmedia":[{"embeddable":true,"href":"https:\/\/www.erresse-shop.it\/de\/wp-json\/wp\/v2\/media\/127583"}],"wp:attachment":[{"href":"https:\/\/www.erresse-shop.it\/de\/wp-json\/wp\/v2\/media?parent=127616"}],"wp:term":[{"taxonomy":"product_cat","embeddable":true,"href":"https:\/\/www.erresse-shop.it\/de\/wp-json\/wp\/v2\/product_cat?post=127616"},{"taxonomy":"product_tag","embeddable":true,"href":"https:\/\/www.erresse-shop.it\/de\/wp-json\/wp\/v2\/product_tag?post=127616"}],"curies":[{"name":"wp","href":"https:\/\/api.w.org\/{rel}","templated":true}]}}